{"id":7156,"date":"2025-02-21T19:16:18","date_gmt":"2025-02-21T17:16:18","guid":{"rendered":"https:\/\/bactohouse.eu\/shop\/%d0%be%d0%b2%d1%81%d1%8f%d0%bd%d1%8b%d0%b9-%d0%b1%d0%b0%d1%82%d0%be%d0%bd%d1%87%d0%b8%d0%ba-%d1%81-%d1%85%d0%be%d1%80%d0%be%d1%88%d0%b8%d0%bc%d0%b8-%d0%b1%d0%b0%d0%ba%d1%82%d0%b5%d1%80%d0%b8%d1%8f\/"},"modified":"2025-02-21T19:16:18","modified_gmt":"2025-02-21T17:16:18","slug":"%d0%be%d0%b2%d1%81%d1%8f%d0%bd%d1%8b%d0%b9-%d0%b1%d0%b0%d1%82%d0%be%d0%bd%d1%87%d0%b8%d0%ba-%d1%81-%d1%85%d0%be%d1%80%d0%be%d1%88%d0%b8%d0%bc%d0%b8-%d0%b1%d0%b0%d0%ba%d1%82%d0%b5%d1%80%d0%b8%d1%8f","status":"publish","type":"product","link":"https:\/\/bactohouse.eu\/ru\/shop\/%d0%be%d0%b2%d1%81%d1%8f%d0%bd%d1%8b%d0%b9-%d0%b1%d0%b0%d1%82%d0%be%d0%bd%d1%87%d0%b8%d0%ba-%d1%81-%d1%85%d0%be%d1%80%d0%be%d1%88%d0%b8%d0%bc%d0%b8-%d0%b1%d0%b0%d0%ba%d1%82%d0%b5%d1%80%d0%b8%d1%8f\/","title":{"rendered":"\u041e\u0432\u0441\u044f\u043d\u044b\u0439 \u0431\u0430\u0442\u043e\u043d\u0447\u0438\u043a \u0441 \u0445\u043e\u0440\u043e\u0448\u0438\u043c\u0438 \u0431\u0430\u043a\u0442\u0435\u0440\u0438\u044f\u043c\u0438"},"content":{"rendered":"<p><strong>\u041e\u0410\u0422 \u0411\u0410\u0420 \u0441 \u0436\u0438\u0432\u044b\u043c\u0438 \u0431\u0430\u043a\u0442\u0435\u0440\u0438\u044f\u043c\u0438<\/strong><br \/>\n\u0421\u043e\u0434\u0435\u0440\u0436\u0430\u043d\u0438\u0435 \u043d\u0435\u0442\u0442\u043e 60 \u0433.<\/p>\n<p><strong>\u0418\u043d\u0433\u0440\u0435\u0434\u0438\u0435\u043d\u0442\u044b:<\/strong> \u0444\u0435\u0440\u043c\u0435\u043d\u0442\u0438\u0440\u043e\u0432\u0430\u043d\u043d\u043e\u0435 \u043e\u0432\u0441\u044f\u043d\u043e\u0435 \u043f\u044e\u0440\u0435 36% (\u043f\u0438\u0442\u044c\u0435\u0432\u0430\u044f \u0432\u043e\u0434\u0430, \u0444\u0435\u0440\u043c\u0435\u043d\u0442\u0438\u0440\u043e\u0432\u0430\u043d\u043d\u044b\u0435 \u043e\u0432\u0441\u044f\u043d\u044b\u0435 \u0445\u043b\u043e\u043f\u044c\u044f, \u043a\u0443\u043b\u044c\u0442\u0443\u0440\u044b \u043b\u0430\u043a\u0442\u043e- \u0438 \u0431\u0438\u0444\u0438\u0434\u043e\u0431\u0430\u043a\u0442\u0435\u0440\u0438\u0439, \u0440\u0435\u0433\u0443\u043b\u044f\u0442\u043e\u0440 \u043a\u0438\u0441\u043b\u043e\u0442\u043d\u043e\u0441\u0442\u0438 \u0431\u0438\u043a\u0430\u0440\u0431\u043e\u043d\u0430\u0442 \u043d\u0430\u0442\u0440\u0438\u044f), \u0444\u0438\u043d\u0438\u043a\u043e\u0432\u0430\u044f \u043c\u0443\u043a\u0430, \u043e\u0432\u0441\u044f\u043d\u044b\u0435 \u043e\u0442\u0440\u0443\u0431\u0438, \u0448\u0435\u043b\u0443\u0445\u0430 \u0441\u0435\u043c\u044f\u043d \u0431\u0435\u043b\u043e\u0433\u043e \u043f\u043e\u0434\u043e\u0440\u043e\u0436\u043d\u0438\u043a\u0430, \u0441\u0435\u043c\u0435\u043d\u0430 \u0447\u0438\u0430, \u043d\u0435\u0440\u0430\u0444\u0438\u043d\u0438\u0440\u043e\u0432\u0430\u043d\u043d\u043e\u0435 \u043a\u043e\u043a\u043e\u0441\u043e\u0432\u043e\u0435 \u043c\u0430\u0441\u043b\u043e \u0445\u043e\u043b\u043e\u0434\u043d\u043e\u0433\u043e \u043e\u0442\u0436\u0438\u043c\u0430, \u043f\u043e\u0440\u043e\u0448\u043e\u043a \u0430\u0431\u0440\u0438\u043a\u043e\u0441\u043e\u0432\u044b\u0445 \u043a\u043e\u0441\u0442\u043e\u0447\u0435\u043a, \u0441\u043b\u043e\u0435\u043d\u044b\u0435 \u0441\u0435\u043c\u0435\u043d\u0430 \u0430\u043c\u0430\u0440\u0430\u043d\u0442\u0430.<\/p>\n<p data-start=\"155\" data-end=\"199\"><strong data-start=\"159\" data-end=\"197\">\u041f\u0438\u0449\u0435\u0432\u0430\u044f \u0438\u043d\u0444\u043e\u0440\u043c\u0430\u0446\u0438\u044f (\u043d\u0430 100 \u0433)<\/strong><\/p>\n<table data-start=\"201\" data-end=\"606\">\n<thead data-start=\"201\" data-end=\"248\">\n<tr data-start=\"201\" data-end=\"248\">\n<th data-start=\"201\" data-end=\"212\">\u041f\u0438\u0442\u0430\u0442\u0435\u043b\u044c\u043d\u044b\u0435 \u0432\u0435\u0449\u0435\u0441\u0442\u0432\u0430<\/th>\n<th data-start=\"212\" data-end=\"230\">\u041a\u043e\u043b\u0438\u0447\u0435\u0441\u0442\u0432\u043e \u043d\u0430 100 \u0433<\/th>\n<th data-start=\"230\" data-end=\"248\">RI% (\u043d\u0430 100 \u0433)<\/th>\n<\/tr>\n<\/thead>\n<tbody data-start=\"296\" data-end=\"606\">\n<tr data-start=\"296\" data-end=\"347\">\n<td><strong data-start=\"298\" data-end=\"308\">\u042d\u043d\u0435\u0440\u0433\u0438\u044f<\/strong><\/td>\n<td>1202 \u043a\u0414\u0436 \/ 288 \u043a\u043a\u0430\u043b<\/td>\n<td>14.3% \/ 14.4%<\/td>\n<\/tr>\n<tr data-start=\"348\" data-end=\"377\">\n<td><strong data-start=\"350\" data-end=\"358\">\u0416\u0438\u0440\u044b<\/strong><\/td>\n<td>11.1 g<\/td>\n<td>15.9%<\/td>\n<\/tr>\n<tr data-start=\"378\" data-end=\"430\">\n<td>&#8212; \u0438\u0437 \u043a\u043e\u0442\u043e\u0440\u044b\u0445 \u043d\u0430\u0441\u044b\u0449\u0435\u043d\u043d\u044b\u0435 \u0436\u0438\u0440\u043d\u044b\u0435 \u043a\u0438\u0441\u043b\u043e\u0442\u044b<\/td>\n<td>6.9 g<\/td>\n<td>34.5%<\/td>\n<\/tr>\n<tr data-start=\"431\" data-end=\"470\">\n<td><strong data-start=\"433\" data-end=\"450\">\u0423\u0433\u043b\u0435\u0432\u043e\u0434\u044b<\/strong><\/td>\n<td>46.64 g<\/td>\n<td>17.9%<\/td>\n<\/tr>\n<tr data-start=\"471\" data-end=\"511\">\n<td>&#8212; \u0438\u0437 \u043a\u043e\u0442\u043e\u0440\u044b\u0445 \u0421\u0430\u0445\u0430\u0440<\/td>\n<td>13.02 g<\/td>\n<td>14.47%<\/td>\n<\/tr>\n<tr data-start=\"512\" data-end=\"546\">\n<td><strong data-start=\"514\" data-end=\"531\">\u0414\u0438\u0435\u0442\u0438\u0447\u0435\u0441\u043a\u0430\u044f \u043a\u043b\u0435\u0442\u0447\u0430\u0442\u043a\u0430<\/strong><\/td>\n<td>18.3 g<\/td>\n<td>&#8212;<\/td>\n<\/tr>\n<tr data-start=\"547\" data-end=\"579\">\n<td><strong data-start=\"549\" data-end=\"561\">\u041f\u0440\u043e\u0442\u0435\u0438\u043d\u044b<\/strong><\/td>\n<td>9.6 g<\/td>\n<td>19.2%<\/td>\n<\/tr>\n<tr data-start=\"580\" data-end=\"606\">\n<td><strong data-start=\"582\" data-end=\"590\">\u0421\u043e\u043b\u044c<\/strong><\/td>\n<td>0.18 g<\/td>\n<td>3%<\/td>\n<\/tr>\n<\/tbody>\n<\/table>\n<p data-start=\"591\" data-end=\"748\"><strong data-start=\"591\" data-end=\"609\">\u0416\u0438\u0432\u044b\u0435 \u0431\u0430\u043a\u0442\u0435\u0440\u0438\u0438:<\/strong><br data-start=\"609\" data-end=\"612\">\u0421\u043e\u0434\u0435\u0440\u0436\u0438\u0442 \u043c\u0435\u0437\u043e\u0444\u0438\u043b\u044c\u043d\u044b\u0435 \u043c\u043e\u043b\u043e\u0447\u043d\u043e\u043a\u0438\u0441\u043b\u044b\u0435 \u0431\u0430\u043a\u0442\u0435\u0440\u0438\u0438, \u0431\u0438\u0444\u0438\u0434\u043e\u0431\u0430\u043a\u0442\u0435\u0440\u0438\u0438, <em data-start=\"670\" data-end=\"697\">Lactobacillus delbrueckii<\/em> subsp. <em data-start=\"705\" data-end=\"717\">bulgaricus<\/em>, <em data-start=\"719\" data-end=\"747\">Streptococcus thermophilus.<\/em><\/p>\n<p data-start=\"591\" data-end=\"748\">\u0425\u0440\u0430\u043d\u0435\u043d\u0438\u0435. \u0425\u0440\u0430\u043d\u0438\u0442\u0435 \u0432 \u0445\u043e\u043b\u043e\u0434\u0438\u043b\u044c\u043d\u0438\u043a\u0435 \u043f\u0440\u0438 \u0442\u0435\u043c\u043f\u0435\u0440\u0430\u0442\u0443\u0440\u0435 0-12 \u00b0C.<br \/>\n\u041f\u0440\u043e\u0438\u0437\u0432\u043e\u0434\u0438\u0442\u0435\u043b\u044c MB &#171;M\u0117melio prekyba&#187;, Draugyst\u0117s 3-ioji g. 3, LT-92322 Klaip\u0117da, Lithuania.  <\/p>\n","protected":false},"excerpt":{"rendered":"<p>\u041e\u0410\u0422 \u0411\u0410\u0420 \u0441 \u0436\u0438\u0432\u044b\u043c\u0438 \u0431\u0430\u043a\u0442\u0435\u0440\u0438\u044f\u043c\u0438 \u0421\u043e\u0434\u0435\u0440\u0436\u0430\u043d\u0438\u0435 \u043d\u0435\u0442\u0442\u043e 60 \u0433. \u0418\u043d\u0433\u0440\u0435\u0434\u0438\u0435\u043d\u0442\u044b: \u0444\u0435\u0440\u043c\u0435\u043d\u0442\u0438\u0440\u043e\u0432\u0430\u043d\u043d\u043e\u0435 \u043e\u0432\u0441\u044f\u043d\u043e\u0435 \u043f\u044e\u0440\u0435 36% (\u043f\u0438\u0442\u044c\u0435\u0432\u0430\u044f \u0432\u043e\u0434\u0430, \u0444\u0435\u0440\u043c\u0435\u043d\u0442\u0438\u0440\u043e\u0432\u0430\u043d\u043d\u044b\u0435 \u043e\u0432\u0441\u044f\u043d\u044b\u0435&hellip;<\/p>\n","protected":false},"featured_media":7149,"comment_status":"closed","ping_status":"closed","template":"","meta":[],"product_cat":[187],"product_tag":[],"class_list":{"0":"post-7156","1":"product","2":"type-product","3":"status-publish","4":"has-post-thumbnail","6":"product_cat-187","8":"first","9":"instock","10":"taxable","11":"shipping-taxable","12":"purchasable","13":"product-type-simple"},"yoast_head":"<!-- This site is optimized with the Yoast SEO plugin v27.5 - https:\/\/yoast.com\/product\/yoast-seo-wordpress\/ -->\n<title>\u041e\u0432\u0441\u044f\u043d\u044b\u0439 \u0431\u0430\u0442\u043e\u043d\u0447\u0438\u043a \u0441 \u0445\u043e\u0440\u043e\u0448\u0438\u043c\u0438 \u0431\u0430\u043a\u0442\u0435\u0440\u0438\u044f\u043c\u0438 - Bactohouse<\/title>\n<meta name=\"robots\" content=\"index, follow, max-snippet:-1, max-image-preview:large, max-video-preview:-1\" \/>\n<link rel=\"canonical\" href=\"https:\/\/bactohouse.eu\/ru\/shop\/%d0%be%d0%b2%d1%81%d1%8f%d0%bd%d1%8b%d0%b9-%d0%b1%d0%b0%d1%82%d0%be%d0%bd%d1%87%d0%b8%d0%ba-%d1%81-%d1%85%d0%be%d1%80%d0%be%d1%88%d0%b8%d0%bc%d0%b8-%d0%b1%d0%b0%d0%ba%d1%82%d0%b5%d1%80%d0%b8%d1%8f\/\" \/>\n<meta property=\"og:locale\" content=\"ru_RU\" \/>\n<meta property=\"og:type\" content=\"article\" \/>\n<meta property=\"og:title\" content=\"\u041e\u0432\u0441\u044f\u043d\u044b\u0439 \u0431\u0430\u0442\u043e\u043d\u0447\u0438\u043a \u0441 \u0445\u043e\u0440\u043e\u0448\u0438\u043c\u0438 \u0431\u0430\u043a\u0442\u0435\u0440\u0438\u044f\u043c\u0438 - Bactohouse\" \/>\n<meta property=\"og:description\" content=\"\u041e\u0410\u0422 \u0411\u0410\u0420 \u0441 \u0436\u0438\u0432\u044b\u043c\u0438 \u0431\u0430\u043a\u0442\u0435\u0440\u0438\u044f\u043c\u0438 \u0421\u043e\u0434\u0435\u0440\u0436\u0430\u043d\u0438\u0435 \u043d\u0435\u0442\u0442\u043e 60 \u0433. \u0418\u043d\u0433\u0440\u0435\u0434\u0438\u0435\u043d\u0442\u044b: \u0444\u0435\u0440\u043c\u0435\u043d\u0442\u0438\u0440\u043e\u0432\u0430\u043d\u043d\u043e\u0435 \u043e\u0432\u0441\u044f\u043d\u043e\u0435 \u043f\u044e\u0440\u0435 36% (\u043f\u0438\u0442\u044c\u0435\u0432\u0430\u044f \u0432\u043e\u0434\u0430, \u0444\u0435\u0440\u043c\u0435\u043d\u0442\u0438\u0440\u043e\u0432\u0430\u043d\u043d\u044b\u0435 \u043e\u0432\u0441\u044f\u043d\u044b\u0435&hellip;\" \/>\n<meta property=\"og:url\" content=\"https:\/\/bactohouse.eu\/ru\/shop\/%d0%be%d0%b2%d1%81%d1%8f%d0%bd%d1%8b%d0%b9-%d0%b1%d0%b0%d1%82%d0%be%d0%bd%d1%87%d0%b8%d0%ba-%d1%81-%d1%85%d0%be%d1%80%d0%be%d1%88%d0%b8%d0%bc%d0%b8-%d0%b1%d0%b0%d0%ba%d1%82%d0%b5%d1%80%d0%b8%d1%8f\/\" \/>\n<meta property=\"og:site_name\" content=\"Bactohouse\" \/>\n<meta property=\"og:image\" content=\"https:\/\/bactohouse.eu\/wp-content\/uploads\/2025\/02\/11-scaled.jpg\" \/>\n\t<meta property=\"og:image:width\" content=\"3360\" \/>\n\t<meta property=\"og:image:height\" content=\"3360\" \/>\n\t<meta property=\"og:image:type\" content=\"image\/jpeg\" \/>\n<meta name=\"twitter:card\" content=\"summary_large_image\" \/>\n<script type=\"application\/ld+json\" class=\"yoast-schema-graph\">{\"@context\":\"https:\\\/\\\/schema.org\",\"@graph\":[{\"@type\":\"WebPage\",\"@id\":\"https:\\\/\\\/bactohouse.eu\\\/ru\\\/shop\\\/%d0%be%d0%b2%d1%81%d1%8f%d0%bd%d1%8b%d0%b9-%d0%b1%d0%b0%d1%82%d0%be%d0%bd%d1%87%d0%b8%d0%ba-%d1%81-%d1%85%d0%be%d1%80%d0%be%d1%88%d0%b8%d0%bc%d0%b8-%d0%b1%d0%b0%d0%ba%d1%82%d0%b5%d1%80%d0%b8%d1%8f\\\/\",\"url\":\"https:\\\/\\\/bactohouse.eu\\\/ru\\\/shop\\\/%d0%be%d0%b2%d1%81%d1%8f%d0%bd%d1%8b%d0%b9-%d0%b1%d0%b0%d1%82%d0%be%d0%bd%d1%87%d0%b8%d0%ba-%d1%81-%d1%85%d0%be%d1%80%d0%be%d1%88%d0%b8%d0%bc%d0%b8-%d0%b1%d0%b0%d0%ba%d1%82%d0%b5%d1%80%d0%b8%d1%8f\\\/\",\"name\":\"\u041e\u0432\u0441\u044f\u043d\u044b\u0439 \u0431\u0430\u0442\u043e\u043d\u0447\u0438\u043a \u0441 \u0445\u043e\u0440\u043e\u0448\u0438\u043c\u0438 \u0431\u0430\u043a\u0442\u0435\u0440\u0438\u044f\u043c\u0438 - Bactohouse\",\"isPartOf\":{\"@id\":\"https:\\\/\\\/bactohouse.eu\\\/ru\\\/#website\"},\"primaryImageOfPage\":{\"@id\":\"https:\\\/\\\/bactohouse.eu\\\/ru\\\/shop\\\/%d0%be%d0%b2%d1%81%d1%8f%d0%bd%d1%8b%d0%b9-%d0%b1%d0%b0%d1%82%d0%be%d0%bd%d1%87%d0%b8%d0%ba-%d1%81-%d1%85%d0%be%d1%80%d0%be%d1%88%d0%b8%d0%bc%d0%b8-%d0%b1%d0%b0%d0%ba%d1%82%d0%b5%d1%80%d0%b8%d1%8f\\\/#primaryimage\"},\"image\":{\"@id\":\"https:\\\/\\\/bactohouse.eu\\\/ru\\\/shop\\\/%d0%be%d0%b2%d1%81%d1%8f%d0%bd%d1%8b%d0%b9-%d0%b1%d0%b0%d1%82%d0%be%d0%bd%d1%87%d0%b8%d0%ba-%d1%81-%d1%85%d0%be%d1%80%d0%be%d1%88%d0%b8%d0%bc%d0%b8-%d0%b1%d0%b0%d0%ba%d1%82%d0%b5%d1%80%d0%b8%d1%8f\\\/#primaryimage\"},\"thumbnailUrl\":\"https:\\\/\\\/bactohouse.eu\\\/wp-content\\\/uploads\\\/2025\\\/02\\\/11-scaled.jpg\",\"datePublished\":\"2025-02-21T17:16:18+00:00\",\"breadcrumb\":{\"@id\":\"https:\\\/\\\/bactohouse.eu\\\/ru\\\/shop\\\/%d0%be%d0%b2%d1%81%d1%8f%d0%bd%d1%8b%d0%b9-%d0%b1%d0%b0%d1%82%d0%be%d0%bd%d1%87%d0%b8%d0%ba-%d1%81-%d1%85%d0%be%d1%80%d0%be%d1%88%d0%b8%d0%bc%d0%b8-%d0%b1%d0%b0%d0%ba%d1%82%d0%b5%d1%80%d0%b8%d1%8f\\\/#breadcrumb\"},\"inLanguage\":\"ru-RU\",\"potentialAction\":[{\"@type\":\"ReadAction\",\"target\":[\"https:\\\/\\\/bactohouse.eu\\\/ru\\\/shop\\\/%d0%be%d0%b2%d1%81%d1%8f%d0%bd%d1%8b%d0%b9-%d0%b1%d0%b0%d1%82%d0%be%d0%bd%d1%87%d0%b8%d0%ba-%d1%81-%d1%85%d0%be%d1%80%d0%be%d1%88%d0%b8%d0%bc%d0%b8-%d0%b1%d0%b0%d0%ba%d1%82%d0%b5%d1%80%d0%b8%d1%8f\\\/\"]}]},{\"@type\":\"ImageObject\",\"inLanguage\":\"ru-RU\",\"@id\":\"https:\\\/\\\/bactohouse.eu\\\/ru\\\/shop\\\/%d0%be%d0%b2%d1%81%d1%8f%d0%bd%d1%8b%d0%b9-%d0%b1%d0%b0%d1%82%d0%be%d0%bd%d1%87%d0%b8%d0%ba-%d1%81-%d1%85%d0%be%d1%80%d0%be%d1%88%d0%b8%d0%bc%d0%b8-%d0%b1%d0%b0%d0%ba%d1%82%d0%b5%d1%80%d0%b8%d1%8f\\\/#primaryimage\",\"url\":\"https:\\\/\\\/bactohouse.eu\\\/wp-content\\\/uploads\\\/2025\\\/02\\\/11-scaled.jpg\",\"contentUrl\":\"https:\\\/\\\/bactohouse.eu\\\/wp-content\\\/uploads\\\/2025\\\/02\\\/11-scaled.jpg\",\"width\":3360,\"height\":3360,\"caption\":\"\u041e\u0432\u0441\u044f\u043d\u044b\u0439 \u0431\u0430\u0442\u043e\u043d\u0447\u0438\u043a Bactohouse\"},{\"@type\":\"BreadcrumbList\",\"@id\":\"https:\\\/\\\/bactohouse.eu\\\/ru\\\/shop\\\/%d0%be%d0%b2%d1%81%d1%8f%d0%bd%d1%8b%d0%b9-%d0%b1%d0%b0%d1%82%d0%be%d0%bd%d1%87%d0%b8%d0%ba-%d1%81-%d1%85%d0%be%d1%80%d0%be%d1%88%d0%b8%d0%bc%d0%b8-%d0%b1%d0%b0%d0%ba%d1%82%d0%b5%d1%80%d0%b8%d1%8f\\\/#breadcrumb\",\"itemListElement\":[{\"@type\":\"ListItem\",\"position\":1,\"name\":\"Home\",\"item\":\"https:\\\/\\\/bactohouse.eu\\\/ru\\\/\"},{\"@type\":\"ListItem\",\"position\":2,\"name\":\"\u041c\u0430\u0433\u0430\u0437\u0438\u043d\",\"item\":\"https:\\\/\\\/bactohouse.eu\\\/%d0%bc%d0%b0%d0%b3%d0%b0%d0%b7%d0%b8%d0%bd\\\/\"},{\"@type\":\"ListItem\",\"position\":3,\"name\":\"\u041e\u0432\u0441\u044f\u043d\u044b\u0439 \u0431\u0430\u0442\u043e\u043d\u0447\u0438\u043a \u0441 \u0445\u043e\u0440\u043e\u0448\u0438\u043c\u0438 \u0431\u0430\u043a\u0442\u0435\u0440\u0438\u044f\u043c\u0438\"}]},{\"@type\":\"WebSite\",\"@id\":\"https:\\\/\\\/bactohouse.eu\\\/ru\\\/#website\",\"url\":\"https:\\\/\\\/bactohouse.eu\\\/ru\\\/\",\"name\":\"Bactohouse\",\"description\":\"Good Bacteria in Liquid Form\",\"publisher\":{\"@id\":\"https:\\\/\\\/bactohouse.eu\\\/ru\\\/#organization\"},\"potentialAction\":[{\"@type\":\"SearchAction\",\"target\":{\"@type\":\"EntryPoint\",\"urlTemplate\":\"https:\\\/\\\/bactohouse.eu\\\/ru\\\/?s={search_term_string}\"},\"query-input\":{\"@type\":\"PropertyValueSpecification\",\"valueRequired\":true,\"valueName\":\"search_term_string\"}}],\"inLanguage\":\"ru-RU\"},{\"@type\":\"Organization\",\"@id\":\"https:\\\/\\\/bactohouse.eu\\\/ru\\\/#organization\",\"name\":\"Bactohouse\",\"url\":\"https:\\\/\\\/bactohouse.eu\\\/ru\\\/\",\"logo\":{\"@type\":\"ImageObject\",\"inLanguage\":\"ru-RU\",\"@id\":\"https:\\\/\\\/bactohouse.eu\\\/ru\\\/#\\\/schema\\\/logo\\\/image\\\/\",\"url\":\"https:\\\/\\\/bactohouse.eu\\\/wp-content\\\/uploads\\\/2025\\\/01\\\/Bactohouse_logo.webp\",\"contentUrl\":\"https:\\\/\\\/bactohouse.eu\\\/wp-content\\\/uploads\\\/2025\\\/01\\\/Bactohouse_logo.webp\",\"width\":628,\"height\":195,\"caption\":\"Bactohouse\"},\"image\":{\"@id\":\"https:\\\/\\\/bactohouse.eu\\\/ru\\\/#\\\/schema\\\/logo\\\/image\\\/\"}}]}<\/script>\n<!-- \/ Yoast SEO plugin. -->","yoast_head_json":{"title":"\u041e\u0432\u0441\u044f\u043d\u044b\u0439 \u0431\u0430\u0442\u043e\u043d\u0447\u0438\u043a \u0441 \u0445\u043e\u0440\u043e\u0448\u0438\u043c\u0438 \u0431\u0430\u043a\u0442\u0435\u0440\u0438\u044f\u043c\u0438 - Bactohouse","robots":{"index":"index","follow":"follow","max-snippet":"max-snippet:-1","max-image-preview":"max-image-preview:large","max-video-preview":"max-video-preview:-1"},"canonical":"https:\/\/bactohouse.eu\/ru\/shop\/%d0%be%d0%b2%d1%81%d1%8f%d0%bd%d1%8b%d0%b9-%d0%b1%d0%b0%d1%82%d0%be%d0%bd%d1%87%d0%b8%d0%ba-%d1%81-%d1%85%d0%be%d1%80%d0%be%d1%88%d0%b8%d0%bc%d0%b8-%d0%b1%d0%b0%d0%ba%d1%82%d0%b5%d1%80%d0%b8%d1%8f\/","og_locale":"ru_RU","og_type":"article","og_title":"\u041e\u0432\u0441\u044f\u043d\u044b\u0439 \u0431\u0430\u0442\u043e\u043d\u0447\u0438\u043a \u0441 \u0445\u043e\u0440\u043e\u0448\u0438\u043c\u0438 \u0431\u0430\u043a\u0442\u0435\u0440\u0438\u044f\u043c\u0438 - Bactohouse","og_description":"\u041e\u0410\u0422 \u0411\u0410\u0420 \u0441 \u0436\u0438\u0432\u044b\u043c\u0438 \u0431\u0430\u043a\u0442\u0435\u0440\u0438\u044f\u043c\u0438 \u0421\u043e\u0434\u0435\u0440\u0436\u0430\u043d\u0438\u0435 \u043d\u0435\u0442\u0442\u043e 60 \u0433. \u0418\u043d\u0433\u0440\u0435\u0434\u0438\u0435\u043d\u0442\u044b: \u0444\u0435\u0440\u043c\u0435\u043d\u0442\u0438\u0440\u043e\u0432\u0430\u043d\u043d\u043e\u0435 \u043e\u0432\u0441\u044f\u043d\u043e\u0435 \u043f\u044e\u0440\u0435 36% (\u043f\u0438\u0442\u044c\u0435\u0432\u0430\u044f \u0432\u043e\u0434\u0430, \u0444\u0435\u0440\u043c\u0435\u043d\u0442\u0438\u0440\u043e\u0432\u0430\u043d\u043d\u044b\u0435 \u043e\u0432\u0441\u044f\u043d\u044b\u0435&hellip;","og_url":"https:\/\/bactohouse.eu\/ru\/shop\/%d0%be%d0%b2%d1%81%d1%8f%d0%bd%d1%8b%d0%b9-%d0%b1%d0%b0%d1%82%d0%be%d0%bd%d1%87%d0%b8%d0%ba-%d1%81-%d1%85%d0%be%d1%80%d0%be%d1%88%d0%b8%d0%bc%d0%b8-%d0%b1%d0%b0%d0%ba%d1%82%d0%b5%d1%80%d0%b8%d1%8f\/","og_site_name":"Bactohouse","og_image":[{"width":3360,"height":3360,"url":"https:\/\/bactohouse.eu\/wp-content\/uploads\/2025\/02\/11-scaled.jpg","type":"image\/jpeg"}],"twitter_card":"summary_large_image","schema":{"@context":"https:\/\/schema.org","@graph":[{"@type":"WebPage","@id":"https:\/\/bactohouse.eu\/ru\/shop\/%d0%be%d0%b2%d1%81%d1%8f%d0%bd%d1%8b%d0%b9-%d0%b1%d0%b0%d1%82%d0%be%d0%bd%d1%87%d0%b8%d0%ba-%d1%81-%d1%85%d0%be%d1%80%d0%be%d1%88%d0%b8%d0%bc%d0%b8-%d0%b1%d0%b0%d0%ba%d1%82%d0%b5%d1%80%d0%b8%d1%8f\/","url":"https:\/\/bactohouse.eu\/ru\/shop\/%d0%be%d0%b2%d1%81%d1%8f%d0%bd%d1%8b%d0%b9-%d0%b1%d0%b0%d1%82%d0%be%d0%bd%d1%87%d0%b8%d0%ba-%d1%81-%d1%85%d0%be%d1%80%d0%be%d1%88%d0%b8%d0%bc%d0%b8-%d0%b1%d0%b0%d0%ba%d1%82%d0%b5%d1%80%d0%b8%d1%8f\/","name":"\u041e\u0432\u0441\u044f\u043d\u044b\u0439 \u0431\u0430\u0442\u043e\u043d\u0447\u0438\u043a \u0441 \u0445\u043e\u0440\u043e\u0448\u0438\u043c\u0438 \u0431\u0430\u043a\u0442\u0435\u0440\u0438\u044f\u043c\u0438 - Bactohouse","isPartOf":{"@id":"https:\/\/bactohouse.eu\/ru\/#website"},"primaryImageOfPage":{"@id":"https:\/\/bactohouse.eu\/ru\/shop\/%d0%be%d0%b2%d1%81%d1%8f%d0%bd%d1%8b%d0%b9-%d0%b1%d0%b0%d1%82%d0%be%d0%bd%d1%87%d0%b8%d0%ba-%d1%81-%d1%85%d0%be%d1%80%d0%be%d1%88%d0%b8%d0%bc%d0%b8-%d0%b1%d0%b0%d0%ba%d1%82%d0%b5%d1%80%d0%b8%d1%8f\/#primaryimage"},"image":{"@id":"https:\/\/bactohouse.eu\/ru\/shop\/%d0%be%d0%b2%d1%81%d1%8f%d0%bd%d1%8b%d0%b9-%d0%b1%d0%b0%d1%82%d0%be%d0%bd%d1%87%d0%b8%d0%ba-%d1%81-%d1%85%d0%be%d1%80%d0%be%d1%88%d0%b8%d0%bc%d0%b8-%d0%b1%d0%b0%d0%ba%d1%82%d0%b5%d1%80%d0%b8%d1%8f\/#primaryimage"},"thumbnailUrl":"https:\/\/bactohouse.eu\/wp-content\/uploads\/2025\/02\/11-scaled.jpg","datePublished":"2025-02-21T17:16:18+00:00","breadcrumb":{"@id":"https:\/\/bactohouse.eu\/ru\/shop\/%d0%be%d0%b2%d1%81%d1%8f%d0%bd%d1%8b%d0%b9-%d0%b1%d0%b0%d1%82%d0%be%d0%bd%d1%87%d0%b8%d0%ba-%d1%81-%d1%85%d0%be%d1%80%d0%be%d1%88%d0%b8%d0%bc%d0%b8-%d0%b1%d0%b0%d0%ba%d1%82%d0%b5%d1%80%d0%b8%d1%8f\/#breadcrumb"},"inLanguage":"ru-RU","potentialAction":[{"@type":"ReadAction","target":["https:\/\/bactohouse.eu\/ru\/shop\/%d0%be%d0%b2%d1%81%d1%8f%d0%bd%d1%8b%d0%b9-%d0%b1%d0%b0%d1%82%d0%be%d0%bd%d1%87%d0%b8%d0%ba-%d1%81-%d1%85%d0%be%d1%80%d0%be%d1%88%d0%b8%d0%bc%d0%b8-%d0%b1%d0%b0%d0%ba%d1%82%d0%b5%d1%80%d0%b8%d1%8f\/"]}]},{"@type":"ImageObject","inLanguage":"ru-RU","@id":"https:\/\/bactohouse.eu\/ru\/shop\/%d0%be%d0%b2%d1%81%d1%8f%d0%bd%d1%8b%d0%b9-%d0%b1%d0%b0%d1%82%d0%be%d0%bd%d1%87%d0%b8%d0%ba-%d1%81-%d1%85%d0%be%d1%80%d0%be%d1%88%d0%b8%d0%bc%d0%b8-%d0%b1%d0%b0%d0%ba%d1%82%d0%b5%d1%80%d0%b8%d1%8f\/#primaryimage","url":"https:\/\/bactohouse.eu\/wp-content\/uploads\/2025\/02\/11-scaled.jpg","contentUrl":"https:\/\/bactohouse.eu\/wp-content\/uploads\/2025\/02\/11-scaled.jpg","width":3360,"height":3360,"caption":"\u041e\u0432\u0441\u044f\u043d\u044b\u0439 \u0431\u0430\u0442\u043e\u043d\u0447\u0438\u043a Bactohouse"},{"@type":"BreadcrumbList","@id":"https:\/\/bactohouse.eu\/ru\/shop\/%d0%be%d0%b2%d1%81%d1%8f%d0%bd%d1%8b%d0%b9-%d0%b1%d0%b0%d1%82%d0%be%d0%bd%d1%87%d0%b8%d0%ba-%d1%81-%d1%85%d0%be%d1%80%d0%be%d1%88%d0%b8%d0%bc%d0%b8-%d0%b1%d0%b0%d0%ba%d1%82%d0%b5%d1%80%d0%b8%d1%8f\/#breadcrumb","itemListElement":[{"@type":"ListItem","position":1,"name":"Home","item":"https:\/\/bactohouse.eu\/ru\/"},{"@type":"ListItem","position":2,"name":"\u041c\u0430\u0433\u0430\u0437\u0438\u043d","item":"https:\/\/bactohouse.eu\/%d0%bc%d0%b0%d0%b3%d0%b0%d0%b7%d0%b8%d0%bd\/"},{"@type":"ListItem","position":3,"name":"\u041e\u0432\u0441\u044f\u043d\u044b\u0439 \u0431\u0430\u0442\u043e\u043d\u0447\u0438\u043a \u0441 \u0445\u043e\u0440\u043e\u0448\u0438\u043c\u0438 \u0431\u0430\u043a\u0442\u0435\u0440\u0438\u044f\u043c\u0438"}]},{"@type":"WebSite","@id":"https:\/\/bactohouse.eu\/ru\/#website","url":"https:\/\/bactohouse.eu\/ru\/","name":"Bactohouse","description":"Good Bacteria in Liquid Form","publisher":{"@id":"https:\/\/bactohouse.eu\/ru\/#organization"},"potentialAction":[{"@type":"SearchAction","target":{"@type":"EntryPoint","urlTemplate":"https:\/\/bactohouse.eu\/ru\/?s={search_term_string}"},"query-input":{"@type":"PropertyValueSpecification","valueRequired":true,"valueName":"search_term_string"}}],"inLanguage":"ru-RU"},{"@type":"Organization","@id":"https:\/\/bactohouse.eu\/ru\/#organization","name":"Bactohouse","url":"https:\/\/bactohouse.eu\/ru\/","logo":{"@type":"ImageObject","inLanguage":"ru-RU","@id":"https:\/\/bactohouse.eu\/ru\/#\/schema\/logo\/image\/","url":"https:\/\/bactohouse.eu\/wp-content\/uploads\/2025\/01\/Bactohouse_logo.webp","contentUrl":"https:\/\/bactohouse.eu\/wp-content\/uploads\/2025\/01\/Bactohouse_logo.webp","width":628,"height":195,"caption":"Bactohouse"},"image":{"@id":"https:\/\/bactohouse.eu\/ru\/#\/schema\/logo\/image\/"}}]}},"jetpack_sharing_enabled":true,"_links":{"self":[{"href":"https:\/\/bactohouse.eu\/ru\/wp-json\/wp\/v2\/product\/7156","targetHints":{"allow":["GET"]}}],"collection":[{"href":"https:\/\/bactohouse.eu\/ru\/wp-json\/wp\/v2\/product"}],"about":[{"href":"https:\/\/bactohouse.eu\/ru\/wp-json\/wp\/v2\/types\/product"}],"replies":[{"embeddable":true,"href":"https:\/\/bactohouse.eu\/ru\/wp-json\/wp\/v2\/comments?post=7156"}],"wp:featuredmedia":[{"embeddable":true,"href":"https:\/\/bactohouse.eu\/ru\/wp-json\/wp\/v2\/media\/7149"}],"wp:attachment":[{"href":"https:\/\/bactohouse.eu\/ru\/wp-json\/wp\/v2\/media?parent=7156"}],"wp:term":[{"taxonomy":"product_cat","embeddable":true,"href":"https:\/\/bactohouse.eu\/ru\/wp-json\/wp\/v2\/product_cat?post=7156"},{"taxonomy":"product_tag","embeddable":true,"href":"https:\/\/bactohouse.eu\/ru\/wp-json\/wp\/v2\/product_tag?post=7156"}],"curies":[{"name":"wp","href":"https:\/\/api.w.org\/{rel}","templated":true}]}}