{"id":7155,"date":"2025-02-21T19:16:18","date_gmt":"2025-02-21T17:16:18","guid":{"rendered":"https:\/\/bactohouse.eu\/shop\/auzu-batonins-ar-labajam-bakterijam\/"},"modified":"2025-02-21T19:16:18","modified_gmt":"2025-02-21T17:16:18","slug":"auzu-batonins-ar-labajam-bakterijam","status":"publish","type":"product","link":"https:\/\/bactohouse.eu\/lv\/shop\/auzu-batonins-ar-labajam-bakterijam\/","title":{"rendered":"Auzu batoni\u0146\u0161 ar labaj\u0101m bakt\u0113rij\u0101m"},"content":{"rendered":"<p><strong>AUGU B\u0100RZE ar dz\u012bv\u0101m bakt\u0113rij\u0101m<\/strong><br \/>\nNeto saturs 60 g<\/p>\n<p><strong>Sast\u0101vs:<\/strong> raudz\u0113ts auzu biezenis 36% (dzeramais \u016bdens, raudz\u0113tas auzu p\u0101rslas, lakto- un bifidobakt\u0113riju kult\u016bras, sk\u0101buma regulators n\u0101trija bikarbon\u0101ts), date\u013cu milti, auzu klijas, balto plat\u0101nu s\u0113klu apvalki, \u010dia s\u0113klas, auksti spiesta nerafin\u0113ta kokosriekstu e\u013c\u013ca, apriko\u017eu kauli\u0146u pulveris, p\u016bst\u0101s amaranta s\u0113klas.<\/p>\n<p data-start=\"155\" data-end=\"199\"><strong data-start=\"159\" data-end=\"197\">Inform\u0101cija par uzturv\u0113rt\u012bbu (uz 100 g)<\/strong><\/p>\n<table data-start=\"201\" data-end=\"606\">\n<thead data-start=\"201\" data-end=\"248\">\n<tr data-start=\"201\" data-end=\"248\">\n<th data-start=\"201\" data-end=\"212\">Uzturviela<\/th>\n<th data-start=\"212\" data-end=\"230\">Daudzums uz 100 g<\/th>\n<th data-start=\"230\" data-end=\"248\">RI% (uz 100g)<\/th>\n<\/tr>\n<\/thead>\n<tbody data-start=\"296\" data-end=\"606\">\n<tr data-start=\"296\" data-end=\"347\">\n<td><strong data-start=\"298\" data-end=\"308\">Ener\u0123ija<\/strong><\/td>\n<td>1202 kJ \/ 288 kcal<\/td>\n<td>14.3% \/ 14.4%<\/td>\n<\/tr>\n<tr data-start=\"348\" data-end=\"377\">\n<td><strong data-start=\"350\" data-end=\"358\">Tauki<\/strong><\/td>\n<td>11.1 g<\/td>\n<td>15.9%<\/td>\n<\/tr>\n<tr data-start=\"378\" data-end=\"430\">\n<td>&#8211; no t\u0101m pies\u0101tin\u0101t\u0101s tauksk\u0101bes<\/td>\n<td>6.9 g<\/td>\n<td>34.5%<\/td>\n<\/tr>\n<tr data-start=\"431\" data-end=\"470\">\n<td><strong data-start=\"433\" data-end=\"450\">Og\u013chidr\u0101ti<\/strong><\/td>\n<td>46.64 g<\/td>\n<td>17.9%<\/td>\n<\/tr>\n<tr data-start=\"471\" data-end=\"511\">\n<td>&#8211; no tiem cukurs<\/td>\n<td>13.02 g<\/td>\n<td>14.47%<\/td>\n<\/tr>\n<tr data-start=\"512\" data-end=\"546\">\n<td><strong data-start=\"514\" data-end=\"531\">Di\u0113tisk\u0101s \u0161\u0137iedrvielas<\/strong><\/td>\n<td>18.3 g<\/td>\n<td>&#8211;<\/td>\n<\/tr>\n<tr data-start=\"547\" data-end=\"579\">\n<td><strong data-start=\"549\" data-end=\"561\">Prote\u012bni<\/strong><\/td>\n<td>9.6 g<\/td>\n<td>19.2%<\/td>\n<\/tr>\n<tr data-start=\"580\" data-end=\"606\">\n<td><strong data-start=\"582\" data-end=\"590\">S\u0101ls<\/strong><\/td>\n<td>0.18 g<\/td>\n<td>3%<\/td>\n<\/tr>\n<\/tbody>\n<\/table>\n<p data-start=\"591\" data-end=\"748\"><strong data-start=\"591\" data-end=\"609\">Dz\u012bv\u0101s bakt\u0113rijas:<\/strong><br data-start=\"609\" data-end=\"612\">Satur mezof\u012blas piensk\u0101bes bakt\u0113rijas, bifidobakt\u0113rijas, <em data-start=\"670\" data-end=\"697\">Lactobacillus delbrueckii<\/em> subsp. <em data-start=\"705\" data-end=\"717\">bulgaricus<\/em>, <em data-start=\"719\" data-end=\"747\">Streptococcus thermophilus<\/em>.<\/p>\n<p data-start=\"591\" data-end=\"748\">Uzglab\u0101\u0161ana. Uzglab\u0101t ledusskap\u012b 0-12 \u00b0C temperat\u016br\u0101.<br \/>\nRa\u017eot\u0101js MB &#8220;M\u0117melio prekyba&#8221;, Draugyst\u0117s 3-ioji g. 3, LT-92322 Klaip\u0117da, Lietuva.  <\/p>\n","protected":false},"excerpt":{"rendered":"<p>AUGU B\u0100RZE ar dz\u012bv\u0101m bakt\u0113rij\u0101m Neto saturs 60 g Sast\u0101vs: raudz\u0113ts auzu biezenis 36% (dzeramais \u016bdens, raudz\u0113tas auzu&hellip;<\/p>\n","protected":false},"featured_media":7153,"comment_status":"closed","ping_status":"closed","template":"","meta":[],"product_cat":[186],"product_tag":[],"class_list":{"0":"post-7155","1":"product","2":"type-product","3":"status-publish","4":"has-post-thumbnail","6":"product_cat-citi-produkti","8":"first","9":"instock","10":"taxable","11":"shipping-taxable","12":"purchasable","13":"product-type-simple"},"yoast_head":"<!-- This site is optimized with the Yoast SEO plugin v27.5 - https:\/\/yoast.com\/product\/yoast-seo-wordpress\/ -->\n<title>Auzu batoni\u0146\u0161 ar labaj\u0101m bakt\u0113rij\u0101m - Bactohouse<\/title>\n<meta name=\"robots\" content=\"index, follow, max-snippet:-1, max-image-preview:large, max-video-preview:-1\" \/>\n<link rel=\"canonical\" href=\"https:\/\/bactohouse.eu\/lv\/shop\/auzu-batonins-ar-labajam-bakterijam\/\" \/>\n<meta property=\"og:locale\" content=\"lv_LV\" \/>\n<meta property=\"og:type\" content=\"article\" \/>\n<meta property=\"og:title\" content=\"Auzu batoni\u0146\u0161 ar labaj\u0101m bakt\u0113rij\u0101m - Bactohouse\" \/>\n<meta property=\"og:description\" content=\"AUGU B\u0100RZE ar dz\u012bv\u0101m bakt\u0113rij\u0101m Neto saturs 60 g Sast\u0101vs: raudz\u0113ts auzu biezenis 36% (dzeramais \u016bdens, raudz\u0113tas auzu&hellip;\" \/>\n<meta property=\"og:url\" content=\"https:\/\/bactohouse.eu\/lv\/shop\/auzu-batonins-ar-labajam-bakterijam\/\" \/>\n<meta property=\"og:site_name\" content=\"Bactohouse\" \/>\n<meta property=\"og:image\" content=\"https:\/\/bactohouse.eu\/wp-content\/uploads\/2025\/02\/11-scaled.jpg\" \/>\n\t<meta property=\"og:image:width\" content=\"3360\" \/>\n\t<meta property=\"og:image:height\" content=\"3360\" \/>\n\t<meta property=\"og:image:type\" content=\"image\/jpeg\" \/>\n<meta name=\"twitter:card\" content=\"summary_large_image\" \/>\n<meta name=\"twitter:label1\" content=\"Est. reading time\" \/>\n\t<meta name=\"twitter:data1\" content=\"1 minute\" \/>\n<script type=\"application\/ld+json\" class=\"yoast-schema-graph\">{\"@context\":\"https:\\\/\\\/schema.org\",\"@graph\":[{\"@type\":\"WebPage\",\"@id\":\"https:\\\/\\\/bactohouse.eu\\\/lv\\\/shop\\\/auzu-batonins-ar-labajam-bakterijam\\\/\",\"url\":\"https:\\\/\\\/bactohouse.eu\\\/lv\\\/shop\\\/auzu-batonins-ar-labajam-bakterijam\\\/\",\"name\":\"Auzu batoni\u0146\u0161 ar labaj\u0101m bakt\u0113rij\u0101m - Bactohouse\",\"isPartOf\":{\"@id\":\"https:\\\/\\\/bactohouse.eu\\\/lv\\\/#website\"},\"primaryImageOfPage\":{\"@id\":\"https:\\\/\\\/bactohouse.eu\\\/lv\\\/shop\\\/auzu-batonins-ar-labajam-bakterijam\\\/#primaryimage\"},\"image\":{\"@id\":\"https:\\\/\\\/bactohouse.eu\\\/lv\\\/shop\\\/auzu-batonins-ar-labajam-bakterijam\\\/#primaryimage\"},\"thumbnailUrl\":\"https:\\\/\\\/bactohouse.eu\\\/wp-content\\\/uploads\\\/2025\\\/02\\\/11-scaled.jpg\",\"datePublished\":\"2025-02-21T17:16:18+00:00\",\"breadcrumb\":{\"@id\":\"https:\\\/\\\/bactohouse.eu\\\/lv\\\/shop\\\/auzu-batonins-ar-labajam-bakterijam\\\/#breadcrumb\"},\"inLanguage\":\"lv-LV\",\"potentialAction\":[{\"@type\":\"ReadAction\",\"target\":[\"https:\\\/\\\/bactohouse.eu\\\/lv\\\/shop\\\/auzu-batonins-ar-labajam-bakterijam\\\/\"]}]},{\"@type\":\"ImageObject\",\"inLanguage\":\"lv-LV\",\"@id\":\"https:\\\/\\\/bactohouse.eu\\\/lv\\\/shop\\\/auzu-batonins-ar-labajam-bakterijam\\\/#primaryimage\",\"url\":\"https:\\\/\\\/bactohouse.eu\\\/wp-content\\\/uploads\\\/2025\\\/02\\\/11-scaled.jpg\",\"contentUrl\":\"https:\\\/\\\/bactohouse.eu\\\/wp-content\\\/uploads\\\/2025\\\/02\\\/11-scaled.jpg\",\"width\":3360,\"height\":3360,\"caption\":\"Bactohouse auzu batoni\u0146\u0161\"},{\"@type\":\"BreadcrumbList\",\"@id\":\"https:\\\/\\\/bactohouse.eu\\\/lv\\\/shop\\\/auzu-batonins-ar-labajam-bakterijam\\\/#breadcrumb\",\"itemListElement\":[{\"@type\":\"ListItem\",\"position\":1,\"name\":\"Home\",\"item\":\"https:\\\/\\\/bactohouse.eu\\\/lv\\\/\"},{\"@type\":\"ListItem\",\"position\":2,\"name\":\"Veikals\",\"item\":\"https:\\\/\\\/bactohouse.eu\\\/veikals\\\/\"},{\"@type\":\"ListItem\",\"position\":3,\"name\":\"Auzu batoni\u0146\u0161 ar labaj\u0101m bakt\u0113rij\u0101m\"}]},{\"@type\":\"WebSite\",\"@id\":\"https:\\\/\\\/bactohouse.eu\\\/lv\\\/#website\",\"url\":\"https:\\\/\\\/bactohouse.eu\\\/lv\\\/\",\"name\":\"Bactohouse\",\"description\":\"Good Bacteria in Liquid Form\",\"publisher\":{\"@id\":\"https:\\\/\\\/bactohouse.eu\\\/lv\\\/#organization\"},\"potentialAction\":[{\"@type\":\"SearchAction\",\"target\":{\"@type\":\"EntryPoint\",\"urlTemplate\":\"https:\\\/\\\/bactohouse.eu\\\/lv\\\/?s={search_term_string}\"},\"query-input\":{\"@type\":\"PropertyValueSpecification\",\"valueRequired\":true,\"valueName\":\"search_term_string\"}}],\"inLanguage\":\"lv-LV\"},{\"@type\":\"Organization\",\"@id\":\"https:\\\/\\\/bactohouse.eu\\\/lv\\\/#organization\",\"name\":\"Bactohouse\",\"url\":\"https:\\\/\\\/bactohouse.eu\\\/lv\\\/\",\"logo\":{\"@type\":\"ImageObject\",\"inLanguage\":\"lv-LV\",\"@id\":\"https:\\\/\\\/bactohouse.eu\\\/lv\\\/#\\\/schema\\\/logo\\\/image\\\/\",\"url\":\"https:\\\/\\\/bactohouse.eu\\\/wp-content\\\/uploads\\\/2025\\\/01\\\/Bactohouse_logo.webp\",\"contentUrl\":\"https:\\\/\\\/bactohouse.eu\\\/wp-content\\\/uploads\\\/2025\\\/01\\\/Bactohouse_logo.webp\",\"width\":628,\"height\":195,\"caption\":\"Bactohouse\"},\"image\":{\"@id\":\"https:\\\/\\\/bactohouse.eu\\\/lv\\\/#\\\/schema\\\/logo\\\/image\\\/\"}}]}<\/script>\n<!-- \/ Yoast SEO plugin. -->","yoast_head_json":{"title":"Auzu batoni\u0146\u0161 ar labaj\u0101m bakt\u0113rij\u0101m - Bactohouse","robots":{"index":"index","follow":"follow","max-snippet":"max-snippet:-1","max-image-preview":"max-image-preview:large","max-video-preview":"max-video-preview:-1"},"canonical":"https:\/\/bactohouse.eu\/lv\/shop\/auzu-batonins-ar-labajam-bakterijam\/","og_locale":"lv_LV","og_type":"article","og_title":"Auzu batoni\u0146\u0161 ar labaj\u0101m bakt\u0113rij\u0101m - Bactohouse","og_description":"AUGU B\u0100RZE ar dz\u012bv\u0101m bakt\u0113rij\u0101m Neto saturs 60 g Sast\u0101vs: raudz\u0113ts auzu biezenis 36% (dzeramais \u016bdens, raudz\u0113tas auzu&hellip;","og_url":"https:\/\/bactohouse.eu\/lv\/shop\/auzu-batonins-ar-labajam-bakterijam\/","og_site_name":"Bactohouse","og_image":[{"width":3360,"height":3360,"url":"https:\/\/bactohouse.eu\/wp-content\/uploads\/2025\/02\/11-scaled.jpg","type":"image\/jpeg"}],"twitter_card":"summary_large_image","twitter_misc":{"Est. reading time":"1 minute"},"schema":{"@context":"https:\/\/schema.org","@graph":[{"@type":"WebPage","@id":"https:\/\/bactohouse.eu\/lv\/shop\/auzu-batonins-ar-labajam-bakterijam\/","url":"https:\/\/bactohouse.eu\/lv\/shop\/auzu-batonins-ar-labajam-bakterijam\/","name":"Auzu batoni\u0146\u0161 ar labaj\u0101m bakt\u0113rij\u0101m - Bactohouse","isPartOf":{"@id":"https:\/\/bactohouse.eu\/lv\/#website"},"primaryImageOfPage":{"@id":"https:\/\/bactohouse.eu\/lv\/shop\/auzu-batonins-ar-labajam-bakterijam\/#primaryimage"},"image":{"@id":"https:\/\/bactohouse.eu\/lv\/shop\/auzu-batonins-ar-labajam-bakterijam\/#primaryimage"},"thumbnailUrl":"https:\/\/bactohouse.eu\/wp-content\/uploads\/2025\/02\/11-scaled.jpg","datePublished":"2025-02-21T17:16:18+00:00","breadcrumb":{"@id":"https:\/\/bactohouse.eu\/lv\/shop\/auzu-batonins-ar-labajam-bakterijam\/#breadcrumb"},"inLanguage":"lv-LV","potentialAction":[{"@type":"ReadAction","target":["https:\/\/bactohouse.eu\/lv\/shop\/auzu-batonins-ar-labajam-bakterijam\/"]}]},{"@type":"ImageObject","inLanguage":"lv-LV","@id":"https:\/\/bactohouse.eu\/lv\/shop\/auzu-batonins-ar-labajam-bakterijam\/#primaryimage","url":"https:\/\/bactohouse.eu\/wp-content\/uploads\/2025\/02\/11-scaled.jpg","contentUrl":"https:\/\/bactohouse.eu\/wp-content\/uploads\/2025\/02\/11-scaled.jpg","width":3360,"height":3360,"caption":"Bactohouse auzu batoni\u0146\u0161"},{"@type":"BreadcrumbList","@id":"https:\/\/bactohouse.eu\/lv\/shop\/auzu-batonins-ar-labajam-bakterijam\/#breadcrumb","itemListElement":[{"@type":"ListItem","position":1,"name":"Home","item":"https:\/\/bactohouse.eu\/lv\/"},{"@type":"ListItem","position":2,"name":"Veikals","item":"https:\/\/bactohouse.eu\/veikals\/"},{"@type":"ListItem","position":3,"name":"Auzu batoni\u0146\u0161 ar labaj\u0101m bakt\u0113rij\u0101m"}]},{"@type":"WebSite","@id":"https:\/\/bactohouse.eu\/lv\/#website","url":"https:\/\/bactohouse.eu\/lv\/","name":"Bactohouse","description":"Good Bacteria in Liquid Form","publisher":{"@id":"https:\/\/bactohouse.eu\/lv\/#organization"},"potentialAction":[{"@type":"SearchAction","target":{"@type":"EntryPoint","urlTemplate":"https:\/\/bactohouse.eu\/lv\/?s={search_term_string}"},"query-input":{"@type":"PropertyValueSpecification","valueRequired":true,"valueName":"search_term_string"}}],"inLanguage":"lv-LV"},{"@type":"Organization","@id":"https:\/\/bactohouse.eu\/lv\/#organization","name":"Bactohouse","url":"https:\/\/bactohouse.eu\/lv\/","logo":{"@type":"ImageObject","inLanguage":"lv-LV","@id":"https:\/\/bactohouse.eu\/lv\/#\/schema\/logo\/image\/","url":"https:\/\/bactohouse.eu\/wp-content\/uploads\/2025\/01\/Bactohouse_logo.webp","contentUrl":"https:\/\/bactohouse.eu\/wp-content\/uploads\/2025\/01\/Bactohouse_logo.webp","width":628,"height":195,"caption":"Bactohouse"},"image":{"@id":"https:\/\/bactohouse.eu\/lv\/#\/schema\/logo\/image\/"}}]}},"jetpack_sharing_enabled":true,"_links":{"self":[{"href":"https:\/\/bactohouse.eu\/lv\/wp-json\/wp\/v2\/product\/7155","targetHints":{"allow":["GET"]}}],"collection":[{"href":"https:\/\/bactohouse.eu\/lv\/wp-json\/wp\/v2\/product"}],"about":[{"href":"https:\/\/bactohouse.eu\/lv\/wp-json\/wp\/v2\/types\/product"}],"replies":[{"embeddable":true,"href":"https:\/\/bactohouse.eu\/lv\/wp-json\/wp\/v2\/comments?post=7155"}],"wp:featuredmedia":[{"embeddable":true,"href":"https:\/\/bactohouse.eu\/lv\/wp-json\/wp\/v2\/media\/7153"}],"wp:attachment":[{"href":"https:\/\/bactohouse.eu\/lv\/wp-json\/wp\/v2\/media?parent=7155"}],"wp:term":[{"taxonomy":"product_cat","embeddable":true,"href":"https:\/\/bactohouse.eu\/lv\/wp-json\/wp\/v2\/product_cat?post=7155"},{"taxonomy":"product_tag","embeddable":true,"href":"https:\/\/bactohouse.eu\/lv\/wp-json\/wp\/v2\/product_tag?post=7155"}],"curies":[{"name":"wp","href":"https:\/\/api.w.org\/{rel}","templated":true}]}}