{"id":6175,"date":"2024-12-11T12:47:05","date_gmt":"2024-12-11T10:47:05","guid":{"rendered":"https:\/\/bactohouse.eu\/shop\/bactohouse-ingvera-garsa\/"},"modified":"2024-12-11T12:47:05","modified_gmt":"2024-12-11T10:47:05","slug":"bactohouse-ingvera-garsa","status":"publish","type":"product","link":"https:\/\/bactohouse.eu\/lv\/shop\/bactohouse-ingvera-garsa\/","title":{"rendered":"BACTOHOUSE ingvera gar\u0161a"},"content":{"rendered":"<div class=\"product-details__product-attributes\">\n<div class=\"product-details__product-attributes\">\n<section class=\"elementor-section elementor-top-section elementor-element elementor-element-34b38f5 elementor-section-full_width elementor-section-stretched elementor-section-height-default elementor-section-height-default\" data-id=\"34b38f5\" data-element_type=\"section\" data-settings=\"{\"stretch_section\":\"section-stretched\"}\">\n<div class=\"elementor-container elementor-column-gap-default\">\n<div class=\"elementor-column elementor-col-100 elementor-top-column elementor-element elementor-element-dc44da4\" data-id=\"dc44da4\" data-element_type=\"column\">\n<div class=\"elementor-widget-wrap elementor-element-populated\">\n<div class=\"elementor-element elementor-element-4ce9c16 elementor-widget elementor-widget-wl-single-product-description\" data-id=\"4ce9c16\" data-element_type=\"widget\" data-widget_type=\"wl-single-product-description.default\">\n<div class=\"elementor-widget-container\">\n<div class=\"woocommerce_product_description\">\n<p><strong>Bactohouse Lab\u0101s bakt\u0113rijas \u0161\u0137idr\u0101 veid\u0101<\/strong><\/p>\n<p>P\u0101rtikas papildin\u0101jums<\/p>\n<p><strong>Sast\u0101vs:<\/strong><br \/>\n&#8211; Dzeramais \u016bdens<br \/>\n&#8211; Ferment\u0113ti auzu p\u0101rslas (8%)<br \/>\n&#8211; Ingvers (0,3%)<br \/>\n&#8211; Lactobacillus un bifidobakt\u0113riju kult\u016bras<br \/>\n&#8211; Sk\u0101buma regulators (n\u0101trija bikarbon\u0101ts).<\/p>\n<table border=\"1\" cellspacing=\"0\" cellpadding=\"5\">\n<thead>\n<tr>\n<th>Dz\u012bvotsp\u0113j\u012bgo bakt\u0113riju sugas:<\/th>\n<\/tr>\n<\/thead>\n<tbody>\n<tr>\n<td>Lactobacillus delbr\u00fcckii subsp. Bulgaricus, Lactobacillus casei, Lactobacillus acidophilus, Lactobacillus rhamnosus, Streptococcus thermophilus, Bifidobacterium animalis, Bifidobacterium thermophilum, Propionibacterium freudenreichii, Lactobacillus fermentum, Lactobacillus mucosae, Lactobacillus paracasei, Lactococcus lactis.<\/td>\n<\/tr>\n<\/tbody>\n<\/table>\n<p><strong>Dz\u012bvotsp\u0113j\u012bgo bakt\u0113riju daudzums:<\/strong><\/p>\n<table border=\"1\" cellspacing=\"0\" cellpadding=\"5\">\n<thead>\n<tr>\n<th><strong>1 ml<\/strong><\/th>\n<th><strong>15 ml<\/strong><\/th>\n<th><strong>35 ml<\/strong><\/th>\n<th><strong>50 ml<\/strong><\/th>\n<\/tr>\n<\/thead>\n<tbody>\n<tr>\n<td>1\u00d7109<sup>CFU* <\/sup><\/td>\n<td>15\u00d7109<sup>CFU* <\/sup><\/td>\n<td>35\u00d7109<sup>CFU* <\/sup><\/td>\n<td>50\u00d7109<sup>CFU* <\/sup><\/td>\n<\/tr>\n<\/tbody>\n<\/table>\n<p>*CFU &#8211; koloniju veidojo\u0161\u0101 vien\u012bba<\/p>\n<p><strong>Ieteicamais pat\u0113ri\u0146\u0161:<\/strong><br \/>\n&#8211; B\u0113rniem (1-3 gadi): Ne vair\u0101k k\u0101 15 ml dien\u0101.<br \/>\n&#8211; B\u0113rniem (3-10 gadi): 5 ml divas reizes dien\u0101: 10 ml tr\u012bs reizes dien\u0101, nep\u0101rsniedzot 35 ml dien\u0101.<br \/>\n&#8211; B\u0113rni (10 gadi un vec\u0101ki) un pieaugu\u0161ie: 15 ml tr\u012bs reizes dien\u0101, nep\u0101rsniedzot 50 ml dien\u0101.<\/p>\n<p>Optim\u0101lu rezult\u0101tu sasnieg\u0161anai lietojiet \u0113\u0161anas laik\u0101 vai t\u016bl\u012bt p\u0113c \u0113\u0161anas.<\/p>\n<p><strong>Uzglab\u0101\u0161anas nor\u0101d\u012bjumi:<\/strong><br \/>\n&#8211; uzglab\u0101t ledusskap\u012b 0-12\u00b0C temperat\u016br\u0101.<br \/>\n&#8211; p\u0113c atv\u0113r\u0161anas uzglab\u0101t ledusskap\u012b un pat\u0113r\u0113t 12 m\u0113ne\u0161u laik\u0101.<\/p>\n<p><strong>Br\u012bdin\u0101jumi:<\/strong><br \/>\n&#8211; Uzglab\u0101t b\u0113rniem nepieejam\u0101 viet\u0101.<br \/>\n&#8211; Nep\u0101rsniegt ieteikt\u0101s devas.<br \/>\n&#8211; \u0160is uztura bag\u0101tin\u0101t\u0101js neaizst\u0101j daudzveid\u012bgu un sabalans\u0113tu uzturu un vesel\u012bgu dz\u012bvesveidu.<\/p>\n<p><strong>Ra\u017eot\u0101js:<\/strong><br \/>\nMB &#8220;M\u0117melio prekyba&#8221;<br \/>\nDraugyst\u0117s 3-ioji st. 3,<br \/>\nLT-92322 Klaip\u0117da, Lietuva.<\/p>\n<p><strong>Partijas numurs:<\/strong> skat\u012bt iepakojumu.<br \/>\n<strong>Lab\u0101kais pirms:<\/strong> Skat\u012bt iepakojumu.<\/p>\n<\/div>\n<\/div>\n<\/div>\n<\/div>\n<\/div>\n<\/div>\n<\/section>\n<\/div>\n<\/div>\n","protected":false},"excerpt":{"rendered":"<p>Bactohouse Lab\u0101s bakt\u0113rijas \u0161\u0137idr\u0101 veid\u0101 P\u0101rtikas papildin\u0101jums Sast\u0101vs: &#8211; Dzeramais \u016bdens &#8211; Ferment\u0113ti auzu p\u0101rslas (8%) &#8211; Ingvers&hellip;<\/p>\n","protected":false},"featured_media":6179,"comment_status":"open","ping_status":"closed","template":"","meta":[],"product_cat":[160],"product_tag":[],"class_list":{"0":"post-6175","1":"product","2":"type-product","3":"status-publish","4":"has-post-thumbnail","6":"product_cat-labas-bakterijas-skidra-veida","8":"first","9":"instock","10":"taxable","11":"shipping-taxable","12":"purchasable","13":"product-type-simple"},"yoast_head":"<!-- This site is optimized with the Yoast SEO plugin v27.3 - https:\/\/yoast.com\/product\/yoast-seo-wordpress\/ -->\n<title>BACTOHOUSE ingvera gar\u0161a - Bactohouse<\/title>\n<meta name=\"robots\" content=\"index, follow, max-snippet:-1, max-image-preview:large, max-video-preview:-1\" \/>\n<link rel=\"canonical\" href=\"https:\/\/bactohouse.eu\/lv\/shop\/bactohouse-ingvera-garsa\/\" \/>\n<meta property=\"og:locale\" content=\"lv_LV\" \/>\n<meta property=\"og:type\" content=\"article\" \/>\n<meta property=\"og:title\" content=\"BACTOHOUSE ingvera gar\u0161a - Bactohouse\" \/>\n<meta property=\"og:description\" content=\"Bactohouse Lab\u0101s bakt\u0113rijas \u0161\u0137idr\u0101 veid\u0101 P\u0101rtikas papildin\u0101jums Sast\u0101vs: &#8211; Dzeramais \u016bdens &#8211; Ferment\u0113ti auzu p\u0101rslas (8%) &#8211; Ingvers&hellip;\" \/>\n<meta property=\"og:url\" content=\"https:\/\/bactohouse.eu\/lv\/shop\/bactohouse-ingvera-garsa\/\" \/>\n<meta property=\"og:site_name\" content=\"Bactohouse\" \/>\n<meta property=\"og:image\" content=\"https:\/\/bactohouse.eu\/wp-content\/uploads\/2024\/12\/13-scaled.jpg\" \/>\n\t<meta property=\"og:image:width\" content=\"3360\" \/>\n\t<meta property=\"og:image:height\" content=\"3360\" \/>\n\t<meta property=\"og:image:type\" content=\"image\/jpeg\" \/>\n<meta name=\"twitter:card\" content=\"summary_large_image\" \/>\n<meta name=\"twitter:label1\" content=\"Est. reading time\" \/>\n\t<meta name=\"twitter:data1\" content=\"1 minute\" \/>\n<script type=\"application\/ld+json\" class=\"yoast-schema-graph\">{\"@context\":\"https:\\\/\\\/schema.org\",\"@graph\":[{\"@type\":\"WebPage\",\"@id\":\"https:\\\/\\\/bactohouse.eu\\\/lv\\\/shop\\\/bactohouse-ingvera-garsa\\\/\",\"url\":\"https:\\\/\\\/bactohouse.eu\\\/lv\\\/shop\\\/bactohouse-ingvera-garsa\\\/\",\"name\":\"BACTOHOUSE ingvera gar\u0161a - Bactohouse\",\"isPartOf\":{\"@id\":\"https:\\\/\\\/bactohouse.eu\\\/lv\\\/#website\"},\"primaryImageOfPage\":{\"@id\":\"https:\\\/\\\/bactohouse.eu\\\/lv\\\/shop\\\/bactohouse-ingvera-garsa\\\/#primaryimage\"},\"image\":{\"@id\":\"https:\\\/\\\/bactohouse.eu\\\/lv\\\/shop\\\/bactohouse-ingvera-garsa\\\/#primaryimage\"},\"thumbnailUrl\":\"https:\\\/\\\/bactohouse.eu\\\/wp-content\\\/uploads\\\/2024\\\/12\\\/13-scaled.jpg\",\"datePublished\":\"2024-12-11T10:47:05+00:00\",\"breadcrumb\":{\"@id\":\"https:\\\/\\\/bactohouse.eu\\\/lv\\\/shop\\\/bactohouse-ingvera-garsa\\\/#breadcrumb\"},\"inLanguage\":\"lv-LV\",\"potentialAction\":[{\"@type\":\"ReadAction\",\"target\":[\"https:\\\/\\\/bactohouse.eu\\\/lv\\\/shop\\\/bactohouse-ingvera-garsa\\\/\"]}]},{\"@type\":\"ImageObject\",\"inLanguage\":\"lv-LV\",\"@id\":\"https:\\\/\\\/bactohouse.eu\\\/lv\\\/shop\\\/bactohouse-ingvera-garsa\\\/#primaryimage\",\"url\":\"https:\\\/\\\/bactohouse.eu\\\/wp-content\\\/uploads\\\/2024\\\/12\\\/13-scaled.jpg\",\"contentUrl\":\"https:\\\/\\\/bactohouse.eu\\\/wp-content\\\/uploads\\\/2024\\\/12\\\/13-scaled.jpg\",\"width\":3360,\"height\":3360},{\"@type\":\"BreadcrumbList\",\"@id\":\"https:\\\/\\\/bactohouse.eu\\\/lv\\\/shop\\\/bactohouse-ingvera-garsa\\\/#breadcrumb\",\"itemListElement\":[{\"@type\":\"ListItem\",\"position\":1,\"name\":\"Home\",\"item\":\"https:\\\/\\\/bactohouse.eu\\\/lv\\\/\"},{\"@type\":\"ListItem\",\"position\":2,\"name\":\"Veikals\",\"item\":\"https:\\\/\\\/bactohouse.eu\\\/veikals\\\/\"},{\"@type\":\"ListItem\",\"position\":3,\"name\":\"BACTOHOUSE ingvera gar\u0161a\"}]},{\"@type\":\"WebSite\",\"@id\":\"https:\\\/\\\/bactohouse.eu\\\/lv\\\/#website\",\"url\":\"https:\\\/\\\/bactohouse.eu\\\/lv\\\/\",\"name\":\"Bactohouse\",\"description\":\"Good Bacteria in Liquid Form\",\"publisher\":{\"@id\":\"https:\\\/\\\/bactohouse.eu\\\/lv\\\/#organization\"},\"potentialAction\":[{\"@type\":\"SearchAction\",\"target\":{\"@type\":\"EntryPoint\",\"urlTemplate\":\"https:\\\/\\\/bactohouse.eu\\\/lv\\\/?s={search_term_string}\"},\"query-input\":{\"@type\":\"PropertyValueSpecification\",\"valueRequired\":true,\"valueName\":\"search_term_string\"}}],\"inLanguage\":\"lv-LV\"},{\"@type\":\"Organization\",\"@id\":\"https:\\\/\\\/bactohouse.eu\\\/lv\\\/#organization\",\"name\":\"Bactohouse\",\"url\":\"https:\\\/\\\/bactohouse.eu\\\/lv\\\/\",\"logo\":{\"@type\":\"ImageObject\",\"inLanguage\":\"lv-LV\",\"@id\":\"https:\\\/\\\/bactohouse.eu\\\/lv\\\/#\\\/schema\\\/logo\\\/image\\\/\",\"url\":\"https:\\\/\\\/bactohouse.eu\\\/wp-content\\\/uploads\\\/2025\\\/01\\\/Bactohouse_logo.webp\",\"contentUrl\":\"https:\\\/\\\/bactohouse.eu\\\/wp-content\\\/uploads\\\/2025\\\/01\\\/Bactohouse_logo.webp\",\"width\":628,\"height\":195,\"caption\":\"Bactohouse\"},\"image\":{\"@id\":\"https:\\\/\\\/bactohouse.eu\\\/lv\\\/#\\\/schema\\\/logo\\\/image\\\/\"}}]}<\/script>\n<!-- \/ Yoast SEO plugin. -->","yoast_head_json":{"title":"BACTOHOUSE ingvera gar\u0161a - Bactohouse","robots":{"index":"index","follow":"follow","max-snippet":"max-snippet:-1","max-image-preview":"max-image-preview:large","max-video-preview":"max-video-preview:-1"},"canonical":"https:\/\/bactohouse.eu\/lv\/shop\/bactohouse-ingvera-garsa\/","og_locale":"lv_LV","og_type":"article","og_title":"BACTOHOUSE ingvera gar\u0161a - Bactohouse","og_description":"Bactohouse Lab\u0101s bakt\u0113rijas \u0161\u0137idr\u0101 veid\u0101 P\u0101rtikas papildin\u0101jums Sast\u0101vs: &#8211; Dzeramais \u016bdens &#8211; Ferment\u0113ti auzu p\u0101rslas (8%) &#8211; Ingvers&hellip;","og_url":"https:\/\/bactohouse.eu\/lv\/shop\/bactohouse-ingvera-garsa\/","og_site_name":"Bactohouse","og_image":[{"width":3360,"height":3360,"url":"https:\/\/bactohouse.eu\/wp-content\/uploads\/2024\/12\/13-scaled.jpg","type":"image\/jpeg"}],"twitter_card":"summary_large_image","twitter_misc":{"Est. reading time":"1 minute"},"schema":{"@context":"https:\/\/schema.org","@graph":[{"@type":"WebPage","@id":"https:\/\/bactohouse.eu\/lv\/shop\/bactohouse-ingvera-garsa\/","url":"https:\/\/bactohouse.eu\/lv\/shop\/bactohouse-ingvera-garsa\/","name":"BACTOHOUSE ingvera gar\u0161a - Bactohouse","isPartOf":{"@id":"https:\/\/bactohouse.eu\/lv\/#website"},"primaryImageOfPage":{"@id":"https:\/\/bactohouse.eu\/lv\/shop\/bactohouse-ingvera-garsa\/#primaryimage"},"image":{"@id":"https:\/\/bactohouse.eu\/lv\/shop\/bactohouse-ingvera-garsa\/#primaryimage"},"thumbnailUrl":"https:\/\/bactohouse.eu\/wp-content\/uploads\/2024\/12\/13-scaled.jpg","datePublished":"2024-12-11T10:47:05+00:00","breadcrumb":{"@id":"https:\/\/bactohouse.eu\/lv\/shop\/bactohouse-ingvera-garsa\/#breadcrumb"},"inLanguage":"lv-LV","potentialAction":[{"@type":"ReadAction","target":["https:\/\/bactohouse.eu\/lv\/shop\/bactohouse-ingvera-garsa\/"]}]},{"@type":"ImageObject","inLanguage":"lv-LV","@id":"https:\/\/bactohouse.eu\/lv\/shop\/bactohouse-ingvera-garsa\/#primaryimage","url":"https:\/\/bactohouse.eu\/wp-content\/uploads\/2024\/12\/13-scaled.jpg","contentUrl":"https:\/\/bactohouse.eu\/wp-content\/uploads\/2024\/12\/13-scaled.jpg","width":3360,"height":3360},{"@type":"BreadcrumbList","@id":"https:\/\/bactohouse.eu\/lv\/shop\/bactohouse-ingvera-garsa\/#breadcrumb","itemListElement":[{"@type":"ListItem","position":1,"name":"Home","item":"https:\/\/bactohouse.eu\/lv\/"},{"@type":"ListItem","position":2,"name":"Veikals","item":"https:\/\/bactohouse.eu\/veikals\/"},{"@type":"ListItem","position":3,"name":"BACTOHOUSE ingvera gar\u0161a"}]},{"@type":"WebSite","@id":"https:\/\/bactohouse.eu\/lv\/#website","url":"https:\/\/bactohouse.eu\/lv\/","name":"Bactohouse","description":"Good Bacteria in Liquid Form","publisher":{"@id":"https:\/\/bactohouse.eu\/lv\/#organization"},"potentialAction":[{"@type":"SearchAction","target":{"@type":"EntryPoint","urlTemplate":"https:\/\/bactohouse.eu\/lv\/?s={search_term_string}"},"query-input":{"@type":"PropertyValueSpecification","valueRequired":true,"valueName":"search_term_string"}}],"inLanguage":"lv-LV"},{"@type":"Organization","@id":"https:\/\/bactohouse.eu\/lv\/#organization","name":"Bactohouse","url":"https:\/\/bactohouse.eu\/lv\/","logo":{"@type":"ImageObject","inLanguage":"lv-LV","@id":"https:\/\/bactohouse.eu\/lv\/#\/schema\/logo\/image\/","url":"https:\/\/bactohouse.eu\/wp-content\/uploads\/2025\/01\/Bactohouse_logo.webp","contentUrl":"https:\/\/bactohouse.eu\/wp-content\/uploads\/2025\/01\/Bactohouse_logo.webp","width":628,"height":195,"caption":"Bactohouse"},"image":{"@id":"https:\/\/bactohouse.eu\/lv\/#\/schema\/logo\/image\/"}}]}},"jetpack_sharing_enabled":true,"_links":{"self":[{"href":"https:\/\/bactohouse.eu\/lv\/wp-json\/wp\/v2\/product\/6175","targetHints":{"allow":["GET"]}}],"collection":[{"href":"https:\/\/bactohouse.eu\/lv\/wp-json\/wp\/v2\/product"}],"about":[{"href":"https:\/\/bactohouse.eu\/lv\/wp-json\/wp\/v2\/types\/product"}],"replies":[{"embeddable":true,"href":"https:\/\/bactohouse.eu\/lv\/wp-json\/wp\/v2\/comments?post=6175"}],"wp:featuredmedia":[{"embeddable":true,"href":"https:\/\/bactohouse.eu\/lv\/wp-json\/wp\/v2\/media\/6179"}],"wp:attachment":[{"href":"https:\/\/bactohouse.eu\/lv\/wp-json\/wp\/v2\/media?parent=6175"}],"wp:term":[{"taxonomy":"product_cat","embeddable":true,"href":"https:\/\/bactohouse.eu\/lv\/wp-json\/wp\/v2\/product_cat?post=6175"},{"taxonomy":"product_tag","embeddable":true,"href":"https:\/\/bactohouse.eu\/lv\/wp-json\/wp\/v2\/product_tag?post=6175"}],"curies":[{"name":"wp","href":"https:\/\/api.w.org\/{rel}","templated":true}]}}