{"id":5998,"date":"2024-12-10T16:10:37","date_gmt":"2024-12-10T14:10:37","guid":{"rendered":"https:\/\/bactohouse.eu\/konfidencialitates-politika\/"},"modified":"2025-02-17T15:19:10","modified_gmt":"2025-02-17T13:19:10","slug":"konfidencialitates-politika","status":"publish","type":"page","link":"https:\/\/bactohouse.eu\/lv\/konfidencialitates-politika\/","title":{"rendered":"Konfidencialit\u0101tes politika"},"content":{"rendered":"\t\t<div data-elementor-type=\"wp-page\" data-elementor-id=\"5998\" class=\"elementor elementor-5998 elementor-5870\" data-elementor-post-type=\"page\">\n\t\t\t\t<div class=\"elementor-element elementor-element-e44036f e-flex e-con-boxed e-con e-parent\" data-id=\"e44036f\" data-element_type=\"container\" data-e-type=\"container\">\n\t\t\t\t\t<div class=\"e-con-inner\">\n\t\t\t\t<div class=\"elementor-element elementor-element-2480d0a elementor-widget__width-initial elementor-widget elementor-widget-heading\" data-id=\"2480d0a\" data-element_type=\"widget\" data-e-type=\"widget\" data-widget_type=\"heading.default\">\n\t\t\t\t<div class=\"elementor-widget-container\">\n\t\t\t\t\t<h2 class=\"elementor-heading-title elementor-size-default\"><div>\n    <h3>Personas datu apstr\u0101de<\/h3>\n<br>    <h4>1. Datu apstr\u0101des darb\u012bbas joma<\/h4>\n    <p>\u0160aj\u0101 sada\u013c\u0101 izkl\u0101st\u012btie noteikumi attiecas uz personas datiem, ko Pirc\u0113js un\/vai t\u0101 p\u0101rst\u0101vji iesniedz, izmantojot <strong>bactohouse.eu<\/strong> t\u012bmek\u013ca vietni, veicot pre\u010du pas\u016bt\u012b\u0161anu (pirkumu un nosl\u0113dzot pirkuma l\u012bgumu) veikal\u0101.<\/p>\n\n    <h4>2. Datu v\u0101k\u0161ana un m\u0113r\u0137is<\/h4>\n    <p>Kad Pirc\u0113js re\u0123istr\u0113jas <strong>bactohouse.eu<\/strong>, vi\u0146am ir j\u0101nor\u0101da personas dati (v\u0101rds, uzv\u0101rds, e-pasta adrese, t\u0101lru\u0146a numurs, pieg\u0101des adrese un pas\u016bt\u012bjuma inform\u0101cija). \u0160ie dati ir nepiecie\u0161ami e-komercijas vajadz\u012bb\u0101m, jo \u012bpa\u0161i izv\u0113l\u0113to pre\u010du pas\u016bt\u012b\u0161anai un pieg\u0101dei. Pirc\u0113js atz\u012bst, ka \u0161o datu snieg\u0161ana ir nepiecie\u0161ama, lai nosl\u0113gtu un izpild\u012btu pirkuma-p\u0101rdo\u0161anas l\u012bgumu. Bez \u0161\u012bs inform\u0101cijas Pirc\u0113js nevar\u0113s veikt pas\u016bt\u012bjumus.   <\/p>\n\n    <h4>3. Lieto\u0161ana un juridiskais pamats<\/h4>\n    <p>P\u0101rdev\u0113js apstiprina, ka sniegtie personas dati tiks izmantoti tikai e-komercijas vajadz\u012bb\u0101m, tostarp <strong>bactohouse.eu<\/strong> e-veikal\u0101 izv\u0113l\u0113to pre\u010du pas\u016bt\u012b\u0161anai un pieg\u0101dei. \u0160o datu apstr\u0101des juridiskais pamats ir: <\/p>\n    <ul>\n        <li><strong>Regulas 6. panta 1. punkta b) apak\u0161punktu<\/strong>, kur\u0101 noteikts, ka apstr\u0101de ir nepiecie\u0161ama, lai izpild\u012btu l\u012bgumu, kur\u0101 datu subjekts ir l\u012bgumsl\u0113dz\u0113ja puse.<\/li>\n        <li><strong>Regulas 6. panta 1. punkta c) apak\u0161punkts<\/strong>, kur\u0101 noteikts, ka apstr\u0101de ir nepiecie\u0161ama, lai izpild\u012btu juridisku pien\u0101kumu, kas uz P\u0101rdev\u0113ju attiecas, piem\u0113ram, lai uztur\u0113tu gr\u0101matved\u012bbas uzskaiti.<\/li>\n    <\/ul>\n    <p>Pirc\u0113ja dati tiks apstr\u0101d\u0101ti uz pirk\u0161anas-p\u0101rdo\u0161anas l\u012bguma darb\u012bbas laiku un glab\u0101ti <strong>10 gadus<\/strong> p\u0113c l\u012bguma nosl\u0113g\u0161anas.<\/p>\n\n    <h4>4. Sazi\u0146a<\/h4>\n    <p>Pirc\u0113js saprot, ka p\u0113c pas\u016bt\u012bjuma veik\u0161anas uz nor\u0101d\u012bto kontaktinform\u0101ciju (e-pastu un\/vai t\u0101lruni) tiks nos\u016bt\u012bti informat\u012bvie zi\u0146ojumi, kas nepiecie\u0161ami pas\u016bt\u012bjuma izpildei un\/vai pre\u010du pieg\u0101dei.<\/p>\n\n    <h4>5. Datu kop\u012bgo\u0161ana ar tre\u0161\u0101m person\u0101m<\/h4>\n    <p>Pirc\u0113js apzin\u0101s, ka personas dati, kas tiek sniegti <strong>bactohouse.eu<\/strong> pas\u016bt\u012b\u0161anas proces\u0101, var tikt nodoti tre\u0161o pu\u0161u paku pieg\u0101des pakalpojumu sniedz\u0113jiem (piem\u0113ram, UAB \"Omniva LT\", AB \"Lietuvos pa\u0161tas\").<\/p>\n    <p>Pirc\u0113js apzin\u0101s, ka, lai nodro\u0161in\u0101tu pareizu identifik\u0101ciju un dro\u0161u pre\u010du pieg\u0101di, P\u0101rdev\u0113js un\/vai tre\u0161\u0101s puses pieg\u0101des dienests var piepras\u012bt personu apliecino\u0161u dokumentu (piem\u0113ram, pasi, personas apliec\u012bbu vai jauna parauga autovad\u012bt\u0101ja apliec\u012bbu) pre\u010du sa\u0146em\u0161anas br\u012bd\u012b. Pirc\u0113js un t\u0101 p\u0101rst\u0101vji atz\u012bst, ka \u0161\u012b procesa laik\u0101 P\u0101rdev\u0113js un\/vai tre\u0161\u0101s puses pieg\u0101des dienests var kop\u0113t personas identifik\u0101cijas datus (piem\u0113ram, dokumenta numuru) un apstr\u0101d\u0101t \u0161os datus, lai apstiprin\u0101tu pareizu pas\u016bt\u012bjuma pieg\u0101di. <\/p>\n\n    <h4>6. Datu p\u0101rs\u016bt\u012b\u0161ana datu apstr\u0101d\u0101t\u0101jiem<\/h4>\n    <p>Pirc\u0113js tiek inform\u0113ts, ka vi\u0146a personas dati var tikt nodoti tre\u0161aj\u0101m person\u0101m (datu apstr\u0101d\u0101t\u0101jiem), kas pal\u012bdz p\u0101rvald\u012bt T\u012bmek\u013ca vietni un uzglab\u0101t datus. \u0160ie datu apstr\u0101d\u0101t\u0101ji var b\u016bt: <\/p>\n    <ul>\n        <li>Datu b\u0101zu programmat\u016bras nodro\u0161in\u0101t\u0101ji<\/li>\n        <li>Datu b\u0101zu administr\u0113\u0161anas pakalpojumu sniedz\u0113ji<\/li>\n        <li>M\u0101ko\u0146pakalpojumu sniedz\u0113ji<\/li>\n    <\/ul>\n    <p>Turkl\u0101t personas dati var tikt nodoti kompetent\u0101m valsts un\/vai ties\u012bbaizsardz\u012bbas iest\u0101d\u0113m (piem\u0113ram, ties\u0101m, policijai, uzraudz\u012bbas iest\u0101d\u0113m), juridisko un\/vai par\u0101du piedzi\u0146as pakalpojumu sniedz\u0113jiem un pre\u010du ra\u017eot\u0101jiem (garantijas pakalpojumu gad\u012bjum\u0101), bet tikai tad, ja to pieprasa piem\u0113rojamie ties\u012bbu akti un saska\u0146\u0101 ar juridiskaj\u0101m proced\u016br\u0101m vai lai aizsarg\u0101tu P\u0101rdev\u0113ja ties\u012bbas, darbinieku dro\u0161\u012bbu un resursus, k\u0101 ar\u012b lai iesniegtu, iesniegtu vai aizst\u0101v\u0113tu juridiskas pras\u012bbas.<\/p>\n\n    <h4>7. Datu dro\u0161\u012bbas pas\u0101kumi<\/h4>\n    <p>P\u0101rdev\u0113js piem\u0113ro atbilsto\u0161us tehniskus un organizatoriskus dro\u0161\u012bbas pas\u0101kumus, lai nodro\u0161in\u0101tu visu apstr\u0101d\u0101to personas datu aizsardz\u012bbu pret nejau\u0161u vai nelikum\u012bgu izn\u012bcin\u0101\u0161anu, nozaud\u0113\u0161anu, izmain\u012b\u0161anu, neat\u013cautu izpau\u0161anu vai piek\u013cuvi, k\u0101 ar\u012b pret cita veida nelikum\u012bgu apstr\u0101di.<\/p>\n\n    <h4>8. Pirc\u0113ja datu subjekta ties\u012bbas<\/h4>\n    <p>Pirc\u0113js (ja tas ir fiziska persona) un\/vai t\u0101 p\u0101rst\u0101vji tiek inform\u0113ti par sav\u0101m datu subjekta ties\u012bb\u0101m, kas ietver:<\/p>\n    <ul>\n        <li><strong>8.1.<\/strong>  Piepras\u012bt piek\u013cuvi saviem personas datiem un sa\u0146emt to kopiju.<\/li>\n        <li><strong>8.2.<\/strong>  Neprec\u012bzu vai nepiln\u012bgu personas datu labo\u0161anas vai ierobe\u017eo\u0161anas piepras\u012b\u0161ana.<\/li>\n        <li><strong>8.3.<\/strong>  piepras\u012bt nevajadz\u012bgu vai nelikum\u012bgi apstr\u0101d\u0101tu personas datu dz\u0113\u0161anu vai ierobe\u017eo\u0161anu.<\/li>\n        <li><strong>8.4.<\/strong>  iebilst pret savu personas datu apstr\u0101di.<\/li>\n        <li><strong>8.5.<\/strong>  piepras\u012bt savu personas datu p\u0101rs\u016bt\u012b\u0161anu struktur\u0113t\u0101, datorlas\u0101m\u0101 form\u0101t\u0101 (\"ties\u012bbas uz datu p\u0101rnesam\u012bbu\").<\/li>\n        <li><strong>8.6.<\/strong>  piekri\u0161anas atsauk\u0161ana jebkur\u0101 laik\u0101, ja datu apstr\u0101de pamatojas uz datu subjekta piekri\u0161anu (regulas 6. panta 1. punkta a) apak\u0161punkts). Piekri\u0161anas atsauk\u0161ana neietekm\u0113 datu apstr\u0101des likum\u012bbu pirms atsauk\u0161anas. <\/li>\n        <li><strong>8.7.<\/strong> S\u016bdz\u012bbas iesnieg\u0161ana Valsts datu aizsardz\u012bbas inspekcijai<a href=\"mailto:ada@ada.lt\">(ada@ada.lt<\/a>).<\/li>\n    <\/ul>\n\n    <h4>9. Datu subjekta ties\u012bbu \u012bsteno\u0161ana<\/h4>\n    <p>Pirc\u0113js, pien\u0101c\u012bgi identific\u0113joties, var izmantot savas ties\u012bbas, sazinoties ar P\u0101rdev\u0113ju pa e-pastu <a href=\"mailto:info@bactohouse.eu\">info@bactohouse.eu<\/a> vai ierakst\u012bt\u0101 v\u0113stul\u0113 <strong>Kretingal\u0117s iel\u0101 3, Kalot\u0117, LT-92284 Klaip\u0113das rajons.<\/strong><\/p>\n\n    <h4>10. Atbildes uz datu subjektu piepras\u012bjumiem<\/h4>\n    <p>Sa\u0146emot piepras\u012bjumu par datu subjekta ties\u012bb\u0101m, P\u0101rdev\u0113js atbild\u0113s nekav\u0113joties, bet ne v\u0113l\u0101k k\u0101 <strong>viena (1) m\u0113ne\u0161a<\/strong> laik\u0101 no piepras\u012bjuma sa\u0146em\u0161anas dienas. Ja nepiecie\u0161ams, \u0146emot v\u0113r\u0101 piepras\u012bjumu sare\u017e\u0123\u012bt\u012bbu un skaitu, \u0161o termi\u0146u var pagarin\u0101t v\u0113l par vienu m\u0113nesi, Pirc\u0113ju inform\u0113jot par pagarin\u0101jumu un t\u0101 iemesliem pirm\u0101 m\u0113ne\u0161a laik\u0101. <\/p>\n    <p>Inform\u0101cija tiks sniegta bez maksas. Tom\u0113r, ja piepras\u012bjumi ir ac\u012bmredzami nepamatoti vai nesam\u0113r\u012bgi, jo \u012bpa\u0161i to atk\u0101rto\u0161an\u0101s d\u0113\u013c, P\u0101rdev\u0113js var iekas\u0113t sapr\u0101t\u012bgu maksu, \u0146emot v\u0113r\u0101 administrat\u012bv\u0101s izmaksas, vai ar\u012b atteikties izpild\u012bt piepras\u012bjumu. <\/p>\n<\/div>\n\n<\/h2>\t\t\t\t<\/div>\n\t\t\t\t<\/div>\n\t\t\t\t\t<\/div>\n\t\t\t\t<\/div>\n\t\t\t\t<\/div>\n\t\t","protected":false},"excerpt":{"rendered":"<p>Personas datu apstr\u0101de 1. Datu apstr\u0101des darb\u012bbas joma \u0160aj\u0101 sada\u013c\u0101 izkl\u0101st\u012btie noteikumi attiecas uz personas datiem, ko Pirc\u0113js&hellip;<\/p>\n","protected":false},"author":1,"featured_media":0,"parent":0,"menu_order":0,"comment_status":"closed","ping_status":"closed","template":"elementor_header_footer","meta":{"footnotes":""},"class_list":["post-5998","page","type-page","status-publish","hentry"],"yoast_head":"<!-- This site is optimized with the Yoast SEO plugin v27.3 - https:\/\/yoast.com\/product\/yoast-seo-wordpress\/ -->\n<title>Konfidencialit\u0101tes politika - Bactohouse<\/title>\n<meta name=\"description\" content=\"Izlasiet Bactohouse konfidencialit\u0101tes politiku, lai uzzin\u0101tu, k\u0101 m\u0113s v\u0101cam, izmantojam un aizsarg\u0101jam j\u016bsu datus. J\u016bsu priv\u0101tums ir svar\u012bgs - iepaz\u012bstieties ar m\u016bsu politik\u0101m un ties\u012bb\u0101m \u0161eit.\" \/>\n<meta name=\"robots\" content=\"index, follow, max-snippet:-1, max-image-preview:large, max-video-preview:-1\" \/>\n<link rel=\"canonical\" href=\"https:\/\/bactohouse.eu\/lv\/konfidencialitates-politika\/\" \/>\n<meta property=\"og:locale\" content=\"lv_LV\" \/>\n<meta property=\"og:type\" content=\"article\" \/>\n<meta property=\"og:title\" content=\"Konfidencialit\u0101tes politika - Bactohouse\" \/>\n<meta property=\"og:description\" content=\"Izlasiet Bactohouse konfidencialit\u0101tes politiku, lai uzzin\u0101tu, k\u0101 m\u0113s v\u0101cam, izmantojam un aizsarg\u0101jam j\u016bsu datus. J\u016bsu priv\u0101tums ir svar\u012bgs - iepaz\u012bstieties ar m\u016bsu politik\u0101m un ties\u012bb\u0101m \u0161eit.\" \/>\n<meta property=\"og:url\" content=\"https:\/\/bactohouse.eu\/lv\/konfidencialitates-politika\/\" \/>\n<meta property=\"og:site_name\" content=\"Bactohouse\" \/>\n<meta property=\"article:modified_time\" content=\"2025-02-17T13:19:10+00:00\" \/>\n<meta property=\"og:image\" content=\"https:\/\/bactohouse.eu\/wp-content\/uploads\/2025\/01\/Bactohouse_logo.webp\" \/>\n\t<meta property=\"og:image:width\" content=\"628\" \/>\n\t<meta property=\"og:image:height\" content=\"195\" \/>\n\t<meta property=\"og:image:type\" content=\"image\/webp\" \/>\n<meta name=\"twitter:card\" content=\"summary_large_image\" \/>\n<meta name=\"twitter:label1\" content=\"Est. reading time\" \/>\n\t<meta name=\"twitter:data1\" content=\"5 minutes\" \/>\n<script type=\"application\/ld+json\" class=\"yoast-schema-graph\">{\"@context\":\"https:\\\/\\\/schema.org\",\"@graph\":[{\"@type\":\"WebPage\",\"@id\":\"https:\\\/\\\/bactohouse.eu\\\/lv\\\/konfidencialitates-politika\\\/\",\"url\":\"https:\\\/\\\/bactohouse.eu\\\/lv\\\/konfidencialitates-politika\\\/\",\"name\":\"Konfidencialit\u0101tes politika - Bactohouse\",\"isPartOf\":{\"@id\":\"https:\\\/\\\/bactohouse.eu\\\/lv\\\/#website\"},\"datePublished\":\"2024-12-10T14:10:37+00:00\",\"dateModified\":\"2025-02-17T13:19:10+00:00\",\"description\":\"Izlasiet Bactohouse konfidencialit\u0101tes politiku, lai uzzin\u0101tu, k\u0101 m\u0113s v\u0101cam, izmantojam un aizsarg\u0101jam j\u016bsu datus. J\u016bsu priv\u0101tums ir svar\u012bgs - iepaz\u012bstieties ar m\u016bsu politik\u0101m un ties\u012bb\u0101m \u0161eit.\",\"breadcrumb\":{\"@id\":\"https:\\\/\\\/bactohouse.eu\\\/lv\\\/konfidencialitates-politika\\\/#breadcrumb\"},\"inLanguage\":\"lv-LV\",\"potentialAction\":[{\"@type\":\"ReadAction\",\"target\":[\"https:\\\/\\\/bactohouse.eu\\\/lv\\\/konfidencialitates-politika\\\/\"]}]},{\"@type\":\"BreadcrumbList\",\"@id\":\"https:\\\/\\\/bactohouse.eu\\\/lv\\\/konfidencialitates-politika\\\/#breadcrumb\",\"itemListElement\":[{\"@type\":\"ListItem\",\"position\":1,\"name\":\"Home\",\"item\":\"https:\\\/\\\/bactohouse.eu\\\/lv\\\/\"},{\"@type\":\"ListItem\",\"position\":2,\"name\":\"Konfidencialit\u0101tes politika\"}]},{\"@type\":\"WebSite\",\"@id\":\"https:\\\/\\\/bactohouse.eu\\\/lv\\\/#website\",\"url\":\"https:\\\/\\\/bactohouse.eu\\\/lv\\\/\",\"name\":\"Bactohouse\",\"description\":\"Good Bacteria in Liquid Form\",\"publisher\":{\"@id\":\"https:\\\/\\\/bactohouse.eu\\\/lv\\\/#organization\"},\"potentialAction\":[{\"@type\":\"SearchAction\",\"target\":{\"@type\":\"EntryPoint\",\"urlTemplate\":\"https:\\\/\\\/bactohouse.eu\\\/lv\\\/?s={search_term_string}\"},\"query-input\":{\"@type\":\"PropertyValueSpecification\",\"valueRequired\":true,\"valueName\":\"search_term_string\"}}],\"inLanguage\":\"lv-LV\"},{\"@type\":\"Organization\",\"@id\":\"https:\\\/\\\/bactohouse.eu\\\/lv\\\/#organization\",\"name\":\"Bactohouse\",\"url\":\"https:\\\/\\\/bactohouse.eu\\\/lv\\\/\",\"logo\":{\"@type\":\"ImageObject\",\"inLanguage\":\"lv-LV\",\"@id\":\"https:\\\/\\\/bactohouse.eu\\\/lv\\\/#\\\/schema\\\/logo\\\/image\\\/\",\"url\":\"https:\\\/\\\/bactohouse.eu\\\/wp-content\\\/uploads\\\/2025\\\/01\\\/Bactohouse_logo.webp\",\"contentUrl\":\"https:\\\/\\\/bactohouse.eu\\\/wp-content\\\/uploads\\\/2025\\\/01\\\/Bactohouse_logo.webp\",\"width\":628,\"height\":195,\"caption\":\"Bactohouse\"},\"image\":{\"@id\":\"https:\\\/\\\/bactohouse.eu\\\/lv\\\/#\\\/schema\\\/logo\\\/image\\\/\"}}]}<\/script>\n<!-- \/ Yoast SEO plugin. -->","yoast_head_json":{"title":"Konfidencialit\u0101tes politika - Bactohouse","description":"Izlasiet Bactohouse konfidencialit\u0101tes politiku, lai uzzin\u0101tu, k\u0101 m\u0113s v\u0101cam, izmantojam un aizsarg\u0101jam j\u016bsu datus. J\u016bsu priv\u0101tums ir svar\u012bgs - iepaz\u012bstieties ar m\u016bsu politik\u0101m un ties\u012bb\u0101m \u0161eit.","robots":{"index":"index","follow":"follow","max-snippet":"max-snippet:-1","max-image-preview":"max-image-preview:large","max-video-preview":"max-video-preview:-1"},"canonical":"https:\/\/bactohouse.eu\/lv\/konfidencialitates-politika\/","og_locale":"lv_LV","og_type":"article","og_title":"Konfidencialit\u0101tes politika - Bactohouse","og_description":"Izlasiet Bactohouse konfidencialit\u0101tes politiku, lai uzzin\u0101tu, k\u0101 m\u0113s v\u0101cam, izmantojam un aizsarg\u0101jam j\u016bsu datus. J\u016bsu priv\u0101tums ir svar\u012bgs - iepaz\u012bstieties ar m\u016bsu politik\u0101m un ties\u012bb\u0101m \u0161eit.","og_url":"https:\/\/bactohouse.eu\/lv\/konfidencialitates-politika\/","og_site_name":"Bactohouse","article_modified_time":"2025-02-17T13:19:10+00:00","og_image":[{"width":628,"height":195,"url":"https:\/\/bactohouse.eu\/wp-content\/uploads\/2025\/01\/Bactohouse_logo.webp","type":"image\/webp"}],"twitter_card":"summary_large_image","twitter_misc":{"Est. reading time":"5 minutes"},"schema":{"@context":"https:\/\/schema.org","@graph":[{"@type":"WebPage","@id":"https:\/\/bactohouse.eu\/lv\/konfidencialitates-politika\/","url":"https:\/\/bactohouse.eu\/lv\/konfidencialitates-politika\/","name":"Konfidencialit\u0101tes politika - Bactohouse","isPartOf":{"@id":"https:\/\/bactohouse.eu\/lv\/#website"},"datePublished":"2024-12-10T14:10:37+00:00","dateModified":"2025-02-17T13:19:10+00:00","description":"Izlasiet Bactohouse konfidencialit\u0101tes politiku, lai uzzin\u0101tu, k\u0101 m\u0113s v\u0101cam, izmantojam un aizsarg\u0101jam j\u016bsu datus. J\u016bsu priv\u0101tums ir svar\u012bgs - iepaz\u012bstieties ar m\u016bsu politik\u0101m un ties\u012bb\u0101m \u0161eit.","breadcrumb":{"@id":"https:\/\/bactohouse.eu\/lv\/konfidencialitates-politika\/#breadcrumb"},"inLanguage":"lv-LV","potentialAction":[{"@type":"ReadAction","target":["https:\/\/bactohouse.eu\/lv\/konfidencialitates-politika\/"]}]},{"@type":"BreadcrumbList","@id":"https:\/\/bactohouse.eu\/lv\/konfidencialitates-politika\/#breadcrumb","itemListElement":[{"@type":"ListItem","position":1,"name":"Home","item":"https:\/\/bactohouse.eu\/lv\/"},{"@type":"ListItem","position":2,"name":"Konfidencialit\u0101tes politika"}]},{"@type":"WebSite","@id":"https:\/\/bactohouse.eu\/lv\/#website","url":"https:\/\/bactohouse.eu\/lv\/","name":"Bactohouse","description":"Good Bacteria in Liquid Form","publisher":{"@id":"https:\/\/bactohouse.eu\/lv\/#organization"},"potentialAction":[{"@type":"SearchAction","target":{"@type":"EntryPoint","urlTemplate":"https:\/\/bactohouse.eu\/lv\/?s={search_term_string}"},"query-input":{"@type":"PropertyValueSpecification","valueRequired":true,"valueName":"search_term_string"}}],"inLanguage":"lv-LV"},{"@type":"Organization","@id":"https:\/\/bactohouse.eu\/lv\/#organization","name":"Bactohouse","url":"https:\/\/bactohouse.eu\/lv\/","logo":{"@type":"ImageObject","inLanguage":"lv-LV","@id":"https:\/\/bactohouse.eu\/lv\/#\/schema\/logo\/image\/","url":"https:\/\/bactohouse.eu\/wp-content\/uploads\/2025\/01\/Bactohouse_logo.webp","contentUrl":"https:\/\/bactohouse.eu\/wp-content\/uploads\/2025\/01\/Bactohouse_logo.webp","width":628,"height":195,"caption":"Bactohouse"},"image":{"@id":"https:\/\/bactohouse.eu\/lv\/#\/schema\/logo\/image\/"}}]}},"jetpack_sharing_enabled":true,"_links":{"self":[{"href":"https:\/\/bactohouse.eu\/lv\/wp-json\/wp\/v2\/pages\/5998","targetHints":{"allow":["GET"]}}],"collection":[{"href":"https:\/\/bactohouse.eu\/lv\/wp-json\/wp\/v2\/pages"}],"about":[{"href":"https:\/\/bactohouse.eu\/lv\/wp-json\/wp\/v2\/types\/page"}],"author":[{"embeddable":true,"href":"https:\/\/bactohouse.eu\/lv\/wp-json\/wp\/v2\/users\/1"}],"replies":[{"embeddable":true,"href":"https:\/\/bactohouse.eu\/lv\/wp-json\/wp\/v2\/comments?post=5998"}],"version-history":[{"count":1,"href":"https:\/\/bactohouse.eu\/lv\/wp-json\/wp\/v2\/pages\/5998\/revisions"}],"predecessor-version":[{"id":6000,"href":"https:\/\/bactohouse.eu\/lv\/wp-json\/wp\/v2\/pages\/5998\/revisions\/6000"}],"wp:attachment":[{"href":"https:\/\/bactohouse.eu\/lv\/wp-json\/wp\/v2\/media?parent=5998"}],"curies":[{"name":"wp","href":"https:\/\/api.w.org\/{rel}","templated":true}]}}