{"id":5994,"date":"2024-12-10T16:10:31","date_gmt":"2024-12-10T14:10:31","guid":{"rendered":"https:\/\/bactohouse.eu\/precu-atgriesanas-politika\/"},"modified":"2025-02-17T15:19:10","modified_gmt":"2025-02-17T13:19:10","slug":"precu-atgriesanas-politika","status":"publish","type":"page","link":"https:\/\/bactohouse.eu\/lv\/precu-atgriesanas-politika\/","title":{"rendered":"Pre\u010du atgrie\u0161anas politika"},"content":{"rendered":"\t\t<div data-elementor-type=\"wp-page\" data-elementor-id=\"5994\" class=\"elementor elementor-5994 elementor-5871\" data-elementor-post-type=\"page\">\n\t\t\t\t<div class=\"elementor-element elementor-element-0836354 e-flex e-con-boxed e-con e-parent\" data-id=\"0836354\" data-element_type=\"container\" data-e-type=\"container\">\n\t\t\t\t\t<div class=\"e-con-inner\">\n\t\t\t\t<div class=\"elementor-element elementor-element-eab101f elementor-widget__width-initial elementor-widget elementor-widget-heading\" data-id=\"eab101f\" data-element_type=\"widget\" data-e-type=\"widget\" data-widget_type=\"heading.default\">\n\t\t\t\t<div class=\"elementor-widget-container\">\n\t\t\t\t\t<h2 class=\"elementor-heading-title elementor-size-default\"><div>\n    <h3>Neatgriezeniski s\u016bt\u012bjumi<\/h3>\n    <p>T\u0101 k\u0101 raudz\u0113tie dz\u0113rieni \u0101tri boj\u0101jas un boj\u0101to iepakojumu nav iesp\u0113jams atk\u0101rtoti iepakot vai p\u0101rdot k\u0101 kvalitat\u012bvu preci, pieg\u0101d\u0101t\u0101s kvalitat\u012bv\u0101s preces nevar atdot atpaka\u013c.<\/p>\n\n    <h3>Pas\u016bt\u012bjuma atteikums<\/h3>\n    <p>Ja v\u0113laties atteikties no pas\u016bt\u012bjuma, nekav\u0113joties sazinieties ar mums 24 stundu laik\u0101 p\u0113c pirkuma veik\u0161anas - pirms pas\u016bt\u012bjuma nos\u016bt\u012b\u0161anas. Pazi\u0146ojums steidzami j\u0101nos\u016bta P\u0101rdev\u0113jam, izmantojot t\u0101l\u0101k nor\u0101d\u012bto kontaktinform\u0101ciju.<\/p>\n\n    <h3>Kvalit\u0101tes jaut\u0101jumi<\/h3>\n    <p>Ja rodas jaut\u0101jumi par pre\u010du kvalit\u0101ti vai pas\u016bt\u012bjuma neatbilst\u012bb\u0101m, l\u016bdzu, nekav\u0113joties sazinieties ar mums pa t\u0101lruni <a href=\"tel:+37061555815\">+370-615-55815<\/a> vai rakstiet mums uz <a href=\"mailto:info@bactohouse.eu\">info@bactohouse.eu<\/a>.<\/p>\n<\/div>\n<\/h2>\t\t\t\t<\/div>\n\t\t\t\t<\/div>\n\t\t\t\t\t<\/div>\n\t\t\t\t<\/div>\n\t\t\t\t<\/div>\n\t\t","protected":false},"excerpt":{"rendered":"<p>Neatgriezeniski s\u016bt\u012bjumi T\u0101 k\u0101 raudz\u0113tie dz\u0113rieni \u0101tri boj\u0101jas un boj\u0101to iepakojumu nav iesp\u0113jams atk\u0101rtoti iepakot vai p\u0101rdot k\u0101&hellip;<\/p>\n","protected":false},"author":1,"featured_media":0,"parent":0,"menu_order":0,"comment_status":"closed","ping_status":"closed","template":"elementor_header_footer","meta":{"footnotes":""},"class_list":["post-5994","page","type-page","status-publish","hentry"],"yoast_head":"<!-- This site is optimized with the Yoast SEO plugin v27.3 - https:\/\/yoast.com\/product\/yoast-seo-wordpress\/ -->\n<title>Pre\u010du atgrie\u0161anas politika - Bactohouse<\/title>\n<meta name=\"description\" content=\"Uzziniet vair\u0101k par Bactohouse atgrie\u0161anas noteikumiem. Viegla atgrie\u0161ana, skaidras vadl\u012bnijas un klientiem draudz\u012bga apkalpo\u0161ana! Uzziniet vair\u0101k \u0161eit.\" \/>\n<meta name=\"robots\" content=\"index, follow, max-snippet:-1, max-image-preview:large, max-video-preview:-1\" \/>\n<link rel=\"canonical\" href=\"https:\/\/bactohouse.eu\/lv\/precu-atgriesanas-politika\/\" \/>\n<meta property=\"og:locale\" content=\"lv_LV\" \/>\n<meta property=\"og:type\" content=\"article\" \/>\n<meta property=\"og:title\" content=\"Pre\u010du atgrie\u0161anas politika - Bactohouse\" \/>\n<meta property=\"og:description\" content=\"Uzziniet vair\u0101k par Bactohouse atgrie\u0161anas noteikumiem. Viegla atgrie\u0161ana, skaidras vadl\u012bnijas un klientiem draudz\u012bga apkalpo\u0161ana! Uzziniet vair\u0101k \u0161eit.\" \/>\n<meta property=\"og:url\" content=\"https:\/\/bactohouse.eu\/lv\/precu-atgriesanas-politika\/\" \/>\n<meta property=\"og:site_name\" content=\"Bactohouse\" \/>\n<meta property=\"article:modified_time\" content=\"2025-02-17T13:19:10+00:00\" \/>\n<meta property=\"og:image\" content=\"https:\/\/bactohouse.eu\/wp-content\/uploads\/2025\/01\/Bactohouse_logo.webp\" \/>\n\t<meta property=\"og:image:width\" content=\"628\" \/>\n\t<meta property=\"og:image:height\" content=\"195\" \/>\n\t<meta property=\"og:image:type\" content=\"image\/webp\" \/>\n<meta name=\"twitter:card\" content=\"summary_large_image\" \/>\n<meta name=\"twitter:label1\" content=\"Est. reading time\" \/>\n\t<meta name=\"twitter:data1\" content=\"1 minute\" \/>\n<script type=\"application\/ld+json\" class=\"yoast-schema-graph\">{\"@context\":\"https:\\\/\\\/schema.org\",\"@graph\":[{\"@type\":\"WebPage\",\"@id\":\"https:\\\/\\\/bactohouse.eu\\\/lv\\\/precu-atgriesanas-politika\\\/\",\"url\":\"https:\\\/\\\/bactohouse.eu\\\/lv\\\/precu-atgriesanas-politika\\\/\",\"name\":\"Pre\u010du atgrie\u0161anas politika - Bactohouse\",\"isPartOf\":{\"@id\":\"https:\\\/\\\/bactohouse.eu\\\/lv\\\/#website\"},\"datePublished\":\"2024-12-10T14:10:31+00:00\",\"dateModified\":\"2025-02-17T13:19:10+00:00\",\"description\":\"Uzziniet vair\u0101k par Bactohouse atgrie\u0161anas noteikumiem. Viegla atgrie\u0161ana, skaidras vadl\u012bnijas un klientiem draudz\u012bga apkalpo\u0161ana! Uzziniet vair\u0101k \u0161eit.\",\"breadcrumb\":{\"@id\":\"https:\\\/\\\/bactohouse.eu\\\/lv\\\/precu-atgriesanas-politika\\\/#breadcrumb\"},\"inLanguage\":\"lv-LV\",\"potentialAction\":[{\"@type\":\"ReadAction\",\"target\":[\"https:\\\/\\\/bactohouse.eu\\\/lv\\\/precu-atgriesanas-politika\\\/\"]}]},{\"@type\":\"BreadcrumbList\",\"@id\":\"https:\\\/\\\/bactohouse.eu\\\/lv\\\/precu-atgriesanas-politika\\\/#breadcrumb\",\"itemListElement\":[{\"@type\":\"ListItem\",\"position\":1,\"name\":\"Home\",\"item\":\"https:\\\/\\\/bactohouse.eu\\\/lv\\\/\"},{\"@type\":\"ListItem\",\"position\":2,\"name\":\"Pre\u010du atgrie\u0161anas politika\"}]},{\"@type\":\"WebSite\",\"@id\":\"https:\\\/\\\/bactohouse.eu\\\/lv\\\/#website\",\"url\":\"https:\\\/\\\/bactohouse.eu\\\/lv\\\/\",\"name\":\"Bactohouse\",\"description\":\"Good Bacteria in Liquid Form\",\"publisher\":{\"@id\":\"https:\\\/\\\/bactohouse.eu\\\/lv\\\/#organization\"},\"potentialAction\":[{\"@type\":\"SearchAction\",\"target\":{\"@type\":\"EntryPoint\",\"urlTemplate\":\"https:\\\/\\\/bactohouse.eu\\\/lv\\\/?s={search_term_string}\"},\"query-input\":{\"@type\":\"PropertyValueSpecification\",\"valueRequired\":true,\"valueName\":\"search_term_string\"}}],\"inLanguage\":\"lv-LV\"},{\"@type\":\"Organization\",\"@id\":\"https:\\\/\\\/bactohouse.eu\\\/lv\\\/#organization\",\"name\":\"Bactohouse\",\"url\":\"https:\\\/\\\/bactohouse.eu\\\/lv\\\/\",\"logo\":{\"@type\":\"ImageObject\",\"inLanguage\":\"lv-LV\",\"@id\":\"https:\\\/\\\/bactohouse.eu\\\/lv\\\/#\\\/schema\\\/logo\\\/image\\\/\",\"url\":\"https:\\\/\\\/bactohouse.eu\\\/wp-content\\\/uploads\\\/2025\\\/01\\\/Bactohouse_logo.webp\",\"contentUrl\":\"https:\\\/\\\/bactohouse.eu\\\/wp-content\\\/uploads\\\/2025\\\/01\\\/Bactohouse_logo.webp\",\"width\":628,\"height\":195,\"caption\":\"Bactohouse\"},\"image\":{\"@id\":\"https:\\\/\\\/bactohouse.eu\\\/lv\\\/#\\\/schema\\\/logo\\\/image\\\/\"}}]}<\/script>\n<!-- \/ Yoast SEO plugin. -->","yoast_head_json":{"title":"Pre\u010du atgrie\u0161anas politika - Bactohouse","description":"Uzziniet vair\u0101k par Bactohouse atgrie\u0161anas noteikumiem. Viegla atgrie\u0161ana, skaidras vadl\u012bnijas un klientiem draudz\u012bga apkalpo\u0161ana! Uzziniet vair\u0101k \u0161eit.","robots":{"index":"index","follow":"follow","max-snippet":"max-snippet:-1","max-image-preview":"max-image-preview:large","max-video-preview":"max-video-preview:-1"},"canonical":"https:\/\/bactohouse.eu\/lv\/precu-atgriesanas-politika\/","og_locale":"lv_LV","og_type":"article","og_title":"Pre\u010du atgrie\u0161anas politika - Bactohouse","og_description":"Uzziniet vair\u0101k par Bactohouse atgrie\u0161anas noteikumiem. Viegla atgrie\u0161ana, skaidras vadl\u012bnijas un klientiem draudz\u012bga apkalpo\u0161ana! Uzziniet vair\u0101k \u0161eit.","og_url":"https:\/\/bactohouse.eu\/lv\/precu-atgriesanas-politika\/","og_site_name":"Bactohouse","article_modified_time":"2025-02-17T13:19:10+00:00","og_image":[{"width":628,"height":195,"url":"https:\/\/bactohouse.eu\/wp-content\/uploads\/2025\/01\/Bactohouse_logo.webp","type":"image\/webp"}],"twitter_card":"summary_large_image","twitter_misc":{"Est. reading time":"1 minute"},"schema":{"@context":"https:\/\/schema.org","@graph":[{"@type":"WebPage","@id":"https:\/\/bactohouse.eu\/lv\/precu-atgriesanas-politika\/","url":"https:\/\/bactohouse.eu\/lv\/precu-atgriesanas-politika\/","name":"Pre\u010du atgrie\u0161anas politika - Bactohouse","isPartOf":{"@id":"https:\/\/bactohouse.eu\/lv\/#website"},"datePublished":"2024-12-10T14:10:31+00:00","dateModified":"2025-02-17T13:19:10+00:00","description":"Uzziniet vair\u0101k par Bactohouse atgrie\u0161anas noteikumiem. Viegla atgrie\u0161ana, skaidras vadl\u012bnijas un klientiem draudz\u012bga apkalpo\u0161ana! Uzziniet vair\u0101k \u0161eit.","breadcrumb":{"@id":"https:\/\/bactohouse.eu\/lv\/precu-atgriesanas-politika\/#breadcrumb"},"inLanguage":"lv-LV","potentialAction":[{"@type":"ReadAction","target":["https:\/\/bactohouse.eu\/lv\/precu-atgriesanas-politika\/"]}]},{"@type":"BreadcrumbList","@id":"https:\/\/bactohouse.eu\/lv\/precu-atgriesanas-politika\/#breadcrumb","itemListElement":[{"@type":"ListItem","position":1,"name":"Home","item":"https:\/\/bactohouse.eu\/lv\/"},{"@type":"ListItem","position":2,"name":"Pre\u010du atgrie\u0161anas politika"}]},{"@type":"WebSite","@id":"https:\/\/bactohouse.eu\/lv\/#website","url":"https:\/\/bactohouse.eu\/lv\/","name":"Bactohouse","description":"Good Bacteria in Liquid Form","publisher":{"@id":"https:\/\/bactohouse.eu\/lv\/#organization"},"potentialAction":[{"@type":"SearchAction","target":{"@type":"EntryPoint","urlTemplate":"https:\/\/bactohouse.eu\/lv\/?s={search_term_string}"},"query-input":{"@type":"PropertyValueSpecification","valueRequired":true,"valueName":"search_term_string"}}],"inLanguage":"lv-LV"},{"@type":"Organization","@id":"https:\/\/bactohouse.eu\/lv\/#organization","name":"Bactohouse","url":"https:\/\/bactohouse.eu\/lv\/","logo":{"@type":"ImageObject","inLanguage":"lv-LV","@id":"https:\/\/bactohouse.eu\/lv\/#\/schema\/logo\/image\/","url":"https:\/\/bactohouse.eu\/wp-content\/uploads\/2025\/01\/Bactohouse_logo.webp","contentUrl":"https:\/\/bactohouse.eu\/wp-content\/uploads\/2025\/01\/Bactohouse_logo.webp","width":628,"height":195,"caption":"Bactohouse"},"image":{"@id":"https:\/\/bactohouse.eu\/lv\/#\/schema\/logo\/image\/"}}]}},"jetpack_sharing_enabled":true,"_links":{"self":[{"href":"https:\/\/bactohouse.eu\/lv\/wp-json\/wp\/v2\/pages\/5994","targetHints":{"allow":["GET"]}}],"collection":[{"href":"https:\/\/bactohouse.eu\/lv\/wp-json\/wp\/v2\/pages"}],"about":[{"href":"https:\/\/bactohouse.eu\/lv\/wp-json\/wp\/v2\/types\/page"}],"author":[{"embeddable":true,"href":"https:\/\/bactohouse.eu\/lv\/wp-json\/wp\/v2\/users\/1"}],"replies":[{"embeddable":true,"href":"https:\/\/bactohouse.eu\/lv\/wp-json\/wp\/v2\/comments?post=5994"}],"version-history":[{"count":1,"href":"https:\/\/bactohouse.eu\/lv\/wp-json\/wp\/v2\/pages\/5994\/revisions"}],"predecessor-version":[{"id":5996,"href":"https:\/\/bactohouse.eu\/lv\/wp-json\/wp\/v2\/pages\/5994\/revisions\/5996"}],"wp:attachment":[{"href":"https:\/\/bactohouse.eu\/lv\/wp-json\/wp\/v2\/media?parent=5994"}],"curies":[{"name":"wp","href":"https:\/\/api.w.org\/{rel}","templated":true}]}}