{"id":5992,"date":"2023-10-04T12:10:07","date_gmt":"2023-10-04T09:10:07","guid":{"rendered":"https:\/\/bactohouse.eu\/kontakti\/"},"modified":"2025-02-17T15:19:11","modified_gmt":"2025-02-17T13:19:11","slug":"kontakti","status":"publish","type":"page","link":"https:\/\/bactohouse.eu\/lv\/kontakti\/","title":{"rendered":"Kontakti"},"content":{"rendered":"\t\t<div data-elementor-type=\"wp-page\" data-elementor-id=\"5992\" class=\"elementor elementor-5992 elementor-5878\" data-elementor-post-type=\"page\">\n\t\t\t\t<div class=\"elementor-element elementor-element-3f03054 e-flex e-con-boxed e-con e-parent\" data-id=\"3f03054\" data-element_type=\"container\" data-e-type=\"container\" data-settings=\"{&quot;background_background&quot;:&quot;classic&quot;}\">\n\t\t\t\t\t<div class=\"e-con-inner\">\n\t\t<div class=\"elementor-element elementor-element-73d1b95 e-con-full e-flex e-con e-child\" data-id=\"73d1b95\" data-element_type=\"container\" data-e-type=\"container\" data-settings=\"{&quot;background_background&quot;:&quot;classic&quot;}\">\n\t\t<div class=\"elementor-element elementor-element-95f9466 e-con-full e-flex e-con e-child\" data-id=\"95f9466\" data-element_type=\"container\" data-e-type=\"container\">\n\t\t\t\t<div class=\"elementor-element elementor-element-512b9fa elementor-widget elementor-widget-heading\" data-id=\"512b9fa\" data-element_type=\"widget\" data-e-type=\"widget\" data-widget_type=\"heading.default\">\n\t\t\t\t<div class=\"elementor-widget-container\">\n\t\t\t\t\t<h2 class=\"elementor-heading-title elementor-size-default\">Sazinieties ar mums!<\/h2>\t\t\t\t<\/div>\n\t\t\t\t<\/div>\n\t\t\t\t<div class=\"elementor-element elementor-element-5eb85c9 elementor-button-align-start elementor-widget elementor-widget-form\" data-id=\"5eb85c9\" data-element_type=\"widget\" data-e-type=\"widget\" data-settings=\"{&quot;step_next_label&quot;:&quot;N\\u0101kamais&quot;,&quot;step_previous_label&quot;:&quot;Iepriek\\u0161\\u0113jais&quot;,&quot;button_width&quot;:&quot;100&quot;,&quot;step_type&quot;:&quot;number_text&quot;,&quot;step_icon_shape&quot;:&quot;circle&quot;}\" data-widget_type=\"form.default\">\n\t\t\t\t<div class=\"elementor-widget-container\">\n\t\t\t\t\t\t\t<form class=\"elementor-form\" method=\"post\" name=\"Jauna veidlapa\" aria-label=\"Jauna veidlapa\">\n\t\t\t<input type=\"hidden\" name=\"post_id\" value=\"5992\"\/>\n\t\t\t<input type=\"hidden\" name=\"form_id\" value=\"5eb85c9\"\/>\n\t\t\t<input type=\"hidden\" name=\"referer_title\" value=\"Bactohouse\" \/>\n\n\t\t\t\n\t\t\t<div class=\"elementor-form-fields-wrapper elementor-labels-above\">\n\t\t\t\t\t\t\t\t<div class=\"elementor-field-type-text elementor-field-group elementor-column elementor-field-group-name elementor-col-100\">\n\t\t\t\t\t\t\t\t\t\t\t\t<label for=\"form-field-name\" class=\"elementor-field-label\">\n\t\t\t\t\t\t\t\tNosaukums\t\t\t\t\t\t\t<\/label>\n\t\t\t\t\t\t\t\t\t\t\t\t\t\t<input size=\"1\" type=\"text\" name=\"form_fields[name]\" id=\"form-field-name\" class=\"elementor-field elementor-size-sm  elementor-field-textual\">\n\t\t\t\t\t\t\t\t\t\t\t<\/div>\n\t\t\t\t\t\t\t\t<div class=\"elementor-field-type-email elementor-field-group elementor-column elementor-field-group-email elementor-col-100 elementor-field-required\">\n\t\t\t\t\t\t\t\t\t\t\t\t<label for=\"form-field-email\" class=\"elementor-field-label\">\n\t\t\t\t\t\t\t\tE-pasts\t\t\t\t\t\t\t<\/label>\n\t\t\t\t\t\t\t\t\t\t\t\t\t\t<input size=\"1\" type=\"email\" name=\"form_fields[email]\" id=\"form-field-email\" class=\"elementor-field elementor-size-sm  elementor-field-textual\" required=\"required\">\n\t\t\t\t\t\t\t\t\t\t\t<\/div>\n\t\t\t\t\t\t\t\t<div class=\"elementor-field-type-textarea elementor-field-group elementor-column elementor-field-group-message elementor-col-100\">\n\t\t\t\t\t\t\t\t\t\t\t\t<label for=\"form-field-message\" class=\"elementor-field-label\">\n\t\t\t\t\t\t\t\tZi\u0146a\t\t\t\t\t\t\t<\/label>\n\t\t\t\t\t\t<textarea class=\"elementor-field-textual elementor-field  elementor-size-sm\" name=\"form_fields[message]\" id=\"form-field-message\" rows=\"4\"><\/textarea>\t\t\t\t<\/div>\n\t\t\t\t\t\t\t\t<div class=\"elementor-field-type-recaptcha_v3 elementor-field-group elementor-column elementor-field-group-field_70df4f8 elementor-col-100 recaptcha_v3-bottomright\">\n\t\t\t\t\t<div class=\"elementor-field\" id=\"form-field-field_70df4f8\"><div class=\"elementor-g-recaptcha\" data-sitekey=\"6Lfgis0qAAAAANMEhIHrfj2KmaxghTuhep-XjCR6\" data-type=\"v3\" data-action=\"Form\" data-badge=\"bottomright\" data-size=\"invisible\"><\/div><\/div>\t\t\t\t<\/div>\n\t\t\t\t\t\t\t\t<div class=\"elementor-field-group elementor-column elementor-field-type-submit elementor-col-100 e-form__buttons\">\n\t\t\t\t\t<button class=\"elementor-button elementor-size-sm\" type=\"submit\">\n\t\t\t\t\t\t<span class=\"elementor-button-content-wrapper\">\n\t\t\t\t\t\t\t\t\t\t\t\t\t\t\t\t\t\t\t\t\t\t<span class=\"elementor-button-text\">S\u016bt\u012bt<\/span>\n\t\t\t\t\t\t\t\t\t\t\t\t\t<\/span>\n\t\t\t\t\t<\/button>\n\t\t\t\t<\/div>\n\t\t\t<\/div>\n\t\t<\/form>\n\t\t\t\t\t\t<\/div>\n\t\t\t\t<\/div>\n\t\t\t\t<\/div>\n\t\t<div class=\"elementor-element elementor-element-3b9820b e-con-full e-flex e-con e-child\" data-id=\"3b9820b\" data-element_type=\"container\" data-e-type=\"container\">\n\t\t\t\t<div class=\"elementor-element elementor-element-04df431 elementor-widget elementor-widget-heading\" data-id=\"04df431\" data-element_type=\"widget\" data-e-type=\"widget\" data-widget_type=\"heading.default\">\n\t\t\t\t<div class=\"elementor-widget-container\">\n\t\t\t\t\t<h2 class=\"elementor-heading-title elementor-size-default\">Ra\u017eot\u0101ja degust\u0101cijas telpu adrese:<\/h2>\t\t\t\t<\/div>\n\t\t\t\t<\/div>\n\t\t\t\t<div class=\"elementor-element elementor-element-80578d0 elementor-position-inline-start elementor-mobile-position-inline-start elementor-view-default elementor-widget elementor-widget-icon-box\" data-id=\"80578d0\" data-element_type=\"widget\" data-e-type=\"widget\" data-widget_type=\"icon-box.default\">\n\t\t\t\t<div class=\"elementor-widget-container\">\n\t\t\t\t\t\t\t<div class=\"elementor-icon-box-wrapper\">\n\n\t\t\t\t\t\t<div class=\"elementor-icon-box-icon\">\n\t\t\t\t<span  class=\"elementor-icon\">\n\t\t\t\t<i aria-hidden=\"true\" class=\"fibd21- fi-bd21-map-pin\"><\/i>\t\t\t\t<\/span>\n\t\t\t<\/div>\n\t\t\t\n\t\t\t\t\t\t<div class=\"elementor-icon-box-content\">\n\n\t\t\t\t\t\t\t\t\t<h3 class=\"elementor-icon-box-title\">\n\t\t\t\t\t\t<span  >\n\t\t\t\t\t\t\tMB M\u0117melio prekyba Janonio g. 19-2, Klaip\u0113da Durvju kods 120 \t\t\t\t\t\t<\/span>\n\t\t\t\t\t<\/h3>\n\t\t\t\t\n\t\t\t\t\n\t\t\t<\/div>\n\t\t\t\n\t\t<\/div>\n\t\t\t\t\t\t<\/div>\n\t\t\t\t<\/div>\n\t\t\t\t<div class=\"elementor-element elementor-element-48b70da elementor-position-inline-start elementor-mobile-position-inline-start elementor-view-default elementor-widget elementor-widget-icon-box\" data-id=\"48b70da\" data-element_type=\"widget\" data-e-type=\"widget\" data-widget_type=\"icon-box.default\">\n\t\t\t\t<div class=\"elementor-widget-container\">\n\t\t\t\t\t\t\t<div class=\"elementor-icon-box-wrapper\">\n\n\t\t\t\t\t\t<div class=\"elementor-icon-box-icon\">\n\t\t\t\t<span  class=\"elementor-icon\">\n\t\t\t\t<i aria-hidden=\"true\" class=\"fibd21- fi-bd21-phone\"><\/i>\t\t\t\t<\/span>\n\t\t\t<\/div>\n\t\t\t\n\t\t\t\t\t\t<div class=\"elementor-icon-box-content\">\n\n\t\t\t\t\t\t\t\t\t<h3 class=\"elementor-icon-box-title\">\n\t\t\t\t\t\t<span  >\n\t\t\t\t\t\t\t+370 611 95668 (run\u0101 krievu un lietuvie\u0161u valod\u0101)\t\t\t\t\t\t<\/span>\n\t\t\t\t\t<\/h3>\n\t\t\t\t\n\t\t\t\t\n\t\t\t<\/div>\n\t\t\t\n\t\t<\/div>\n\t\t\t\t\t\t<\/div>\n\t\t\t\t<\/div>\n\t\t\t\t<div class=\"elementor-element elementor-element-65d9c13 elementor-widget elementor-widget-spacer\" data-id=\"65d9c13\" data-element_type=\"widget\" data-e-type=\"widget\" data-widget_type=\"spacer.default\">\n\t\t\t\t<div class=\"elementor-widget-container\">\n\t\t\t\t\t\t\t<div class=\"elementor-spacer\">\n\t\t\t<div class=\"elementor-spacer-inner\"><\/div>\n\t\t<\/div>\n\t\t\t\t\t\t<\/div>\n\t\t\t\t<\/div>\n\t\t\t\t<div class=\"elementor-element elementor-element-1d7e68b elementor-widget elementor-widget-heading\" data-id=\"1d7e68b\" data-element_type=\"widget\" data-e-type=\"widget\" data-widget_type=\"heading.default\">\n\t\t\t\t<div class=\"elementor-widget-container\">\n\t\t\t\t\t<h2 class=\"elementor-heading-title elementor-size-default\">T\u0101lr. Nr: <\/h2>\t\t\t\t<\/div>\n\t\t\t\t<\/div>\n\t\t\t\t<div class=\"elementor-element elementor-element-34cdcfb elementor-position-inline-start elementor-mobile-position-inline-start elementor-view-default elementor-widget elementor-widget-icon-box\" data-id=\"34cdcfb\" data-element_type=\"widget\" data-e-type=\"widget\" data-widget_type=\"icon-box.default\">\n\t\t\t\t<div class=\"elementor-widget-container\">\n\t\t\t\t\t\t\t<div class=\"elementor-icon-box-wrapper\">\n\n\t\t\t\t\t\t<div class=\"elementor-icon-box-icon\">\n\t\t\t\t<span  class=\"elementor-icon\">\n\t\t\t\t<i aria-hidden=\"true\" class=\"fibd21- fi-bd21-phone\"><\/i>\t\t\t\t<\/span>\n\t\t\t<\/div>\n\t\t\t\n\t\t\t\t\t\t<div class=\"elementor-icon-box-content\">\n\n\t\t\t\t\t\t\t\t\t<h3 class=\"elementor-icon-box-title\">\n\t\t\t\t\t\t<span  >\n\t\t\t\t\t\t\t+370 615 55815 (run\u0101 ang\u013cu, krievu un lietuvie\u0161u valod\u0101)\t\t\t\t\t\t<\/span>\n\t\t\t\t\t<\/h3>\n\t\t\t\t\n\t\t\t\t\n\t\t\t<\/div>\n\t\t\t\n\t\t<\/div>\n\t\t\t\t\t\t<\/div>\n\t\t\t\t<\/div>\n\t\t\t\t<div class=\"elementor-element elementor-element-7a1e36a elementor-widget elementor-widget-spacer\" data-id=\"7a1e36a\" data-element_type=\"widget\" data-e-type=\"widget\" data-widget_type=\"spacer.default\">\n\t\t\t\t<div class=\"elementor-widget-container\">\n\t\t\t\t\t\t\t<div class=\"elementor-spacer\">\n\t\t\t<div class=\"elementor-spacer-inner\"><\/div>\n\t\t<\/div>\n\t\t\t\t\t\t<\/div>\n\t\t\t\t<\/div>\n\t\t\t\t<div class=\"elementor-element elementor-element-e4119e5 elementor-widget elementor-widget-heading\" data-id=\"e4119e5\" data-element_type=\"widget\" data-e-type=\"widget\" data-widget_type=\"heading.default\">\n\t\t\t\t<div class=\"elementor-widget-container\">\n\t\t\t\t\t<h2 class=\"elementor-heading-title elementor-size-default\">E-pasts:<\/h2>\t\t\t\t<\/div>\n\t\t\t\t<\/div>\n\t\t\t\t<div class=\"elementor-element elementor-element-9de0bfa elementor-position-inline-start elementor-mobile-position-inline-start elementor-view-default elementor-widget elementor-widget-icon-box\" data-id=\"9de0bfa\" data-element_type=\"widget\" data-e-type=\"widget\" data-widget_type=\"icon-box.default\">\n\t\t\t\t<div class=\"elementor-widget-container\">\n\t\t\t\t\t\t\t<div class=\"elementor-icon-box-wrapper\">\n\n\t\t\t\t\t\t<div class=\"elementor-icon-box-icon\">\n\t\t\t\t<a href=\"mailto:info@bactohouse.eu\" class=\"elementor-icon\" tabindex=\"-1\" aria-label=\"info@bactohouse.eu\">\n\t\t\t\t<i aria-hidden=\"true\" class=\"fibd21- fi-bd21-email\"><\/i>\t\t\t\t<\/a>\n\t\t\t<\/div>\n\t\t\t\n\t\t\t\t\t\t<div class=\"elementor-icon-box-content\">\n\n\t\t\t\t\t\t\t\t\t<h3 class=\"elementor-icon-box-title\">\n\t\t\t\t\t\t<a href=\"mailto:info@bactohouse.eu\" >\n\t\t\t\t\t\t\tinfo@bactohouse.eu\t\t\t\t\t\t<\/a>\n\t\t\t\t\t<\/h3>\n\t\t\t\t\n\t\t\t\t\n\t\t\t<\/div>\n\t\t\t\n\t\t<\/div>\n\t\t\t\t\t\t<\/div>\n\t\t\t\t<\/div>\n\t\t\t\t<div class=\"elementor-element elementor-element-036d5bd elementor-widget elementor-widget-spacer\" data-id=\"036d5bd\" data-element_type=\"widget\" data-e-type=\"widget\" data-widget_type=\"spacer.default\">\n\t\t\t\t<div class=\"elementor-widget-container\">\n\t\t\t\t\t\t\t<div class=\"elementor-spacer\">\n\t\t\t<div class=\"elementor-spacer-inner\"><\/div>\n\t\t<\/div>\n\t\t\t\t\t\t<\/div>\n\t\t\t\t<\/div>\n\t\t\t\t<div class=\"elementor-element elementor-element-79e7c42 elementor-widget elementor-widget-heading\" data-id=\"79e7c42\" data-element_type=\"widget\" data-e-type=\"widget\" data-widget_type=\"heading.default\">\n\t\t\t\t<div class=\"elementor-widget-container\">\n\t\t\t\t\t<h2 class=\"elementor-heading-title elementor-size-default\">Sekojiet mums:<\/h2>\t\t\t\t<\/div>\n\t\t\t\t<\/div>\n\t\t\t\t<div class=\"elementor-element elementor-element-7db6a6d elementor-widget elementor-widget-ideapark-social\" data-id=\"7db6a6d\" data-element_type=\"widget\" data-e-type=\"widget\" data-widget_type=\"ideapark-social.default\">\n\t\t\t\t<div class=\"elementor-widget-container\">\n\t\t\t\t\t<div class=\"c-ip-social\">\t\t\t\t\t<a href=\"https:\/\/www.facebook.com\/memeliofermentuotas\" class=\"c-ip-social__link\" aria-label=\"Facebook\"><i\n\t\t\t\t\t\t\tclass=\"ip-facebook c-ip-social__icon c-ip-social__icon--facebook\">\n\t\t\t\t\t\t\t<!-- --><\/i><\/a>\n\t\t\t\t\t\t\t\t\t<a href=\"https:\/\/www.instagram.com\/memelio_fermentuotas\/\" class=\"c-ip-social__link\" aria-label=\"Instagram\"><i\n\t\t\t\t\t\t\tclass=\"ip-instagram c-ip-social__icon c-ip-social__icon--instagram\">\n\t\t\t\t\t\t\t<!-- --><\/i><\/a>\n\t\t\t\t\t\t\t\t\t<a href=\"https:\/\/www.youtube.com\/@memeliofermentuotas9093\" class=\"c-ip-social__link\" aria-label=\"YouTube\"><i\n\t\t\t\t\t\t\tclass=\"ip-youtube c-ip-social__icon c-ip-social__icon--youtube\">\n\t\t\t\t\t\t\t<!-- --><\/i><\/a>\n\t\t\t\t<\/div>\t\t\t\t<\/div>\n\t\t\t\t<\/div>\n\t\t\t\t<div class=\"elementor-element elementor-element-1e265f0 elementor-widget elementor-widget-heading\" data-id=\"1e265f0\" data-element_type=\"widget\" data-e-type=\"widget\" data-widget_type=\"heading.default\">\n\t\t\t\t<div class=\"elementor-widget-container\">\n\t\t\t\t\t<h2 class=\"elementor-heading-title elementor-size-default\">Rekviz\u012bti:<\/h2>\t\t\t\t<\/div>\n\t\t\t\t<\/div>\n\t\t\t\t<div class=\"elementor-element elementor-element-742313f elementor-align-start elementor-icon-list--layout-traditional elementor-list-item-link-full_width elementor-widget elementor-widget-icon-list\" data-id=\"742313f\" data-element_type=\"widget\" data-e-type=\"widget\" data-widget_type=\"icon-list.default\">\n\t\t\t\t<div class=\"elementor-widget-container\">\n\t\t\t\t\t\t\t<ul class=\"elementor-icon-list-items\">\n\t\t\t\t\t\t\t<li class=\"elementor-icon-list-item\">\n\t\t\t\t\t\t\t\t\t\t<span class=\"elementor-icon-list-text\">MB Sveikatos produkti<\/span>\n\t\t\t\t\t\t\t\t\t<\/li>\n\t\t\t\t\t\t\t\t<li class=\"elementor-icon-list-item\">\n\t\t\t\t\t\t\t\t\t\t<span class=\"elementor-icon-list-text\">Uz\u0146\u0113muma kods 305806087<\/span>\n\t\t\t\t\t\t\t\t\t<\/li>\n\t\t\t\t\t\t\t\t<li class=\"elementor-icon-list-item\">\n\t\t\t\t\t\t\t\t\t\t<span class=\"elementor-icon-list-text\">PVN kods LT100014456919<\/span>\n\t\t\t\t\t\t\t\t\t<\/li>\n\t\t\t\t\t\t\t\t<li class=\"elementor-icon-list-item\">\n\t\t\t\t\t\t\t\t\t\t<span class=\"elementor-icon-list-text\">E-pasts: info@bactohouse.eu  <\/span>\n\t\t\t\t\t\t\t\t\t<\/li>\n\t\t\t\t\t\t\t\t<li class=\"elementor-icon-list-item\">\n\t\t\t\t\t\t\t\t\t\t<span class=\"elementor-icon-list-text\">Tel.: +370 615 55815<\/span>\n\t\t\t\t\t\t\t\t\t<\/li>\n\t\t\t\t\t\t\t\t<li class=\"elementor-icon-list-item\">\n\t\t\t\t\t\t\t\t\t\t<span class=\"elementor-icon-list-text\">P\u0101rtikas apstr\u0101des uz\u0146\u0113mums Nr. 550001614<\/span>\n\t\t\t\t\t\t\t\t\t<\/li>\n\t\t\t\t\t\t<\/ul>\n\t\t\t\t\t\t<\/div>\n\t\t\t\t<\/div>\n\t\t\t\t<div class=\"elementor-element elementor-element-cf6e1fd elementor-widget elementor-widget-spacer\" data-id=\"cf6e1fd\" data-element_type=\"widget\" data-e-type=\"widget\" data-widget_type=\"spacer.default\">\n\t\t\t\t<div class=\"elementor-widget-container\">\n\t\t\t\t\t\t\t<div class=\"elementor-spacer\">\n\t\t\t<div class=\"elementor-spacer-inner\"><\/div>\n\t\t<\/div>\n\t\t\t\t\t\t<\/div>\n\t\t\t\t<\/div>\n\t\t\t\t<div class=\"elementor-element elementor-element-cc08770 elementor-widget elementor-widget-heading\" data-id=\"cc08770\" data-element_type=\"widget\" data-e-type=\"widget\" data-widget_type=\"heading.default\">\n\t\t\t\t<div class=\"elementor-widget-container\">\n\t\t\t\t\t<h2 class=\"elementor-heading-title elementor-size-default\">Pas\u016bt\u012bjumi Lietuv\u0101:<\/h2>\t\t\t\t<\/div>\n\t\t\t\t<\/div>\n\t\t\t\t<div class=\"elementor-element elementor-element-1040f3f elementor-position-inline-start elementor-mobile-position-inline-start elementor-view-default elementor-widget elementor-widget-icon-box\" data-id=\"1040f3f\" data-element_type=\"widget\" data-e-type=\"widget\" data-widget_type=\"icon-box.default\">\n\t\t\t\t<div class=\"elementor-widget-container\">\n\t\t\t\t\t\t\t<div class=\"elementor-icon-box-wrapper\">\n\n\t\t\t\t\t\t<div class=\"elementor-icon-box-icon\">\n\t\t\t\t<a href=\"https:\/\/Fermentuotas.lt\" target=\"_blank\" class=\"elementor-icon\" tabindex=\"-1\" aria-label=\"Fermentuotas.lt\">\n\t\t\t\t<svg aria-hidden=\"true\" class=\"e-font-icon-svg e-fas-mouse-pointer\" viewBox=\"0 0 320 512\" xmlns=\"http:\/\/www.w3.org\/2000\/svg\"><path d=\"M302.189 329.126H196.105l55.831 135.993c3.889 9.428-.555 19.999-9.444 23.999l-49.165 21.427c-9.165 4-19.443-.571-23.332-9.714l-53.053-129.136-86.664 89.138C18.729 472.71 0 463.554 0 447.977V18.299C0 1.899 19.921-6.096 30.277 5.443l284.412 292.542c11.472 11.179 3.007 31.141-12.5 31.141z\"><\/path><\/svg>\t\t\t\t<\/a>\n\t\t\t<\/div>\n\t\t\t\n\t\t\t\t\t\t<div class=\"elementor-icon-box-content\">\n\n\t\t\t\t\t\t\t\t\t<h3 class=\"elementor-icon-box-title\">\n\t\t\t\t\t\t<a href=\"https:\/\/Fermentuotas.lt\" target=\"_blank\" >\n\t\t\t\t\t\t\tFermentuotas.lt\t\t\t\t\t\t<\/a>\n\t\t\t\t\t<\/h3>\n\t\t\t\t\n\t\t\t\t\n\t\t\t<\/div>\n\t\t\t\n\t\t<\/div>\n\t\t\t\t\t\t<\/div>\n\t\t\t\t<\/div>\n\t\t\t\t<\/div>\n\t\t\t\t<\/div>\n\t\t\t\t\t<\/div>\n\t\t\t\t<\/div>\n\t\t<div class=\"elementor-element elementor-element-419be2e e-flex e-con-boxed e-con e-parent\" data-id=\"419be2e\" data-element_type=\"container\" data-e-type=\"container\">\n\t\t\t\t\t<div class=\"e-con-inner\">\n\t\t\t\t\t<\/div>\n\t\t\t\t<\/div>\n\t\t\t\t<\/div>\n\t\t","protected":false},"excerpt":{"rendered":"<p>Sazinieties ar mums! Ra\u017eot\u0101ja degust\u0101cijas telpu adrese: MB M\u0117melio prekyba Janonio g. 19-2, Klaip\u0113da Durvju kods 120 +370&hellip;<\/p>\n","protected":false},"author":1,"featured_media":0,"parent":0,"menu_order":0,"comment_status":"closed","ping_status":"closed","template":"elementor_header_footer","meta":{"footnotes":""},"class_list":["post-5992","page","type-page","status-publish","hentry"],"yoast_head":"<!-- This site is optimized with the Yoast SEO plugin v27.3 - https:\/\/yoast.com\/product\/yoast-seo-wordpress\/ -->\n<title>Sazinieties ar Bactohouse - sazinieties ar mums jau \u0161odien<\/title>\n<meta name=\"description\" content=\"Jums ir jaut\u0101jumi? Sazinieties ar Bactohouse, lai sa\u0146emtu atbalstu, jaut\u0101jumus vai pal\u012bdz\u012bbu. M\u0113s esam gatavi pal\u012bdz\u0113t - sazinieties ar mums pa e-pastu, t\u0101lruni vai m\u016bsu kontaktformu!\" \/>\n<meta name=\"robots\" content=\"index, follow, max-snippet:-1, max-image-preview:large, max-video-preview:-1\" \/>\n<link rel=\"canonical\" href=\"https:\/\/bactohouse.eu\/lv\/kontakti\/\" \/>\n<meta property=\"og:locale\" content=\"lv_LV\" \/>\n<meta property=\"og:type\" content=\"article\" \/>\n<meta property=\"og:title\" content=\"Sazinieties ar Bactohouse - sazinieties ar mums jau \u0161odien\" \/>\n<meta property=\"og:description\" content=\"Jums ir jaut\u0101jumi? Sazinieties ar Bactohouse, lai sa\u0146emtu atbalstu, jaut\u0101jumus vai pal\u012bdz\u012bbu. M\u0113s esam gatavi pal\u012bdz\u0113t - sazinieties ar mums pa e-pastu, t\u0101lruni vai m\u016bsu kontaktformu!\" \/>\n<meta property=\"og:url\" content=\"https:\/\/bactohouse.eu\/lv\/kontakti\/\" \/>\n<meta property=\"og:site_name\" content=\"Bactohouse\" \/>\n<meta property=\"article:modified_time\" content=\"2025-02-17T13:19:11+00:00\" \/>\n<meta property=\"og:image\" content=\"https:\/\/bactohouse.eu\/wp-content\/uploads\/2025\/01\/Bactohouse_logo.webp\" \/>\n\t<meta property=\"og:image:width\" content=\"628\" \/>\n\t<meta property=\"og:image:height\" content=\"195\" \/>\n\t<meta property=\"og:image:type\" content=\"image\/webp\" \/>\n<meta name=\"twitter:card\" content=\"summary_large_image\" \/>\n<script type=\"application\/ld+json\" class=\"yoast-schema-graph\">{\"@context\":\"https:\\\/\\\/schema.org\",\"@graph\":[{\"@type\":\"WebPage\",\"@id\":\"https:\\\/\\\/bactohouse.eu\\\/lv\\\/kontakti\\\/\",\"url\":\"https:\\\/\\\/bactohouse.eu\\\/lv\\\/kontakti\\\/\",\"name\":\"Sazinieties ar Bactohouse - sazinieties ar mums jau \u0161odien\",\"isPartOf\":{\"@id\":\"https:\\\/\\\/bactohouse.eu\\\/lv\\\/#website\"},\"datePublished\":\"2023-10-04T09:10:07+00:00\",\"dateModified\":\"2025-02-17T13:19:11+00:00\",\"description\":\"Jums ir jaut\u0101jumi? Sazinieties ar Bactohouse, lai sa\u0146emtu atbalstu, jaut\u0101jumus vai pal\u012bdz\u012bbu. M\u0113s esam gatavi pal\u012bdz\u0113t - sazinieties ar mums pa e-pastu, t\u0101lruni vai m\u016bsu kontaktformu!\",\"breadcrumb\":{\"@id\":\"https:\\\/\\\/bactohouse.eu\\\/lv\\\/kontakti\\\/#breadcrumb\"},\"inLanguage\":\"lv-LV\",\"potentialAction\":[{\"@type\":\"ReadAction\",\"target\":[\"https:\\\/\\\/bactohouse.eu\\\/lv\\\/kontakti\\\/\"]}]},{\"@type\":\"BreadcrumbList\",\"@id\":\"https:\\\/\\\/bactohouse.eu\\\/lv\\\/kontakti\\\/#breadcrumb\",\"itemListElement\":[{\"@type\":\"ListItem\",\"position\":1,\"name\":\"Home\",\"item\":\"https:\\\/\\\/bactohouse.eu\\\/lv\\\/\"},{\"@type\":\"ListItem\",\"position\":2,\"name\":\"Kontakti\"}]},{\"@type\":\"WebSite\",\"@id\":\"https:\\\/\\\/bactohouse.eu\\\/lv\\\/#website\",\"url\":\"https:\\\/\\\/bactohouse.eu\\\/lv\\\/\",\"name\":\"Bactohouse\",\"description\":\"Good Bacteria in Liquid Form\",\"publisher\":{\"@id\":\"https:\\\/\\\/bactohouse.eu\\\/lv\\\/#organization\"},\"potentialAction\":[{\"@type\":\"SearchAction\",\"target\":{\"@type\":\"EntryPoint\",\"urlTemplate\":\"https:\\\/\\\/bactohouse.eu\\\/lv\\\/?s={search_term_string}\"},\"query-input\":{\"@type\":\"PropertyValueSpecification\",\"valueRequired\":true,\"valueName\":\"search_term_string\"}}],\"inLanguage\":\"lv-LV\"},{\"@type\":\"Organization\",\"@id\":\"https:\\\/\\\/bactohouse.eu\\\/lv\\\/#organization\",\"name\":\"Bactohouse\",\"url\":\"https:\\\/\\\/bactohouse.eu\\\/lv\\\/\",\"logo\":{\"@type\":\"ImageObject\",\"inLanguage\":\"lv-LV\",\"@id\":\"https:\\\/\\\/bactohouse.eu\\\/lv\\\/#\\\/schema\\\/logo\\\/image\\\/\",\"url\":\"https:\\\/\\\/bactohouse.eu\\\/wp-content\\\/uploads\\\/2025\\\/01\\\/Bactohouse_logo.webp\",\"contentUrl\":\"https:\\\/\\\/bactohouse.eu\\\/wp-content\\\/uploads\\\/2025\\\/01\\\/Bactohouse_logo.webp\",\"width\":628,\"height\":195,\"caption\":\"Bactohouse\"},\"image\":{\"@id\":\"https:\\\/\\\/bactohouse.eu\\\/lv\\\/#\\\/schema\\\/logo\\\/image\\\/\"}}]}<\/script>\n<!-- \/ Yoast SEO plugin. -->","yoast_head_json":{"title":"Sazinieties ar Bactohouse - sazinieties ar mums jau \u0161odien","description":"Jums ir jaut\u0101jumi? Sazinieties ar Bactohouse, lai sa\u0146emtu atbalstu, jaut\u0101jumus vai pal\u012bdz\u012bbu. M\u0113s esam gatavi pal\u012bdz\u0113t - sazinieties ar mums pa e-pastu, t\u0101lruni vai m\u016bsu kontaktformu!","robots":{"index":"index","follow":"follow","max-snippet":"max-snippet:-1","max-image-preview":"max-image-preview:large","max-video-preview":"max-video-preview:-1"},"canonical":"https:\/\/bactohouse.eu\/lv\/kontakti\/","og_locale":"lv_LV","og_type":"article","og_title":"Sazinieties ar Bactohouse - sazinieties ar mums jau \u0161odien","og_description":"Jums ir jaut\u0101jumi? Sazinieties ar Bactohouse, lai sa\u0146emtu atbalstu, jaut\u0101jumus vai pal\u012bdz\u012bbu. M\u0113s esam gatavi pal\u012bdz\u0113t - sazinieties ar mums pa e-pastu, t\u0101lruni vai m\u016bsu kontaktformu!","og_url":"https:\/\/bactohouse.eu\/lv\/kontakti\/","og_site_name":"Bactohouse","article_modified_time":"2025-02-17T13:19:11+00:00","og_image":[{"width":628,"height":195,"url":"https:\/\/bactohouse.eu\/wp-content\/uploads\/2025\/01\/Bactohouse_logo.webp","type":"image\/webp"}],"twitter_card":"summary_large_image","schema":{"@context":"https:\/\/schema.org","@graph":[{"@type":"WebPage","@id":"https:\/\/bactohouse.eu\/lv\/kontakti\/","url":"https:\/\/bactohouse.eu\/lv\/kontakti\/","name":"Sazinieties ar Bactohouse - sazinieties ar mums jau \u0161odien","isPartOf":{"@id":"https:\/\/bactohouse.eu\/lv\/#website"},"datePublished":"2023-10-04T09:10:07+00:00","dateModified":"2025-02-17T13:19:11+00:00","description":"Jums ir jaut\u0101jumi? Sazinieties ar Bactohouse, lai sa\u0146emtu atbalstu, jaut\u0101jumus vai pal\u012bdz\u012bbu. M\u0113s esam gatavi pal\u012bdz\u0113t - sazinieties ar mums pa e-pastu, t\u0101lruni vai m\u016bsu kontaktformu!","breadcrumb":{"@id":"https:\/\/bactohouse.eu\/lv\/kontakti\/#breadcrumb"},"inLanguage":"lv-LV","potentialAction":[{"@type":"ReadAction","target":["https:\/\/bactohouse.eu\/lv\/kontakti\/"]}]},{"@type":"BreadcrumbList","@id":"https:\/\/bactohouse.eu\/lv\/kontakti\/#breadcrumb","itemListElement":[{"@type":"ListItem","position":1,"name":"Home","item":"https:\/\/bactohouse.eu\/lv\/"},{"@type":"ListItem","position":2,"name":"Kontakti"}]},{"@type":"WebSite","@id":"https:\/\/bactohouse.eu\/lv\/#website","url":"https:\/\/bactohouse.eu\/lv\/","name":"Bactohouse","description":"Good Bacteria in Liquid Form","publisher":{"@id":"https:\/\/bactohouse.eu\/lv\/#organization"},"potentialAction":[{"@type":"SearchAction","target":{"@type":"EntryPoint","urlTemplate":"https:\/\/bactohouse.eu\/lv\/?s={search_term_string}"},"query-input":{"@type":"PropertyValueSpecification","valueRequired":true,"valueName":"search_term_string"}}],"inLanguage":"lv-LV"},{"@type":"Organization","@id":"https:\/\/bactohouse.eu\/lv\/#organization","name":"Bactohouse","url":"https:\/\/bactohouse.eu\/lv\/","logo":{"@type":"ImageObject","inLanguage":"lv-LV","@id":"https:\/\/bactohouse.eu\/lv\/#\/schema\/logo\/image\/","url":"https:\/\/bactohouse.eu\/wp-content\/uploads\/2025\/01\/Bactohouse_logo.webp","contentUrl":"https:\/\/bactohouse.eu\/wp-content\/uploads\/2025\/01\/Bactohouse_logo.webp","width":628,"height":195,"caption":"Bactohouse"},"image":{"@id":"https:\/\/bactohouse.eu\/lv\/#\/schema\/logo\/image\/"}}]}},"jetpack_sharing_enabled":true,"_links":{"self":[{"href":"https:\/\/bactohouse.eu\/lv\/wp-json\/wp\/v2\/pages\/5992","targetHints":{"allow":["GET"]}}],"collection":[{"href":"https:\/\/bactohouse.eu\/lv\/wp-json\/wp\/v2\/pages"}],"about":[{"href":"https:\/\/bactohouse.eu\/lv\/wp-json\/wp\/v2\/types\/page"}],"author":[{"embeddable":true,"href":"https:\/\/bactohouse.eu\/lv\/wp-json\/wp\/v2\/users\/1"}],"replies":[{"embeddable":true,"href":"https:\/\/bactohouse.eu\/lv\/wp-json\/wp\/v2\/comments?post=5992"}],"version-history":[{"count":1,"href":"https:\/\/bactohouse.eu\/lv\/wp-json\/wp\/v2\/pages\/5992\/revisions"}],"predecessor-version":[{"id":5995,"href":"https:\/\/bactohouse.eu\/lv\/wp-json\/wp\/v2\/pages\/5992\/revisions\/5995"}],"wp:attachment":[{"href":"https:\/\/bactohouse.eu\/lv\/wp-json\/wp\/v2\/media?parent=5992"}],"curies":[{"name":"wp","href":"https:\/\/api.w.org\/{rel}","templated":true}]}}