{"id":5991,"date":"2024-12-10T16:10:20","date_gmt":"2024-12-10T14:10:20","guid":{"rendered":"https:\/\/bactohouse.eu\/iepirkuma-noteikumi\/"},"modified":"2025-02-17T15:19:10","modified_gmt":"2025-02-17T13:19:10","slug":"iepirkuma-noteikumi","status":"publish","type":"page","link":"https:\/\/bactohouse.eu\/lv\/iepirkuma-noteikumi\/","title":{"rendered":"Iepirkuma noteikumi"},"content":{"rendered":"\t\t<div data-elementor-type=\"wp-page\" data-elementor-id=\"5991\" class=\"elementor elementor-5991 elementor-5873\" data-elementor-post-type=\"page\">\n\t\t\t\t<div class=\"elementor-element elementor-element-4b9e635 e-flex e-con-boxed e-con e-parent\" data-id=\"4b9e635\" data-element_type=\"container\" data-e-type=\"container\">\n\t\t\t\t\t<div class=\"e-con-inner\">\n\t\t\t\t<div class=\"elementor-element elementor-element-e987f57 elementor-widget__width-initial elementor-widget elementor-widget-heading\" data-id=\"e987f57\" data-element_type=\"widget\" data-e-type=\"widget\" data-widget_type=\"heading.default\">\n\t\t\t\t<div class=\"elementor-widget-container\">\n\t\t\t\t\t<h2 class=\"elementor-heading-title elementor-size-default\"><div>\n    <h2>1. Visp\u0101r\u012bgi noteikumi<\/h2>\n    <p>\u0160ie noteikumi un nosac\u012bjumi (turpm\u0101k tekst\u0101 - \"Noteikumi\") nosaka personas, kas ieg\u0101d\u0101jas preces (ferment\u0113tos produktus) interneta veikal\u0101 <strong>bactohouse.eu<\/strong> (turpm\u0101k tekst\u0101 - \"Pirc\u0113js\"), un MB Health Products, uz\u0146\u0113muma kods 305806087 (turpm\u0101k tekst\u0101 - \"P\u0101rdev\u0113js\") savstarp\u0113j\u0101s ties\u012bbas, pien\u0101kumus un atbild\u012bbu. Ieg\u0101d\u0101joties preces no interneta veikala, Pirc\u0113js piekr\u012bt \u0161iem Noteikumiem. <\/p>\n\n    <h2>2. L\u012bguma nosl\u0113g\u0161ana<\/h2>\n    <p><strong>2.1.<\/strong>  Pirkuma un p\u0101rdo\u0161anas l\u012bgums starp Pirc\u0113ju un P\u0101rdev\u0113ju tiek uzskat\u012bts par nosl\u0113gtu, kad Pirc\u0113js izveido iepirkumu grozu, nor\u0101da pieg\u0101des adresi, izv\u0113las pieg\u0101des veidu, piekr\u012bt \u0161iem Noteikumiem, izv\u0113las maks\u0101juma veidu, noklik\u0161\u0137ina uz pogas \"Apstiprinu pas\u016bt\u012bjumu\", un ir sp\u0113k\u0101 l\u012bdz br\u012bdim, kad tiek izpild\u012btas visas \u0161aj\u0101 l\u012bgum\u0101 noteikt\u0101s saist\u012bbas. Ja pirc\u0113js nepiekr\u012bt visiem vai da\u013cai \u0161o noteikumu, vi\u0146am nevajadz\u0113tu veikt pas\u016bt\u012bjumu. <\/p>\n\n    <p><strong>2.2.<\/strong> Katrs l\u012bgums starp Pirc\u0113ju un P\u0101rdev\u0113ju tiek saglab\u0101ts <strong>bactohouse.eu<\/strong> datub\u0101z\u0113.<\/p>\n\n    <h2>3. Pirc\u0113ja ties\u012bbas<\/h2>\n    <p><strong>3.1.<\/strong>  Pirc\u0113jam ir ties\u012bbas ieg\u0101d\u0101ties preces no interneta veikala saska\u0146\u0101 ar \u0161iem Noteikumiem un Lietuvas Republikas ties\u012bbu aktiem.<\/p>\n\n    <p><strong>3.2.<\/strong>  Pirc\u0113js var atcelt pirkuma l\u012bgumu 24 stundu laik\u0101 p\u0113c pirkuma veik\u0161anas, pirms preces tiek nos\u016bt\u012btas, ja:<\/p>\n    <ul>\n        <li><strong>3.2.1.<\/strong>  Ferment\u0113tie dz\u0113rieni tiek klasific\u0113ti k\u0101 \u0101trboj\u012bgas preces vai preces ar \u012bsu glab\u0101\u0161anas termi\u0146u.<\/li>\n        <li><strong>3.2.2.<\/strong>  Ferment\u0113tus dz\u0113rienus klasific\u0113 k\u0101 iesai\u0146otas preces, kuras p\u0113c iz\u0137emm\u0113\u0161anas nav piem\u0113rotas atpaka\u013cnos\u016bt\u012b\u0161anai, jo ir boj\u0101ts iepakojums un\/vai main\u012bju\u0161\u0101s atsevi\u0161\u0137as fizik\u0101l\u0101s \u012bpa\u0161\u012bbas.<\/li>\n    <\/ul>\n\n    <p><strong>3.3.<\/strong>  Pirc\u0113jam ir ar\u012b citas \u0161ajos noteikumos un Lietuvas Republikas ties\u012bbu aktos noteikt\u0101s ties\u012bbas.<\/p>\n\n    <h2>4. Pirc\u0113ja pien\u0101kumi<\/h2>\n    <p><strong>4.1.<\/strong>  Pirc\u0113jam ir j\u0101samaks\u0101 par prec\u0113m un to pieg\u0101di, k\u0101 ar\u012b citi piem\u0113rojamie maks\u0101jumi, un j\u0101pie\u0146em pas\u016bt\u012bt\u0101s preces.<\/p>\n\n    <p><strong>4.2.<\/strong>  Ja main\u0101s Pirc\u0113ja re\u0123istr\u0101cijas dati, inform\u0101cija nekav\u0113joties j\u0101atjaunina.<\/p>\n\n    <p><strong>4.3.<\/strong>  Pirc\u0113jam j\u0101iev\u0113ro citas \u0161ajos noteikumos un Lietuvas Republikas ties\u012bbu aktos noteikt\u0101s pras\u012bbas.<\/p>\n\n    <h2>5. P\u0101rdev\u0113ja ties\u012bbas<\/h2>\n    <p><strong>5.1.<\/strong> P\u0101rdev\u0113js patur ties\u012bbas main\u012bt, aptur\u0113t vai p\u0101rtraukt atsevi\u0161\u0137u funkciju vai to da\u013cu darb\u012bbu, k\u0101 ar\u012b main\u012bt <strong>bactohouse.eu<\/strong> elementu izk\u0101rtojumu. \u0160\u012bs izmai\u0146as neietekm\u0113 l\u012bgumus, kas nosl\u0113gti pirms \u0161\u0101d\u0101m izmai\u0146\u0101m. <\/p>\n\n    <p><strong>5.2.<\/strong>  P\u0101rdev\u0113js var atcelt pas\u016bt\u012bjumu bez iepriek\u0161\u0113ja br\u012bdin\u0101juma, ja Pirc\u0113js 2 darba dienu laik\u0101 nesamaks\u0101 par preci, izmantojot elektronisko banku vai elektronisk\u0101s maks\u0101jumu sist\u0113mas \"Paysera\" un\/vai \"Paypal\".<\/p>\n\n    <p><strong>5.3.<\/strong>  P\u0101rdev\u0113js var atcelt Pirc\u0113ja pas\u016bt\u012bjumu bez iepriek\u0161\u0113ja br\u012bdin\u0101juma, ja:<\/p>\n    <ul>\n        <li><strong>5.3.1.<\/strong>  P\u0101rdev\u0113js nevar sazin\u0101ties ar Pirc\u0113ju 2 darba dienu laik\u0101 p\u0113c pas\u016bt\u012bjuma veik\u0161anas.<\/li>\n        <li><strong>5.3.2.<\/strong>  Pirc\u0113js nesniedz piepras\u012bto inform\u0101ciju noteiktaj\u0101 termi\u0146\u0101.<\/li>\n        <li><strong>5.3.3.<\/strong>  Pirc\u0113js nepiekr\u012bt personas datu p\u0101rbaudei.<\/li>\n    <\/ul>\n\n    <p><strong>5.4.<\/strong>  Ja Pirc\u0113js m\u0113\u0123ina kait\u0113t interneta veikala darb\u012bbai vai stabilit\u0101tei, P\u0101rdev\u0113js var ierobe\u017eot, aptur\u0113t vai p\u0101rtraukt Pirc\u0113ja piek\u013cuvi bez iepriek\u0161\u0113ja br\u012bdin\u0101juma un nav atbild\u012bgs par jebk\u0101diem saist\u012btajiem zaud\u0113jumiem.<\/p>\n\n    <p><strong>5.5.<\/strong>  P\u0101rdev\u0113jam ir ties\u012bbas vienpus\u0113ji main\u012bt \u0161os Noteikumus, public\u0113jot tos interneta veikala t\u012bmek\u013ca vietn\u0113. Izmai\u0146as st\u0101jas sp\u0113k\u0101 public\u0113\u0161anas br\u012bd\u012b attiec\u012bb\u0101 uz visiem p\u0113c tam nosl\u0113gtajiem dar\u012bjumiem. <\/p>\n\n    <p><strong>5.6.<\/strong>  P\u0101rdev\u0113jam ir ar\u012b citas ties\u012bbas, kas paredz\u0113tas \u0161ajos noteikumos un Lietuvas Republikas ties\u012bbu aktos.<\/p>\n\n    <h2>6. P\u0101rdev\u0113ja pien\u0101kumi un garantija<\/h2>\n    <p><strong>6.1.<\/strong>  P\u0101rdev\u0113js ap\u0146emas dar\u012bt visu iesp\u0113jamo, lai Pirc\u0113js var\u0113tu pien\u0101c\u012bgi izmantot interneta veikala sniegtos pakalpojumus.<\/p>\n\n    <p><strong>6.2.<\/strong>  Ja svar\u012bgu apst\u0101k\u013cu d\u0113\u013c P\u0101rdev\u0113js nevar pieg\u0101d\u0101t pas\u016bt\u012bt\u0101s preces, P\u0101rdev\u0113js ap\u0146emas pied\u0101v\u0101t l\u012bdz\u012bgu preci. Ja Pirc\u0113js atsak\u0101s no aizst\u0101j\u0113jprodukta, P\u0101rdev\u0113js 14 kalend\u0101ro dienu laik\u0101 atmaks\u0101 samaksu, ja veikta priek\u0161apmaksa, un visos gad\u012bjumos anul\u0113 pas\u016bt\u012bjumu. <\/p>\n\n    <p><strong>6.3.<\/strong>  Ja P\u0101rdev\u0113js nepiekr\u012bt Pirc\u0113ja pretenzij\u0101m, tam 10 kalend\u0101ro dienu laik\u0101 p\u0113c Pirc\u0113ja pieteikuma sa\u0146em\u0161anas j\u0101sniedz detaliz\u0113ta, motiv\u0113ta rakstiska atbilde, ja vien Lietuvas Republikas un Eiropas Savien\u012bbas ties\u012bbu aktos nav noteikts cit\u0101di.<\/p>\n\n    <p><strong>6.4.<\/strong>  P\u0101rdev\u0113js garant\u0113 pre\u010du kvalit\u0101ti.<\/p>\n\n    <p><strong>6.5.<\/strong>  P\u0101rdev\u0113js ap\u0146emas iev\u0113rot citas \u0161ajos noteikumos noteikt\u0101s pras\u012bbas.<\/p>\n\n    <h2>7. Labas kvalit\u0101tes garantija un lieto\u0161anas piem\u0113rot\u012bbas termi\u0146\u0161<\/h2>\n    <p><strong>7.1.<\/strong> Katra <strong>bactohouse.eu<\/strong> p\u0101rdot\u0101 produkta \u012bpa\u0161\u012bbas ir nor\u0101d\u012btas katram produktam pievienotaj\u0101 produkta aprakst\u0101.<\/p>\n\n    <p><strong>7.2.<\/strong>  P\u0101rdev\u0113ja pied\u0101v\u0101t\u0101s preces ir atbilsto\u0161as kvalit\u0101tes, proti, pre\u010du \u012bpa\u0161\u012bbas atbilst to aprakstam.<\/p>\n\n    <h2>8. Atbild\u012bba<\/h2>\n    <p><strong>8.1.<\/strong>  Pirc\u0113js ir atbild\u012bgs par re\u0123istr\u0101cijas veidlap\u0101 nor\u0101d\u012bto datu pareiz\u012bbu. Pirc\u0113js uz\u0146emas atbild\u012bbu par jebk\u0101d\u0101m sek\u0101m, kas izriet no nepareiziem vai neprec\u012bziem re\u0123istr\u0101cijas veidlap\u0101 sniegtajiem datiem. <\/p>\n\n    <p><strong>8.2.<\/strong>  Puses ir atbild\u012bgas par jebk\u0101diem pirk\u0161anas un p\u0101rdo\u0161anas l\u012bguma, kas nosl\u0113gts, izmantojot elektronisko veikalu, p\u0101rk\u0101pumiem saska\u0146\u0101 ar Lietuvas Republikas ties\u012bbu aktiem.<\/p>\n\n    <h2>9. P\u0101rdev\u0113ja inform\u0101cija<\/h2>\n    <p><strong>MB Sveikatos produkti<\/strong><br> Uz\u0146\u0113muma kods: 305806087<br> PVN kods: LT100014456919<br> Kretingale st. 3, 92284 Kalot\u0117, Klaip\u0113das rajons<br> T\u0101lr: <a href=\"tel:+37061555815\">+370 615 55815<\/a><br> E-pasts: <a href=\"mailto:info@bactohouse.eu\">info@bactohouse.eu<\/a>\n    <\/p>\n<\/div>\n<\/h2>\t\t\t\t<\/div>\n\t\t\t\t<\/div>\n\t\t\t\t\t<\/div>\n\t\t\t\t<\/div>\n\t\t\t\t<\/div>\n\t\t","protected":false},"excerpt":{"rendered":"<p>1. Visp\u0101r\u012bgi noteikumi \u0160ie noteikumi un nosac\u012bjumi (turpm\u0101k tekst\u0101 &#8211; &#8220;Noteikumi&#8221;) nosaka personas, kas ieg\u0101d\u0101jas preces (ferment\u0113tos produktus)&hellip;<\/p>\n","protected":false},"author":1,"featured_media":0,"parent":0,"menu_order":0,"comment_status":"closed","ping_status":"closed","template":"elementor_header_footer","meta":{"footnotes":""},"class_list":["post-5991","page","type-page","status-publish","hentry"],"yoast_head":"<!-- This site is optimized with the Yoast SEO plugin v27.3 - https:\/\/yoast.com\/product\/yoast-seo-wordpress\/ -->\n<title>Iepirkuma noteikumi - Bactohouse<\/title>\n<meta name=\"description\" content=\"Iepaz\u012bstieties ar Bactohouse pirkuma noteikumiem, lai saprastu m\u016bsu pas\u016bt\u012b\u0161anas, maks\u0101jumu un atgrie\u0161anas noteikumus. Dro\u0161i iep\u0113rkieties ar skaidriem noteikumiem. Uzzin\u0101t vair\u0101k\" \/>\n<meta name=\"robots\" content=\"index, follow, max-snippet:-1, max-image-preview:large, max-video-preview:-1\" \/>\n<link rel=\"canonical\" href=\"https:\/\/bactohouse.eu\/lv\/iepirkuma-noteikumi\/\" \/>\n<meta property=\"og:locale\" content=\"lv_LV\" \/>\n<meta property=\"og:type\" content=\"article\" \/>\n<meta property=\"og:title\" content=\"Iepirkuma noteikumi - Bactohouse\" \/>\n<meta property=\"og:description\" content=\"Iepaz\u012bstieties ar Bactohouse pirkuma noteikumiem, lai saprastu m\u016bsu pas\u016bt\u012b\u0161anas, maks\u0101jumu un atgrie\u0161anas noteikumus. Dro\u0161i iep\u0113rkieties ar skaidriem noteikumiem. Uzzin\u0101t vair\u0101k\" \/>\n<meta property=\"og:url\" content=\"https:\/\/bactohouse.eu\/lv\/iepirkuma-noteikumi\/\" \/>\n<meta property=\"og:site_name\" content=\"Bactohouse\" \/>\n<meta property=\"article:modified_time\" content=\"2025-02-17T13:19:10+00:00\" \/>\n<meta property=\"og:image\" content=\"https:\/\/bactohouse.eu\/wp-content\/uploads\/2025\/01\/Bactohouse_logo.webp\" \/>\n\t<meta property=\"og:image:width\" content=\"628\" \/>\n\t<meta property=\"og:image:height\" content=\"195\" \/>\n\t<meta property=\"og:image:type\" content=\"image\/webp\" \/>\n<meta name=\"twitter:card\" content=\"summary_large_image\" \/>\n<meta name=\"twitter:label1\" content=\"Est. reading time\" \/>\n\t<meta name=\"twitter:data1\" content=\"5 minutes\" \/>\n<script type=\"application\/ld+json\" class=\"yoast-schema-graph\">{\"@context\":\"https:\\\/\\\/schema.org\",\"@graph\":[{\"@type\":\"WebPage\",\"@id\":\"https:\\\/\\\/bactohouse.eu\\\/lv\\\/iepirkuma-noteikumi\\\/\",\"url\":\"https:\\\/\\\/bactohouse.eu\\\/lv\\\/iepirkuma-noteikumi\\\/\",\"name\":\"Iepirkuma noteikumi - Bactohouse\",\"isPartOf\":{\"@id\":\"https:\\\/\\\/bactohouse.eu\\\/lv\\\/#website\"},\"datePublished\":\"2024-12-10T14:10:20+00:00\",\"dateModified\":\"2025-02-17T13:19:10+00:00\",\"description\":\"Iepaz\u012bstieties ar Bactohouse pirkuma noteikumiem, lai saprastu m\u016bsu pas\u016bt\u012b\u0161anas, maks\u0101jumu un atgrie\u0161anas noteikumus. Dro\u0161i iep\u0113rkieties ar skaidriem noteikumiem. Uzzin\u0101t vair\u0101k\",\"breadcrumb\":{\"@id\":\"https:\\\/\\\/bactohouse.eu\\\/lv\\\/iepirkuma-noteikumi\\\/#breadcrumb\"},\"inLanguage\":\"lv-LV\",\"potentialAction\":[{\"@type\":\"ReadAction\",\"target\":[\"https:\\\/\\\/bactohouse.eu\\\/lv\\\/iepirkuma-noteikumi\\\/\"]}]},{\"@type\":\"BreadcrumbList\",\"@id\":\"https:\\\/\\\/bactohouse.eu\\\/lv\\\/iepirkuma-noteikumi\\\/#breadcrumb\",\"itemListElement\":[{\"@type\":\"ListItem\",\"position\":1,\"name\":\"Home\",\"item\":\"https:\\\/\\\/bactohouse.eu\\\/lv\\\/\"},{\"@type\":\"ListItem\",\"position\":2,\"name\":\"Iepirkuma noteikumi\"}]},{\"@type\":\"WebSite\",\"@id\":\"https:\\\/\\\/bactohouse.eu\\\/lv\\\/#website\",\"url\":\"https:\\\/\\\/bactohouse.eu\\\/lv\\\/\",\"name\":\"Bactohouse\",\"description\":\"Good Bacteria in Liquid Form\",\"publisher\":{\"@id\":\"https:\\\/\\\/bactohouse.eu\\\/lv\\\/#organization\"},\"potentialAction\":[{\"@type\":\"SearchAction\",\"target\":{\"@type\":\"EntryPoint\",\"urlTemplate\":\"https:\\\/\\\/bactohouse.eu\\\/lv\\\/?s={search_term_string}\"},\"query-input\":{\"@type\":\"PropertyValueSpecification\",\"valueRequired\":true,\"valueName\":\"search_term_string\"}}],\"inLanguage\":\"lv-LV\"},{\"@type\":\"Organization\",\"@id\":\"https:\\\/\\\/bactohouse.eu\\\/lv\\\/#organization\",\"name\":\"Bactohouse\",\"url\":\"https:\\\/\\\/bactohouse.eu\\\/lv\\\/\",\"logo\":{\"@type\":\"ImageObject\",\"inLanguage\":\"lv-LV\",\"@id\":\"https:\\\/\\\/bactohouse.eu\\\/lv\\\/#\\\/schema\\\/logo\\\/image\\\/\",\"url\":\"https:\\\/\\\/bactohouse.eu\\\/wp-content\\\/uploads\\\/2025\\\/01\\\/Bactohouse_logo.webp\",\"contentUrl\":\"https:\\\/\\\/bactohouse.eu\\\/wp-content\\\/uploads\\\/2025\\\/01\\\/Bactohouse_logo.webp\",\"width\":628,\"height\":195,\"caption\":\"Bactohouse\"},\"image\":{\"@id\":\"https:\\\/\\\/bactohouse.eu\\\/lv\\\/#\\\/schema\\\/logo\\\/image\\\/\"}}]}<\/script>\n<!-- \/ Yoast SEO plugin. -->","yoast_head_json":{"title":"Iepirkuma noteikumi - Bactohouse","description":"Iepaz\u012bstieties ar Bactohouse pirkuma noteikumiem, lai saprastu m\u016bsu pas\u016bt\u012b\u0161anas, maks\u0101jumu un atgrie\u0161anas noteikumus. Dro\u0161i iep\u0113rkieties ar skaidriem noteikumiem. Uzzin\u0101t vair\u0101k","robots":{"index":"index","follow":"follow","max-snippet":"max-snippet:-1","max-image-preview":"max-image-preview:large","max-video-preview":"max-video-preview:-1"},"canonical":"https:\/\/bactohouse.eu\/lv\/iepirkuma-noteikumi\/","og_locale":"lv_LV","og_type":"article","og_title":"Iepirkuma noteikumi - Bactohouse","og_description":"Iepaz\u012bstieties ar Bactohouse pirkuma noteikumiem, lai saprastu m\u016bsu pas\u016bt\u012b\u0161anas, maks\u0101jumu un atgrie\u0161anas noteikumus. Dro\u0161i iep\u0113rkieties ar skaidriem noteikumiem. Uzzin\u0101t vair\u0101k","og_url":"https:\/\/bactohouse.eu\/lv\/iepirkuma-noteikumi\/","og_site_name":"Bactohouse","article_modified_time":"2025-02-17T13:19:10+00:00","og_image":[{"width":628,"height":195,"url":"https:\/\/bactohouse.eu\/wp-content\/uploads\/2025\/01\/Bactohouse_logo.webp","type":"image\/webp"}],"twitter_card":"summary_large_image","twitter_misc":{"Est. reading time":"5 minutes"},"schema":{"@context":"https:\/\/schema.org","@graph":[{"@type":"WebPage","@id":"https:\/\/bactohouse.eu\/lv\/iepirkuma-noteikumi\/","url":"https:\/\/bactohouse.eu\/lv\/iepirkuma-noteikumi\/","name":"Iepirkuma noteikumi - Bactohouse","isPartOf":{"@id":"https:\/\/bactohouse.eu\/lv\/#website"},"datePublished":"2024-12-10T14:10:20+00:00","dateModified":"2025-02-17T13:19:10+00:00","description":"Iepaz\u012bstieties ar Bactohouse pirkuma noteikumiem, lai saprastu m\u016bsu pas\u016bt\u012b\u0161anas, maks\u0101jumu un atgrie\u0161anas noteikumus. Dro\u0161i iep\u0113rkieties ar skaidriem noteikumiem. Uzzin\u0101t vair\u0101k","breadcrumb":{"@id":"https:\/\/bactohouse.eu\/lv\/iepirkuma-noteikumi\/#breadcrumb"},"inLanguage":"lv-LV","potentialAction":[{"@type":"ReadAction","target":["https:\/\/bactohouse.eu\/lv\/iepirkuma-noteikumi\/"]}]},{"@type":"BreadcrumbList","@id":"https:\/\/bactohouse.eu\/lv\/iepirkuma-noteikumi\/#breadcrumb","itemListElement":[{"@type":"ListItem","position":1,"name":"Home","item":"https:\/\/bactohouse.eu\/lv\/"},{"@type":"ListItem","position":2,"name":"Iepirkuma noteikumi"}]},{"@type":"WebSite","@id":"https:\/\/bactohouse.eu\/lv\/#website","url":"https:\/\/bactohouse.eu\/lv\/","name":"Bactohouse","description":"Good Bacteria in Liquid Form","publisher":{"@id":"https:\/\/bactohouse.eu\/lv\/#organization"},"potentialAction":[{"@type":"SearchAction","target":{"@type":"EntryPoint","urlTemplate":"https:\/\/bactohouse.eu\/lv\/?s={search_term_string}"},"query-input":{"@type":"PropertyValueSpecification","valueRequired":true,"valueName":"search_term_string"}}],"inLanguage":"lv-LV"},{"@type":"Organization","@id":"https:\/\/bactohouse.eu\/lv\/#organization","name":"Bactohouse","url":"https:\/\/bactohouse.eu\/lv\/","logo":{"@type":"ImageObject","inLanguage":"lv-LV","@id":"https:\/\/bactohouse.eu\/lv\/#\/schema\/logo\/image\/","url":"https:\/\/bactohouse.eu\/wp-content\/uploads\/2025\/01\/Bactohouse_logo.webp","contentUrl":"https:\/\/bactohouse.eu\/wp-content\/uploads\/2025\/01\/Bactohouse_logo.webp","width":628,"height":195,"caption":"Bactohouse"},"image":{"@id":"https:\/\/bactohouse.eu\/lv\/#\/schema\/logo\/image\/"}}]}},"jetpack_sharing_enabled":true,"_links":{"self":[{"href":"https:\/\/bactohouse.eu\/lv\/wp-json\/wp\/v2\/pages\/5991","targetHints":{"allow":["GET"]}}],"collection":[{"href":"https:\/\/bactohouse.eu\/lv\/wp-json\/wp\/v2\/pages"}],"about":[{"href":"https:\/\/bactohouse.eu\/lv\/wp-json\/wp\/v2\/types\/page"}],"author":[{"embeddable":true,"href":"https:\/\/bactohouse.eu\/lv\/wp-json\/wp\/v2\/users\/1"}],"replies":[{"embeddable":true,"href":"https:\/\/bactohouse.eu\/lv\/wp-json\/wp\/v2\/comments?post=5991"}],"version-history":[{"count":1,"href":"https:\/\/bactohouse.eu\/lv\/wp-json\/wp\/v2\/pages\/5991\/revisions"}],"predecessor-version":[{"id":5993,"href":"https:\/\/bactohouse.eu\/lv\/wp-json\/wp\/v2\/pages\/5991\/revisions\/5993"}],"wp:attachment":[{"href":"https:\/\/bactohouse.eu\/lv\/wp-json\/wp\/v2\/media?parent=5991"}],"curies":[{"name":"wp","href":"https:\/\/api.w.org\/{rel}","templated":true}]}}