{"id":5943,"date":"2024-12-10T16:10:26","date_gmt":"2024-12-10T14:10:26","guid":{"rendered":"https:\/\/bactohouse.eu\/precu-piegade\/"},"modified":"2025-02-17T15:18:35","modified_gmt":"2025-02-17T13:18:35","slug":"precu-piegade","status":"publish","type":"page","link":"https:\/\/bactohouse.eu\/lv\/precu-piegade\/","title":{"rendered":"Pre\u010du pieg\u0101de"},"content":{"rendered":"\t\t<div data-elementor-type=\"wp-page\" data-elementor-id=\"5943\" class=\"elementor elementor-5943 elementor-5872\" data-elementor-post-type=\"page\">\n\t\t\t\t<div class=\"elementor-element elementor-element-ac7418d e-flex e-con-boxed e-con e-parent\" data-id=\"ac7418d\" data-element_type=\"container\" data-e-type=\"container\">\n\t\t\t\t\t<div class=\"e-con-inner\">\n\t\t\t\t<div class=\"elementor-element elementor-element-aabc63d elementor-widget__width-initial elementor-widget elementor-widget-heading\" data-id=\"aabc63d\" data-element_type=\"widget\" data-e-type=\"widget\" data-widget_type=\"heading.default\">\n\t\t\t\t<div class=\"elementor-widget-container\">\n\t\t\t\t\t<h2 class=\"elementor-heading-title elementor-size-default\"><div>\n    <h2>1. Pieg\u0101des iesp\u0113jas<\/h2>\n    <p>Pas\u016btot preces, Pirc\u0113js var izv\u0113l\u0113ties vienu no Noteikumu 3. un 4. punkt\u0101 min\u0113tajiem pieg\u0101des veidiem.<\/p>\n\n    <h2>2. Sa\u0146\u0113m\u0113ja inform\u0101cija<\/h2>\n    <p>Ja Pirc\u0113js preces nepie\u0146ems person\u012bgi, Pirc\u0113ja pieg\u0101des inform\u0101cij\u0101 j\u0101nor\u0101da inform\u0101cija par personu, kas ir pilnvarota pie\u0146emt preces.<\/p>\n\n    <h2>3. Kurjera vai pastnieka pieg\u0101de<\/h2>\n    <ul>\n        <li><strong>3.1.<\/strong>  Pirc\u0113jam ir j\u0101nor\u0101da prec\u012bza pieg\u0101des adrese.<\/li>\n        <li><strong>3.2.<\/strong>  Pirc\u0113jam preces j\u0101pie\u0146em person\u012bgi vai pas\u016bt\u012bjum\u0101 j\u0101nor\u0101da pilnvarotais p\u0101rst\u0101vis, nor\u0101dot t\u0101 rekviz\u012btus. Sa\u0146emot preci, j\u0101uzr\u0101da der\u012bgs personu apliecino\u0161s dokuments (personas apliec\u012bba, pase vai jauna parauga vad\u012bt\u0101ja apliec\u012bba). Ja ne Pirc\u0113js, ne pilnvarotais p\u0101rst\u0101vis nav pieejams, lai pie\u0146emtu pieg\u0101di nor\u0101d\u012btaj\u0101 adres\u0113, Pirc\u0113js nevar saukt P\u0101rdev\u0113ju pie atbild\u012bbas par pieg\u0101di nepareizai personai.  <\/li>\n        <li><strong>3.3.<\/strong>  Preces uz Pirc\u0113ja r\u0113\u0137ina pieg\u0101d\u0101 P\u0101rdev\u0113ja pilnvaroti p\u0101rst\u0101vji.<\/li>\n        <li><strong>3.4.<\/strong>  Pieg\u0101des izmaksas ir atkar\u012bgas no pre\u010du svara, cenas, izv\u0113l\u0113t\u0101 apmaksas veida un pieg\u0101des metodes.<\/li>\n        <li><strong>3.5.<\/strong>  Pieg\u0101des cenas ir sp\u0113k\u0101 tikai Lietuvas teritorij\u0101, iz\u0146emot Kur\u0161u k\u0101pu. Par pieg\u0101di uz cit\u0101m viet\u0101m P\u0101rdev\u0113js un Pirc\u0113js var vienoties atsevi\u0161\u0137i. <\/li>\n        <li><strong>3.6.<\/strong>  Ja preces netiek pieg\u0101d\u0101tas paredz\u0113taj\u0101 dien\u0101, Pirc\u0113jam nekav\u0113joties, bet ne v\u0113l\u0101k k\u0101 n\u0101kamaj\u0101 darba dien\u0101, j\u0101inform\u0113 P\u0101rdev\u0113js.<\/li>\n        <li><strong>3.7.<\/strong>  Pas\u016bt\u012bjumiem, kas p\u0101rsniedz 31,5 kg, pieg\u0101des pakalpojums uz m\u0101j\u0101m neietver pre\u010du ieve\u0161anu iek\u0161\u0101; \u0161o pakalpojumu var pas\u016bt\u012bt papildus.<\/li>\n    <\/ul>\n\n    <h2>4. Pieg\u0101de uz paku ma\u0161\u012bn\u0101m<\/h2>\n    <p>Pirc\u0113jam ir j\u0101izv\u0113las pieejam\u0101 paku ma\u0161\u012bna no saraksta pie kases.<\/p>\n\n    <h2>5. Pieg\u0101des termi\u0146a iz\u0146\u0113mumi<\/h2>\n    <p>P\u0101rdev\u0113js nav atbild\u012bgs par kav\u0113jumiem, ja preces netiek pieg\u0101d\u0101tas vai tiek aizkav\u0113ta to pieg\u0101de tre\u0161o pu\u0161u probl\u0113mu vai no P\u0101rdev\u0113ja neatkar\u012bgu apst\u0101k\u013cu d\u0113\u013c.<\/p>\n\n    <h2>6. P\u0101rbaude p\u0113c pieg\u0101des<\/h2>\n    <p>P\u0113c pieg\u0101des Pirc\u0113jam kop\u0101 ar kurjeru j\u0101p\u0101rbauda s\u016bt\u012bjuma un pre\u010du st\u0101voklis un j\u0101paraksta s\u016bt\u012bjuma nodo\u0161anas un pie\u0146em\u0161anas dokuments. Parakstot Pirc\u0113js apliecina, ka preces ir atbilsto\u0161\u0101 st\u0101vokl\u012b, bez redzamiem boj\u0101jumiem vai neatbilst\u012bb\u0101m, iz\u0146emot r\u016bpn\u012bcas defektus vai probl\u0113mas, kas nav konstat\u0113jamas, veicot \u0101r\u0113jo p\u0101rbaudi. <\/p>\n\n    <h2>7. Zi\u0146o\u0161anas jaut\u0101jumi<\/h2>\n    <p>Ja ir k\u0101ds iepakojuma vai s\u016bt\u012bjuma boj\u0101jums vai ja ir neatbilst\u012bba daudzum\u0101, kvalit\u0101t\u0113 vai sortiment\u0101, Pirc\u0113jam vai pilnvarotajam p\u0101rst\u0101vim nevajadz\u0113tu pie\u0146emt s\u016bt\u012bjumu. Kurjeram un Pirc\u0113jam (vai p\u0101rst\u0101vim) ir j\u0101aizpilda iepakojuma p\u0101rk\u0101pumu protokols, nor\u0101dot defektus. Ja \u0161ie pas\u0101kumi netiek veikti, P\u0101rdev\u0113js nav atbild\u012bgs par boj\u0101jumiem vai neatbilst\u012bb\u0101m, ja vien tie nav r\u016bpn\u012bcas defekti vai probl\u0113mas, kas konstat\u0113jamas \u0101r\u0113j\u0101s p\u0101rbaudes laik\u0101.  <\/p>\n\n    <h2>8. Riska nodo\u0161ana<\/h2>\n    <p>Nejau\u0161as nozaud\u0113\u0161anas vai boj\u0101juma risks p\u0101riet uz Pirc\u0113ju, tikl\u012bdz preces ir nodotas.<\/p>\n\n    <h2>9. Neatg\u016bt\u0101s preces<\/h2>\n    <p>Ja Pirc\u0113js noteiktaj\u0101 termi\u0146\u0101 preces nesa\u0146em vai pieg\u0101de nav izdevusies un nav veikts maks\u0101jums, preces tiek atdotas P\u0101rdev\u0113jam, un pas\u016bt\u012bjums tiek anul\u0113ts.<\/p>\n<\/div>\n<\/h2>\t\t\t\t<\/div>\n\t\t\t\t<\/div>\n\t\t\t\t\t<\/div>\n\t\t\t\t<\/div>\n\t\t\t\t<\/div>\n\t\t","protected":false},"excerpt":{"rendered":"<p>1. Pieg\u0101des iesp\u0113jas Pas\u016btot preces, Pirc\u0113js var izv\u0113l\u0113ties vienu no Noteikumu 3. un 4. punkt\u0101 min\u0113tajiem pieg\u0101des veidiem.&hellip;<\/p>\n","protected":false},"author":1,"featured_media":0,"parent":0,"menu_order":0,"comment_status":"closed","ping_status":"closed","template":"elementor_header_footer","meta":{"footnotes":""},"class_list":["post-5943","page","type-page","status-publish","hentry"],"yoast_head":"<!-- This site is optimized with the Yoast SEO plugin v27.3 - https:\/\/yoast.com\/product\/yoast-seo-wordpress\/ -->\n<title>Bactohouse Pieg\u0101de - \u0101tra un uzticama pieg\u0101de<\/title>\n<meta name=\"description\" content=\"Uzziniet vair\u0101k par Bactohouse pieg\u0101des iesp\u0113j\u0101m! \u0100tra un dro\u0161a pieg\u0101de uz j\u016bsu atra\u0161an\u0101s vietu. Skatiet paredzamos laikus, izmaksas un noteikumus.\" \/>\n<meta name=\"robots\" content=\"index, follow, max-snippet:-1, max-image-preview:large, max-video-preview:-1\" \/>\n<link rel=\"canonical\" href=\"https:\/\/bactohouse.eu\/lv\/precu-piegade\/\" \/>\n<meta property=\"og:locale\" content=\"lv_LV\" \/>\n<meta property=\"og:type\" content=\"article\" \/>\n<meta property=\"og:title\" content=\"Bactohouse Pieg\u0101de - \u0101tra un uzticama pieg\u0101de\" \/>\n<meta property=\"og:description\" content=\"Uzziniet vair\u0101k par Bactohouse pieg\u0101des iesp\u0113j\u0101m! \u0100tra un dro\u0161a pieg\u0101de uz j\u016bsu atra\u0161an\u0101s vietu. Skatiet paredzamos laikus, izmaksas un noteikumus.\" \/>\n<meta property=\"og:url\" content=\"https:\/\/bactohouse.eu\/lv\/precu-piegade\/\" \/>\n<meta property=\"og:site_name\" content=\"Bactohouse\" \/>\n<meta property=\"article:modified_time\" content=\"2025-02-17T13:18:35+00:00\" \/>\n<meta property=\"og:image\" content=\"https:\/\/bactohouse.eu\/wp-content\/uploads\/2025\/01\/Bactohouse_logo.webp\" \/>\n\t<meta property=\"og:image:width\" content=\"628\" \/>\n\t<meta property=\"og:image:height\" content=\"195\" \/>\n\t<meta property=\"og:image:type\" content=\"image\/webp\" \/>\n<meta name=\"twitter:card\" content=\"summary_large_image\" \/>\n<meta name=\"twitter:label1\" content=\"Est. reading time\" \/>\n\t<meta name=\"twitter:data1\" content=\"3 minutes\" \/>\n<script type=\"application\/ld+json\" class=\"yoast-schema-graph\">{\"@context\":\"https:\\\/\\\/schema.org\",\"@graph\":[{\"@type\":\"WebPage\",\"@id\":\"https:\\\/\\\/bactohouse.eu\\\/lv\\\/precu-piegade\\\/\",\"url\":\"https:\\\/\\\/bactohouse.eu\\\/lv\\\/precu-piegade\\\/\",\"name\":\"Bactohouse Pieg\u0101de - \u0101tra un uzticama pieg\u0101de\",\"isPartOf\":{\"@id\":\"https:\\\/\\\/bactohouse.eu\\\/lv\\\/#website\"},\"datePublished\":\"2024-12-10T14:10:26+00:00\",\"dateModified\":\"2025-02-17T13:18:35+00:00\",\"description\":\"Uzziniet vair\u0101k par Bactohouse pieg\u0101des iesp\u0113j\u0101m! \u0100tra un dro\u0161a pieg\u0101de uz j\u016bsu atra\u0161an\u0101s vietu. Skatiet paredzamos laikus, izmaksas un noteikumus.\",\"breadcrumb\":{\"@id\":\"https:\\\/\\\/bactohouse.eu\\\/lv\\\/precu-piegade\\\/#breadcrumb\"},\"inLanguage\":\"lv-LV\",\"potentialAction\":[{\"@type\":\"ReadAction\",\"target\":[\"https:\\\/\\\/bactohouse.eu\\\/lv\\\/precu-piegade\\\/\"]}]},{\"@type\":\"BreadcrumbList\",\"@id\":\"https:\\\/\\\/bactohouse.eu\\\/lv\\\/precu-piegade\\\/#breadcrumb\",\"itemListElement\":[{\"@type\":\"ListItem\",\"position\":1,\"name\":\"Home\",\"item\":\"https:\\\/\\\/bactohouse.eu\\\/lv\\\/\"},{\"@type\":\"ListItem\",\"position\":2,\"name\":\"Pre\u010du pieg\u0101de\"}]},{\"@type\":\"WebSite\",\"@id\":\"https:\\\/\\\/bactohouse.eu\\\/lv\\\/#website\",\"url\":\"https:\\\/\\\/bactohouse.eu\\\/lv\\\/\",\"name\":\"Bactohouse\",\"description\":\"Good Bacteria in Liquid Form\",\"publisher\":{\"@id\":\"https:\\\/\\\/bactohouse.eu\\\/lv\\\/#organization\"},\"potentialAction\":[{\"@type\":\"SearchAction\",\"target\":{\"@type\":\"EntryPoint\",\"urlTemplate\":\"https:\\\/\\\/bactohouse.eu\\\/lv\\\/?s={search_term_string}\"},\"query-input\":{\"@type\":\"PropertyValueSpecification\",\"valueRequired\":true,\"valueName\":\"search_term_string\"}}],\"inLanguage\":\"lv-LV\"},{\"@type\":\"Organization\",\"@id\":\"https:\\\/\\\/bactohouse.eu\\\/lv\\\/#organization\",\"name\":\"Bactohouse\",\"url\":\"https:\\\/\\\/bactohouse.eu\\\/lv\\\/\",\"logo\":{\"@type\":\"ImageObject\",\"inLanguage\":\"lv-LV\",\"@id\":\"https:\\\/\\\/bactohouse.eu\\\/lv\\\/#\\\/schema\\\/logo\\\/image\\\/\",\"url\":\"https:\\\/\\\/bactohouse.eu\\\/wp-content\\\/uploads\\\/2025\\\/01\\\/Bactohouse_logo.webp\",\"contentUrl\":\"https:\\\/\\\/bactohouse.eu\\\/wp-content\\\/uploads\\\/2025\\\/01\\\/Bactohouse_logo.webp\",\"width\":628,\"height\":195,\"caption\":\"Bactohouse\"},\"image\":{\"@id\":\"https:\\\/\\\/bactohouse.eu\\\/lv\\\/#\\\/schema\\\/logo\\\/image\\\/\"}}]}<\/script>\n<!-- \/ Yoast SEO plugin. -->","yoast_head_json":{"title":"Bactohouse Pieg\u0101de - \u0101tra un uzticama pieg\u0101de","description":"Uzziniet vair\u0101k par Bactohouse pieg\u0101des iesp\u0113j\u0101m! \u0100tra un dro\u0161a pieg\u0101de uz j\u016bsu atra\u0161an\u0101s vietu. Skatiet paredzamos laikus, izmaksas un noteikumus.","robots":{"index":"index","follow":"follow","max-snippet":"max-snippet:-1","max-image-preview":"max-image-preview:large","max-video-preview":"max-video-preview:-1"},"canonical":"https:\/\/bactohouse.eu\/lv\/precu-piegade\/","og_locale":"lv_LV","og_type":"article","og_title":"Bactohouse Pieg\u0101de - \u0101tra un uzticama pieg\u0101de","og_description":"Uzziniet vair\u0101k par Bactohouse pieg\u0101des iesp\u0113j\u0101m! \u0100tra un dro\u0161a pieg\u0101de uz j\u016bsu atra\u0161an\u0101s vietu. Skatiet paredzamos laikus, izmaksas un noteikumus.","og_url":"https:\/\/bactohouse.eu\/lv\/precu-piegade\/","og_site_name":"Bactohouse","article_modified_time":"2025-02-17T13:18:35+00:00","og_image":[{"width":628,"height":195,"url":"https:\/\/bactohouse.eu\/wp-content\/uploads\/2025\/01\/Bactohouse_logo.webp","type":"image\/webp"}],"twitter_card":"summary_large_image","twitter_misc":{"Est. reading time":"3 minutes"},"schema":{"@context":"https:\/\/schema.org","@graph":[{"@type":"WebPage","@id":"https:\/\/bactohouse.eu\/lv\/precu-piegade\/","url":"https:\/\/bactohouse.eu\/lv\/precu-piegade\/","name":"Bactohouse Pieg\u0101de - \u0101tra un uzticama pieg\u0101de","isPartOf":{"@id":"https:\/\/bactohouse.eu\/lv\/#website"},"datePublished":"2024-12-10T14:10:26+00:00","dateModified":"2025-02-17T13:18:35+00:00","description":"Uzziniet vair\u0101k par Bactohouse pieg\u0101des iesp\u0113j\u0101m! \u0100tra un dro\u0161a pieg\u0101de uz j\u016bsu atra\u0161an\u0101s vietu. Skatiet paredzamos laikus, izmaksas un noteikumus.","breadcrumb":{"@id":"https:\/\/bactohouse.eu\/lv\/precu-piegade\/#breadcrumb"},"inLanguage":"lv-LV","potentialAction":[{"@type":"ReadAction","target":["https:\/\/bactohouse.eu\/lv\/precu-piegade\/"]}]},{"@type":"BreadcrumbList","@id":"https:\/\/bactohouse.eu\/lv\/precu-piegade\/#breadcrumb","itemListElement":[{"@type":"ListItem","position":1,"name":"Home","item":"https:\/\/bactohouse.eu\/lv\/"},{"@type":"ListItem","position":2,"name":"Pre\u010du pieg\u0101de"}]},{"@type":"WebSite","@id":"https:\/\/bactohouse.eu\/lv\/#website","url":"https:\/\/bactohouse.eu\/lv\/","name":"Bactohouse","description":"Good Bacteria in Liquid Form","publisher":{"@id":"https:\/\/bactohouse.eu\/lv\/#organization"},"potentialAction":[{"@type":"SearchAction","target":{"@type":"EntryPoint","urlTemplate":"https:\/\/bactohouse.eu\/lv\/?s={search_term_string}"},"query-input":{"@type":"PropertyValueSpecification","valueRequired":true,"valueName":"search_term_string"}}],"inLanguage":"lv-LV"},{"@type":"Organization","@id":"https:\/\/bactohouse.eu\/lv\/#organization","name":"Bactohouse","url":"https:\/\/bactohouse.eu\/lv\/","logo":{"@type":"ImageObject","inLanguage":"lv-LV","@id":"https:\/\/bactohouse.eu\/lv\/#\/schema\/logo\/image\/","url":"https:\/\/bactohouse.eu\/wp-content\/uploads\/2025\/01\/Bactohouse_logo.webp","contentUrl":"https:\/\/bactohouse.eu\/wp-content\/uploads\/2025\/01\/Bactohouse_logo.webp","width":628,"height":195,"caption":"Bactohouse"},"image":{"@id":"https:\/\/bactohouse.eu\/lv\/#\/schema\/logo\/image\/"}}]}},"jetpack_sharing_enabled":true,"_links":{"self":[{"href":"https:\/\/bactohouse.eu\/lv\/wp-json\/wp\/v2\/pages\/5943","targetHints":{"allow":["GET"]}}],"collection":[{"href":"https:\/\/bactohouse.eu\/lv\/wp-json\/wp\/v2\/pages"}],"about":[{"href":"https:\/\/bactohouse.eu\/lv\/wp-json\/wp\/v2\/types\/page"}],"author":[{"embeddable":true,"href":"https:\/\/bactohouse.eu\/lv\/wp-json\/wp\/v2\/users\/1"}],"replies":[{"embeddable":true,"href":"https:\/\/bactohouse.eu\/lv\/wp-json\/wp\/v2\/comments?post=5943"}],"version-history":[{"count":1,"href":"https:\/\/bactohouse.eu\/lv\/wp-json\/wp\/v2\/pages\/5943\/revisions"}],"predecessor-version":[{"id":5945,"href":"https:\/\/bactohouse.eu\/lv\/wp-json\/wp\/v2\/pages\/5943\/revisions\/5945"}],"wp:attachment":[{"href":"https:\/\/bactohouse.eu\/lv\/wp-json\/wp\/v2\/media?parent=5943"}],"curies":[{"name":"wp","href":"https:\/\/api.w.org\/{rel}","templated":true}]}}