{"id":7158,"date":"2025-02-21T19:16:18","date_gmt":"2025-02-21T17:16:18","guid":{"rendered":"https:\/\/bactohouse.eu\/shop\/kaeraribaari-heade-bakteritega\/"},"modified":"2025-02-21T19:39:58","modified_gmt":"2025-02-21T17:39:58","slug":"kaeraribaari-heade-bakteritega","status":"publish","type":"product","link":"https:\/\/bactohouse.eu\/et\/shop\/kaeraribaari-heade-bakteritega\/","title":{"rendered":"Kaeraribaari heade bakteritega"},"content":{"rendered":"<p><strong>Kaerapatukad elusate bakteritega<\/strong><br \/>\nNetosisaldus 60 g<\/p>\n<p><strong>Koostisosad:<\/strong> fermenteeritud kaerap\u00fcree 36% (joogivesi, fermenteeritud kaerahelbed, lakto- ja bifidobakterite kultuurid, happesuse regulaator naatriumvesinikkarbonaat), datlijahu, kaerakliid, valge plantaini seemnekoored, chia seemned, k\u00fclmpressitud rafineerimata kookos\u00f5li, aprikoosituumapulber, paisutatud amarandi seemned.<\/p>\n<p data-start=\"155\" data-end=\"199\"><strong data-start=\"159\" data-end=\"197\">Toitumisalane teave (100 g kohta)<\/strong><\/p>\n<table data-start=\"201\" data-end=\"606\">\n<thead data-start=\"201\" data-end=\"248\">\n<tr data-start=\"201\" data-end=\"248\">\n<th data-start=\"201\" data-end=\"212\">Toitained<\/th>\n<th data-start=\"212\" data-end=\"230\">Kogus 100 g kohta<\/th>\n<th data-start=\"230\" data-end=\"248\">RI% (100g kohta)<\/th>\n<\/tr>\n<\/thead>\n<tbody data-start=\"296\" data-end=\"606\">\n<tr data-start=\"296\" data-end=\"347\">\n<td><strong data-start=\"298\" data-end=\"308\">Energia<\/strong><\/td>\n<td>1202 kJ \/ 288 kcal<\/td>\n<td>14.3% \/ 14.4%<\/td>\n<\/tr>\n<tr data-start=\"348\" data-end=\"377\">\n<td><strong data-start=\"350\" data-end=\"358\">Rasvad<\/strong><\/td>\n<td>11.1 g<\/td>\n<td>15.9%<\/td>\n<\/tr>\n<tr data-start=\"378\" data-end=\"430\">\n<td>&#8211; millest k\u00fcllastunud rasvhapped<\/td>\n<td>6.9 g<\/td>\n<td>34.5%<\/td>\n<\/tr>\n<tr data-start=\"431\" data-end=\"470\">\n<td><strong data-start=\"433\" data-end=\"450\">S\u00fcsivesikud<\/strong><\/td>\n<td>46.64 g<\/td>\n<td>17.9%<\/td>\n<\/tr>\n<tr data-start=\"471\" data-end=\"511\">\n<td>&#8211; millest suhkrud<\/td>\n<td>13.02 g<\/td>\n<td>14.47%<\/td>\n<\/tr>\n<tr data-start=\"512\" data-end=\"546\">\n<td><strong data-start=\"514\" data-end=\"531\">Kiudained<\/strong><\/td>\n<td>18.3 g<\/td>\n<td>&#8211;<\/td>\n<\/tr>\n<tr data-start=\"547\" data-end=\"579\">\n<td><strong data-start=\"549\" data-end=\"561\">Valgud<\/strong><\/td>\n<td>9.6 g<\/td>\n<td>19.2%<\/td>\n<\/tr>\n<tr data-start=\"580\" data-end=\"606\">\n<td><strong data-start=\"582\" data-end=\"590\">Sool<\/strong><\/td>\n<td>0.18 g<\/td>\n<td>3%<\/td>\n<\/tr>\n<\/tbody>\n<\/table>\n<p data-start=\"591\" data-end=\"748\"><strong data-start=\"591\" data-end=\"609\">Elusbakterid:<\/strong><br data-start=\"609\" data-end=\"612\">Sisaldab mesofiilseid piimhappebaktereid, bifidobaktereid, <em data-start=\"670\" data-end=\"697\">Lactobacillus delbrueckii<\/em> subsp. <em data-start=\"705\" data-end=\"717\">bulgaricus<\/em>, <em data-start=\"719\" data-end=\"747\">Streptococcus thermophilus<\/em>.<\/p>\n<p data-start=\"591\" data-end=\"748\">Ladustamine. S\u00e4ilitada k\u00fclmkapis temperatuuril 0-12 \u00b0C.<br \/>\nTootja MB &#8220;M\u0117melio prekyba&#8221;, Draugyst\u0117s 3-ioji g. 3, LT-92322 Klaip\u0117da, Leedu.  <\/p>\n","protected":false},"excerpt":{"rendered":"<p>Kaerapatukad elusate bakteritega Netosisaldus 60 g Koostisosad: fermenteeritud kaerap\u00fcree 36% (joogivesi, fermenteeritud kaerahelbed, lakto- ja bifidobakterite kultuurid, happesuse&hellip;<\/p>\n","protected":false},"featured_media":7151,"comment_status":"closed","ping_status":"closed","template":"","meta":[],"product_cat":[183],"product_tag":[],"class_list":{"0":"post-7158","1":"product","2":"type-product","3":"status-publish","4":"has-post-thumbnail","6":"product_cat-muud-tooted","8":"first","9":"instock","10":"taxable","11":"shipping-taxable","12":"purchasable","13":"product-type-simple"},"yoast_head":"<!-- This site is optimized with the Yoast SEO plugin v27.3 - https:\/\/yoast.com\/product\/yoast-seo-wordpress\/ -->\n<title>Kaeraribaari heade bakteritega - Bactohouse<\/title>\n<meta name=\"robots\" content=\"index, follow, max-snippet:-1, max-image-preview:large, max-video-preview:-1\" \/>\n<link rel=\"canonical\" href=\"https:\/\/bactohouse.eu\/et\/shop\/kaeraribaari-heade-bakteritega\/\" \/>\n<meta property=\"og:locale\" content=\"et_EE\" \/>\n<meta property=\"og:type\" content=\"article\" \/>\n<meta property=\"og:title\" content=\"Kaeraribaari heade bakteritega - Bactohouse\" \/>\n<meta property=\"og:description\" content=\"Kaerapatukad elusate bakteritega Netosisaldus 60 g Koostisosad: fermenteeritud kaerap\u00fcree 36% (joogivesi, fermenteeritud kaerahelbed, lakto- ja bifidobakterite kultuurid, happesuse&hellip;\" \/>\n<meta property=\"og:url\" content=\"https:\/\/bactohouse.eu\/et\/shop\/kaeraribaari-heade-bakteritega\/\" \/>\n<meta property=\"og:site_name\" content=\"Bactohouse\" \/>\n<meta property=\"article:modified_time\" content=\"2025-02-21T17:39:58+00:00\" \/>\n<meta property=\"og:image\" content=\"https:\/\/bactohouse.eu\/wp-content\/uploads\/2025\/02\/11-scaled.jpg\" \/>\n\t<meta property=\"og:image:width\" content=\"3360\" \/>\n\t<meta property=\"og:image:height\" content=\"3360\" \/>\n\t<meta property=\"og:image:type\" content=\"image\/jpeg\" \/>\n<meta name=\"twitter:card\" content=\"summary_large_image\" \/>\n<meta name=\"twitter:label1\" content=\"Est. reading time\" \/>\n\t<meta name=\"twitter:data1\" content=\"1 minut\" \/>\n<script type=\"application\/ld+json\" class=\"yoast-schema-graph\">{\"@context\":\"https:\\\/\\\/schema.org\",\"@graph\":[{\"@type\":\"WebPage\",\"@id\":\"https:\\\/\\\/bactohouse.eu\\\/et\\\/shop\\\/kaeraribaari-heade-bakteritega\\\/\",\"url\":\"https:\\\/\\\/bactohouse.eu\\\/et\\\/shop\\\/kaeraribaari-heade-bakteritega\\\/\",\"name\":\"Kaeraribaari heade bakteritega - Bactohouse\",\"isPartOf\":{\"@id\":\"https:\\\/\\\/bactohouse.eu\\\/et\\\/#website\"},\"primaryImageOfPage\":{\"@id\":\"https:\\\/\\\/bactohouse.eu\\\/et\\\/shop\\\/kaeraribaari-heade-bakteritega\\\/#primaryimage\"},\"image\":{\"@id\":\"https:\\\/\\\/bactohouse.eu\\\/et\\\/shop\\\/kaeraribaari-heade-bakteritega\\\/#primaryimage\"},\"thumbnailUrl\":\"https:\\\/\\\/bactohouse.eu\\\/wp-content\\\/uploads\\\/2025\\\/02\\\/11-scaled.jpg\",\"datePublished\":\"2025-02-21T17:16:18+00:00\",\"dateModified\":\"2025-02-21T17:39:58+00:00\",\"breadcrumb\":{\"@id\":\"https:\\\/\\\/bactohouse.eu\\\/et\\\/shop\\\/kaeraribaari-heade-bakteritega\\\/#breadcrumb\"},\"inLanguage\":\"et\",\"potentialAction\":[{\"@type\":\"ReadAction\",\"target\":[\"https:\\\/\\\/bactohouse.eu\\\/et\\\/shop\\\/kaeraribaari-heade-bakteritega\\\/\"]}]},{\"@type\":\"ImageObject\",\"inLanguage\":\"et\",\"@id\":\"https:\\\/\\\/bactohouse.eu\\\/et\\\/shop\\\/kaeraribaari-heade-bakteritega\\\/#primaryimage\",\"url\":\"https:\\\/\\\/bactohouse.eu\\\/wp-content\\\/uploads\\\/2025\\\/02\\\/11-scaled.jpg\",\"contentUrl\":\"https:\\\/\\\/bactohouse.eu\\\/wp-content\\\/uploads\\\/2025\\\/02\\\/11-scaled.jpg\",\"width\":3360,\"height\":3360,\"caption\":\"Bactohouse kaerariba\"},{\"@type\":\"BreadcrumbList\",\"@id\":\"https:\\\/\\\/bactohouse.eu\\\/et\\\/shop\\\/kaeraribaari-heade-bakteritega\\\/#breadcrumb\",\"itemListElement\":[{\"@type\":\"ListItem\",\"position\":1,\"name\":\"Home\",\"item\":\"https:\\\/\\\/bactohouse.eu\\\/et\\\/\"},{\"@type\":\"ListItem\",\"position\":2,\"name\":\"Kauplus\",\"item\":\"https:\\\/\\\/bactohouse.eu\\\/kauplus\\\/\"},{\"@type\":\"ListItem\",\"position\":3,\"name\":\"Kaeraribaari heade bakteritega\"}]},{\"@type\":\"WebSite\",\"@id\":\"https:\\\/\\\/bactohouse.eu\\\/et\\\/#website\",\"url\":\"https:\\\/\\\/bactohouse.eu\\\/et\\\/\",\"name\":\"Bactohouse\",\"description\":\"Good Bacteria in Liquid Form\",\"publisher\":{\"@id\":\"https:\\\/\\\/bactohouse.eu\\\/et\\\/#organization\"},\"potentialAction\":[{\"@type\":\"SearchAction\",\"target\":{\"@type\":\"EntryPoint\",\"urlTemplate\":\"https:\\\/\\\/bactohouse.eu\\\/et\\\/?s={search_term_string}\"},\"query-input\":{\"@type\":\"PropertyValueSpecification\",\"valueRequired\":true,\"valueName\":\"search_term_string\"}}],\"inLanguage\":\"et\"},{\"@type\":\"Organization\",\"@id\":\"https:\\\/\\\/bactohouse.eu\\\/et\\\/#organization\",\"name\":\"Bactohouse\",\"url\":\"https:\\\/\\\/bactohouse.eu\\\/et\\\/\",\"logo\":{\"@type\":\"ImageObject\",\"inLanguage\":\"et\",\"@id\":\"https:\\\/\\\/bactohouse.eu\\\/et\\\/#\\\/schema\\\/logo\\\/image\\\/\",\"url\":\"https:\\\/\\\/bactohouse.eu\\\/wp-content\\\/uploads\\\/2025\\\/01\\\/Bactohouse_logo.webp\",\"contentUrl\":\"https:\\\/\\\/bactohouse.eu\\\/wp-content\\\/uploads\\\/2025\\\/01\\\/Bactohouse_logo.webp\",\"width\":628,\"height\":195,\"caption\":\"Bactohouse\"},\"image\":{\"@id\":\"https:\\\/\\\/bactohouse.eu\\\/et\\\/#\\\/schema\\\/logo\\\/image\\\/\"}}]}<\/script>\n<!-- \/ Yoast SEO plugin. -->","yoast_head_json":{"title":"Kaeraribaari heade bakteritega - Bactohouse","robots":{"index":"index","follow":"follow","max-snippet":"max-snippet:-1","max-image-preview":"max-image-preview:large","max-video-preview":"max-video-preview:-1"},"canonical":"https:\/\/bactohouse.eu\/et\/shop\/kaeraribaari-heade-bakteritega\/","og_locale":"et_EE","og_type":"article","og_title":"Kaeraribaari heade bakteritega - Bactohouse","og_description":"Kaerapatukad elusate bakteritega Netosisaldus 60 g Koostisosad: fermenteeritud kaerap\u00fcree 36% (joogivesi, fermenteeritud kaerahelbed, lakto- ja bifidobakterite kultuurid, happesuse&hellip;","og_url":"https:\/\/bactohouse.eu\/et\/shop\/kaeraribaari-heade-bakteritega\/","og_site_name":"Bactohouse","article_modified_time":"2025-02-21T17:39:58+00:00","og_image":[{"width":3360,"height":3360,"url":"https:\/\/bactohouse.eu\/wp-content\/uploads\/2025\/02\/11-scaled.jpg","type":"image\/jpeg"}],"twitter_card":"summary_large_image","twitter_misc":{"Est. reading time":"1 minut"},"schema":{"@context":"https:\/\/schema.org","@graph":[{"@type":"WebPage","@id":"https:\/\/bactohouse.eu\/et\/shop\/kaeraribaari-heade-bakteritega\/","url":"https:\/\/bactohouse.eu\/et\/shop\/kaeraribaari-heade-bakteritega\/","name":"Kaeraribaari heade bakteritega - Bactohouse","isPartOf":{"@id":"https:\/\/bactohouse.eu\/et\/#website"},"primaryImageOfPage":{"@id":"https:\/\/bactohouse.eu\/et\/shop\/kaeraribaari-heade-bakteritega\/#primaryimage"},"image":{"@id":"https:\/\/bactohouse.eu\/et\/shop\/kaeraribaari-heade-bakteritega\/#primaryimage"},"thumbnailUrl":"https:\/\/bactohouse.eu\/wp-content\/uploads\/2025\/02\/11-scaled.jpg","datePublished":"2025-02-21T17:16:18+00:00","dateModified":"2025-02-21T17:39:58+00:00","breadcrumb":{"@id":"https:\/\/bactohouse.eu\/et\/shop\/kaeraribaari-heade-bakteritega\/#breadcrumb"},"inLanguage":"et","potentialAction":[{"@type":"ReadAction","target":["https:\/\/bactohouse.eu\/et\/shop\/kaeraribaari-heade-bakteritega\/"]}]},{"@type":"ImageObject","inLanguage":"et","@id":"https:\/\/bactohouse.eu\/et\/shop\/kaeraribaari-heade-bakteritega\/#primaryimage","url":"https:\/\/bactohouse.eu\/wp-content\/uploads\/2025\/02\/11-scaled.jpg","contentUrl":"https:\/\/bactohouse.eu\/wp-content\/uploads\/2025\/02\/11-scaled.jpg","width":3360,"height":3360,"caption":"Bactohouse kaerariba"},{"@type":"BreadcrumbList","@id":"https:\/\/bactohouse.eu\/et\/shop\/kaeraribaari-heade-bakteritega\/#breadcrumb","itemListElement":[{"@type":"ListItem","position":1,"name":"Home","item":"https:\/\/bactohouse.eu\/et\/"},{"@type":"ListItem","position":2,"name":"Kauplus","item":"https:\/\/bactohouse.eu\/kauplus\/"},{"@type":"ListItem","position":3,"name":"Kaeraribaari heade bakteritega"}]},{"@type":"WebSite","@id":"https:\/\/bactohouse.eu\/et\/#website","url":"https:\/\/bactohouse.eu\/et\/","name":"Bactohouse","description":"Good Bacteria in Liquid Form","publisher":{"@id":"https:\/\/bactohouse.eu\/et\/#organization"},"potentialAction":[{"@type":"SearchAction","target":{"@type":"EntryPoint","urlTemplate":"https:\/\/bactohouse.eu\/et\/?s={search_term_string}"},"query-input":{"@type":"PropertyValueSpecification","valueRequired":true,"valueName":"search_term_string"}}],"inLanguage":"et"},{"@type":"Organization","@id":"https:\/\/bactohouse.eu\/et\/#organization","name":"Bactohouse","url":"https:\/\/bactohouse.eu\/et\/","logo":{"@type":"ImageObject","inLanguage":"et","@id":"https:\/\/bactohouse.eu\/et\/#\/schema\/logo\/image\/","url":"https:\/\/bactohouse.eu\/wp-content\/uploads\/2025\/01\/Bactohouse_logo.webp","contentUrl":"https:\/\/bactohouse.eu\/wp-content\/uploads\/2025\/01\/Bactohouse_logo.webp","width":628,"height":195,"caption":"Bactohouse"},"image":{"@id":"https:\/\/bactohouse.eu\/et\/#\/schema\/logo\/image\/"}}]}},"jetpack_sharing_enabled":true,"_links":{"self":[{"href":"https:\/\/bactohouse.eu\/et\/wp-json\/wp\/v2\/product\/7158","targetHints":{"allow":["GET"]}}],"collection":[{"href":"https:\/\/bactohouse.eu\/et\/wp-json\/wp\/v2\/product"}],"about":[{"href":"https:\/\/bactohouse.eu\/et\/wp-json\/wp\/v2\/types\/product"}],"replies":[{"embeddable":true,"href":"https:\/\/bactohouse.eu\/et\/wp-json\/wp\/v2\/comments?post=7158"}],"wp:featuredmedia":[{"embeddable":true,"href":"https:\/\/bactohouse.eu\/et\/wp-json\/wp\/v2\/media\/7151"}],"wp:attachment":[{"href":"https:\/\/bactohouse.eu\/et\/wp-json\/wp\/v2\/media?parent=7158"}],"wp:term":[{"taxonomy":"product_cat","embeddable":true,"href":"https:\/\/bactohouse.eu\/et\/wp-json\/wp\/v2\/product_cat?post=7158"},{"taxonomy":"product_tag","embeddable":true,"href":"https:\/\/bactohouse.eu\/et\/wp-json\/wp\/v2\/product_tag?post=7158"}],"curies":[{"name":"wp","href":"https:\/\/api.w.org\/{rel}","templated":true}]}}