{"id":6412,"date":"2024-12-10T11:49:27","date_gmt":"2024-12-10T09:49:27","guid":{"rendered":"https:\/\/bactohouse.eu\/shop\/bactohouse-originaalmaitse\/"},"modified":"2025-10-16T06:13:17","modified_gmt":"2025-10-16T03:13:17","slug":"bactohouse-originaalmaitse","status":"publish","type":"product","link":"https:\/\/bactohouse.eu\/et\/shop\/bactohouse-originaalmaitse\/","title":{"rendered":"BACTOHOUSE originaalmaitse"},"content":{"rendered":"<section class=\"elementor-section elementor-top-section elementor-element elementor-element-34b38f5 elementor-section-full_width elementor-section-stretched elementor-section-height-default elementor-section-height-default\" data-id=\"34b38f5\" data-element_type=\"section\" data-settings=\"{\"stretch_section\":\"section-stretched\"}\">\n<div class=\"elementor-container elementor-column-gap-default\">\n<div class=\"elementor-column elementor-col-100 elementor-top-column elementor-element elementor-element-dc44da4\" data-id=\"dc44da4\" data-element_type=\"column\">\n<div class=\"elementor-widget-wrap elementor-element-populated\">\n<div class=\"elementor-element elementor-element-4ce9c16 elementor-widget elementor-widget-wl-single-product-description\" data-id=\"4ce9c16\" data-element_type=\"widget\" data-widget_type=\"wl-single-product-description.default\">\n<div class=\"elementor-widget-container\">\n<div class=\"woocommerce_product_description\">\n<p><strong>Bactohouse head bakterid vedelal kujul<\/strong><\/p>\n<p>Toidulisand<\/p>\n<p><strong>Koostisosad:<\/strong><br \/>\n&#8211; Joogivesi<br \/>\n&#8211; Fermenteeritud kaerahelbed (8%)<br \/>\n&#8211; Lactobacillus ja bifidobakterite kultuurid<br \/>\n&#8211; Happesuse regulaator (naatriumbikarbonaat)<\/p>\n<table border=\"1\" cellspacing=\"0\" cellpadding=\"5\">\n<thead>\n<tr>\n<th>Eluj\u00f5ulised bakteriliigid:<\/th>\n<\/tr>\n<\/thead>\n<tbody>\n<tr>\n<td>Lactobacillus delbr\u00fcckii subsp. Bulgaricus, Lactobacillus casei, Lactobacillus acidophilus, Lactobacillus rhamnosus, Streptococcus thermophilus, Bifidobacterium animalis, Bifidobacterium thermophilum, Propionibacterium freudenreichii, Lactobacillus fermentum, Lactobacillus mucosae, Lactobacillus paracasei, Lactococcus lactis. <\/td>\n<\/tr>\n<\/tbody>\n<\/table>\n<p><strong>Eluj\u00f5uliste bakterite hulk:<\/strong><\/p>\n<table border=\"1\" cellspacing=\"0\" cellpadding=\"5\">\n<thead>\n<tr>\n<th><strong>1 ml<\/strong><\/th>\n<th><strong>15 ml<\/strong><\/th>\n<th><strong>35 ml<\/strong><\/th>\n<th><strong>50 ml<\/strong><\/th>\n<\/tr>\n<\/thead>\n<tbody>\n<tr>\n<td>1\u00d7109<sup>CFU* <\/sup><\/td>\n<td>15\u00d7109<sup>CFU* <\/sup><\/td>\n<td>35\u00d7109<sup>CFU* <\/sup><\/td>\n<td>50\u00d7109<sup>CFU* <\/sup><\/td>\n<\/tr>\n<\/tbody>\n<\/table>\n<p>*CFU &#8211; kolooniaid moodustav \u00fcksus<\/p>\n<p><strong>Soovituslik tarbimine:<\/strong><br \/>\n&#8211; Lapsed (1-3 aastat): 5 ml kaks korda p\u00e4evas, mitte \u00fcle 15 ml p\u00e4evas.<br \/>\n&#8211; Lapsed (3-10 aastat): 10 ml kolm korda p\u00e4evas, mitte \u00fcle 35 ml p\u00e4evas.<br \/>\n&#8211; Lapsed (10-aastased ja vanemad) ja t\u00e4iskasvanud: 15 ml kolm korda p\u00e4evas, mitte \u00fcle 50 ml p\u00e4evas.<\/p>\n<p>Optimaalse tulemuse saavutamiseks v\u00f5tke s\u00f6\u00f6gi ajal v\u00f5i kohe p\u00e4rast s\u00f6\u00f6ki.<\/p>\n<p><strong>S\u00e4ilitamisjuhised:<\/strong><br \/>\n&#8211; S\u00e4ilitada k\u00fclmkapis temperatuuril 0-12\u00b0C.<br \/>\n&#8211; P\u00e4rast avamist hoida k\u00fclmkapis ja tarbida 12 kuu jooksul.<\/p>\n<p><strong>Hoiatused:<\/strong><br \/>\n&#8211; Hoida lastele k\u00e4ttesaamatus kohas.<br \/>\n&#8211; \u00c4rge \u00fcletage soovitatud annust.<br \/>\n&#8211; See toidulisand ei asenda mitmekesist ja tasakaalustatud toitumist ning tervislikku eluviisi.<\/p>\n<p><strong>Tootja:<\/strong><br \/>\nMB &#8220;M\u0117melio prekyba&#8221;<br \/>\nDraugyst\u0117s 3-ioji st. 3,<br \/>\nLT-92322 Klaip\u0117da, Leedu.<\/p>\n<p><strong>Partii nr:<\/strong> Vt pakend.<br \/>\n<strong>Parim enne:<\/strong> Vaata pakendit.<\/p>\n<\/div>\n<\/div>\n<\/div>\n<\/div>\n<\/div>\n<\/div>\n<\/section>\n","protected":false},"excerpt":{"rendered":"<p>Bactohouse head bakterid vedelal kujul Toidulisand Koostisosad: &#8211; Joogivesi &#8211; Fermenteeritud kaerahelbed (8%) &#8211; Lactobacillus ja bifidobakterite kultuurid&hellip;<\/p>\n","protected":false},"featured_media":6416,"comment_status":"open","ping_status":"closed","template":"","meta":[],"product_cat":[167],"product_tag":[],"class_list":{"0":"post-6412","1":"product","2":"type-product","3":"status-publish","4":"has-post-thumbnail","6":"product_cat-head-bakterid-vedelal-kujul","8":"first","9":"instock","10":"taxable","11":"shipping-taxable","12":"purchasable","13":"product-type-simple"},"yoast_head":"<!-- This site is optimized with the Yoast SEO plugin v27.3 - https:\/\/yoast.com\/product\/yoast-seo-wordpress\/ -->\n<title>BACTOHOUSE originaalmaitse - Bactohouse<\/title>\n<meta name=\"robots\" content=\"index, follow, max-snippet:-1, max-image-preview:large, max-video-preview:-1\" \/>\n<link rel=\"canonical\" href=\"https:\/\/bactohouse.eu\/et\/shop\/bactohouse-originaalmaitse\/\" \/>\n<meta property=\"og:locale\" content=\"et_EE\" \/>\n<meta property=\"og:type\" content=\"article\" \/>\n<meta property=\"og:title\" content=\"BACTOHOUSE originaalmaitse - Bactohouse\" \/>\n<meta property=\"og:description\" content=\"Bactohouse head bakterid vedelal kujul Toidulisand Koostisosad: &#8211; Joogivesi &#8211; Fermenteeritud kaerahelbed (8%) &#8211; Lactobacillus ja bifidobakterite kultuurid&hellip;\" \/>\n<meta property=\"og:url\" content=\"https:\/\/bactohouse.eu\/et\/shop\/bactohouse-originaalmaitse\/\" \/>\n<meta property=\"og:site_name\" content=\"Bactohouse\" \/>\n<meta property=\"article:modified_time\" content=\"2025-10-16T03:13:17+00:00\" \/>\n<meta property=\"og:image\" content=\"https:\/\/bactohouse.eu\/wp-content\/uploads\/2024\/12\/5.jpg\" \/>\n\t<meta property=\"og:image:width\" content=\"1200\" \/>\n\t<meta property=\"og:image:height\" content=\"1200\" \/>\n\t<meta property=\"og:image:type\" content=\"image\/jpeg\" \/>\n<meta name=\"twitter:card\" content=\"summary_large_image\" \/>\n<meta name=\"twitter:label1\" content=\"Est. reading time\" \/>\n\t<meta name=\"twitter:data1\" content=\"1 minut\" \/>\n<script type=\"application\/ld+json\" class=\"yoast-schema-graph\">{\"@context\":\"https:\\\/\\\/schema.org\",\"@graph\":[{\"@type\":\"WebPage\",\"@id\":\"https:\\\/\\\/bactohouse.eu\\\/et\\\/shop\\\/bactohouse-originaalmaitse\\\/\",\"url\":\"https:\\\/\\\/bactohouse.eu\\\/et\\\/shop\\\/bactohouse-originaalmaitse\\\/\",\"name\":\"BACTOHOUSE originaalmaitse - Bactohouse\",\"isPartOf\":{\"@id\":\"https:\\\/\\\/bactohouse.eu\\\/et\\\/#website\"},\"primaryImageOfPage\":{\"@id\":\"https:\\\/\\\/bactohouse.eu\\\/et\\\/shop\\\/bactohouse-originaalmaitse\\\/#primaryimage\"},\"image\":{\"@id\":\"https:\\\/\\\/bactohouse.eu\\\/et\\\/shop\\\/bactohouse-originaalmaitse\\\/#primaryimage\"},\"thumbnailUrl\":\"https:\\\/\\\/bactohouse.eu\\\/wp-content\\\/uploads\\\/2024\\\/12\\\/5.jpg\",\"datePublished\":\"2024-12-10T09:49:27+00:00\",\"dateModified\":\"2025-10-16T03:13:17+00:00\",\"breadcrumb\":{\"@id\":\"https:\\\/\\\/bactohouse.eu\\\/et\\\/shop\\\/bactohouse-originaalmaitse\\\/#breadcrumb\"},\"inLanguage\":\"et\",\"potentialAction\":[{\"@type\":\"ReadAction\",\"target\":[\"https:\\\/\\\/bactohouse.eu\\\/et\\\/shop\\\/bactohouse-originaalmaitse\\\/\"]}]},{\"@type\":\"ImageObject\",\"inLanguage\":\"et\",\"@id\":\"https:\\\/\\\/bactohouse.eu\\\/et\\\/shop\\\/bactohouse-originaalmaitse\\\/#primaryimage\",\"url\":\"https:\\\/\\\/bactohouse.eu\\\/wp-content\\\/uploads\\\/2024\\\/12\\\/5.jpg\",\"contentUrl\":\"https:\\\/\\\/bactohouse.eu\\\/wp-content\\\/uploads\\\/2024\\\/12\\\/5.jpg\",\"width\":1200,\"height\":1200},{\"@type\":\"BreadcrumbList\",\"@id\":\"https:\\\/\\\/bactohouse.eu\\\/et\\\/shop\\\/bactohouse-originaalmaitse\\\/#breadcrumb\",\"itemListElement\":[{\"@type\":\"ListItem\",\"position\":1,\"name\":\"Home\",\"item\":\"https:\\\/\\\/bactohouse.eu\\\/et\\\/\"},{\"@type\":\"ListItem\",\"position\":2,\"name\":\"Kauplus\",\"item\":\"https:\\\/\\\/bactohouse.eu\\\/kauplus\\\/\"},{\"@type\":\"ListItem\",\"position\":3,\"name\":\"BACTOHOUSE originaalmaitse\"}]},{\"@type\":\"WebSite\",\"@id\":\"https:\\\/\\\/bactohouse.eu\\\/et\\\/#website\",\"url\":\"https:\\\/\\\/bactohouse.eu\\\/et\\\/\",\"name\":\"Bactohouse\",\"description\":\"Good Bacteria in Liquid Form\",\"publisher\":{\"@id\":\"https:\\\/\\\/bactohouse.eu\\\/et\\\/#organization\"},\"potentialAction\":[{\"@type\":\"SearchAction\",\"target\":{\"@type\":\"EntryPoint\",\"urlTemplate\":\"https:\\\/\\\/bactohouse.eu\\\/et\\\/?s={search_term_string}\"},\"query-input\":{\"@type\":\"PropertyValueSpecification\",\"valueRequired\":true,\"valueName\":\"search_term_string\"}}],\"inLanguage\":\"et\"},{\"@type\":\"Organization\",\"@id\":\"https:\\\/\\\/bactohouse.eu\\\/et\\\/#organization\",\"name\":\"Bactohouse\",\"url\":\"https:\\\/\\\/bactohouse.eu\\\/et\\\/\",\"logo\":{\"@type\":\"ImageObject\",\"inLanguage\":\"et\",\"@id\":\"https:\\\/\\\/bactohouse.eu\\\/et\\\/#\\\/schema\\\/logo\\\/image\\\/\",\"url\":\"https:\\\/\\\/bactohouse.eu\\\/wp-content\\\/uploads\\\/2025\\\/01\\\/Bactohouse_logo.webp\",\"contentUrl\":\"https:\\\/\\\/bactohouse.eu\\\/wp-content\\\/uploads\\\/2025\\\/01\\\/Bactohouse_logo.webp\",\"width\":628,\"height\":195,\"caption\":\"Bactohouse\"},\"image\":{\"@id\":\"https:\\\/\\\/bactohouse.eu\\\/et\\\/#\\\/schema\\\/logo\\\/image\\\/\"}}]}<\/script>\n<!-- \/ Yoast SEO plugin. -->","yoast_head_json":{"title":"BACTOHOUSE originaalmaitse - Bactohouse","robots":{"index":"index","follow":"follow","max-snippet":"max-snippet:-1","max-image-preview":"max-image-preview:large","max-video-preview":"max-video-preview:-1"},"canonical":"https:\/\/bactohouse.eu\/et\/shop\/bactohouse-originaalmaitse\/","og_locale":"et_EE","og_type":"article","og_title":"BACTOHOUSE originaalmaitse - Bactohouse","og_description":"Bactohouse head bakterid vedelal kujul Toidulisand Koostisosad: &#8211; Joogivesi &#8211; Fermenteeritud kaerahelbed (8%) &#8211; Lactobacillus ja bifidobakterite kultuurid&hellip;","og_url":"https:\/\/bactohouse.eu\/et\/shop\/bactohouse-originaalmaitse\/","og_site_name":"Bactohouse","article_modified_time":"2025-10-16T03:13:17+00:00","og_image":[{"width":1200,"height":1200,"url":"https:\/\/bactohouse.eu\/wp-content\/uploads\/2024\/12\/5.jpg","type":"image\/jpeg"}],"twitter_card":"summary_large_image","twitter_misc":{"Est. reading time":"1 minut"},"schema":{"@context":"https:\/\/schema.org","@graph":[{"@type":"WebPage","@id":"https:\/\/bactohouse.eu\/et\/shop\/bactohouse-originaalmaitse\/","url":"https:\/\/bactohouse.eu\/et\/shop\/bactohouse-originaalmaitse\/","name":"BACTOHOUSE originaalmaitse - Bactohouse","isPartOf":{"@id":"https:\/\/bactohouse.eu\/et\/#website"},"primaryImageOfPage":{"@id":"https:\/\/bactohouse.eu\/et\/shop\/bactohouse-originaalmaitse\/#primaryimage"},"image":{"@id":"https:\/\/bactohouse.eu\/et\/shop\/bactohouse-originaalmaitse\/#primaryimage"},"thumbnailUrl":"https:\/\/bactohouse.eu\/wp-content\/uploads\/2024\/12\/5.jpg","datePublished":"2024-12-10T09:49:27+00:00","dateModified":"2025-10-16T03:13:17+00:00","breadcrumb":{"@id":"https:\/\/bactohouse.eu\/et\/shop\/bactohouse-originaalmaitse\/#breadcrumb"},"inLanguage":"et","potentialAction":[{"@type":"ReadAction","target":["https:\/\/bactohouse.eu\/et\/shop\/bactohouse-originaalmaitse\/"]}]},{"@type":"ImageObject","inLanguage":"et","@id":"https:\/\/bactohouse.eu\/et\/shop\/bactohouse-originaalmaitse\/#primaryimage","url":"https:\/\/bactohouse.eu\/wp-content\/uploads\/2024\/12\/5.jpg","contentUrl":"https:\/\/bactohouse.eu\/wp-content\/uploads\/2024\/12\/5.jpg","width":1200,"height":1200},{"@type":"BreadcrumbList","@id":"https:\/\/bactohouse.eu\/et\/shop\/bactohouse-originaalmaitse\/#breadcrumb","itemListElement":[{"@type":"ListItem","position":1,"name":"Home","item":"https:\/\/bactohouse.eu\/et\/"},{"@type":"ListItem","position":2,"name":"Kauplus","item":"https:\/\/bactohouse.eu\/kauplus\/"},{"@type":"ListItem","position":3,"name":"BACTOHOUSE originaalmaitse"}]},{"@type":"WebSite","@id":"https:\/\/bactohouse.eu\/et\/#website","url":"https:\/\/bactohouse.eu\/et\/","name":"Bactohouse","description":"Good Bacteria in Liquid Form","publisher":{"@id":"https:\/\/bactohouse.eu\/et\/#organization"},"potentialAction":[{"@type":"SearchAction","target":{"@type":"EntryPoint","urlTemplate":"https:\/\/bactohouse.eu\/et\/?s={search_term_string}"},"query-input":{"@type":"PropertyValueSpecification","valueRequired":true,"valueName":"search_term_string"}}],"inLanguage":"et"},{"@type":"Organization","@id":"https:\/\/bactohouse.eu\/et\/#organization","name":"Bactohouse","url":"https:\/\/bactohouse.eu\/et\/","logo":{"@type":"ImageObject","inLanguage":"et","@id":"https:\/\/bactohouse.eu\/et\/#\/schema\/logo\/image\/","url":"https:\/\/bactohouse.eu\/wp-content\/uploads\/2025\/01\/Bactohouse_logo.webp","contentUrl":"https:\/\/bactohouse.eu\/wp-content\/uploads\/2025\/01\/Bactohouse_logo.webp","width":628,"height":195,"caption":"Bactohouse"},"image":{"@id":"https:\/\/bactohouse.eu\/et\/#\/schema\/logo\/image\/"}}]}},"jetpack_sharing_enabled":true,"_links":{"self":[{"href":"https:\/\/bactohouse.eu\/et\/wp-json\/wp\/v2\/product\/6412","targetHints":{"allow":["GET"]}}],"collection":[{"href":"https:\/\/bactohouse.eu\/et\/wp-json\/wp\/v2\/product"}],"about":[{"href":"https:\/\/bactohouse.eu\/et\/wp-json\/wp\/v2\/types\/product"}],"replies":[{"embeddable":true,"href":"https:\/\/bactohouse.eu\/et\/wp-json\/wp\/v2\/comments?post=6412"}],"wp:featuredmedia":[{"embeddable":true,"href":"https:\/\/bactohouse.eu\/et\/wp-json\/wp\/v2\/media\/6416"}],"wp:attachment":[{"href":"https:\/\/bactohouse.eu\/et\/wp-json\/wp\/v2\/media?parent=6412"}],"wp:term":[{"taxonomy":"product_cat","embeddable":true,"href":"https:\/\/bactohouse.eu\/et\/wp-json\/wp\/v2\/product_cat?post=6412"},{"taxonomy":"product_tag","embeddable":true,"href":"https:\/\/bactohouse.eu\/et\/wp-json\/wp\/v2\/product_tag?post=6412"}],"curies":[{"name":"wp","href":"https:\/\/api.w.org\/{rel}","templated":true}]}}