{"id":6234,"date":"2024-12-10T16:10:37","date_gmt":"2024-12-10T14:10:37","guid":{"rendered":"https:\/\/bactohouse.eu\/privaatsuspoliitika\/"},"modified":"2025-02-17T15:25:58","modified_gmt":"2025-02-17T13:25:58","slug":"privaatsuspoliitika","status":"publish","type":"page","link":"https:\/\/bactohouse.eu\/et\/privaatsuspoliitika\/","title":{"rendered":"Privaatsuspoliitika"},"content":{"rendered":"\t\t<div data-elementor-type=\"wp-page\" data-elementor-id=\"6234\" class=\"elementor elementor-6234 elementor-5870\" data-elementor-post-type=\"page\">\n\t\t\t\t<div class=\"elementor-element elementor-element-e44036f e-flex e-con-boxed e-con e-parent\" data-id=\"e44036f\" data-element_type=\"container\" data-e-type=\"container\">\n\t\t\t\t\t<div class=\"e-con-inner\">\n\t\t\t\t<div class=\"elementor-element elementor-element-2480d0a elementor-widget__width-initial elementor-widget elementor-widget-heading\" data-id=\"2480d0a\" data-element_type=\"widget\" data-e-type=\"widget\" data-widget_type=\"heading.default\">\n\t\t\t\t<div class=\"elementor-widget-container\">\n\t\t\t\t\t<h2 class=\"elementor-heading-title elementor-size-default\"><div>\n    <h3>Isikuandmete t\u00f6\u00f6tlemine<\/h3>\n<br>    <h4>1. Andmet\u00f6\u00f6tluse ulatus<\/h4>\n    <p>K\u00e4esolevas jaotises esitatud s\u00e4tteid kohaldatakse isikuandmete suhtes, mida Ostja ja\/v\u00f5i tema esindajad esitavad <strong>bactohouse.eu<\/strong> veebilehe kaudu kaupade tellimise (ostu ja m\u00fc\u00fcgilepingu s\u00f5lmimise) ajal kaupluses.<\/p>\n\n    <h4>2. Andmete kogumine ja eesm\u00e4rk<\/h4>\n    <p>Kui ostja registreerib end <strong>bactohouse.eu<\/strong>-s, peab ta esitama isikuandmed (ees- ja perekonnanimi, e-posti aadress, telefoninumber, tarneaadress ja tellimuse \u00fcksikasjad). Need andmed on olulised e-kaubanduse eesm\u00e4rgil, eelk\u00f5ige valitud kaupade tellimiseks ja tarnimiseks. Ostja tunnistab, et nende andmete esitamine on vajalik ostu-m\u00fc\u00fcgilepingu s\u00f5lmimiseks ja t\u00e4itmiseks. Ilma nende andmeteta ei saa Ostja tellimusi esitada.   <\/p>\n\n    <h4>3. Kasutamine ja \u00f5iguslik alus<\/h4>\n    <p>M\u00fc\u00fcja kinnitab, et esitatud isikuandmeid kasutatakse \u00fcksnes e-kaubanduse eesm\u00e4rgil, sealhulgas <strong>bactohouse.eu<\/strong> e-poes valitud kaupade tellimiseks ja tarnimiseks. Nende andmete t\u00f6\u00f6tlemise \u00f5iguslik alus on: <\/p>\n    <ul>\n        <li><strong>m\u00e4\u00e4ruse artikli 6 l\u00f5ike 1 punkt b<\/strong>, milles s\u00e4testatakse, et t\u00f6\u00f6tlemine on vajalik sellise lepingu t\u00e4itmiseks, mille osapool on andmesubjekt.<\/li>\n        <li><strong>m\u00e4\u00e4ruse artikli 6 l\u00f5ike 1 punkt c<\/strong>, milles on s\u00e4testatud, et t\u00f6\u00f6tlemine on vajalik m\u00fc\u00fcja suhtes kehtiva \u00f5igusliku kohustuse t\u00e4itmiseks, n\u00e4iteks raamatupidamisdokumentide s\u00e4ilitamiseks.<\/li>\n    <\/ul>\n    <p>Ostja andmeid t\u00f6\u00f6deldakse ostu-m\u00fc\u00fcgilepingu kehtivuse ajal ja neid s\u00e4ilitatakse <strong>10 aastat<\/strong> p\u00e4rast lepingu l\u00f5ppemist.<\/p>\n\n    <h4>4. Side<\/h4>\n    <p>Ostja m\u00f5istab, et p\u00e4rast tellimuse esitamist saadetakse talle esitatud kontaktandmetele (e-post ja\/v\u00f5i telefon) tellimuse t\u00e4itmiseks ja\/v\u00f5i kauba tarnimiseks vajalikud infokirjad.<\/p>\n\n    <h4>5. Andmete jagamine kolmandate isikutega<\/h4>\n    <p>Ostja on teadlik, et <strong>bactohouse.eu<\/strong> -le tellimuse esitamise k\u00e4igus esitatud isikuandmeid v\u00f5idakse edastada kolmandatele pakiautomaadi teenusepakkujatele (nt UAB \"Omniva LT\", AB \"Lietuvos pa\u0161tas\").<\/p>\n    <p>Ostja m\u00f5istab, et kauba n\u00f5uetekohase identifitseerimise ja turvalise k\u00e4ttetoimetamise tagamiseks v\u00f5ib M\u00fc\u00fcja ja\/v\u00f5i kolmanda osapoole pakkuja n\u00f5uda kauba k\u00e4ttesaamisel isikut t\u00f5endavat dokumenti (nt pass, isikutunnistus v\u00f5i uue mudeli juhiluba). Ostja ja tema esindajad v\u00f5tavad teadmiseks, et selle protsessi k\u00e4igus v\u00f5ib M\u00fc\u00fcja ja\/v\u00f5i kolmanda osapoole k\u00e4ttetoimetamisteenus kopeerida isikuandmeid (nt dokumendi number) ja t\u00f6\u00f6delda neid andmeid, et kinnitada tellimuse n\u00f5uetekohast k\u00e4ttetoimetamist. <\/p>\n\n    <h4>6. Andmete edastamine volitatud t\u00f6\u00f6tlejatele<\/h4>\n    <p>Ostjat teavitatakse, et tema isikuandmeid v\u00f5idakse edastada kolmandatele isikutele (andmete t\u00f6\u00f6tlejatele), kes aitavad veebilehe haldamisel ja andmete s\u00e4ilitamisel. Need andmet\u00f6\u00f6tlejad v\u00f5ivad olla j\u00e4rgmised: <\/p>\n    <ul>\n        <li>Andmebaasi tarkvara pakkujad<\/li>\n        <li>Andmebaasi haldusteenuste pakkujad<\/li>\n        <li>Pilveteenuste pakkujad<\/li>\n    <\/ul>\n    <p>Lisaks v\u00f5ib isikuandmeid edastada p\u00e4devatele riigi- ja\/v\u00f5i \u00f5iguskaitseasutustele (nt kohtutele, politseile, j\u00e4relevalveasutustele), \u00f5igus- ja\/v\u00f5i inkassoteenuste pakkujatele ja kaubatootjatele (garantiiteenuste puhul), kuid ainult kohaldatavate \u00f5igusaktide ja \u00f5iguslike menetluste kohaselt v\u00f5i m\u00fc\u00fcja \u00f5iguste, t\u00f6\u00f6tajate turvalisuse ja ressursside kaitsmiseks ning \u00f5iguslike n\u00f5uete esitamiseks, esitamiseks v\u00f5i kaitsmiseks.<\/p>\n\n    <h4>7. Andmeturbemeetmed<\/h4>\n    <p>M\u00fc\u00fcja rakendab asjakohaseid tehnilisi ja organisatsioonilisi turvameetmeid, et tagada k\u00f5igi t\u00f6\u00f6deldavate isikuandmete kaitse juhusliku v\u00f5i ebaseadusliku h\u00e4vitamise, kadumise, muutmise, loata avalikustamise v\u00f5i juurdep\u00e4\u00e4su ning muu ebaseadusliku t\u00f6\u00f6tlemise eest.<\/p>\n\n    <h4>8. Ostja andmesubjekti \u00f5igused<\/h4>\n    <p>Ostjat (kui tegemist on f\u00fc\u00fcsilise isikuga) ja\/v\u00f5i tema esindajaid teavitatakse nende kui andmesubjektide \u00f5igustest, mis h\u00f5lmavad j\u00e4rgmist:<\/p>\n    <ul>\n        <li><strong>8.1.<\/strong>  taotleda juurdep\u00e4\u00e4su oma isikuandmetele ja saada nende koopia.<\/li>\n        <li><strong>8.2.<\/strong>  ebat\u00e4psete v\u00f5i ebat\u00e4ielike isikuandmete parandamise v\u00f5i piiramise taotlemine.<\/li>\n        <li><strong>8.3.<\/strong>  \u00fcleliigsete v\u00f5i ebaseaduslikult t\u00f6\u00f6deldud isikuandmete kustutamise v\u00f5i piiramise taotlemine.<\/li>\n        <li><strong>8.4.<\/strong>  vastuv\u00e4iteid oma isikuandmete t\u00f6\u00f6tlemisele.<\/li>\n        <li><strong>8.5.<\/strong>  taotleda oma isikuandmete edastamist struktureeritud, arvutilugeritavas formaadis (\"\u00f5igus andmete \u00fclekantavusele\").<\/li>\n        <li><strong>8.6.<\/strong>  n\u00f5usoleku tagasiv\u00f5tmine igal ajal, kui andmet\u00f6\u00f6tlus p\u00f5hineb andmesubjekti n\u00f5usolekul (m\u00e4\u00e4ruse artikli 6 l\u00f5ike 1 punkt a). N\u00f5usoleku tagasiv\u00f5tmine ei m\u00f5juta andmete t\u00f6\u00f6tlemise seaduslikkust enne tagasiv\u00f5tmist. <\/li>\n        <li><strong>8.7.<\/strong> Kaebuse esitamine riiklikule andmekaitseinspektsioonile<a href=\"mailto:ada@ada.lt\">(ada@ada.lt<\/a>).<\/li>\n    <\/ul>\n\n    <h4>9. Andmesubjekti \u00f5iguste kasutamine<\/h4>\n    <p>Ostja v\u00f5ib n\u00f5uetekohase identifitseerimise korral kasutada oma \u00f5igusi, v\u00f5ttes \u00fchendust M\u00fc\u00fcjaga e-posti aadressil <a href=\"mailto:info@bactohouse.eu\">info@bactohouse.eu<\/a> v\u00f5i t\u00e4hitud kirjaga aadressil <strong>Kretingal\u0117s st. 3, Kalot\u0117, LT-92284 Klaip\u0117da piirkond<\/strong>.<\/p>\n\n    <h4>10. Vastamine andmesubjekti taotlustele<\/h4>\n    <p>Andmesubjekti \u00f5igusi k\u00e4sitleva taotluse saamisel vastab M\u00fc\u00fcja viivitamata, kuid mitte hiljem kui <strong>\u00fche (1) kuu<\/strong> jooksul alates taotluse esitamise kuup\u00e4evast. Vajaduse korral, arvestades taotluste keerukust ja arvu, v\u00f5ib seda t\u00e4htaega pikendada veel \u00fche kuu v\u00f5rra, kusjuures ostjat teavitatakse pikendamisest ja selle p\u00f5hjustest esimese kuu jooksul. <\/p>\n    <p>Teavet antakse tasuta. Kui taotlused on siiski ilmselgelt p\u00f5hjendamatud v\u00f5i ebaproportsionaalsed, eelk\u00f5ige nende korduva iseloomu t\u00f5ttu, v\u00f5ib m\u00fc\u00fcja n\u00f5uda m\u00f5istlikku tasu, v\u00f5ttes arvesse halduskulusid, v\u00f5i keelduda taotluse rahuldamisest. <\/p>\n<\/div>\n\n<\/h2>\t\t\t\t<\/div>\n\t\t\t\t<\/div>\n\t\t\t\t\t<\/div>\n\t\t\t\t<\/div>\n\t\t\t\t<\/div>\n\t\t","protected":false},"excerpt":{"rendered":"<p>Isikuandmete t\u00f6\u00f6tlemine 1. Andmet\u00f6\u00f6tluse ulatus K\u00e4esolevas jaotises esitatud s\u00e4tteid kohaldatakse isikuandmete suhtes, mida Ostja ja\/v\u00f5i tema esindajad esitavad&hellip;<\/p>\n","protected":false},"author":1,"featured_media":0,"parent":0,"menu_order":0,"comment_status":"closed","ping_status":"closed","template":"elementor_header_footer","meta":{"footnotes":""},"class_list":["post-6234","page","type-page","status-publish","hentry"],"yoast_head":"<!-- This site is optimized with the Yoast SEO plugin v27.5 - https:\/\/yoast.com\/product\/yoast-seo-wordpress\/ -->\n<title>Privaatsuspoliitika - Bactohouse<\/title>\n<meta name=\"description\" content=\"Lugege Bactohouse&#039;i privaatsuspoliitikat, et teada saada, kuidas me teie andmeid kogume, kasutame ja kaitseme. Teie privaatsus on oluline - vaadake meie p\u00f5him\u00f5tteid ja \u00f5igusi siit.\" \/>\n<meta name=\"robots\" content=\"index, follow, max-snippet:-1, max-image-preview:large, max-video-preview:-1\" \/>\n<link rel=\"canonical\" href=\"https:\/\/bactohouse.eu\/et\/privaatsuspoliitika\/\" \/>\n<meta property=\"og:locale\" content=\"et_EE\" \/>\n<meta property=\"og:type\" content=\"article\" \/>\n<meta property=\"og:title\" content=\"Privaatsuspoliitika - Bactohouse\" \/>\n<meta property=\"og:description\" content=\"Lugege Bactohouse&#039;i privaatsuspoliitikat, et teada saada, kuidas me teie andmeid kogume, kasutame ja kaitseme. Teie privaatsus on oluline - vaadake meie p\u00f5him\u00f5tteid ja \u00f5igusi siit.\" \/>\n<meta property=\"og:url\" content=\"https:\/\/bactohouse.eu\/et\/privaatsuspoliitika\/\" \/>\n<meta property=\"og:site_name\" content=\"Bactohouse\" \/>\n<meta property=\"article:modified_time\" content=\"2025-02-17T13:25:58+00:00\" \/>\n<meta property=\"og:image\" content=\"https:\/\/bactohouse.eu\/wp-content\/uploads\/2025\/01\/Bactohouse_logo.webp\" \/>\n\t<meta property=\"og:image:width\" content=\"628\" \/>\n\t<meta property=\"og:image:height\" content=\"195\" \/>\n\t<meta property=\"og:image:type\" content=\"image\/webp\" \/>\n<meta name=\"twitter:card\" content=\"summary_large_image\" \/>\n<meta name=\"twitter:label1\" content=\"Est. reading time\" \/>\n\t<meta name=\"twitter:data1\" content=\"4 minutit\" \/>\n<script type=\"application\/ld+json\" class=\"yoast-schema-graph\">{\"@context\":\"https:\\\/\\\/schema.org\",\"@graph\":[{\"@type\":\"WebPage\",\"@id\":\"https:\\\/\\\/bactohouse.eu\\\/et\\\/privaatsuspoliitika\\\/\",\"url\":\"https:\\\/\\\/bactohouse.eu\\\/et\\\/privaatsuspoliitika\\\/\",\"name\":\"Privaatsuspoliitika - Bactohouse\",\"isPartOf\":{\"@id\":\"https:\\\/\\\/bactohouse.eu\\\/et\\\/#website\"},\"datePublished\":\"2024-12-10T14:10:37+00:00\",\"dateModified\":\"2025-02-17T13:25:58+00:00\",\"description\":\"Lugege Bactohouse'i privaatsuspoliitikat, et teada saada, kuidas me teie andmeid kogume, kasutame ja kaitseme. Teie privaatsus on oluline - vaadake meie p\u00f5him\u00f5tteid ja \u00f5igusi siit.\",\"breadcrumb\":{\"@id\":\"https:\\\/\\\/bactohouse.eu\\\/et\\\/privaatsuspoliitika\\\/#breadcrumb\"},\"inLanguage\":\"et\",\"potentialAction\":[{\"@type\":\"ReadAction\",\"target\":[\"https:\\\/\\\/bactohouse.eu\\\/et\\\/privaatsuspoliitika\\\/\"]}]},{\"@type\":\"BreadcrumbList\",\"@id\":\"https:\\\/\\\/bactohouse.eu\\\/et\\\/privaatsuspoliitika\\\/#breadcrumb\",\"itemListElement\":[{\"@type\":\"ListItem\",\"position\":1,\"name\":\"Home\",\"item\":\"https:\\\/\\\/bactohouse.eu\\\/et\\\/\"},{\"@type\":\"ListItem\",\"position\":2,\"name\":\"Privaatsuspoliitika\"}]},{\"@type\":\"WebSite\",\"@id\":\"https:\\\/\\\/bactohouse.eu\\\/et\\\/#website\",\"url\":\"https:\\\/\\\/bactohouse.eu\\\/et\\\/\",\"name\":\"Bactohouse\",\"description\":\"Good Bacteria in Liquid Form\",\"publisher\":{\"@id\":\"https:\\\/\\\/bactohouse.eu\\\/et\\\/#organization\"},\"potentialAction\":[{\"@type\":\"SearchAction\",\"target\":{\"@type\":\"EntryPoint\",\"urlTemplate\":\"https:\\\/\\\/bactohouse.eu\\\/et\\\/?s={search_term_string}\"},\"query-input\":{\"@type\":\"PropertyValueSpecification\",\"valueRequired\":true,\"valueName\":\"search_term_string\"}}],\"inLanguage\":\"et\"},{\"@type\":\"Organization\",\"@id\":\"https:\\\/\\\/bactohouse.eu\\\/et\\\/#organization\",\"name\":\"Bactohouse\",\"url\":\"https:\\\/\\\/bactohouse.eu\\\/et\\\/\",\"logo\":{\"@type\":\"ImageObject\",\"inLanguage\":\"et\",\"@id\":\"https:\\\/\\\/bactohouse.eu\\\/et\\\/#\\\/schema\\\/logo\\\/image\\\/\",\"url\":\"https:\\\/\\\/bactohouse.eu\\\/wp-content\\\/uploads\\\/2025\\\/01\\\/Bactohouse_logo.webp\",\"contentUrl\":\"https:\\\/\\\/bactohouse.eu\\\/wp-content\\\/uploads\\\/2025\\\/01\\\/Bactohouse_logo.webp\",\"width\":628,\"height\":195,\"caption\":\"Bactohouse\"},\"image\":{\"@id\":\"https:\\\/\\\/bactohouse.eu\\\/et\\\/#\\\/schema\\\/logo\\\/image\\\/\"}}]}<\/script>\n<!-- \/ Yoast SEO plugin. -->","yoast_head_json":{"title":"Privaatsuspoliitika - Bactohouse","description":"Lugege Bactohouse'i privaatsuspoliitikat, et teada saada, kuidas me teie andmeid kogume, kasutame ja kaitseme. Teie privaatsus on oluline - vaadake meie p\u00f5him\u00f5tteid ja \u00f5igusi siit.","robots":{"index":"index","follow":"follow","max-snippet":"max-snippet:-1","max-image-preview":"max-image-preview:large","max-video-preview":"max-video-preview:-1"},"canonical":"https:\/\/bactohouse.eu\/et\/privaatsuspoliitika\/","og_locale":"et_EE","og_type":"article","og_title":"Privaatsuspoliitika - Bactohouse","og_description":"Lugege Bactohouse'i privaatsuspoliitikat, et teada saada, kuidas me teie andmeid kogume, kasutame ja kaitseme. Teie privaatsus on oluline - vaadake meie p\u00f5him\u00f5tteid ja \u00f5igusi siit.","og_url":"https:\/\/bactohouse.eu\/et\/privaatsuspoliitika\/","og_site_name":"Bactohouse","article_modified_time":"2025-02-17T13:25:58+00:00","og_image":[{"width":628,"height":195,"url":"https:\/\/bactohouse.eu\/wp-content\/uploads\/2025\/01\/Bactohouse_logo.webp","type":"image\/webp"}],"twitter_card":"summary_large_image","twitter_misc":{"Est. reading time":"4 minutit"},"schema":{"@context":"https:\/\/schema.org","@graph":[{"@type":"WebPage","@id":"https:\/\/bactohouse.eu\/et\/privaatsuspoliitika\/","url":"https:\/\/bactohouse.eu\/et\/privaatsuspoliitika\/","name":"Privaatsuspoliitika - Bactohouse","isPartOf":{"@id":"https:\/\/bactohouse.eu\/et\/#website"},"datePublished":"2024-12-10T14:10:37+00:00","dateModified":"2025-02-17T13:25:58+00:00","description":"Lugege Bactohouse'i privaatsuspoliitikat, et teada saada, kuidas me teie andmeid kogume, kasutame ja kaitseme. Teie privaatsus on oluline - vaadake meie p\u00f5him\u00f5tteid ja \u00f5igusi siit.","breadcrumb":{"@id":"https:\/\/bactohouse.eu\/et\/privaatsuspoliitika\/#breadcrumb"},"inLanguage":"et","potentialAction":[{"@type":"ReadAction","target":["https:\/\/bactohouse.eu\/et\/privaatsuspoliitika\/"]}]},{"@type":"BreadcrumbList","@id":"https:\/\/bactohouse.eu\/et\/privaatsuspoliitika\/#breadcrumb","itemListElement":[{"@type":"ListItem","position":1,"name":"Home","item":"https:\/\/bactohouse.eu\/et\/"},{"@type":"ListItem","position":2,"name":"Privaatsuspoliitika"}]},{"@type":"WebSite","@id":"https:\/\/bactohouse.eu\/et\/#website","url":"https:\/\/bactohouse.eu\/et\/","name":"Bactohouse","description":"Good Bacteria in Liquid Form","publisher":{"@id":"https:\/\/bactohouse.eu\/et\/#organization"},"potentialAction":[{"@type":"SearchAction","target":{"@type":"EntryPoint","urlTemplate":"https:\/\/bactohouse.eu\/et\/?s={search_term_string}"},"query-input":{"@type":"PropertyValueSpecification","valueRequired":true,"valueName":"search_term_string"}}],"inLanguage":"et"},{"@type":"Organization","@id":"https:\/\/bactohouse.eu\/et\/#organization","name":"Bactohouse","url":"https:\/\/bactohouse.eu\/et\/","logo":{"@type":"ImageObject","inLanguage":"et","@id":"https:\/\/bactohouse.eu\/et\/#\/schema\/logo\/image\/","url":"https:\/\/bactohouse.eu\/wp-content\/uploads\/2025\/01\/Bactohouse_logo.webp","contentUrl":"https:\/\/bactohouse.eu\/wp-content\/uploads\/2025\/01\/Bactohouse_logo.webp","width":628,"height":195,"caption":"Bactohouse"},"image":{"@id":"https:\/\/bactohouse.eu\/et\/#\/schema\/logo\/image\/"}}]}},"jetpack_sharing_enabled":true,"_links":{"self":[{"href":"https:\/\/bactohouse.eu\/et\/wp-json\/wp\/v2\/pages\/6234","targetHints":{"allow":["GET"]}}],"collection":[{"href":"https:\/\/bactohouse.eu\/et\/wp-json\/wp\/v2\/pages"}],"about":[{"href":"https:\/\/bactohouse.eu\/et\/wp-json\/wp\/v2\/types\/page"}],"author":[{"embeddable":true,"href":"https:\/\/bactohouse.eu\/et\/wp-json\/wp\/v2\/users\/1"}],"replies":[{"embeddable":true,"href":"https:\/\/bactohouse.eu\/et\/wp-json\/wp\/v2\/comments?post=6234"}],"version-history":[{"count":1,"href":"https:\/\/bactohouse.eu\/et\/wp-json\/wp\/v2\/pages\/6234\/revisions"}],"predecessor-version":[{"id":6236,"href":"https:\/\/bactohouse.eu\/et\/wp-json\/wp\/v2\/pages\/6234\/revisions\/6236"}],"wp:attachment":[{"href":"https:\/\/bactohouse.eu\/et\/wp-json\/wp\/v2\/media?parent=6234"}],"curies":[{"name":"wp","href":"https:\/\/api.w.org\/{rel}","templated":true}]}}