{"id":6231,"date":"2024-12-10T16:10:31","date_gmt":"2024-12-10T14:10:31","guid":{"rendered":"https:\/\/bactohouse.eu\/kaupade-tagastamise-poliitika\/"},"modified":"2025-02-17T15:25:58","modified_gmt":"2025-02-17T13:25:58","slug":"kaupade-tagastamise-poliitika","status":"publish","type":"page","link":"https:\/\/bactohouse.eu\/et\/kaupade-tagastamise-poliitika\/","title":{"rendered":"Kaupade tagastamise poliitika"},"content":{"rendered":"\t\t<div data-elementor-type=\"wp-page\" data-elementor-id=\"6231\" class=\"elementor elementor-6231 elementor-5871\" data-elementor-post-type=\"page\">\n\t\t\t\t<div class=\"elementor-element elementor-element-0836354 e-flex e-con-boxed e-con e-parent\" data-id=\"0836354\" data-element_type=\"container\" data-e-type=\"container\">\n\t\t\t\t\t<div class=\"e-con-inner\">\n\t\t\t\t<div class=\"elementor-element elementor-element-eab101f elementor-widget__width-initial elementor-widget elementor-widget-heading\" data-id=\"eab101f\" data-element_type=\"widget\" data-e-type=\"widget\" data-widget_type=\"heading.default\">\n\t\t\t\t<div class=\"elementor-widget-container\">\n\t\t\t\t\t<h2 class=\"elementor-heading-title elementor-size-default\"><div>\n    <h3>Tagastamisele mittekuuluvad esemed<\/h3>\n    <p>Kuna k\u00e4\u00e4ritatud joogid on kergesti riknevad ja kahjustatud pakendeid ei saa \u00fcmber pakendada ega kvaliteetsete kaupadena edasi m\u00fc\u00fca, ei saa tarnitud kvaliteetseid kaupu tagastada.<\/p>\n\n    <h3>Tellimuse tagasil\u00fckkamine<\/h3>\n    <p>Kui soovite oma tellimusest keelduda, v\u00f5tke meiega viivitamatult \u00fchendust 24 tunni jooksul p\u00e4rast ostu sooritamist - enne tellimuse v\u00e4ljasaatmist. M\u00fc\u00fcjale tuleb saata kiiremas korras teade allpool esitatud kontaktandmete kaudu.<\/p>\n\n    <h3>Kvaliteedi k\u00fcsimused<\/h3>\n    <p>Kauba kvaliteediga seotud probleemide v\u00f5i tellimuse lahknevuste korral v\u00f5tke meiega viivitamatult \u00fchendust telefonil <a href=\"tel:+37061555815\">+370-615-55815<\/a> v\u00f5i e-posti aadressil <a href=\"mailto:info@bactohouse.eu\">info@bactohouse.eu.<\/a><\/p>\n<\/div>\n<\/h2>\t\t\t\t<\/div>\n\t\t\t\t<\/div>\n\t\t\t\t\t<\/div>\n\t\t\t\t<\/div>\n\t\t\t\t<\/div>\n\t\t","protected":false},"excerpt":{"rendered":"<p>Tagastamisele mittekuuluvad esemed Kuna k\u00e4\u00e4ritatud joogid on kergesti riknevad ja kahjustatud pakendeid ei saa \u00fcmber pakendada ega kvaliteetsete&hellip;<\/p>\n","protected":false},"author":1,"featured_media":0,"parent":0,"menu_order":0,"comment_status":"closed","ping_status":"closed","template":"elementor_header_footer","meta":{"footnotes":""},"class_list":["post-6231","page","type-page","status-publish","hentry"],"yoast_head":"<!-- This site is optimized with the Yoast SEO plugin v27.3 - https:\/\/yoast.com\/product\/yoast-seo-wordpress\/ -->\n<title>Kaupade tagastamise poliitika - Bactohouse<\/title>\n<meta name=\"description\" content=\"Tutvu Bactohouse&#039;i tagastamispoliitikaga. Lihtne tagastamine, selged juhised ja kliendis\u00f5bralik teenindus! Lisateave siin.\" \/>\n<meta name=\"robots\" content=\"index, follow, max-snippet:-1, max-image-preview:large, max-video-preview:-1\" \/>\n<link rel=\"canonical\" href=\"https:\/\/bactohouse.eu\/et\/kaupade-tagastamise-poliitika\/\" \/>\n<meta property=\"og:locale\" content=\"et_EE\" \/>\n<meta property=\"og:type\" content=\"article\" \/>\n<meta property=\"og:title\" content=\"Kaupade tagastamise poliitika - Bactohouse\" \/>\n<meta property=\"og:description\" content=\"Tutvu Bactohouse&#039;i tagastamispoliitikaga. Lihtne tagastamine, selged juhised ja kliendis\u00f5bralik teenindus! Lisateave siin.\" \/>\n<meta property=\"og:url\" content=\"https:\/\/bactohouse.eu\/et\/kaupade-tagastamise-poliitika\/\" \/>\n<meta property=\"og:site_name\" content=\"Bactohouse\" \/>\n<meta property=\"article:modified_time\" content=\"2025-02-17T13:25:58+00:00\" \/>\n<meta property=\"og:image\" content=\"https:\/\/bactohouse.eu\/wp-content\/uploads\/2025\/01\/Bactohouse_logo.webp\" \/>\n\t<meta property=\"og:image:width\" content=\"628\" \/>\n\t<meta property=\"og:image:height\" content=\"195\" \/>\n\t<meta property=\"og:image:type\" content=\"image\/webp\" \/>\n<meta name=\"twitter:card\" content=\"summary_large_image\" \/>\n<script type=\"application\/ld+json\" class=\"yoast-schema-graph\">{\"@context\":\"https:\\\/\\\/schema.org\",\"@graph\":[{\"@type\":\"WebPage\",\"@id\":\"https:\\\/\\\/bactohouse.eu\\\/et\\\/kaupade-tagastamise-poliitika\\\/\",\"url\":\"https:\\\/\\\/bactohouse.eu\\\/et\\\/kaupade-tagastamise-poliitika\\\/\",\"name\":\"Kaupade tagastamise poliitika - Bactohouse\",\"isPartOf\":{\"@id\":\"https:\\\/\\\/bactohouse.eu\\\/et\\\/#website\"},\"datePublished\":\"2024-12-10T14:10:31+00:00\",\"dateModified\":\"2025-02-17T13:25:58+00:00\",\"description\":\"Tutvu Bactohouse'i tagastamispoliitikaga. Lihtne tagastamine, selged juhised ja kliendis\u00f5bralik teenindus! Lisateave siin.\",\"breadcrumb\":{\"@id\":\"https:\\\/\\\/bactohouse.eu\\\/et\\\/kaupade-tagastamise-poliitika\\\/#breadcrumb\"},\"inLanguage\":\"et\",\"potentialAction\":[{\"@type\":\"ReadAction\",\"target\":[\"https:\\\/\\\/bactohouse.eu\\\/et\\\/kaupade-tagastamise-poliitika\\\/\"]}]},{\"@type\":\"BreadcrumbList\",\"@id\":\"https:\\\/\\\/bactohouse.eu\\\/et\\\/kaupade-tagastamise-poliitika\\\/#breadcrumb\",\"itemListElement\":[{\"@type\":\"ListItem\",\"position\":1,\"name\":\"Home\",\"item\":\"https:\\\/\\\/bactohouse.eu\\\/et\\\/\"},{\"@type\":\"ListItem\",\"position\":2,\"name\":\"Kaupade tagastamise poliitika\"}]},{\"@type\":\"WebSite\",\"@id\":\"https:\\\/\\\/bactohouse.eu\\\/et\\\/#website\",\"url\":\"https:\\\/\\\/bactohouse.eu\\\/et\\\/\",\"name\":\"Bactohouse\",\"description\":\"Good Bacteria in Liquid Form\",\"publisher\":{\"@id\":\"https:\\\/\\\/bactohouse.eu\\\/et\\\/#organization\"},\"potentialAction\":[{\"@type\":\"SearchAction\",\"target\":{\"@type\":\"EntryPoint\",\"urlTemplate\":\"https:\\\/\\\/bactohouse.eu\\\/et\\\/?s={search_term_string}\"},\"query-input\":{\"@type\":\"PropertyValueSpecification\",\"valueRequired\":true,\"valueName\":\"search_term_string\"}}],\"inLanguage\":\"et\"},{\"@type\":\"Organization\",\"@id\":\"https:\\\/\\\/bactohouse.eu\\\/et\\\/#organization\",\"name\":\"Bactohouse\",\"url\":\"https:\\\/\\\/bactohouse.eu\\\/et\\\/\",\"logo\":{\"@type\":\"ImageObject\",\"inLanguage\":\"et\",\"@id\":\"https:\\\/\\\/bactohouse.eu\\\/et\\\/#\\\/schema\\\/logo\\\/image\\\/\",\"url\":\"https:\\\/\\\/bactohouse.eu\\\/wp-content\\\/uploads\\\/2025\\\/01\\\/Bactohouse_logo.webp\",\"contentUrl\":\"https:\\\/\\\/bactohouse.eu\\\/wp-content\\\/uploads\\\/2025\\\/01\\\/Bactohouse_logo.webp\",\"width\":628,\"height\":195,\"caption\":\"Bactohouse\"},\"image\":{\"@id\":\"https:\\\/\\\/bactohouse.eu\\\/et\\\/#\\\/schema\\\/logo\\\/image\\\/\"}}]}<\/script>\n<!-- \/ Yoast SEO plugin. -->","yoast_head_json":{"title":"Kaupade tagastamise poliitika - Bactohouse","description":"Tutvu Bactohouse'i tagastamispoliitikaga. Lihtne tagastamine, selged juhised ja kliendis\u00f5bralik teenindus! Lisateave siin.","robots":{"index":"index","follow":"follow","max-snippet":"max-snippet:-1","max-image-preview":"max-image-preview:large","max-video-preview":"max-video-preview:-1"},"canonical":"https:\/\/bactohouse.eu\/et\/kaupade-tagastamise-poliitika\/","og_locale":"et_EE","og_type":"article","og_title":"Kaupade tagastamise poliitika - Bactohouse","og_description":"Tutvu Bactohouse'i tagastamispoliitikaga. Lihtne tagastamine, selged juhised ja kliendis\u00f5bralik teenindus! Lisateave siin.","og_url":"https:\/\/bactohouse.eu\/et\/kaupade-tagastamise-poliitika\/","og_site_name":"Bactohouse","article_modified_time":"2025-02-17T13:25:58+00:00","og_image":[{"width":628,"height":195,"url":"https:\/\/bactohouse.eu\/wp-content\/uploads\/2025\/01\/Bactohouse_logo.webp","type":"image\/webp"}],"twitter_card":"summary_large_image","schema":{"@context":"https:\/\/schema.org","@graph":[{"@type":"WebPage","@id":"https:\/\/bactohouse.eu\/et\/kaupade-tagastamise-poliitika\/","url":"https:\/\/bactohouse.eu\/et\/kaupade-tagastamise-poliitika\/","name":"Kaupade tagastamise poliitika - Bactohouse","isPartOf":{"@id":"https:\/\/bactohouse.eu\/et\/#website"},"datePublished":"2024-12-10T14:10:31+00:00","dateModified":"2025-02-17T13:25:58+00:00","description":"Tutvu Bactohouse'i tagastamispoliitikaga. Lihtne tagastamine, selged juhised ja kliendis\u00f5bralik teenindus! Lisateave siin.","breadcrumb":{"@id":"https:\/\/bactohouse.eu\/et\/kaupade-tagastamise-poliitika\/#breadcrumb"},"inLanguage":"et","potentialAction":[{"@type":"ReadAction","target":["https:\/\/bactohouse.eu\/et\/kaupade-tagastamise-poliitika\/"]}]},{"@type":"BreadcrumbList","@id":"https:\/\/bactohouse.eu\/et\/kaupade-tagastamise-poliitika\/#breadcrumb","itemListElement":[{"@type":"ListItem","position":1,"name":"Home","item":"https:\/\/bactohouse.eu\/et\/"},{"@type":"ListItem","position":2,"name":"Kaupade tagastamise poliitika"}]},{"@type":"WebSite","@id":"https:\/\/bactohouse.eu\/et\/#website","url":"https:\/\/bactohouse.eu\/et\/","name":"Bactohouse","description":"Good Bacteria in Liquid Form","publisher":{"@id":"https:\/\/bactohouse.eu\/et\/#organization"},"potentialAction":[{"@type":"SearchAction","target":{"@type":"EntryPoint","urlTemplate":"https:\/\/bactohouse.eu\/et\/?s={search_term_string}"},"query-input":{"@type":"PropertyValueSpecification","valueRequired":true,"valueName":"search_term_string"}}],"inLanguage":"et"},{"@type":"Organization","@id":"https:\/\/bactohouse.eu\/et\/#organization","name":"Bactohouse","url":"https:\/\/bactohouse.eu\/et\/","logo":{"@type":"ImageObject","inLanguage":"et","@id":"https:\/\/bactohouse.eu\/et\/#\/schema\/logo\/image\/","url":"https:\/\/bactohouse.eu\/wp-content\/uploads\/2025\/01\/Bactohouse_logo.webp","contentUrl":"https:\/\/bactohouse.eu\/wp-content\/uploads\/2025\/01\/Bactohouse_logo.webp","width":628,"height":195,"caption":"Bactohouse"},"image":{"@id":"https:\/\/bactohouse.eu\/et\/#\/schema\/logo\/image\/"}}]}},"jetpack_sharing_enabled":true,"_links":{"self":[{"href":"https:\/\/bactohouse.eu\/et\/wp-json\/wp\/v2\/pages\/6231","targetHints":{"allow":["GET"]}}],"collection":[{"href":"https:\/\/bactohouse.eu\/et\/wp-json\/wp\/v2\/pages"}],"about":[{"href":"https:\/\/bactohouse.eu\/et\/wp-json\/wp\/v2\/types\/page"}],"author":[{"embeddable":true,"href":"https:\/\/bactohouse.eu\/et\/wp-json\/wp\/v2\/users\/1"}],"replies":[{"embeddable":true,"href":"https:\/\/bactohouse.eu\/et\/wp-json\/wp\/v2\/comments?post=6231"}],"version-history":[{"count":1,"href":"https:\/\/bactohouse.eu\/et\/wp-json\/wp\/v2\/pages\/6231\/revisions"}],"predecessor-version":[{"id":6233,"href":"https:\/\/bactohouse.eu\/et\/wp-json\/wp\/v2\/pages\/6231\/revisions\/6233"}],"wp:attachment":[{"href":"https:\/\/bactohouse.eu\/et\/wp-json\/wp\/v2\/media?parent=6231"}],"curies":[{"name":"wp","href":"https:\/\/api.w.org\/{rel}","templated":true}]}}