{"id":6228,"date":"2024-12-10T16:10:26","date_gmt":"2024-12-10T14:10:26","guid":{"rendered":"https:\/\/bactohouse.eu\/kaupade-tarnimine\/"},"modified":"2025-02-17T15:25:58","modified_gmt":"2025-02-17T13:25:58","slug":"kaupade-tarnimine","status":"publish","type":"page","link":"https:\/\/bactohouse.eu\/et\/kaupade-tarnimine\/","title":{"rendered":"Kaupade tarnimine"},"content":{"rendered":"\t\t<div data-elementor-type=\"wp-page\" data-elementor-id=\"6228\" class=\"elementor elementor-6228 elementor-5872\" data-elementor-post-type=\"page\">\n\t\t\t\t<div class=\"elementor-element elementor-element-ac7418d e-flex e-con-boxed e-con e-parent\" data-id=\"ac7418d\" data-element_type=\"container\" data-e-type=\"container\">\n\t\t\t\t\t<div class=\"e-con-inner\">\n\t\t\t\t<div class=\"elementor-element elementor-element-aabc63d elementor-widget__width-initial elementor-widget elementor-widget-heading\" data-id=\"aabc63d\" data-element_type=\"widget\" data-e-type=\"widget\" data-widget_type=\"heading.default\">\n\t\t\t\t<div class=\"elementor-widget-container\">\n\t\t\t\t\t<h2 class=\"elementor-heading-title elementor-size-default\"><div>\n    <h2>1. Tarnev\u00f5imalused<\/h2>\n    <p>Kaupade tellimisel saab Ostja valida eeskirjade punktides 3 ja 4 nimetatud tarneviiside vahel.<\/p>\n\n    <h2>2. Saaja teave<\/h2>\n    <p>Kui Ostja ei v\u00f5ta kaupa isiklikult vastu, peab Ostja tarneandmed sisaldama kauba vastuv\u00f5tmiseks volitatud isiku andmeid.<\/p>\n\n    <h2>3. Kuller v\u00f5i Postimees Kohaletoimetamine<\/h2>\n    <ul>\n        <li><strong>3.1.<\/strong>  Ostja peab esitama t\u00e4pse tarneaadressi.<\/li>\n        <li><strong>3.2.<\/strong>  Ostja peab kauba isiklikult vastu v\u00f5tma v\u00f5i m\u00e4\u00e4rama tellimuses oma andmete abil volitatud esindaja. Vastuv\u00f5tmisel tuleb esitada kehtiv isikut t\u00f5endav dokument (isikutunnistus, pass v\u00f5i uue mudeli juhiluba). Kui ei Ostja ega volitatud esindaja ei ole v\u00f5imalik m\u00e4\u00e4ratud aadressil tarnet vastu v\u00f5tta, ei saa Ostja pidada M\u00fc\u00fcjat vastutavaks vale isikule tarnimise eest.  <\/li>\n        <li><strong>3.3.<\/strong>  Kaubad toimetavad M\u00fc\u00fcja volitatud esindajad Ostja kulul kohale.<\/li>\n        <li><strong>3.4.<\/strong>  Tarnekulud s\u00f5ltuvad kauba kaalust, hinnast, valitud makseviisist ja tarneviisist.<\/li>\n        <li><strong>3.5.<\/strong>  Tarnehinnad kehtivad ainult Leedu piires, v\u00e4lja arvatud Kuramaa. Kohaletoimetamine teistesse kohtadesse on v\u00f5imalik M\u00fc\u00fcja ja Ostja vahel eraldi kokku leppida. <\/li>\n        <li><strong>3.6.<\/strong>  Kui kaupa ei tarnita etten\u00e4htud p\u00e4eval, peab Ostja sellest M\u00fc\u00fcjat viivitamatult, kuid hiljemalt j\u00e4rgmisel t\u00f6\u00f6p\u00e4eval teavitama.<\/li>\n        <li><strong>3.7.<\/strong>  \u00dcle 31,5 kg kaaluvate tellimuste puhul ei sisalda kauba koju toomine teenust; seda teenust saab tellida t\u00e4iendavalt.<\/li>\n    <\/ul>\n\n    <h2>4. Kohaletoimetamine pakiautomaatidesse<\/h2>\n    <p>Ostja peab kassas valima pakiautomaadi nimekirjast.<\/p>\n\n    <h2>5. Erandid tarnet\u00e4htajast<\/h2>\n    <p>M\u00fc\u00fcja ei vastuta viivituste eest, kui kaupa ei toimetata kohale v\u00f5i see hilineb kolmandate isikute probleemide v\u00f5i M\u00fc\u00fcjast s\u00f5ltumatute asjaolude t\u00f5ttu.<\/p>\n\n    <h2>6. Kontrollimine tarnimisel<\/h2>\n    <p>Kohaletoimetamisel peab ostja koos kulleriga kontrollima saadetise ja kauba seisukorda ning allkirjastama saadetise \u00fcleandmis- ja vastuv\u00f5tudokumendi. Allkirjastamisega kinnitab ostja, et kaup on sobivas seisukorras, ilma n\u00e4htavate kahjustuste v\u00f5i ebak\u00f5ladeta, v\u00e4lja arvatud tehases esinevad defektid v\u00f5i probleemid, mida ei ole v\u00f5imalik v\u00e4lisel kontrollimisel tuvastada. <\/p>\n\n    <h2>7. Aruandlusk\u00fcsimused<\/h2>\n    <p>Kui pakend v\u00f5i saadetis on kahjustatud v\u00f5i kui esineb lahknevusi koguses, kvaliteedis v\u00f5i sortimendis, ei tohiks ostja v\u00f5i volitatud esindaja saadetist vastu v\u00f5tta. Kuller ja ostja (v\u00f5i tema esindaja) peavad t\u00e4itma pakendi rikkumise aruande, milles m\u00e4rgitakse puudused. Kui neid samme ei ole astutud, ei vastuta m\u00fc\u00fcja kahjustuste v\u00f5i ebak\u00f5lade eest, v\u00e4lja arvatud juhul, kui tegemist on tehase defektidega v\u00f5i v\u00e4lise kontrolli k\u00e4igus tuvastatavate probleemidega.  <\/p>\n\n    <h2>8. Riskide \u00fclekandmine<\/h2>\n    <p>Juhusliku kadumise v\u00f5i kahjustumise risk l\u00e4heb ostjale \u00fcle p\u00e4rast kauba \u00fcleandmist.<\/p>\n\n    <h2>9. Kogumata kaubad<\/h2>\n    <p>Kui Ostja ei v\u00f5ta kaupa m\u00e4\u00e4ratud t\u00e4htaja jooksul vastu v\u00f5i kui tarnimine ei \u00f5nnestu ja makse ei ole tehtud, tagastatakse kaup M\u00fc\u00fcjale ja tellimus t\u00fchistatakse.<\/p>\n<\/div>\n<\/h2>\t\t\t\t<\/div>\n\t\t\t\t<\/div>\n\t\t\t\t\t<\/div>\n\t\t\t\t<\/div>\n\t\t\t\t<\/div>\n\t\t","protected":false},"excerpt":{"rendered":"<p>1. Tarnev\u00f5imalused Kaupade tellimisel saab Ostja valida eeskirjade punktides 3 ja 4 nimetatud tarneviiside vahel. 2. Saaja teave&hellip;<\/p>\n","protected":false},"author":1,"featured_media":0,"parent":0,"menu_order":0,"comment_status":"closed","ping_status":"closed","template":"elementor_header_footer","meta":{"footnotes":""},"class_list":["post-6228","page","type-page","status-publish","hentry"],"yoast_head":"<!-- This site is optimized with the Yoast SEO plugin v27.3 - https:\/\/yoast.com\/product\/yoast-seo-wordpress\/ -->\n<title>Bactohouse kohaletoimetamine - kiire ja usaldusv\u00e4\u00e4rne kohaletoimetamine<\/title>\n<meta name=\"description\" content=\"Tutvu Bactohouse&#039;i tarnev\u00f5imalustega! Kiire, turvaline saatmine teie asukohta. Vaadake hinnangulisi aegu, kulusid ja p\u00f5him\u00f5tteid.\" \/>\n<meta name=\"robots\" content=\"index, follow, max-snippet:-1, max-image-preview:large, max-video-preview:-1\" \/>\n<link rel=\"canonical\" href=\"https:\/\/bactohouse.eu\/et\/kaupade-tarnimine\/\" \/>\n<meta property=\"og:locale\" content=\"et_EE\" \/>\n<meta property=\"og:type\" content=\"article\" \/>\n<meta property=\"og:title\" content=\"Bactohouse kohaletoimetamine - kiire ja usaldusv\u00e4\u00e4rne kohaletoimetamine\" \/>\n<meta property=\"og:description\" content=\"Tutvu Bactohouse&#039;i tarnev\u00f5imalustega! Kiire, turvaline saatmine teie asukohta. Vaadake hinnangulisi aegu, kulusid ja p\u00f5him\u00f5tteid.\" \/>\n<meta property=\"og:url\" content=\"https:\/\/bactohouse.eu\/et\/kaupade-tarnimine\/\" \/>\n<meta property=\"og:site_name\" content=\"Bactohouse\" \/>\n<meta property=\"article:modified_time\" content=\"2025-02-17T13:25:58+00:00\" \/>\n<meta property=\"og:image\" content=\"https:\/\/bactohouse.eu\/wp-content\/uploads\/2025\/01\/Bactohouse_logo.webp\" \/>\n\t<meta property=\"og:image:width\" content=\"628\" \/>\n\t<meta property=\"og:image:height\" content=\"195\" \/>\n\t<meta property=\"og:image:type\" content=\"image\/webp\" \/>\n<meta name=\"twitter:card\" content=\"summary_large_image\" \/>\n<meta name=\"twitter:label1\" content=\"Est. reading time\" \/>\n\t<meta name=\"twitter:data1\" content=\"2 minutit\" \/>\n<script type=\"application\/ld+json\" class=\"yoast-schema-graph\">{\"@context\":\"https:\\\/\\\/schema.org\",\"@graph\":[{\"@type\":\"WebPage\",\"@id\":\"https:\\\/\\\/bactohouse.eu\\\/et\\\/kaupade-tarnimine\\\/\",\"url\":\"https:\\\/\\\/bactohouse.eu\\\/et\\\/kaupade-tarnimine\\\/\",\"name\":\"Bactohouse kohaletoimetamine - kiire ja usaldusv\u00e4\u00e4rne kohaletoimetamine\",\"isPartOf\":{\"@id\":\"https:\\\/\\\/bactohouse.eu\\\/et\\\/#website\"},\"datePublished\":\"2024-12-10T14:10:26+00:00\",\"dateModified\":\"2025-02-17T13:25:58+00:00\",\"description\":\"Tutvu Bactohouse'i tarnev\u00f5imalustega! Kiire, turvaline saatmine teie asukohta. Vaadake hinnangulisi aegu, kulusid ja p\u00f5him\u00f5tteid.\",\"breadcrumb\":{\"@id\":\"https:\\\/\\\/bactohouse.eu\\\/et\\\/kaupade-tarnimine\\\/#breadcrumb\"},\"inLanguage\":\"et\",\"potentialAction\":[{\"@type\":\"ReadAction\",\"target\":[\"https:\\\/\\\/bactohouse.eu\\\/et\\\/kaupade-tarnimine\\\/\"]}]},{\"@type\":\"BreadcrumbList\",\"@id\":\"https:\\\/\\\/bactohouse.eu\\\/et\\\/kaupade-tarnimine\\\/#breadcrumb\",\"itemListElement\":[{\"@type\":\"ListItem\",\"position\":1,\"name\":\"Home\",\"item\":\"https:\\\/\\\/bactohouse.eu\\\/et\\\/\"},{\"@type\":\"ListItem\",\"position\":2,\"name\":\"Kaupade tarnimine\"}]},{\"@type\":\"WebSite\",\"@id\":\"https:\\\/\\\/bactohouse.eu\\\/et\\\/#website\",\"url\":\"https:\\\/\\\/bactohouse.eu\\\/et\\\/\",\"name\":\"Bactohouse\",\"description\":\"Good Bacteria in Liquid Form\",\"publisher\":{\"@id\":\"https:\\\/\\\/bactohouse.eu\\\/et\\\/#organization\"},\"potentialAction\":[{\"@type\":\"SearchAction\",\"target\":{\"@type\":\"EntryPoint\",\"urlTemplate\":\"https:\\\/\\\/bactohouse.eu\\\/et\\\/?s={search_term_string}\"},\"query-input\":{\"@type\":\"PropertyValueSpecification\",\"valueRequired\":true,\"valueName\":\"search_term_string\"}}],\"inLanguage\":\"et\"},{\"@type\":\"Organization\",\"@id\":\"https:\\\/\\\/bactohouse.eu\\\/et\\\/#organization\",\"name\":\"Bactohouse\",\"url\":\"https:\\\/\\\/bactohouse.eu\\\/et\\\/\",\"logo\":{\"@type\":\"ImageObject\",\"inLanguage\":\"et\",\"@id\":\"https:\\\/\\\/bactohouse.eu\\\/et\\\/#\\\/schema\\\/logo\\\/image\\\/\",\"url\":\"https:\\\/\\\/bactohouse.eu\\\/wp-content\\\/uploads\\\/2025\\\/01\\\/Bactohouse_logo.webp\",\"contentUrl\":\"https:\\\/\\\/bactohouse.eu\\\/wp-content\\\/uploads\\\/2025\\\/01\\\/Bactohouse_logo.webp\",\"width\":628,\"height\":195,\"caption\":\"Bactohouse\"},\"image\":{\"@id\":\"https:\\\/\\\/bactohouse.eu\\\/et\\\/#\\\/schema\\\/logo\\\/image\\\/\"}}]}<\/script>\n<!-- \/ Yoast SEO plugin. -->","yoast_head_json":{"title":"Bactohouse kohaletoimetamine - kiire ja usaldusv\u00e4\u00e4rne kohaletoimetamine","description":"Tutvu Bactohouse'i tarnev\u00f5imalustega! Kiire, turvaline saatmine teie asukohta. Vaadake hinnangulisi aegu, kulusid ja p\u00f5him\u00f5tteid.","robots":{"index":"index","follow":"follow","max-snippet":"max-snippet:-1","max-image-preview":"max-image-preview:large","max-video-preview":"max-video-preview:-1"},"canonical":"https:\/\/bactohouse.eu\/et\/kaupade-tarnimine\/","og_locale":"et_EE","og_type":"article","og_title":"Bactohouse kohaletoimetamine - kiire ja usaldusv\u00e4\u00e4rne kohaletoimetamine","og_description":"Tutvu Bactohouse'i tarnev\u00f5imalustega! Kiire, turvaline saatmine teie asukohta. Vaadake hinnangulisi aegu, kulusid ja p\u00f5him\u00f5tteid.","og_url":"https:\/\/bactohouse.eu\/et\/kaupade-tarnimine\/","og_site_name":"Bactohouse","article_modified_time":"2025-02-17T13:25:58+00:00","og_image":[{"width":628,"height":195,"url":"https:\/\/bactohouse.eu\/wp-content\/uploads\/2025\/01\/Bactohouse_logo.webp","type":"image\/webp"}],"twitter_card":"summary_large_image","twitter_misc":{"Est. reading time":"2 minutit"},"schema":{"@context":"https:\/\/schema.org","@graph":[{"@type":"WebPage","@id":"https:\/\/bactohouse.eu\/et\/kaupade-tarnimine\/","url":"https:\/\/bactohouse.eu\/et\/kaupade-tarnimine\/","name":"Bactohouse kohaletoimetamine - kiire ja usaldusv\u00e4\u00e4rne kohaletoimetamine","isPartOf":{"@id":"https:\/\/bactohouse.eu\/et\/#website"},"datePublished":"2024-12-10T14:10:26+00:00","dateModified":"2025-02-17T13:25:58+00:00","description":"Tutvu Bactohouse'i tarnev\u00f5imalustega! Kiire, turvaline saatmine teie asukohta. Vaadake hinnangulisi aegu, kulusid ja p\u00f5him\u00f5tteid.","breadcrumb":{"@id":"https:\/\/bactohouse.eu\/et\/kaupade-tarnimine\/#breadcrumb"},"inLanguage":"et","potentialAction":[{"@type":"ReadAction","target":["https:\/\/bactohouse.eu\/et\/kaupade-tarnimine\/"]}]},{"@type":"BreadcrumbList","@id":"https:\/\/bactohouse.eu\/et\/kaupade-tarnimine\/#breadcrumb","itemListElement":[{"@type":"ListItem","position":1,"name":"Home","item":"https:\/\/bactohouse.eu\/et\/"},{"@type":"ListItem","position":2,"name":"Kaupade tarnimine"}]},{"@type":"WebSite","@id":"https:\/\/bactohouse.eu\/et\/#website","url":"https:\/\/bactohouse.eu\/et\/","name":"Bactohouse","description":"Good Bacteria in Liquid Form","publisher":{"@id":"https:\/\/bactohouse.eu\/et\/#organization"},"potentialAction":[{"@type":"SearchAction","target":{"@type":"EntryPoint","urlTemplate":"https:\/\/bactohouse.eu\/et\/?s={search_term_string}"},"query-input":{"@type":"PropertyValueSpecification","valueRequired":true,"valueName":"search_term_string"}}],"inLanguage":"et"},{"@type":"Organization","@id":"https:\/\/bactohouse.eu\/et\/#organization","name":"Bactohouse","url":"https:\/\/bactohouse.eu\/et\/","logo":{"@type":"ImageObject","inLanguage":"et","@id":"https:\/\/bactohouse.eu\/et\/#\/schema\/logo\/image\/","url":"https:\/\/bactohouse.eu\/wp-content\/uploads\/2025\/01\/Bactohouse_logo.webp","contentUrl":"https:\/\/bactohouse.eu\/wp-content\/uploads\/2025\/01\/Bactohouse_logo.webp","width":628,"height":195,"caption":"Bactohouse"},"image":{"@id":"https:\/\/bactohouse.eu\/et\/#\/schema\/logo\/image\/"}}]}},"jetpack_sharing_enabled":true,"_links":{"self":[{"href":"https:\/\/bactohouse.eu\/et\/wp-json\/wp\/v2\/pages\/6228","targetHints":{"allow":["GET"]}}],"collection":[{"href":"https:\/\/bactohouse.eu\/et\/wp-json\/wp\/v2\/pages"}],"about":[{"href":"https:\/\/bactohouse.eu\/et\/wp-json\/wp\/v2\/types\/page"}],"author":[{"embeddable":true,"href":"https:\/\/bactohouse.eu\/et\/wp-json\/wp\/v2\/users\/1"}],"replies":[{"embeddable":true,"href":"https:\/\/bactohouse.eu\/et\/wp-json\/wp\/v2\/comments?post=6228"}],"version-history":[{"count":1,"href":"https:\/\/bactohouse.eu\/et\/wp-json\/wp\/v2\/pages\/6228\/revisions"}],"predecessor-version":[{"id":6230,"href":"https:\/\/bactohouse.eu\/et\/wp-json\/wp\/v2\/pages\/6228\/revisions\/6230"}],"wp:attachment":[{"href":"https:\/\/bactohouse.eu\/et\/wp-json\/wp\/v2\/media?parent=6228"}],"curies":[{"name":"wp","href":"https:\/\/api.w.org\/{rel}","templated":true}]}}