{"id":6224,"date":"2024-12-10T16:10:20","date_gmt":"2024-12-10T14:10:20","guid":{"rendered":"https:\/\/bactohouse.eu\/ostueeskirjad\/"},"modified":"2025-02-17T15:25:58","modified_gmt":"2025-02-17T13:25:58","slug":"ostueeskirjad","status":"publish","type":"page","link":"https:\/\/bactohouse.eu\/et\/ostueeskirjad\/","title":{"rendered":"Ostueeskirjad"},"content":{"rendered":"\t\t<div data-elementor-type=\"wp-page\" data-elementor-id=\"6224\" class=\"elementor elementor-6224 elementor-5873\" data-elementor-post-type=\"page\">\n\t\t\t\t<div class=\"elementor-element elementor-element-4b9e635 e-flex e-con-boxed e-con e-parent\" data-id=\"4b9e635\" data-element_type=\"container\" data-e-type=\"container\">\n\t\t\t\t\t<div class=\"e-con-inner\">\n\t\t\t\t<div class=\"elementor-element elementor-element-e987f57 elementor-widget__width-initial elementor-widget elementor-widget-heading\" data-id=\"e987f57\" data-element_type=\"widget\" data-e-type=\"widget\" data-widget_type=\"heading.default\">\n\t\t\t\t<div class=\"elementor-widget-container\">\n\t\t\t\t\t<h2 class=\"elementor-heading-title elementor-size-default\"><div>\n    <h2>1. \u00dclds\u00e4tted<\/h2>\n    <p>K\u00e4esolevad tingimused (edaspidi \"Reeglid\") m\u00e4\u00e4ratlevad <strong>bactohouse.eu<\/strong> veebipoest kaupa (fermenteeritud tooteid) ostva isiku (edaspidi \"Ostja\") ja MB Health Products, firmakood 305806087 (edaspidi \"M\u00fc\u00fcja\") vastastikused \u00f5igused, kohustused ja vastutuse. Ostes kaupu veebipoest, n\u00f5ustub Ostja k\u00e4esolevate reeglitega. <\/p>\n\n    <h2>2. Lepingu s\u00f5lmimine<\/h2>\n    <p><strong>2.1.<\/strong>  Ostu-m\u00fc\u00fcgileping Ostja ja M\u00fc\u00fcja vahel loetakse s\u00f5lmituks, kui Ostja loob ostukorvi, m\u00e4\u00e4rab tarneaadressi, valib tarneviisi, n\u00f5ustub k\u00e4esolevate eeskirjadega, valib makseviisi, vajutab nupule \"Kinnitan tellimuse\" ja j\u00e4\u00e4b kehtima kuni k\u00f5igi k\u00e4esolevast lepingust tulenevate kohustuste t\u00e4itmiseni. Kui Ostja ei n\u00f5ustu k\u00f5igi v\u00f5i osadega k\u00e4esolevatest reeglitest, ei tohiks ta tellimust esitada. <\/p>\n\n    <p><strong>2.2.<\/strong> Iga ostja ja m\u00fc\u00fcja vaheline leping salvestatakse <strong>bactohouse.eu<\/strong> andmebaasis.<\/p>\n\n    <h2>3. Ostja \u00f5igused<\/h2>\n    <p><strong>3.1.<\/strong>  Ostjal on \u00f5igus osta kaupu e-poest vastavalt k\u00e4esolevatele eeskirjadele ja Leedu Vabariigi seadustele.<\/p>\n\n    <p><strong>3.2.<\/strong>  Ostja v\u00f5ib ostulepingu t\u00fchistada 24 tunni jooksul p\u00e4rast ostu sooritamist, enne kauba v\u00e4ljasaatmist, j\u00e4rgmistel p\u00f5hjustel:<\/p>\n    <ul>\n        <li><strong>3.2.1.<\/strong>  K\u00e4\u00e4ritatud jooke liigitatakse kergesti riknevate v\u00f5i l\u00fchikese s\u00e4ilivusajaga kaupade hulka.<\/li>\n        <li><strong>3.2.2.<\/strong>  K\u00e4\u00e4ritatud jooke liigitatakse pakendatud kaupadeks, mis p\u00e4rast lahtipakkimist ei sobi tagastamiseks kahjustatud pakendi ja\/v\u00f5i \u00fcksikute f\u00fc\u00fcsikaliste omaduste muutuste t\u00f5ttu.<\/li>\n    <\/ul>\n\n    <p><strong>3.3.<\/strong>  Ostjal on muud \u00f5igused, mis on s\u00e4testatud k\u00e4esolevates eeskirjades ja Leedu Vabariigi seadustes.<\/p>\n\n    <h2>4. Ostja kohustused<\/h2>\n    <p><strong>4.1.<\/strong>  Ostja peab tasuma kauba ja selle tarnimise eest ning k\u00f5ik muud kohaldatavad tasud ja v\u00f5tma tellitud kauba vastu.<\/p>\n\n    <p><strong>4.2.<\/strong>  Kui ostja registreerimisandmed muutuvad, peab ta need viivitamata ajakohastama.<\/p>\n\n    <p><strong>4.3.<\/strong>  Ostja peab t\u00e4itma muid k\u00e4esolevates eeskirjades ja Leedu Vabariigi seadustes s\u00e4testatud n\u00f5udeid.<\/p>\n\n    <h2>5. M\u00fc\u00fcja \u00f5igused<\/h2>\n    <p><strong>5.1.<\/strong> M\u00fc\u00fcja j\u00e4tab endale \u00f5iguse muuta, peatada v\u00f5i l\u00f5petada teatud funktsioone v\u00f5i nende osi ning muuta <strong>bactohouse.eu<\/strong> elementide paigutust. Need muudatused ei m\u00f5juta enne selliseid muudatusi s\u00f5lmitud lepinguid. <\/p>\n\n    <p><strong>5.2.<\/strong>  M\u00fc\u00fcja v\u00f5ib tellimuse t\u00fchistada ilma eelneva etteteatamiseta, kui Ostja ei maksa kauba eest 2 t\u00f6\u00f6p\u00e4eva jooksul, kui ta kasutab elektroonilist pangandust v\u00f5i elektroonilisi makses\u00fcsteeme \"Paysera\" ja\/v\u00f5i \"Paypal\".<\/p>\n\n    <p><strong>5.3.<\/strong>  M\u00fc\u00fcja v\u00f5ib Ostja tellimuse t\u00fchistada ilma eelneva etteteatamiseta, kui:<\/p>\n    <ul>\n        <li><strong>5.3.1.<\/strong>  M\u00fc\u00fcja ei saa ostjaga \u00fchendust v\u00f5tta 2 t\u00f6\u00f6p\u00e4eva jooksul p\u00e4rast tellimuse esitamist.<\/li>\n        <li><strong>5.3.2.<\/strong>  Ostja ei esita n\u00f5utud teavet etten\u00e4htud aja jooksul.<\/li>\n        <li><strong>5.3.3.<\/strong>  Ostja ei n\u00f5ustu isikuandmete kontrollimisega.<\/li>\n    <\/ul>\n\n    <p><strong>5.4.<\/strong>  Kui Ostja \u00fcritab kahjustada e-poe toimimist v\u00f5i stabiilsust, v\u00f5ib M\u00fc\u00fcja piirata, peatada v\u00f5i l\u00f5petada Ostja juurdep\u00e4\u00e4su ilma eelneva hoiatuseta ning ei vastuta sellega seotud kahjude eest.<\/p>\n\n    <p><strong>5.5.<\/strong>  M\u00fc\u00fcjal on \u00f5igus neid reegleid \u00fchepoolselt muuta, avaldades need e-poe veebilehel. Muudatused j\u00f5ustuvad p\u00e4rast nende avaldamist k\u00f5igi j\u00e4rgnevate tehingute suhtes. <\/p>\n\n    <p><strong>5.6.<\/strong>  M\u00fc\u00fcjal on muud \u00f5igused, mis on s\u00e4testatud k\u00e4esolevates eeskirjades ja Leedu Vabariigi seadustes.<\/p>\n\n    <h2>6. M\u00fc\u00fcja kohustused ja garantii<\/h2>\n    <p><strong>6.1.<\/strong>  M\u00fc\u00fcja kohustub tegema j\u00f5upingutusi, et Ostja saaks e-poes pakutavaid teenuseid n\u00f5uetekohaselt kasutada.<\/p>\n\n    <p><strong>6.2.<\/strong>  Kui M\u00fc\u00fcja ei saa olulistel asjaoludel tellitud kaupa tarnida, kohustub M\u00fc\u00fcja pakkuma sarnast toodet. Kui Ostja keeldub asendustootest, tagastab M\u00fc\u00fcja 14 kalendrip\u00e4eva jooksul makse, kui tehti ettemaks, ja igal juhul t\u00fchistab tellimuse. <\/p>\n\n    <p><strong>6.3.<\/strong>  Kui M\u00fc\u00fcja ei n\u00f5ustu Ostja v\u00e4idetega, peab ta 10 kalendrip\u00e4eva jooksul alates Ostja taotluse saamisest esitama \u00fcksikasjaliku ja p\u00f5hjendatud kirjaliku vastuse, kui Leedu Vabariigi ja Euroopa Liidu seadused ei n\u00e4e ette teisiti.<\/p>\n\n    <p><strong>6.4.<\/strong>  M\u00fc\u00fcja tagab kauba kvaliteedi.<\/p>\n\n    <p><strong>6.5.<\/strong>  M\u00fc\u00fcja kohustub t\u00e4itma muid k\u00e4esolevates eeskirjades s\u00e4testatud n\u00f5udeid.<\/p>\n\n    <h2>7. Hea kvaliteedi tagamine ja kasutusk\u00f5lblikkuse t\u00e4htaeg<\/h2>\n    <p><strong>7.1.<\/strong> Iga <strong>bactohouse.eu<\/strong> poolt m\u00fc\u00fcdava toote omadused on esitatud iga toote juures olevas tootekirjelduses.<\/p>\n\n    <p><strong>7.2.<\/strong>  M\u00fc\u00fcja poolt pakutav kaup on sobiva kvaliteediga, mis t\u00e4hendab, et kauba omadused vastavad selle kirjeldusele.<\/p>\n\n    <h2>8. Vastutus<\/h2>\n    <p><strong>8.1.<\/strong>  Ostja vastutab registreerimisvormil esitatud andmete \u00f5igsuse eest. Ostja vastutab registreerimisvormil esitatud eba\u00f5igete v\u00f5i ebat\u00e4psete andmete t\u00f5ttu tekkivate tagaj\u00e4rgede eest. <\/p>\n\n    <p><strong>8.2.<\/strong>  Pooled vastutavad elektroonilise poe kaudu s\u00f5lmitud ostu-m\u00fc\u00fcgilepingu rikkumise eest vastavalt Leedu Vabariigi \u00f5igusaktidele.<\/p>\n\n    <h2>9. M\u00fc\u00fcja andmed<\/h2>\n    <p><strong>MB Sveikatos produktai<\/strong><br> Ettev\u00f5tte kood: 305806087<br> k\u00e4ibemaksukohustuslase kood: LT100014456919<br> Kretingale st. 3, 92284 Kalot\u0117, Klaip\u0117da rajoon<br> Telefon: <a href=\"tel:+37061555815\">+370 615 55815<\/a><br> E-post: <a href=\"mailto:info@bactohouse.eu\">info@bactohouse.eu<\/a>\n    <\/p>\n<\/div>\n<\/h2>\t\t\t\t<\/div>\n\t\t\t\t<\/div>\n\t\t\t\t\t<\/div>\n\t\t\t\t<\/div>\n\t\t\t\t<\/div>\n\t\t","protected":false},"excerpt":{"rendered":"<p>1. \u00dclds\u00e4tted K\u00e4esolevad tingimused (edaspidi &#8220;Reeglid&#8221;) m\u00e4\u00e4ratlevad bactohouse.eu veebipoest kaupa (fermenteeritud tooteid) ostva isiku (edaspidi &#8220;Ostja&#8221;) ja MB&hellip;<\/p>\n","protected":false},"author":1,"featured_media":0,"parent":0,"menu_order":0,"comment_status":"closed","ping_status":"closed","template":"elementor_header_footer","meta":{"footnotes":""},"class_list":["post-6224","page","type-page","status-publish","hentry"],"yoast_head":"<!-- This site is optimized with the Yoast SEO plugin v27.3 - https:\/\/yoast.com\/product\/yoast-seo-wordpress\/ -->\n<title>Ostueeskirjad - Bactohouse<\/title>\n<meta name=\"description\" content=\"Tutvuge Bactohouse&#039;i ostutingimustega, et m\u00f5ista meie tellimis-, makse- ja tagastuspoliitikat. Ostke kindlalt ja selgete tingimustega. Lisateave\" \/>\n<meta name=\"robots\" content=\"index, follow, max-snippet:-1, max-image-preview:large, max-video-preview:-1\" \/>\n<link rel=\"canonical\" href=\"https:\/\/bactohouse.eu\/et\/ostueeskirjad\/\" \/>\n<meta property=\"og:locale\" content=\"et_EE\" \/>\n<meta property=\"og:type\" content=\"article\" \/>\n<meta property=\"og:title\" content=\"Ostueeskirjad - Bactohouse\" \/>\n<meta property=\"og:description\" content=\"Tutvuge Bactohouse&#039;i ostutingimustega, et m\u00f5ista meie tellimis-, makse- ja tagastuspoliitikat. Ostke kindlalt ja selgete tingimustega. Lisateave\" \/>\n<meta property=\"og:url\" content=\"https:\/\/bactohouse.eu\/et\/ostueeskirjad\/\" \/>\n<meta property=\"og:site_name\" content=\"Bactohouse\" \/>\n<meta property=\"article:modified_time\" content=\"2025-02-17T13:25:58+00:00\" \/>\n<meta property=\"og:image\" content=\"https:\/\/bactohouse.eu\/wp-content\/uploads\/2025\/01\/Bactohouse_logo.webp\" \/>\n\t<meta property=\"og:image:width\" content=\"628\" \/>\n\t<meta property=\"og:image:height\" content=\"195\" \/>\n\t<meta property=\"og:image:type\" content=\"image\/webp\" \/>\n<meta name=\"twitter:card\" content=\"summary_large_image\" \/>\n<meta name=\"twitter:label1\" content=\"Est. reading time\" \/>\n\t<meta name=\"twitter:data1\" content=\"3 minutit\" \/>\n<script type=\"application\/ld+json\" class=\"yoast-schema-graph\">{\"@context\":\"https:\\\/\\\/schema.org\",\"@graph\":[{\"@type\":\"WebPage\",\"@id\":\"https:\\\/\\\/bactohouse.eu\\\/et\\\/ostueeskirjad\\\/\",\"url\":\"https:\\\/\\\/bactohouse.eu\\\/et\\\/ostueeskirjad\\\/\",\"name\":\"Ostueeskirjad - Bactohouse\",\"isPartOf\":{\"@id\":\"https:\\\/\\\/bactohouse.eu\\\/et\\\/#website\"},\"datePublished\":\"2024-12-10T14:10:20+00:00\",\"dateModified\":\"2025-02-17T13:25:58+00:00\",\"description\":\"Tutvuge Bactohouse'i ostutingimustega, et m\u00f5ista meie tellimis-, makse- ja tagastuspoliitikat. Ostke kindlalt ja selgete tingimustega. Lisateave\",\"breadcrumb\":{\"@id\":\"https:\\\/\\\/bactohouse.eu\\\/et\\\/ostueeskirjad\\\/#breadcrumb\"},\"inLanguage\":\"et\",\"potentialAction\":[{\"@type\":\"ReadAction\",\"target\":[\"https:\\\/\\\/bactohouse.eu\\\/et\\\/ostueeskirjad\\\/\"]}]},{\"@type\":\"BreadcrumbList\",\"@id\":\"https:\\\/\\\/bactohouse.eu\\\/et\\\/ostueeskirjad\\\/#breadcrumb\",\"itemListElement\":[{\"@type\":\"ListItem\",\"position\":1,\"name\":\"Home\",\"item\":\"https:\\\/\\\/bactohouse.eu\\\/et\\\/\"},{\"@type\":\"ListItem\",\"position\":2,\"name\":\"Ostueeskirjad\"}]},{\"@type\":\"WebSite\",\"@id\":\"https:\\\/\\\/bactohouse.eu\\\/et\\\/#website\",\"url\":\"https:\\\/\\\/bactohouse.eu\\\/et\\\/\",\"name\":\"Bactohouse\",\"description\":\"Good Bacteria in Liquid Form\",\"publisher\":{\"@id\":\"https:\\\/\\\/bactohouse.eu\\\/et\\\/#organization\"},\"potentialAction\":[{\"@type\":\"SearchAction\",\"target\":{\"@type\":\"EntryPoint\",\"urlTemplate\":\"https:\\\/\\\/bactohouse.eu\\\/et\\\/?s={search_term_string}\"},\"query-input\":{\"@type\":\"PropertyValueSpecification\",\"valueRequired\":true,\"valueName\":\"search_term_string\"}}],\"inLanguage\":\"et\"},{\"@type\":\"Organization\",\"@id\":\"https:\\\/\\\/bactohouse.eu\\\/et\\\/#organization\",\"name\":\"Bactohouse\",\"url\":\"https:\\\/\\\/bactohouse.eu\\\/et\\\/\",\"logo\":{\"@type\":\"ImageObject\",\"inLanguage\":\"et\",\"@id\":\"https:\\\/\\\/bactohouse.eu\\\/et\\\/#\\\/schema\\\/logo\\\/image\\\/\",\"url\":\"https:\\\/\\\/bactohouse.eu\\\/wp-content\\\/uploads\\\/2025\\\/01\\\/Bactohouse_logo.webp\",\"contentUrl\":\"https:\\\/\\\/bactohouse.eu\\\/wp-content\\\/uploads\\\/2025\\\/01\\\/Bactohouse_logo.webp\",\"width\":628,\"height\":195,\"caption\":\"Bactohouse\"},\"image\":{\"@id\":\"https:\\\/\\\/bactohouse.eu\\\/et\\\/#\\\/schema\\\/logo\\\/image\\\/\"}}]}<\/script>\n<!-- \/ Yoast SEO plugin. -->","yoast_head_json":{"title":"Ostueeskirjad - Bactohouse","description":"Tutvuge Bactohouse'i ostutingimustega, et m\u00f5ista meie tellimis-, makse- ja tagastuspoliitikat. Ostke kindlalt ja selgete tingimustega. Lisateave","robots":{"index":"index","follow":"follow","max-snippet":"max-snippet:-1","max-image-preview":"max-image-preview:large","max-video-preview":"max-video-preview:-1"},"canonical":"https:\/\/bactohouse.eu\/et\/ostueeskirjad\/","og_locale":"et_EE","og_type":"article","og_title":"Ostueeskirjad - Bactohouse","og_description":"Tutvuge Bactohouse'i ostutingimustega, et m\u00f5ista meie tellimis-, makse- ja tagastuspoliitikat. Ostke kindlalt ja selgete tingimustega. Lisateave","og_url":"https:\/\/bactohouse.eu\/et\/ostueeskirjad\/","og_site_name":"Bactohouse","article_modified_time":"2025-02-17T13:25:58+00:00","og_image":[{"width":628,"height":195,"url":"https:\/\/bactohouse.eu\/wp-content\/uploads\/2025\/01\/Bactohouse_logo.webp","type":"image\/webp"}],"twitter_card":"summary_large_image","twitter_misc":{"Est. reading time":"3 minutit"},"schema":{"@context":"https:\/\/schema.org","@graph":[{"@type":"WebPage","@id":"https:\/\/bactohouse.eu\/et\/ostueeskirjad\/","url":"https:\/\/bactohouse.eu\/et\/ostueeskirjad\/","name":"Ostueeskirjad - Bactohouse","isPartOf":{"@id":"https:\/\/bactohouse.eu\/et\/#website"},"datePublished":"2024-12-10T14:10:20+00:00","dateModified":"2025-02-17T13:25:58+00:00","description":"Tutvuge Bactohouse'i ostutingimustega, et m\u00f5ista meie tellimis-, makse- ja tagastuspoliitikat. Ostke kindlalt ja selgete tingimustega. Lisateave","breadcrumb":{"@id":"https:\/\/bactohouse.eu\/et\/ostueeskirjad\/#breadcrumb"},"inLanguage":"et","potentialAction":[{"@type":"ReadAction","target":["https:\/\/bactohouse.eu\/et\/ostueeskirjad\/"]}]},{"@type":"BreadcrumbList","@id":"https:\/\/bactohouse.eu\/et\/ostueeskirjad\/#breadcrumb","itemListElement":[{"@type":"ListItem","position":1,"name":"Home","item":"https:\/\/bactohouse.eu\/et\/"},{"@type":"ListItem","position":2,"name":"Ostueeskirjad"}]},{"@type":"WebSite","@id":"https:\/\/bactohouse.eu\/et\/#website","url":"https:\/\/bactohouse.eu\/et\/","name":"Bactohouse","description":"Good Bacteria in Liquid Form","publisher":{"@id":"https:\/\/bactohouse.eu\/et\/#organization"},"potentialAction":[{"@type":"SearchAction","target":{"@type":"EntryPoint","urlTemplate":"https:\/\/bactohouse.eu\/et\/?s={search_term_string}"},"query-input":{"@type":"PropertyValueSpecification","valueRequired":true,"valueName":"search_term_string"}}],"inLanguage":"et"},{"@type":"Organization","@id":"https:\/\/bactohouse.eu\/et\/#organization","name":"Bactohouse","url":"https:\/\/bactohouse.eu\/et\/","logo":{"@type":"ImageObject","inLanguage":"et","@id":"https:\/\/bactohouse.eu\/et\/#\/schema\/logo\/image\/","url":"https:\/\/bactohouse.eu\/wp-content\/uploads\/2025\/01\/Bactohouse_logo.webp","contentUrl":"https:\/\/bactohouse.eu\/wp-content\/uploads\/2025\/01\/Bactohouse_logo.webp","width":628,"height":195,"caption":"Bactohouse"},"image":{"@id":"https:\/\/bactohouse.eu\/et\/#\/schema\/logo\/image\/"}}]}},"jetpack_sharing_enabled":true,"_links":{"self":[{"href":"https:\/\/bactohouse.eu\/et\/wp-json\/wp\/v2\/pages\/6224","targetHints":{"allow":["GET"]}}],"collection":[{"href":"https:\/\/bactohouse.eu\/et\/wp-json\/wp\/v2\/pages"}],"about":[{"href":"https:\/\/bactohouse.eu\/et\/wp-json\/wp\/v2\/types\/page"}],"author":[{"embeddable":true,"href":"https:\/\/bactohouse.eu\/et\/wp-json\/wp\/v2\/users\/1"}],"replies":[{"embeddable":true,"href":"https:\/\/bactohouse.eu\/et\/wp-json\/wp\/v2\/comments?post=6224"}],"version-history":[{"count":1,"href":"https:\/\/bactohouse.eu\/et\/wp-json\/wp\/v2\/pages\/6224\/revisions"}],"predecessor-version":[{"id":6226,"href":"https:\/\/bactohouse.eu\/et\/wp-json\/wp\/v2\/pages\/6224\/revisions\/6226"}],"wp:attachment":[{"href":"https:\/\/bactohouse.eu\/et\/wp-json\/wp\/v2\/media?parent=6224"}],"curies":[{"name":"wp","href":"https:\/\/api.w.org\/{rel}","templated":true}]}}