{"id":7157,"date":"2025-02-21T19:16:18","date_gmt":"2025-02-21T17:16:18","guid":{"rendered":"https:\/\/bactohouse.eu\/shop\/haferriegel-mit-guten-bakterien\/"},"modified":"2025-02-21T19:16:18","modified_gmt":"2025-02-21T17:16:18","slug":"haferriegel-mit-guten-bakterien","status":"publish","type":"product","link":"https:\/\/bactohouse.eu\/de\/shop\/haferriegel-mit-guten-bakterien\/","title":{"rendered":"Haferriegel mit guten Bakterien"},"content":{"rendered":"<p><strong>Haferriegel mit Lebendbakterien<\/strong><br \/>\nNettoinhalt 60 g<\/p>\n<p><strong>Zutaten:<\/strong> fermentiertes Haferp\u00fcree 36% (Trinkwasser, fermentierte Haferflocken, Lakto- und Bifidobakterienkulturen, S\u00e4ureregulator Natriumbikarbonat), Dattelmehl, Haferkleie, wei\u00dfe Wegerichsamenschalen, Chiasamen, kaltgepresstes unraffiniertes Kokosnuss\u00f6l, Aprikosenkernpulver, gepuffte Amaranthsamen.<\/p>\n<p data-start=\"155\" data-end=\"199\"><strong data-start=\"159\" data-end=\"197\">N\u00e4hrwertangaben (pro 100g)<\/strong><\/p>\n<table data-start=\"201\" data-end=\"606\">\n<thead data-start=\"201\" data-end=\"248\">\n<tr data-start=\"201\" data-end=\"248\">\n<th data-start=\"201\" data-end=\"212\">N\u00e4hrstoff<\/th>\n<th data-start=\"212\" data-end=\"230\">Menge pro 100g<\/th>\n<th data-start=\"230\" data-end=\"248\">RI% (pro 100g)<\/th>\n<\/tr>\n<\/thead>\n<tbody data-start=\"296\" data-end=\"606\">\n<tr data-start=\"296\" data-end=\"347\">\n<td><strong data-start=\"298\" data-end=\"308\">Energie<\/strong><\/td>\n<td>1202 kJ \/ 288 kcal<\/td>\n<td>14.3% \/ 14.4%<\/td>\n<\/tr>\n<tr data-start=\"348\" data-end=\"377\">\n<td><strong data-start=\"350\" data-end=\"358\">Fette<\/strong><\/td>\n<td>11.1 g<\/td>\n<td>15.9%<\/td>\n<\/tr>\n<tr data-start=\"378\" data-end=\"430\">\n<td>&#8211; davon ges\u00e4ttigte Fetts\u00e4uren<\/td>\n<td>6.9 g<\/td>\n<td>34.5%<\/td>\n<\/tr>\n<tr data-start=\"431\" data-end=\"470\">\n<td><strong data-start=\"433\" data-end=\"450\">Kohlenhydrate<\/strong><\/td>\n<td>46.64 g<\/td>\n<td>17.9%<\/td>\n<\/tr>\n<tr data-start=\"471\" data-end=\"511\">\n<td>&#8211; davon Zucker<\/td>\n<td>13.02 g<\/td>\n<td>14.47%<\/td>\n<\/tr>\n<tr data-start=\"512\" data-end=\"546\">\n<td><strong data-start=\"514\" data-end=\"531\">Ballaststoffe<\/strong><\/td>\n<td>18.3 g<\/td>\n<td>&#8211;<\/td>\n<\/tr>\n<tr data-start=\"547\" data-end=\"579\">\n<td><strong data-start=\"549\" data-end=\"561\">Proteine<\/strong><\/td>\n<td>9.6 g<\/td>\n<td>19.2%<\/td>\n<\/tr>\n<tr data-start=\"580\" data-end=\"606\">\n<td><strong data-start=\"582\" data-end=\"590\">Salz<\/strong><\/td>\n<td>0.18 g<\/td>\n<td>3%<\/td>\n<\/tr>\n<\/tbody>\n<\/table>\n<p data-start=\"591\" data-end=\"748\"><strong data-start=\"591\" data-end=\"609\">Lebende Bakterien:<\/strong><br data-start=\"609\" data-end=\"612\">Enth\u00e4lt mesophile Milchs\u00e4urebakterien, Bifidobakterien, <em data-start=\"670\" data-end=\"697\">Lactobacillus delbrueckii<\/em> subsp. <em data-start=\"705\" data-end=\"717\">bulgaricus<\/em>, <em data-start=\"719\" data-end=\"747\">Streptococcus thermophilus<\/em>.<\/p>\n<p data-start=\"591\" data-end=\"748\">Lagerung. Im K\u00fchlschrank bei einer Temperatur von 0-12 \u00b0C lagern.<br \/>\nHersteller MB &#8222;M\u0117melio prekyba&#8220;, Draugyst\u0117s 3-ioji g. 3, LT-92322 Klaip\u0117da, Litauen.  <\/p>\n","protected":false},"excerpt":{"rendered":"<p>Haferriegel mit Lebendbakterien Nettoinhalt 60 g Zutaten: fermentiertes Haferp\u00fcree 36% (Trinkwasser, fermentierte Haferflocken, Lakto- und Bifidobakterienkulturen, S\u00e4ureregulator Natriumbikarbonat),&hellip;<\/p>\n","protected":false},"featured_media":7152,"comment_status":"closed","ping_status":"closed","template":"","meta":[],"product_cat":[185],"product_tag":[],"class_list":{"0":"post-7157","1":"product","2":"type-product","3":"status-publish","4":"has-post-thumbnail","6":"product_cat-andere-produkte","8":"first","9":"instock","10":"taxable","11":"shipping-taxable","12":"purchasable","13":"product-type-simple"},"yoast_head":"<!-- This site is optimized with the Yoast SEO plugin v27.5 - https:\/\/yoast.com\/product\/yoast-seo-wordpress\/ -->\n<title>Haferriegel mit guten Bakterien - Bactohouse<\/title>\n<meta name=\"robots\" content=\"index, follow, max-snippet:-1, max-image-preview:large, max-video-preview:-1\" \/>\n<link rel=\"canonical\" href=\"https:\/\/bactohouse.eu\/de\/shop\/haferriegel-mit-guten-bakterien\/\" \/>\n<meta property=\"og:locale\" content=\"de_DE\" \/>\n<meta property=\"og:type\" content=\"article\" \/>\n<meta property=\"og:title\" content=\"Haferriegel mit guten Bakterien - Bactohouse\" \/>\n<meta property=\"og:description\" content=\"Haferriegel mit Lebendbakterien Nettoinhalt 60 g Zutaten: fermentiertes Haferp\u00fcree 36% (Trinkwasser, fermentierte Haferflocken, Lakto- und Bifidobakterienkulturen, S\u00e4ureregulator Natriumbikarbonat),&hellip;\" \/>\n<meta property=\"og:url\" content=\"https:\/\/bactohouse.eu\/de\/shop\/haferriegel-mit-guten-bakterien\/\" \/>\n<meta property=\"og:site_name\" content=\"Bactohouse\" \/>\n<meta property=\"og:image\" content=\"https:\/\/bactohouse.eu\/wp-content\/uploads\/2025\/02\/11-scaled.jpg\" \/>\n\t<meta property=\"og:image:width\" content=\"3360\" \/>\n\t<meta property=\"og:image:height\" content=\"3360\" \/>\n\t<meta property=\"og:image:type\" content=\"image\/jpeg\" \/>\n<meta name=\"twitter:card\" content=\"summary_large_image\" \/>\n<meta name=\"twitter:label1\" content=\"Gesch\u00e4tzte Lesezeit\" \/>\n\t<meta name=\"twitter:data1\" content=\"1\u00a0Minute\" \/>\n<script type=\"application\/ld+json\" class=\"yoast-schema-graph\">{\"@context\":\"https:\\\/\\\/schema.org\",\"@graph\":[{\"@type\":\"WebPage\",\"@id\":\"https:\\\/\\\/bactohouse.eu\\\/de\\\/shop\\\/haferriegel-mit-guten-bakterien\\\/\",\"url\":\"https:\\\/\\\/bactohouse.eu\\\/de\\\/shop\\\/haferriegel-mit-guten-bakterien\\\/\",\"name\":\"Haferriegel mit guten Bakterien - Bactohouse\",\"isPartOf\":{\"@id\":\"https:\\\/\\\/bactohouse.eu\\\/de\\\/#website\"},\"primaryImageOfPage\":{\"@id\":\"https:\\\/\\\/bactohouse.eu\\\/de\\\/shop\\\/haferriegel-mit-guten-bakterien\\\/#primaryimage\"},\"image\":{\"@id\":\"https:\\\/\\\/bactohouse.eu\\\/de\\\/shop\\\/haferriegel-mit-guten-bakterien\\\/#primaryimage\"},\"thumbnailUrl\":\"https:\\\/\\\/bactohouse.eu\\\/wp-content\\\/uploads\\\/2025\\\/02\\\/11-scaled.jpg\",\"datePublished\":\"2025-02-21T17:16:18+00:00\",\"breadcrumb\":{\"@id\":\"https:\\\/\\\/bactohouse.eu\\\/de\\\/shop\\\/haferriegel-mit-guten-bakterien\\\/#breadcrumb\"},\"inLanguage\":\"de\",\"potentialAction\":[{\"@type\":\"ReadAction\",\"target\":[\"https:\\\/\\\/bactohouse.eu\\\/de\\\/shop\\\/haferriegel-mit-guten-bakterien\\\/\"]}]},{\"@type\":\"ImageObject\",\"inLanguage\":\"de\",\"@id\":\"https:\\\/\\\/bactohouse.eu\\\/de\\\/shop\\\/haferriegel-mit-guten-bakterien\\\/#primaryimage\",\"url\":\"https:\\\/\\\/bactohouse.eu\\\/wp-content\\\/uploads\\\/2025\\\/02\\\/11-scaled.jpg\",\"contentUrl\":\"https:\\\/\\\/bactohouse.eu\\\/wp-content\\\/uploads\\\/2025\\\/02\\\/11-scaled.jpg\",\"width\":3360,\"height\":3360,\"caption\":\"Bactohouse Haferriegel\"},{\"@type\":\"BreadcrumbList\",\"@id\":\"https:\\\/\\\/bactohouse.eu\\\/de\\\/shop\\\/haferriegel-mit-guten-bakterien\\\/#breadcrumb\",\"itemListElement\":[{\"@type\":\"ListItem\",\"position\":1,\"name\":\"Home\",\"item\":\"https:\\\/\\\/bactohouse.eu\\\/de\\\/\"},{\"@type\":\"ListItem\",\"position\":2,\"name\":\"Shop\",\"item\":\"https:\\\/\\\/bactohouse.eu\\\/shop\\\/\"},{\"@type\":\"ListItem\",\"position\":3,\"name\":\"Haferriegel mit guten Bakterien\"}]},{\"@type\":\"WebSite\",\"@id\":\"https:\\\/\\\/bactohouse.eu\\\/de\\\/#website\",\"url\":\"https:\\\/\\\/bactohouse.eu\\\/de\\\/\",\"name\":\"Bactohouse\",\"description\":\"Good Bacteria in Liquid Form\",\"publisher\":{\"@id\":\"https:\\\/\\\/bactohouse.eu\\\/de\\\/#organization\"},\"potentialAction\":[{\"@type\":\"SearchAction\",\"target\":{\"@type\":\"EntryPoint\",\"urlTemplate\":\"https:\\\/\\\/bactohouse.eu\\\/de\\\/?s={search_term_string}\"},\"query-input\":{\"@type\":\"PropertyValueSpecification\",\"valueRequired\":true,\"valueName\":\"search_term_string\"}}],\"inLanguage\":\"de\"},{\"@type\":\"Organization\",\"@id\":\"https:\\\/\\\/bactohouse.eu\\\/de\\\/#organization\",\"name\":\"Bactohouse\",\"url\":\"https:\\\/\\\/bactohouse.eu\\\/de\\\/\",\"logo\":{\"@type\":\"ImageObject\",\"inLanguage\":\"de\",\"@id\":\"https:\\\/\\\/bactohouse.eu\\\/de\\\/#\\\/schema\\\/logo\\\/image\\\/\",\"url\":\"https:\\\/\\\/bactohouse.eu\\\/wp-content\\\/uploads\\\/2025\\\/01\\\/Bactohouse_logo.webp\",\"contentUrl\":\"https:\\\/\\\/bactohouse.eu\\\/wp-content\\\/uploads\\\/2025\\\/01\\\/Bactohouse_logo.webp\",\"width\":628,\"height\":195,\"caption\":\"Bactohouse\"},\"image\":{\"@id\":\"https:\\\/\\\/bactohouse.eu\\\/de\\\/#\\\/schema\\\/logo\\\/image\\\/\"}}]}<\/script>\n<!-- \/ Yoast SEO plugin. -->","yoast_head_json":{"title":"Haferriegel mit guten Bakterien - Bactohouse","robots":{"index":"index","follow":"follow","max-snippet":"max-snippet:-1","max-image-preview":"max-image-preview:large","max-video-preview":"max-video-preview:-1"},"canonical":"https:\/\/bactohouse.eu\/de\/shop\/haferriegel-mit-guten-bakterien\/","og_locale":"de_DE","og_type":"article","og_title":"Haferriegel mit guten Bakterien - Bactohouse","og_description":"Haferriegel mit Lebendbakterien Nettoinhalt 60 g Zutaten: fermentiertes Haferp\u00fcree 36% (Trinkwasser, fermentierte Haferflocken, Lakto- und Bifidobakterienkulturen, S\u00e4ureregulator Natriumbikarbonat),&hellip;","og_url":"https:\/\/bactohouse.eu\/de\/shop\/haferriegel-mit-guten-bakterien\/","og_site_name":"Bactohouse","og_image":[{"width":3360,"height":3360,"url":"https:\/\/bactohouse.eu\/wp-content\/uploads\/2025\/02\/11-scaled.jpg","type":"image\/jpeg"}],"twitter_card":"summary_large_image","twitter_misc":{"Gesch\u00e4tzte Lesezeit":"1\u00a0Minute"},"schema":{"@context":"https:\/\/schema.org","@graph":[{"@type":"WebPage","@id":"https:\/\/bactohouse.eu\/de\/shop\/haferriegel-mit-guten-bakterien\/","url":"https:\/\/bactohouse.eu\/de\/shop\/haferriegel-mit-guten-bakterien\/","name":"Haferriegel mit guten Bakterien - Bactohouse","isPartOf":{"@id":"https:\/\/bactohouse.eu\/de\/#website"},"primaryImageOfPage":{"@id":"https:\/\/bactohouse.eu\/de\/shop\/haferriegel-mit-guten-bakterien\/#primaryimage"},"image":{"@id":"https:\/\/bactohouse.eu\/de\/shop\/haferriegel-mit-guten-bakterien\/#primaryimage"},"thumbnailUrl":"https:\/\/bactohouse.eu\/wp-content\/uploads\/2025\/02\/11-scaled.jpg","datePublished":"2025-02-21T17:16:18+00:00","breadcrumb":{"@id":"https:\/\/bactohouse.eu\/de\/shop\/haferriegel-mit-guten-bakterien\/#breadcrumb"},"inLanguage":"de","potentialAction":[{"@type":"ReadAction","target":["https:\/\/bactohouse.eu\/de\/shop\/haferriegel-mit-guten-bakterien\/"]}]},{"@type":"ImageObject","inLanguage":"de","@id":"https:\/\/bactohouse.eu\/de\/shop\/haferriegel-mit-guten-bakterien\/#primaryimage","url":"https:\/\/bactohouse.eu\/wp-content\/uploads\/2025\/02\/11-scaled.jpg","contentUrl":"https:\/\/bactohouse.eu\/wp-content\/uploads\/2025\/02\/11-scaled.jpg","width":3360,"height":3360,"caption":"Bactohouse Haferriegel"},{"@type":"BreadcrumbList","@id":"https:\/\/bactohouse.eu\/de\/shop\/haferriegel-mit-guten-bakterien\/#breadcrumb","itemListElement":[{"@type":"ListItem","position":1,"name":"Home","item":"https:\/\/bactohouse.eu\/de\/"},{"@type":"ListItem","position":2,"name":"Shop","item":"https:\/\/bactohouse.eu\/shop\/"},{"@type":"ListItem","position":3,"name":"Haferriegel mit guten Bakterien"}]},{"@type":"WebSite","@id":"https:\/\/bactohouse.eu\/de\/#website","url":"https:\/\/bactohouse.eu\/de\/","name":"Bactohouse","description":"Good Bacteria in Liquid Form","publisher":{"@id":"https:\/\/bactohouse.eu\/de\/#organization"},"potentialAction":[{"@type":"SearchAction","target":{"@type":"EntryPoint","urlTemplate":"https:\/\/bactohouse.eu\/de\/?s={search_term_string}"},"query-input":{"@type":"PropertyValueSpecification","valueRequired":true,"valueName":"search_term_string"}}],"inLanguage":"de"},{"@type":"Organization","@id":"https:\/\/bactohouse.eu\/de\/#organization","name":"Bactohouse","url":"https:\/\/bactohouse.eu\/de\/","logo":{"@type":"ImageObject","inLanguage":"de","@id":"https:\/\/bactohouse.eu\/de\/#\/schema\/logo\/image\/","url":"https:\/\/bactohouse.eu\/wp-content\/uploads\/2025\/01\/Bactohouse_logo.webp","contentUrl":"https:\/\/bactohouse.eu\/wp-content\/uploads\/2025\/01\/Bactohouse_logo.webp","width":628,"height":195,"caption":"Bactohouse"},"image":{"@id":"https:\/\/bactohouse.eu\/de\/#\/schema\/logo\/image\/"}}]}},"jetpack_sharing_enabled":true,"_links":{"self":[{"href":"https:\/\/bactohouse.eu\/de\/wp-json\/wp\/v2\/product\/7157","targetHints":{"allow":["GET"]}}],"collection":[{"href":"https:\/\/bactohouse.eu\/de\/wp-json\/wp\/v2\/product"}],"about":[{"href":"https:\/\/bactohouse.eu\/de\/wp-json\/wp\/v2\/types\/product"}],"replies":[{"embeddable":true,"href":"https:\/\/bactohouse.eu\/de\/wp-json\/wp\/v2\/comments?post=7157"}],"wp:featuredmedia":[{"embeddable":true,"href":"https:\/\/bactohouse.eu\/de\/wp-json\/wp\/v2\/media\/7152"}],"wp:attachment":[{"href":"https:\/\/bactohouse.eu\/de\/wp-json\/wp\/v2\/media?parent=7157"}],"wp:term":[{"taxonomy":"product_cat","embeddable":true,"href":"https:\/\/bactohouse.eu\/de\/wp-json\/wp\/v2\/product_cat?post=7157"},{"taxonomy":"product_tag","embeddable":true,"href":"https:\/\/bactohouse.eu\/de\/wp-json\/wp\/v2\/product_tag?post=7157"}],"curies":[{"name":"wp","href":"https:\/\/api.w.org\/{rel}","templated":true}]}}