{"id":6640,"date":"2024-12-10T11:49:27","date_gmt":"2024-12-10T09:49:27","guid":{"rendered":"https:\/\/bactohouse.eu\/shop\/bactohouse-original-geschmack\/"},"modified":"2025-10-16T06:13:17","modified_gmt":"2025-10-16T03:13:17","slug":"bactohouse-original-geschmack","status":"publish","type":"product","link":"https:\/\/bactohouse.eu\/de\/shop\/bactohouse-original-geschmack\/","title":{"rendered":"BACTOHOUSE Original-Geschmack"},"content":{"rendered":"<section class=\"elementor-section elementor-top-section elementor-element elementor-element-34b38f5 elementor-section-full_width elementor-section-stretched elementor-section-height-default elementor-section-height-default\" data-id=\"34b38f5\" data-element_type=\"section\" data-settings=\"{\"stretch_section\":\"section-stretched\"}\">\n<div class=\"elementor-container elementor-column-gap-default\">\n<div class=\"elementor-column elementor-col-100 elementor-top-column elementor-element elementor-element-dc44da4\" data-id=\"dc44da4\" data-element_type=\"column\">\n<div class=\"elementor-widget-wrap elementor-element-populated\">\n<div class=\"elementor-element elementor-element-4ce9c16 elementor-widget elementor-widget-wl-single-product-description\" data-id=\"4ce9c16\" data-element_type=\"widget\" data-widget_type=\"wl-single-product-description.default\">\n<div class=\"elementor-widget-container\">\n<div class=\"woocommerce_product_description\">\n<p><strong>Bactohouse Gute Bakterien in fl\u00fcssiger Form<\/strong><\/p>\n<p>Nahrungserg\u00e4nzungsmittel<\/p>\n<p><strong>Zutaten:<\/strong><br \/>\n&#8211; Trinkwasser<br \/>\n&#8211; Fermentierte Haferflocken (8%)<br \/>\n&#8211; Lactobacillus- und Bifidobakterienkulturen<br \/>\n&#8211; S\u00e4ureregulator (Natriumbicarbonat)<\/p>\n<table border=\"1\" cellspacing=\"0\" cellpadding=\"5\">\n<thead>\n<tr>\n<th>Lebensf\u00e4hige Bakterienspezies:<\/th>\n<\/tr>\n<\/thead>\n<tbody>\n<tr>\n<td>Lactobacillus delbr\u00fcckii subsp. Bulgaricus, Lactobacillus casei, Lactobacillus acidophilus, Lactobacillus rhamnosus, Streptococcus thermophilus, Bifidobacterium animalis, Bifidobacterium thermophilum, Propionibacterium freudenreichii, Lactobacillus fermentum, Lactobacillus mucosae, Lactobacillus paracasei, Lactococcus lactis. <\/td>\n<\/tr>\n<\/tbody>\n<\/table>\n<p><strong>Menge der lebensf\u00e4higen Bakterien:<\/strong><\/p>\n<table border=\"1\" cellspacing=\"0\" cellpadding=\"5\">\n<thead>\n<tr>\n<th><strong>1 ml<\/strong><\/th>\n<th><strong>15 ml<\/strong><\/th>\n<th><strong>35 ml<\/strong><\/th>\n<th><strong>50 ml<\/strong><\/th>\n<\/tr>\n<\/thead>\n<tbody>\n<tr>\n<td>1\u00d7109<sup>KBE* <\/sup><\/td>\n<td>15\u00d7109<sup>KBE* <\/sup><\/td>\n<td>35\u00d7109<sup>KBE* <\/sup><\/td>\n<td>50\u00d7109<sup>KBE* <\/sup><\/td>\n<\/tr>\n<\/tbody>\n<\/table>\n<p>*CFU &#8211; koloniebildende Einheit<\/p>\n<p><strong>Verzehrempfehlung:<\/strong><br \/>\n&#8211; Kinder (1-3 Jahre): 5 ml zweimal t\u00e4glich, nicht mehr als 15 ml pro Tag.<br \/>\n&#8211; Kinder (3-10 Jahre): 10 ml dreimal t\u00e4glich, nicht mehr als 35 ml pro Tag.<br \/>\n&#8211; Kinder (10 Jahre und \u00e4lter) und Erwachsene: 15 ml dreimal t\u00e4glich, jedoch nicht mehr als 50 ml pro Tag.<\/p>\n<p>F\u00fcr optimale Ergebnisse nehmen Sie es w\u00e4hrend oder unmittelbar nach den Mahlzeiten ein.<\/p>\n<p><strong>Lagerungshinweise:<\/strong><br \/>\n&#8211; Im K\u00fchlschrank bei 0-12\u00b0C lagern.<br \/>\n&#8211; Nach dem \u00d6ffnen im K\u00fchlschrank aufbewahren und innerhalb von 12 Monaten verbrauchen.<\/p>\n<p><strong>Warnhinweise:<\/strong><br \/>\n&#8211; Au\u00dferhalb der Reichweite von Kindern aufbewahren.<br \/>\n&#8211; Die empfohlene Dosierung nicht \u00fcberschreiten.<br \/>\n&#8211; Dieses Erg\u00e4nzungsmittel ist kein Ersatz f\u00fcr eine abwechslungsreiche und ausgewogene Ern\u00e4hrung und eine gesunde Lebensweise.<\/p>\n<p><strong>Hersteller:<\/strong><br \/>\nMB &#8222;M\u0117melio prekyba&#8220;<br \/>\nDraugyst\u0117s 3-ioji st. 3,<br \/>\nLT-92322 Klaip\u0117da, Litauen.<\/p>\n<p><strong>Chargennummer:<\/strong> Siehe Verpackung.<br \/>\n<strong>Mindestens haltbar bis:<\/strong> Siehe Verpackung.<\/p>\n<\/div>\n<\/div>\n<\/div>\n<\/div>\n<\/div>\n<\/div>\n<\/section>\n","protected":false},"excerpt":{"rendered":"<p>Bactohouse Gute Bakterien in fl\u00fcssiger Form Nahrungserg\u00e4nzungsmittel Zutaten: &#8211; Trinkwasser &#8211; Fermentierte Haferflocken (8%) &#8211; Lactobacillus- und Bifidobakterienkulturen&hellip;<\/p>\n","protected":false},"featured_media":6648,"comment_status":"open","ping_status":"closed","template":"","meta":[],"product_cat":[174],"product_tag":[],"class_list":{"0":"post-6640","1":"product","2":"type-product","3":"status-publish","4":"has-post-thumbnail","6":"product_cat-gute-bakterien-in-flussiger-form","8":"first","9":"instock","10":"taxable","11":"shipping-taxable","12":"purchasable","13":"product-type-simple"},"yoast_head":"<!-- This site is optimized with the Yoast SEO plugin v27.3 - https:\/\/yoast.com\/product\/yoast-seo-wordpress\/ -->\n<title>BACTOHOUSE Original-Geschmack - Bactohouse<\/title>\n<meta name=\"robots\" content=\"index, follow, max-snippet:-1, max-image-preview:large, max-video-preview:-1\" \/>\n<link rel=\"canonical\" href=\"https:\/\/bactohouse.eu\/de\/shop\/bactohouse-original-geschmack\/\" \/>\n<meta property=\"og:locale\" content=\"de_DE\" \/>\n<meta property=\"og:type\" content=\"article\" \/>\n<meta property=\"og:title\" content=\"BACTOHOUSE Original-Geschmack - Bactohouse\" \/>\n<meta property=\"og:description\" content=\"Bactohouse Gute Bakterien in fl\u00fcssiger Form Nahrungserg\u00e4nzungsmittel Zutaten: &#8211; Trinkwasser &#8211; Fermentierte Haferflocken (8%) &#8211; Lactobacillus- und Bifidobakterienkulturen&hellip;\" \/>\n<meta property=\"og:url\" content=\"https:\/\/bactohouse.eu\/de\/shop\/bactohouse-original-geschmack\/\" \/>\n<meta property=\"og:site_name\" content=\"Bactohouse\" \/>\n<meta property=\"article:modified_time\" content=\"2025-10-16T03:13:17+00:00\" \/>\n<meta property=\"og:image\" content=\"https:\/\/bactohouse.eu\/wp-content\/uploads\/2024\/12\/5.jpg\" \/>\n\t<meta property=\"og:image:width\" content=\"1200\" \/>\n\t<meta property=\"og:image:height\" content=\"1200\" \/>\n\t<meta property=\"og:image:type\" content=\"image\/jpeg\" \/>\n<meta name=\"twitter:card\" content=\"summary_large_image\" \/>\n<meta name=\"twitter:label1\" content=\"Gesch\u00e4tzte Lesezeit\" \/>\n\t<meta name=\"twitter:data1\" content=\"1\u00a0Minute\" \/>\n<script type=\"application\/ld+json\" class=\"yoast-schema-graph\">{\"@context\":\"https:\\\/\\\/schema.org\",\"@graph\":[{\"@type\":\"WebPage\",\"@id\":\"https:\\\/\\\/bactohouse.eu\\\/de\\\/shop\\\/bactohouse-original-geschmack\\\/\",\"url\":\"https:\\\/\\\/bactohouse.eu\\\/de\\\/shop\\\/bactohouse-original-geschmack\\\/\",\"name\":\"BACTOHOUSE Original-Geschmack - Bactohouse\",\"isPartOf\":{\"@id\":\"https:\\\/\\\/bactohouse.eu\\\/de\\\/#website\"},\"primaryImageOfPage\":{\"@id\":\"https:\\\/\\\/bactohouse.eu\\\/de\\\/shop\\\/bactohouse-original-geschmack\\\/#primaryimage\"},\"image\":{\"@id\":\"https:\\\/\\\/bactohouse.eu\\\/de\\\/shop\\\/bactohouse-original-geschmack\\\/#primaryimage\"},\"thumbnailUrl\":\"https:\\\/\\\/bactohouse.eu\\\/wp-content\\\/uploads\\\/2024\\\/12\\\/5.jpg\",\"datePublished\":\"2024-12-10T09:49:27+00:00\",\"dateModified\":\"2025-10-16T03:13:17+00:00\",\"breadcrumb\":{\"@id\":\"https:\\\/\\\/bactohouse.eu\\\/de\\\/shop\\\/bactohouse-original-geschmack\\\/#breadcrumb\"},\"inLanguage\":\"de\",\"potentialAction\":[{\"@type\":\"ReadAction\",\"target\":[\"https:\\\/\\\/bactohouse.eu\\\/de\\\/shop\\\/bactohouse-original-geschmack\\\/\"]}]},{\"@type\":\"ImageObject\",\"inLanguage\":\"de\",\"@id\":\"https:\\\/\\\/bactohouse.eu\\\/de\\\/shop\\\/bactohouse-original-geschmack\\\/#primaryimage\",\"url\":\"https:\\\/\\\/bactohouse.eu\\\/wp-content\\\/uploads\\\/2024\\\/12\\\/5.jpg\",\"contentUrl\":\"https:\\\/\\\/bactohouse.eu\\\/wp-content\\\/uploads\\\/2024\\\/12\\\/5.jpg\",\"width\":1200,\"height\":1200},{\"@type\":\"BreadcrumbList\",\"@id\":\"https:\\\/\\\/bactohouse.eu\\\/de\\\/shop\\\/bactohouse-original-geschmack\\\/#breadcrumb\",\"itemListElement\":[{\"@type\":\"ListItem\",\"position\":1,\"name\":\"Home\",\"item\":\"https:\\\/\\\/bactohouse.eu\\\/de\\\/\"},{\"@type\":\"ListItem\",\"position\":2,\"name\":\"Shop\",\"item\":\"https:\\\/\\\/bactohouse.eu\\\/shop\\\/\"},{\"@type\":\"ListItem\",\"position\":3,\"name\":\"BACTOHOUSE Original-Geschmack\"}]},{\"@type\":\"WebSite\",\"@id\":\"https:\\\/\\\/bactohouse.eu\\\/de\\\/#website\",\"url\":\"https:\\\/\\\/bactohouse.eu\\\/de\\\/\",\"name\":\"Bactohouse\",\"description\":\"Good Bacteria in Liquid Form\",\"publisher\":{\"@id\":\"https:\\\/\\\/bactohouse.eu\\\/de\\\/#organization\"},\"potentialAction\":[{\"@type\":\"SearchAction\",\"target\":{\"@type\":\"EntryPoint\",\"urlTemplate\":\"https:\\\/\\\/bactohouse.eu\\\/de\\\/?s={search_term_string}\"},\"query-input\":{\"@type\":\"PropertyValueSpecification\",\"valueRequired\":true,\"valueName\":\"search_term_string\"}}],\"inLanguage\":\"de\"},{\"@type\":\"Organization\",\"@id\":\"https:\\\/\\\/bactohouse.eu\\\/de\\\/#organization\",\"name\":\"Bactohouse\",\"url\":\"https:\\\/\\\/bactohouse.eu\\\/de\\\/\",\"logo\":{\"@type\":\"ImageObject\",\"inLanguage\":\"de\",\"@id\":\"https:\\\/\\\/bactohouse.eu\\\/de\\\/#\\\/schema\\\/logo\\\/image\\\/\",\"url\":\"https:\\\/\\\/bactohouse.eu\\\/wp-content\\\/uploads\\\/2025\\\/01\\\/Bactohouse_logo.webp\",\"contentUrl\":\"https:\\\/\\\/bactohouse.eu\\\/wp-content\\\/uploads\\\/2025\\\/01\\\/Bactohouse_logo.webp\",\"width\":628,\"height\":195,\"caption\":\"Bactohouse\"},\"image\":{\"@id\":\"https:\\\/\\\/bactohouse.eu\\\/de\\\/#\\\/schema\\\/logo\\\/image\\\/\"}}]}<\/script>\n<!-- \/ Yoast SEO plugin. -->","yoast_head_json":{"title":"BACTOHOUSE Original-Geschmack - Bactohouse","robots":{"index":"index","follow":"follow","max-snippet":"max-snippet:-1","max-image-preview":"max-image-preview:large","max-video-preview":"max-video-preview:-1"},"canonical":"https:\/\/bactohouse.eu\/de\/shop\/bactohouse-original-geschmack\/","og_locale":"de_DE","og_type":"article","og_title":"BACTOHOUSE Original-Geschmack - Bactohouse","og_description":"Bactohouse Gute Bakterien in fl\u00fcssiger Form Nahrungserg\u00e4nzungsmittel Zutaten: &#8211; Trinkwasser &#8211; Fermentierte Haferflocken (8%) &#8211; Lactobacillus- und Bifidobakterienkulturen&hellip;","og_url":"https:\/\/bactohouse.eu\/de\/shop\/bactohouse-original-geschmack\/","og_site_name":"Bactohouse","article_modified_time":"2025-10-16T03:13:17+00:00","og_image":[{"width":1200,"height":1200,"url":"https:\/\/bactohouse.eu\/wp-content\/uploads\/2024\/12\/5.jpg","type":"image\/jpeg"}],"twitter_card":"summary_large_image","twitter_misc":{"Gesch\u00e4tzte Lesezeit":"1\u00a0Minute"},"schema":{"@context":"https:\/\/schema.org","@graph":[{"@type":"WebPage","@id":"https:\/\/bactohouse.eu\/de\/shop\/bactohouse-original-geschmack\/","url":"https:\/\/bactohouse.eu\/de\/shop\/bactohouse-original-geschmack\/","name":"BACTOHOUSE Original-Geschmack - Bactohouse","isPartOf":{"@id":"https:\/\/bactohouse.eu\/de\/#website"},"primaryImageOfPage":{"@id":"https:\/\/bactohouse.eu\/de\/shop\/bactohouse-original-geschmack\/#primaryimage"},"image":{"@id":"https:\/\/bactohouse.eu\/de\/shop\/bactohouse-original-geschmack\/#primaryimage"},"thumbnailUrl":"https:\/\/bactohouse.eu\/wp-content\/uploads\/2024\/12\/5.jpg","datePublished":"2024-12-10T09:49:27+00:00","dateModified":"2025-10-16T03:13:17+00:00","breadcrumb":{"@id":"https:\/\/bactohouse.eu\/de\/shop\/bactohouse-original-geschmack\/#breadcrumb"},"inLanguage":"de","potentialAction":[{"@type":"ReadAction","target":["https:\/\/bactohouse.eu\/de\/shop\/bactohouse-original-geschmack\/"]}]},{"@type":"ImageObject","inLanguage":"de","@id":"https:\/\/bactohouse.eu\/de\/shop\/bactohouse-original-geschmack\/#primaryimage","url":"https:\/\/bactohouse.eu\/wp-content\/uploads\/2024\/12\/5.jpg","contentUrl":"https:\/\/bactohouse.eu\/wp-content\/uploads\/2024\/12\/5.jpg","width":1200,"height":1200},{"@type":"BreadcrumbList","@id":"https:\/\/bactohouse.eu\/de\/shop\/bactohouse-original-geschmack\/#breadcrumb","itemListElement":[{"@type":"ListItem","position":1,"name":"Home","item":"https:\/\/bactohouse.eu\/de\/"},{"@type":"ListItem","position":2,"name":"Shop","item":"https:\/\/bactohouse.eu\/shop\/"},{"@type":"ListItem","position":3,"name":"BACTOHOUSE Original-Geschmack"}]},{"@type":"WebSite","@id":"https:\/\/bactohouse.eu\/de\/#website","url":"https:\/\/bactohouse.eu\/de\/","name":"Bactohouse","description":"Good Bacteria in Liquid Form","publisher":{"@id":"https:\/\/bactohouse.eu\/de\/#organization"},"potentialAction":[{"@type":"SearchAction","target":{"@type":"EntryPoint","urlTemplate":"https:\/\/bactohouse.eu\/de\/?s={search_term_string}"},"query-input":{"@type":"PropertyValueSpecification","valueRequired":true,"valueName":"search_term_string"}}],"inLanguage":"de"},{"@type":"Organization","@id":"https:\/\/bactohouse.eu\/de\/#organization","name":"Bactohouse","url":"https:\/\/bactohouse.eu\/de\/","logo":{"@type":"ImageObject","inLanguage":"de","@id":"https:\/\/bactohouse.eu\/de\/#\/schema\/logo\/image\/","url":"https:\/\/bactohouse.eu\/wp-content\/uploads\/2025\/01\/Bactohouse_logo.webp","contentUrl":"https:\/\/bactohouse.eu\/wp-content\/uploads\/2025\/01\/Bactohouse_logo.webp","width":628,"height":195,"caption":"Bactohouse"},"image":{"@id":"https:\/\/bactohouse.eu\/de\/#\/schema\/logo\/image\/"}}]}},"jetpack_sharing_enabled":true,"_links":{"self":[{"href":"https:\/\/bactohouse.eu\/de\/wp-json\/wp\/v2\/product\/6640","targetHints":{"allow":["GET"]}}],"collection":[{"href":"https:\/\/bactohouse.eu\/de\/wp-json\/wp\/v2\/product"}],"about":[{"href":"https:\/\/bactohouse.eu\/de\/wp-json\/wp\/v2\/types\/product"}],"replies":[{"embeddable":true,"href":"https:\/\/bactohouse.eu\/de\/wp-json\/wp\/v2\/comments?post=6640"}],"wp:featuredmedia":[{"embeddable":true,"href":"https:\/\/bactohouse.eu\/de\/wp-json\/wp\/v2\/media\/6648"}],"wp:attachment":[{"href":"https:\/\/bactohouse.eu\/de\/wp-json\/wp\/v2\/media?parent=6640"}],"wp:term":[{"taxonomy":"product_cat","embeddable":true,"href":"https:\/\/bactohouse.eu\/de\/wp-json\/wp\/v2\/product_cat?post=6640"},{"taxonomy":"product_tag","embeddable":true,"href":"https:\/\/bactohouse.eu\/de\/wp-json\/wp\/v2\/product_tag?post=6640"}],"curies":[{"name":"wp","href":"https:\/\/api.w.org\/{rel}","templated":true}]}}