{"id":6569,"date":"2024-12-10T16:10:20","date_gmt":"2024-12-10T14:10:20","guid":{"rendered":"https:\/\/bactohouse.eu\/regeln-fuer-den-kauf\/"},"modified":"2025-02-18T13:14:19","modified_gmt":"2025-02-18T11:14:19","slug":"regeln-fuer-den-kauf","status":"publish","type":"page","link":"https:\/\/bactohouse.eu\/de\/regeln-fuer-den-kauf\/","title":{"rendered":"Regeln f\u00fcr den Kauf"},"content":{"rendered":"\t\t<div data-elementor-type=\"wp-page\" data-elementor-id=\"6569\" class=\"elementor elementor-6569 elementor-5873\" data-elementor-post-type=\"page\">\n\t\t\t\t<div class=\"elementor-element elementor-element-4b9e635 e-flex e-con-boxed e-con e-parent\" data-id=\"4b9e635\" data-element_type=\"container\" data-e-type=\"container\">\n\t\t\t\t\t<div class=\"e-con-inner\">\n\t\t\t\t<div class=\"elementor-element elementor-element-e987f57 elementor-widget__width-initial elementor-widget elementor-widget-heading\" data-id=\"e987f57\" data-element_type=\"widget\" data-e-type=\"widget\" data-widget_type=\"heading.default\">\n\t\t\t\t<div class=\"elementor-widget-container\">\n\t\t\t\t\t<h2 class=\"elementor-heading-title elementor-size-default\"><div>\n    <h2>1. Allgemeine Bestimmungen<\/h2>\n    <p>Diese Allgemeinen Gesch\u00e4ftsbedingungen (im Folgenden - die \"Regeln\") definieren die gegenseitigen Rechte, Pflichten und Verantwortlichkeiten der Person, die Waren (fermentierte Produkte) im Online-Shop <strong>bactohouse.eu<\/strong> kauft (im Folgenden - der \"K\u00e4ufer\") und MB Health Products, Unternehmenscode 305806087 (im Folgenden - der \"Verk\u00e4ufer\"). Mit dem Kauf von Waren aus dem Online-Shop erkl\u00e4rt sich der K\u00e4ufer mit diesen Regeln einverstanden. <\/p>\n\n    <h2>2. Vertragsabschluss<\/h2>\n    <p><strong>2.1.<\/strong>  Der Kauf- und Verkaufsvertrag zwischen dem K\u00e4ufer und dem Verk\u00e4ufer gilt als abgeschlossen, wenn der K\u00e4ufer einen Warenkorb erstellt, die Lieferadresse angibt, die Liefermethode ausw\u00e4hlt, diesen Regeln zustimmt, die Zahlungsmethode ausw\u00e4hlt, auf die Schaltfl\u00e4che \"Ich best\u00e4tige die Bestellung\" klickt, und bleibt g\u00fcltig, bis alle Verpflichtungen aus diesem Vertrag erf\u00fcllt sind. Wenn der K\u00e4ufer mit diesen Regeln ganz oder teilweise nicht einverstanden ist, sollte er keine Bestellung aufgeben. <\/p>\n\n    <p><strong>2.2.<\/strong> Jeder Vertrag zwischen dem K\u00e4ufer und dem Verk\u00e4ufer wird in der Datenbank <strong>von bactohouse.eu<\/strong> gespeichert.<\/p>\n\n    <h2>3. Die Rechte des K\u00e4ufers<\/h2>\n    <p><strong>3.1.<\/strong>  Der K\u00e4ufer hat das Recht, Waren aus dem Online-Shop in \u00dcbereinstimmung mit diesen Regeln und den Gesetzen der Republik Litauen zu kaufen.<\/p>\n\n    <p><strong>3.2.<\/strong>  Der K\u00e4ufer kann den Kaufvertrag innerhalb von 24 Stunden nach dem Kauf und vor dem Versand der Waren stornieren, und zwar aus folgenden Gr\u00fcnden<\/p>\n    <ul>\n        <li><strong>3.2.1.<\/strong>  Fermentierte Getr\u00e4nke werden als verderbliche Waren oder Waren mit kurzer Haltbarkeit eingestuft.<\/li>\n        <li><strong>3.2.2.<\/strong>  Gegorene Getr\u00e4nke, die als verpackte Waren eingestuft werden, die nach dem Auspacken aufgrund einer besch\u00e4digten Verpackung und\/oder einer Ver\u00e4nderung der individuellen physikalischen Eigenschaften nicht zur R\u00fcckgabe geeignet sind.<\/li>\n    <\/ul>\n\n    <p><strong>3.3.<\/strong>  Der K\u00e4ufer hat weitere Rechte, die in diesen Regeln und in den Gesetzen der Republik Litauen vorgesehen sind.<\/p>\n\n    <h2>4. Die Verpflichtungen des K\u00e4ufers<\/h2>\n    <p><strong>4.1.<\/strong>  Der K\u00e4ufer muss die Waren und ihre Lieferung sowie alle anderen anfallenden Kosten bezahlen und die bestellten Waren annehmen.<\/p>\n\n    <p><strong>4.2.<\/strong>  Wenn sich die Registrierungsdaten des K\u00e4ufers \u00e4ndern, muss er diese Informationen sofort aktualisieren.<\/p>\n\n    <p><strong>4.3.<\/strong>  Der K\u00e4ufer muss die anderen in diesen Regeln und den Gesetzen der Republik Litauen festgelegten Anforderungen erf\u00fcllen.<\/p>\n\n    <h2>5. Die Rechte des Verk\u00e4ufers<\/h2>\n    <p><strong>5.1.<\/strong> Der Verk\u00e4ufer beh\u00e4lt sich das Recht vor, bestimmte Funktionen oder Teile davon zu \u00e4ndern, auszusetzen oder zu beenden und das Layout der Elemente auf <strong>bactohouse.eu<\/strong> zu \u00e4ndern. Diese \u00c4nderungen haben keinen Einfluss auf Vertr\u00e4ge, die vor diesen \u00c4nderungen abgeschlossen wurden. <\/p>\n\n    <p><strong>5.2.<\/strong>  Der Verk\u00e4ufer kann die Bestellung ohne Vorank\u00fcndigung stornieren, wenn der K\u00e4ufer die Ware nicht innerhalb von 2 Werktagen bei Verwendung von Electronic Banking oder den elektronischen Zahlungssystemen \"Paysera\" und\/oder \"Paypal\" bezahlt.<\/p>\n\n    <p><strong>5.3.<\/strong>  Der Verk\u00e4ufer kann die Bestellung des K\u00e4ufers ohne vorherige Ank\u00fcndigung stornieren, wenn:<\/p>\n    <ul>\n        <li><strong>5.3.1.<\/strong>  Der Verk\u00e4ufer kann den K\u00e4ufer nicht innerhalb von 2 Werktagen nach Aufgabe der Bestellung kontaktieren.<\/li>\n        <li><strong>5.3.2.<\/strong>  Der K\u00e4ufer stellt die angeforderten Informationen nicht innerhalb des vorgegebenen Zeitrahmens zur Verf\u00fcgung.<\/li>\n        <li><strong>5.3.3.<\/strong>  Der K\u00e4ufer ist mit der \u00dcberpr\u00fcfung der pers\u00f6nlichen Daten nicht einverstanden.<\/li>\n    <\/ul>\n\n    <p><strong>5.4.<\/strong>  Wenn der K\u00e4ufer versucht, den Betrieb oder die Stabilit\u00e4t des Online-Shops zu beeintr\u00e4chtigen, kann der Verk\u00e4ufer den Zugang des K\u00e4ufers ohne Vorwarnung einschr\u00e4nken, aussetzen oder beenden und ist nicht f\u00fcr etwaige damit verbundene Verluste verantwortlich.<\/p>\n\n    <p><strong>5.5.<\/strong>  Der Verk\u00e4ufer hat das Recht, diese Regeln einseitig zu \u00e4ndern, indem er sie auf der Website des Online-Shops ver\u00f6ffentlicht. Die \u00c4nderungen treten mit der Ver\u00f6ffentlichung f\u00fcr alle danach abgeschlossenen Transaktionen in Kraft. <\/p>\n\n    <p><strong>5.6.<\/strong>  Der Verk\u00e4ufer hat weitere Rechte, die in diesen Regeln und den Gesetzen der Republik Litauen vorgesehen sind.<\/p>\n\n    <h2>6. Verpflichtungen des Verk\u00e4ufers und Gew\u00e4hrleistung<\/h2>\n    <p><strong>6.1.<\/strong>  Der Verk\u00e4ufer verpflichtet sich, Anstrengungen zu unternehmen, um dem K\u00e4ufer die ordnungsgem\u00e4\u00dfe Nutzung der vom Online-Shop angebotenen Dienste zu erm\u00f6glichen.<\/p>\n\n    <p><strong>6.2.<\/strong>  Wenn der Verk\u00e4ufer aufgrund wichtiger Umst\u00e4nde nicht in der Lage ist, die bestellte Ware zu liefern, verpflichtet sich der Verk\u00e4ufer, ein \u00e4hnliches Produkt anzubieten. Lehnt der K\u00e4ufer das Ersatzprodukt ab, wird der Verk\u00e4ufer die Zahlung innerhalb von 14 Kalendertagen zur\u00fcckerstatten, wenn eine Vorauszahlung geleistet wurde, und in jedem Fall die Bestellung stornieren. <\/p>\n\n    <p><strong>6.3.<\/strong>  Wenn der Verk\u00e4ufer mit den Forderungen des K\u00e4ufers nicht einverstanden ist, muss er innerhalb von 10 Kalendertagen nach Erhalt des Antrags des K\u00e4ufers eine ausf\u00fchrliche, begr\u00fcndete schriftliche Antwort geben, sofern die Gesetze der Republik Litauen und der Europ\u00e4ischen Union nichts anderes vorsehen.<\/p>\n\n    <p><strong>6.4.<\/strong>  Der Verk\u00e4ufer garantiert die Qualit\u00e4t der Waren.<\/p>\n\n    <p><strong>6.5.<\/strong>  Der Verk\u00e4ufer verpflichtet sich, die anderen in diesen Regeln festgelegten Anforderungen zu erf\u00fcllen.<\/p>\n\n    <h2>7. Garantie der guten Qualit\u00e4t und der Eignung f\u00fcr den Gebrauch<\/h2>\n    <p><strong>7.1.<\/strong> Die Eigenschaften jedes von <strong>bactohouse.eu<\/strong> verkauften Produkts sind in der Produktbeschreibung angegeben, die jedem Produkt beigef\u00fcgt ist.<\/p>\n\n    <p><strong>7.2.<\/strong>  Die vom Verk\u00e4ufer angebotenen Waren sind von angemessener Qualit\u00e4t, d.h. die Eigenschaften der Waren entsprechen ihren Beschreibungen.<\/p>\n\n    <h2>8. Haftung<\/h2>\n    <p><strong>8.1.<\/strong>  Der K\u00e4ufer ist f\u00fcr die Richtigkeit der im Anmeldeformular angegebenen Daten verantwortlich. Der K\u00e4ufer \u00fcbernimmt die Verantwortung f\u00fcr alle Folgen, die sich aus falschen oder ungenauen Angaben im Anmeldeformular ergeben. <\/p>\n\n    <p><strong>8.2.<\/strong>  Die Parteien sind f\u00fcr alle Verst\u00f6\u00dfe gegen den \u00fcber den elektronischen Shop abgeschlossenen Kauf- und Verkaufsvertrag gem\u00e4\u00df den gesetzlichen Bestimmungen der Republik Litauen verantwortlich.<\/p>\n\n    <h2>9. Verk\u00e4ufer Details<\/h2>\n    <p><strong>MB Sveikatos produktai<\/strong><br> Unternehmenscode: 305806087<br> MwSt.-Code: LT100014456919<br> Kretingale st. 3, 92284 Kalot\u0117, Bezirk Klaip\u0117da<br> Telefon: <a href=\"tel:+37061555815\">+370 615 55815<\/a><br> E-Mail: <a href=\"mailto:info@bactohouse.eu\">info@bactohouse.eu<\/a>\n    <\/p>\n<\/div>\n<\/h2>\t\t\t\t<\/div>\n\t\t\t\t<\/div>\n\t\t\t\t\t<\/div>\n\t\t\t\t<\/div>\n\t\t\t\t<\/div>\n\t\t","protected":false},"excerpt":{"rendered":"<p>1. Allgemeine Bestimmungen Diese Allgemeinen Gesch\u00e4ftsbedingungen (im Folgenden &#8211; die &#8222;Regeln&#8220;) definieren die gegenseitigen Rechte, Pflichten und Verantwortlichkeiten&hellip;<\/p>\n","protected":false},"author":1,"featured_media":0,"parent":0,"menu_order":0,"comment_status":"closed","ping_status":"closed","template":"elementor_header_footer","meta":{"footnotes":""},"class_list":["post-6569","page","type-page","status-publish","hentry"],"yoast_head":"<!-- This site is optimized with the Yoast SEO plugin v27.4 - https:\/\/yoast.com\/product\/yoast-seo-wordpress\/ -->\n<title>Regeln f\u00fcr den Kauf - Bactohouse<\/title>\n<meta name=\"description\" content=\"Lesen Sie die Einkaufsbedingungen von Bactohouse, um unsere Bestell-, Zahlungs- und R\u00fcckgabebedingungen zu verstehen. Kaufen Sie vertrauensvoll mit klaren Bedingungen ein. Erfahren Sie mehr\" \/>\n<meta name=\"robots\" content=\"index, follow, max-snippet:-1, max-image-preview:large, max-video-preview:-1\" \/>\n<link rel=\"canonical\" href=\"https:\/\/bactohouse.eu\/de\/regeln-fuer-den-kauf\/\" \/>\n<meta property=\"og:locale\" content=\"de_DE\" \/>\n<meta property=\"og:type\" content=\"article\" \/>\n<meta property=\"og:title\" content=\"Regeln f\u00fcr den Kauf - Bactohouse\" \/>\n<meta property=\"og:description\" content=\"Lesen Sie die Einkaufsbedingungen von Bactohouse, um unsere Bestell-, Zahlungs- und R\u00fcckgabebedingungen zu verstehen. Kaufen Sie vertrauensvoll mit klaren Bedingungen ein. Erfahren Sie mehr\" \/>\n<meta property=\"og:url\" content=\"https:\/\/bactohouse.eu\/de\/regeln-fuer-den-kauf\/\" \/>\n<meta property=\"og:site_name\" content=\"Bactohouse\" \/>\n<meta property=\"article:modified_time\" content=\"2025-02-18T11:14:19+00:00\" \/>\n<meta property=\"og:image\" content=\"https:\/\/bactohouse.eu\/wp-content\/uploads\/2025\/01\/Bactohouse_logo.webp\" \/>\n\t<meta property=\"og:image:width\" content=\"628\" \/>\n\t<meta property=\"og:image:height\" content=\"195\" \/>\n\t<meta property=\"og:image:type\" content=\"image\/webp\" \/>\n<meta name=\"twitter:card\" content=\"summary_large_image\" \/>\n<meta name=\"twitter:label1\" content=\"Gesch\u00e4tzte Lesezeit\" \/>\n\t<meta name=\"twitter:data1\" content=\"4\u00a0Minuten\" \/>\n<script type=\"application\/ld+json\" class=\"yoast-schema-graph\">{\"@context\":\"https:\\\/\\\/schema.org\",\"@graph\":[{\"@type\":\"WebPage\",\"@id\":\"https:\\\/\\\/bactohouse.eu\\\/de\\\/regeln-fuer-den-kauf\\\/\",\"url\":\"https:\\\/\\\/bactohouse.eu\\\/de\\\/regeln-fuer-den-kauf\\\/\",\"name\":\"Regeln f\u00fcr den Kauf - Bactohouse\",\"isPartOf\":{\"@id\":\"https:\\\/\\\/bactohouse.eu\\\/de\\\/#website\"},\"datePublished\":\"2024-12-10T14:10:20+00:00\",\"dateModified\":\"2025-02-18T11:14:19+00:00\",\"description\":\"Lesen Sie die Einkaufsbedingungen von Bactohouse, um unsere Bestell-, Zahlungs- und R\u00fcckgabebedingungen zu verstehen. Kaufen Sie vertrauensvoll mit klaren Bedingungen ein. Erfahren Sie mehr\",\"breadcrumb\":{\"@id\":\"https:\\\/\\\/bactohouse.eu\\\/de\\\/regeln-fuer-den-kauf\\\/#breadcrumb\"},\"inLanguage\":\"de\",\"potentialAction\":[{\"@type\":\"ReadAction\",\"target\":[\"https:\\\/\\\/bactohouse.eu\\\/de\\\/regeln-fuer-den-kauf\\\/\"]}]},{\"@type\":\"BreadcrumbList\",\"@id\":\"https:\\\/\\\/bactohouse.eu\\\/de\\\/regeln-fuer-den-kauf\\\/#breadcrumb\",\"itemListElement\":[{\"@type\":\"ListItem\",\"position\":1,\"name\":\"Home\",\"item\":\"https:\\\/\\\/bactohouse.eu\\\/de\\\/\"},{\"@type\":\"ListItem\",\"position\":2,\"name\":\"Regeln f\u00fcr den Kauf\"}]},{\"@type\":\"WebSite\",\"@id\":\"https:\\\/\\\/bactohouse.eu\\\/de\\\/#website\",\"url\":\"https:\\\/\\\/bactohouse.eu\\\/de\\\/\",\"name\":\"Bactohouse\",\"description\":\"Good Bacteria in Liquid Form\",\"publisher\":{\"@id\":\"https:\\\/\\\/bactohouse.eu\\\/de\\\/#organization\"},\"potentialAction\":[{\"@type\":\"SearchAction\",\"target\":{\"@type\":\"EntryPoint\",\"urlTemplate\":\"https:\\\/\\\/bactohouse.eu\\\/de\\\/?s={search_term_string}\"},\"query-input\":{\"@type\":\"PropertyValueSpecification\",\"valueRequired\":true,\"valueName\":\"search_term_string\"}}],\"inLanguage\":\"de\"},{\"@type\":\"Organization\",\"@id\":\"https:\\\/\\\/bactohouse.eu\\\/de\\\/#organization\",\"name\":\"Bactohouse\",\"url\":\"https:\\\/\\\/bactohouse.eu\\\/de\\\/\",\"logo\":{\"@type\":\"ImageObject\",\"inLanguage\":\"de\",\"@id\":\"https:\\\/\\\/bactohouse.eu\\\/de\\\/#\\\/schema\\\/logo\\\/image\\\/\",\"url\":\"https:\\\/\\\/bactohouse.eu\\\/wp-content\\\/uploads\\\/2025\\\/01\\\/Bactohouse_logo.webp\",\"contentUrl\":\"https:\\\/\\\/bactohouse.eu\\\/wp-content\\\/uploads\\\/2025\\\/01\\\/Bactohouse_logo.webp\",\"width\":628,\"height\":195,\"caption\":\"Bactohouse\"},\"image\":{\"@id\":\"https:\\\/\\\/bactohouse.eu\\\/de\\\/#\\\/schema\\\/logo\\\/image\\\/\"}}]}<\/script>\n<!-- \/ Yoast SEO plugin. -->","yoast_head_json":{"title":"Regeln f\u00fcr den Kauf - Bactohouse","description":"Lesen Sie die Einkaufsbedingungen von Bactohouse, um unsere Bestell-, Zahlungs- und R\u00fcckgabebedingungen zu verstehen. Kaufen Sie vertrauensvoll mit klaren Bedingungen ein. Erfahren Sie mehr","robots":{"index":"index","follow":"follow","max-snippet":"max-snippet:-1","max-image-preview":"max-image-preview:large","max-video-preview":"max-video-preview:-1"},"canonical":"https:\/\/bactohouse.eu\/de\/regeln-fuer-den-kauf\/","og_locale":"de_DE","og_type":"article","og_title":"Regeln f\u00fcr den Kauf - Bactohouse","og_description":"Lesen Sie die Einkaufsbedingungen von Bactohouse, um unsere Bestell-, Zahlungs- und R\u00fcckgabebedingungen zu verstehen. Kaufen Sie vertrauensvoll mit klaren Bedingungen ein. Erfahren Sie mehr","og_url":"https:\/\/bactohouse.eu\/de\/regeln-fuer-den-kauf\/","og_site_name":"Bactohouse","article_modified_time":"2025-02-18T11:14:19+00:00","og_image":[{"width":628,"height":195,"url":"https:\/\/bactohouse.eu\/wp-content\/uploads\/2025\/01\/Bactohouse_logo.webp","type":"image\/webp"}],"twitter_card":"summary_large_image","twitter_misc":{"Gesch\u00e4tzte Lesezeit":"4\u00a0Minuten"},"schema":{"@context":"https:\/\/schema.org","@graph":[{"@type":"WebPage","@id":"https:\/\/bactohouse.eu\/de\/regeln-fuer-den-kauf\/","url":"https:\/\/bactohouse.eu\/de\/regeln-fuer-den-kauf\/","name":"Regeln f\u00fcr den Kauf - Bactohouse","isPartOf":{"@id":"https:\/\/bactohouse.eu\/de\/#website"},"datePublished":"2024-12-10T14:10:20+00:00","dateModified":"2025-02-18T11:14:19+00:00","description":"Lesen Sie die Einkaufsbedingungen von Bactohouse, um unsere Bestell-, Zahlungs- und R\u00fcckgabebedingungen zu verstehen. Kaufen Sie vertrauensvoll mit klaren Bedingungen ein. Erfahren Sie mehr","breadcrumb":{"@id":"https:\/\/bactohouse.eu\/de\/regeln-fuer-den-kauf\/#breadcrumb"},"inLanguage":"de","potentialAction":[{"@type":"ReadAction","target":["https:\/\/bactohouse.eu\/de\/regeln-fuer-den-kauf\/"]}]},{"@type":"BreadcrumbList","@id":"https:\/\/bactohouse.eu\/de\/regeln-fuer-den-kauf\/#breadcrumb","itemListElement":[{"@type":"ListItem","position":1,"name":"Home","item":"https:\/\/bactohouse.eu\/de\/"},{"@type":"ListItem","position":2,"name":"Regeln f\u00fcr den Kauf"}]},{"@type":"WebSite","@id":"https:\/\/bactohouse.eu\/de\/#website","url":"https:\/\/bactohouse.eu\/de\/","name":"Bactohouse","description":"Good Bacteria in Liquid Form","publisher":{"@id":"https:\/\/bactohouse.eu\/de\/#organization"},"potentialAction":[{"@type":"SearchAction","target":{"@type":"EntryPoint","urlTemplate":"https:\/\/bactohouse.eu\/de\/?s={search_term_string}"},"query-input":{"@type":"PropertyValueSpecification","valueRequired":true,"valueName":"search_term_string"}}],"inLanguage":"de"},{"@type":"Organization","@id":"https:\/\/bactohouse.eu\/de\/#organization","name":"Bactohouse","url":"https:\/\/bactohouse.eu\/de\/","logo":{"@type":"ImageObject","inLanguage":"de","@id":"https:\/\/bactohouse.eu\/de\/#\/schema\/logo\/image\/","url":"https:\/\/bactohouse.eu\/wp-content\/uploads\/2025\/01\/Bactohouse_logo.webp","contentUrl":"https:\/\/bactohouse.eu\/wp-content\/uploads\/2025\/01\/Bactohouse_logo.webp","width":628,"height":195,"caption":"Bactohouse"},"image":{"@id":"https:\/\/bactohouse.eu\/de\/#\/schema\/logo\/image\/"}}]}},"jetpack_sharing_enabled":true,"_links":{"self":[{"href":"https:\/\/bactohouse.eu\/de\/wp-json\/wp\/v2\/pages\/6569","targetHints":{"allow":["GET"]}}],"collection":[{"href":"https:\/\/bactohouse.eu\/de\/wp-json\/wp\/v2\/pages"}],"about":[{"href":"https:\/\/bactohouse.eu\/de\/wp-json\/wp\/v2\/types\/page"}],"author":[{"embeddable":true,"href":"https:\/\/bactohouse.eu\/de\/wp-json\/wp\/v2\/users\/1"}],"replies":[{"embeddable":true,"href":"https:\/\/bactohouse.eu\/de\/wp-json\/wp\/v2\/comments?post=6569"}],"version-history":[{"count":1,"href":"https:\/\/bactohouse.eu\/de\/wp-json\/wp\/v2\/pages\/6569\/revisions"}],"predecessor-version":[{"id":6570,"href":"https:\/\/bactohouse.eu\/de\/wp-json\/wp\/v2\/pages\/6569\/revisions\/6570"}],"wp:attachment":[{"href":"https:\/\/bactohouse.eu\/de\/wp-json\/wp\/v2\/media?parent=6569"}],"curies":[{"name":"wp","href":"https:\/\/api.w.org\/{rel}","templated":true}]}}