{"id":6478,"date":"2024-12-10T16:10:37","date_gmt":"2024-12-10T14:10:37","guid":{"rendered":"https:\/\/bactohouse.eu\/datenschutzbestimmungen\/"},"modified":"2025-02-18T13:14:18","modified_gmt":"2025-02-18T11:14:18","slug":"datenschutzbestimmungen","status":"publish","type":"page","link":"https:\/\/bactohouse.eu\/de\/datenschutzbestimmungen\/","title":{"rendered":"Datenschutzbestimmungen"},"content":{"rendered":"\t\t<div data-elementor-type=\"wp-page\" data-elementor-id=\"6478\" class=\"elementor elementor-6478 elementor-5870\" data-elementor-post-type=\"page\">\n\t\t\t\t<div class=\"elementor-element elementor-element-e44036f e-flex e-con-boxed e-con e-parent\" data-id=\"e44036f\" data-element_type=\"container\" data-e-type=\"container\">\n\t\t\t\t\t<div class=\"e-con-inner\">\n\t\t\t\t<div class=\"elementor-element elementor-element-2480d0a elementor-widget__width-initial elementor-widget elementor-widget-heading\" data-id=\"2480d0a\" data-element_type=\"widget\" data-e-type=\"widget\" data-widget_type=\"heading.default\">\n\t\t\t\t<div class=\"elementor-widget-container\">\n\t\t\t\t\t<h2 class=\"elementor-heading-title elementor-size-default\"><div>\n    <h3>Verarbeitung von pers\u00f6nlichen Daten<\/h3>\n<br>    <h4>1. Umfang der Datenverarbeitung<\/h4>\n    <p>Die in diesem Abschnitt aufgef\u00fchrten Bestimmungen gelten f\u00fcr die personenbezogenen Daten, die der K\u00e4ufer und\/oder seine Vertreter \u00fcber die Website <strong>bactohouse.eu<\/strong> bei der Bestellung von Waren (Kauf und Abschluss des Kaufvertrags) im Shop angeben.<\/p>\n\n    <h4>2. Datenerhebung und Zweck<\/h4>\n    <p>Wenn sich der K\u00e4ufer auf <strong>bactohouse.eu<\/strong> registriert, muss er pers\u00f6nliche Daten angeben (Vorname, Nachname, E-Mail-Adresse, Telefonnummer, Lieferadresse und Bestelldaten). Diese Daten sind f\u00fcr die Zwecke des E-Commerce, insbesondere f\u00fcr die Bestellung und Lieferung der ausgew\u00e4hlten Waren, unerl\u00e4sslich. Der K\u00e4ufer erkennt an, dass die Angabe dieser Daten f\u00fcr den Abschluss und die Ausf\u00fchrung des Kaufvertrags erforderlich ist. Ohne diese Daten kann der K\u00e4ufer keine Bestellungen aufgeben.   <\/p>\n\n    <h4>3. Verwendung und Rechtsgrundlage<\/h4>\n    <p>Der Verk\u00e4ufer best\u00e4tigt, dass die angegebenen pers\u00f6nlichen Daten ausschlie\u00dflich f\u00fcr E-Commerce-Zwecke verwendet werden, einschlie\u00dflich der Bestellung und Lieferung der im <strong>bactohouse.eu<\/strong> e-store ausgew\u00e4hlten Waren. Die Rechtsgrundlage f\u00fcr die Verarbeitung dieser Daten ist: <\/p>\n    <ul>\n        <li><strong>Artikel 6 Absatz 1 Buchstabe b der Verordnung<\/strong>, der besagt, dass die Verarbeitung f\u00fcr die Erf\u00fcllung eines Vertrags, dessen Vertragspartei die betroffene Person ist, erforderlich ist.<\/li>\n        <li><strong>Artikel 6 Absatz 1 Buchstabe c der Verordnung<\/strong>, der besagt, dass die Verarbeitung f\u00fcr die Erf\u00fcllung einer rechtlichen Verpflichtung erforderlich ist, der der Verk\u00e4ufer unterliegt, z. B. f\u00fcr die F\u00fchrung von Buchhaltungsunterlagen.<\/li>\n    <\/ul>\n    <p>Die Daten des K\u00e4ufers werden f\u00fcr die Dauer des Kaufvertrags verarbeitet und f\u00fcr <strong>10 Jahre<\/strong> nach Abschluss des Vertrags gespeichert.<\/p>\n\n    <h4>4. Kommunikation<\/h4>\n    <p>Der K\u00e4ufer nimmt zur Kenntnis, dass nach Aufgabe einer Bestellung Informationsmitteilungen, die f\u00fcr die Ausf\u00fchrung der Bestellung und\/oder die Lieferung der Waren erforderlich sind, an die angegebenen Kontaktdaten (E-Mail und\/oder Telefon) geschickt werden.<\/p>\n\n    <h4>5. Gemeinsame Nutzung von Daten mit Drittparteien<\/h4>\n    <p>Dem K\u00e4ufer ist bekannt, dass personenbezogene Daten, die <strong>bactohouse.eu<\/strong> w\u00e4hrend des Bestellvorgangs zur Verf\u00fcgung gestellt werden, an dritte Paketzustelldienstleister (z.B. UAB \"Omniva LT\", AB \"Lietuvos pa\u0161tas\") \u00fcbermittelt werden k\u00f6nnen.<\/p>\n    <p>Der K\u00e4ufer nimmt zur Kenntnis, dass der Verk\u00e4ufer und\/oder der dritte Zustelldienst bei der Abholung ein pers\u00f6nliches Ausweisdokument (z.B. Reisepass, Personalausweis oder neuer F\u00fchrerschein) verlangen kann, um eine ordnungsgem\u00e4\u00dfe Identifizierung und sichere Zustellung der Waren zu gew\u00e4hrleisten. Der K\u00e4ufer und seine Vertreter erkennen an, dass der Verk\u00e4ufer und\/oder der dritte Lieferdienst w\u00e4hrend dieses Vorgangs die pers\u00f6nlichen Identifikationsdaten (z.B. die Dokumentennummer) kopieren und diese Daten verarbeiten kann, um die korrekte Lieferung der Bestellung zu best\u00e4tigen. <\/p>\n\n    <h4>6. Daten\u00fcbermittlung an Datenverarbeiter<\/h4>\n    <p>Der K\u00e4ufer wird dar\u00fcber informiert, dass seine pers\u00f6nlichen Daten an Dritte (Datenverarbeiter) \u00fcbertragen werden k\u00f6nnen, die bei der Verwaltung der Website und der Speicherung von Daten behilflich sind. Zu diesen Datenverarbeitern k\u00f6nnen geh\u00f6ren: <\/p>\n    <ul>\n        <li>Anbieter von Datenbank-Software<\/li>\n        <li>Anbieter von Datenbankverwaltungsdiensten<\/li>\n        <li>Anbieter von Cloud-Diensten<\/li>\n    <\/ul>\n    <p>Dar\u00fcber hinaus k\u00f6nnen personenbezogene Daten an zust\u00e4ndige Regierungs- und\/oder Strafverfolgungsbeh\u00f6rden (z.B. Gerichte, Polizei, Aufsichtsbeh\u00f6rden), Rechts- und\/oder Inkassodienstleister und Warenhersteller (im Falle von Garantieleistungen) weitergegeben werden, jedoch nur, soweit dies nach geltendem Recht und in \u00dcbereinstimmung mit den gesetzlichen Verfahren erforderlich ist oder um die Rechte, die Sicherheit der Mitarbeiter und die Ressourcen des Verk\u00e4ufers zu sch\u00fctzen und um Rechtsanspr\u00fcche geltend zu machen, einzureichen oder zu verteidigen.<\/p>\n\n    <h4>7. Ma\u00dfnahmen zur Datensicherheit<\/h4>\n    <p>Der Verk\u00e4ufer wendet angemessene technische und organisatorische Sicherheitsma\u00dfnahmen an, um den Schutz aller verarbeiteten personenbezogenen Daten vor versehentlicher oder unrechtm\u00e4\u00dfiger Zerst\u00f6rung, Verlust, \u00c4nderung, unbefugter Weitergabe oder unberechtigtem Zugriff und anderen Formen der unrechtm\u00e4\u00dfigen Verarbeitung zu gew\u00e4hrleisten.<\/p>\n\n    <h4>8. Rechte des K\u00e4ufers in Bezug auf die Daten<\/h4>\n    <p>Der K\u00e4ufer (falls es sich um eine nat\u00fcrliche Person handelt) und\/oder seine Vertreter werden \u00fcber ihre Rechte als betroffene Personen informiert, zu denen unter anderem geh\u00f6ren:<\/p>\n    <ul>\n        <li><strong>8.1.<\/strong>  Zugang zu ihren pers\u00f6nlichen Daten zu verlangen und eine Kopie davon zu erhalten.<\/li>\n        <li><strong>8.2.<\/strong>  Beantragung der Berichtigung oder Einschr\u00e4nkung von unrichtigen oder unvollst\u00e4ndigen personenbezogenen Daten.<\/li>\n        <li><strong>8.3.<\/strong>  Beantragung der L\u00f6schung oder Einschr\u00e4nkung von \u00fcberfl\u00fcssigen oder unrechtm\u00e4\u00dfig verarbeiteten personenbezogenen Daten.<\/li>\n        <li><strong>8.4.<\/strong>  Einspruch gegen die Verarbeitung ihrer pers\u00f6nlichen Daten.<\/li>\n        <li><strong>8.5.<\/strong>  Sie k\u00f6nnen die \u00dcbermittlung Ihrer pers\u00f6nlichen Daten in einem strukturierten, computerlesbaren Format verlangen (\"Recht auf Daten\u00fcbertragbarkeit\").<\/li>\n        <li><strong>8.6.<\/strong>  Jederzeitiger Widerruf der Einwilligung, wenn die Datenverarbeitung auf der Einwilligung der betroffenen Person beruht (Artikel 6 Absatz 1 Buchstabe a der Verordnung). Der Widerruf der Einwilligung hat keinen Einfluss auf die Rechtm\u00e4\u00dfigkeit der Datenverarbeitung vor dem Widerruf. <\/li>\n        <li><strong>8.7.<\/strong> Einreichen einer Beschwerde bei der staatlichen Datenschutzaufsichtsbeh\u00f6rde<a href=\"mailto:ada@ada.lt\">(ada@ada.lt)<\/a>.<\/li>\n    <\/ul>\n\n    <h4>9. Aus\u00fcbung der Rechte der betroffenen Person<\/h4>\n    <p>Der K\u00e4ufer kann nach ordnungsgem\u00e4\u00dfer Identifizierung seine Rechte aus\u00fcben, indem er den Verk\u00e4ufer per E-Mail an <a href=\"mailto:info@bactohouse.eu\">info@bactohouse.eu<\/a> oder per Einschreiben an <strong>Kretingal\u0117s st. 3, Kalot\u0117, LT-92284 Klaip\u0117da district<\/strong> kontaktiert.<\/p>\n\n    <h4>10. Antwort auf Anfragen von Betroffenen<\/h4>\n    <p>Nach Erhalt einer Anfrage bez\u00fcglich der Rechte der betroffenen Person antwortet der Verk\u00e4ufer unverz\u00fcglich, sp\u00e4testens jedoch innerhalb <strong>eines (1) Monats<\/strong> ab dem Datum der Anfrage. Falls erforderlich, kann diese Frist in Anbetracht der Komplexit\u00e4t und Anzahl der Anfragen um einen weiteren Monat verl\u00e4ngert werden, wobei der K\u00e4ufer innerhalb des ersten Monats \u00fcber die Verl\u00e4ngerung und die Gr\u00fcnde informiert wird. <\/p>\n    <p>Die Informationen werden kostenlos zur Verf\u00fcgung gestellt. Wenn die Anfragen jedoch offensichtlich unangemessen oder unverh\u00e4ltnism\u00e4\u00dfig sind, insbesondere aufgrund ihres wiederholten Charakters, kann der Verk\u00e4ufer unter Ber\u00fccksichtigung der Verwaltungskosten eine angemessene Geb\u00fchr erheben oder die Bearbeitung der Anfrage ablehnen. <\/p>\n<\/div>\n\n<\/h2>\t\t\t\t<\/div>\n\t\t\t\t<\/div>\n\t\t\t\t\t<\/div>\n\t\t\t\t<\/div>\n\t\t\t\t<\/div>\n\t\t","protected":false},"excerpt":{"rendered":"<p>Verarbeitung von pers\u00f6nlichen Daten 1. Umfang der Datenverarbeitung Die in diesem Abschnitt aufgef\u00fchrten Bestimmungen gelten f\u00fcr die personenbezogenen&hellip;<\/p>\n","protected":false},"author":1,"featured_media":0,"parent":0,"menu_order":0,"comment_status":"closed","ping_status":"closed","template":"elementor_header_footer","meta":{"footnotes":""},"class_list":["post-6478","page","type-page","status-publish","hentry"],"yoast_head":"<!-- This site is optimized with the Yoast SEO plugin v27.3 - https:\/\/yoast.com\/product\/yoast-seo-wordpress\/ -->\n<title>Datenschutzbestimmungen - Bactohouse<\/title>\n<meta name=\"description\" content=\"Lesen Sie die Datenschutzbestimmungen von Bactohouse, um zu erfahren, wie wir Ihre Daten erfassen, verwenden und sch\u00fctzen. Ihre Privatsph\u00e4re ist wichtig - lesen Sie unsere Richtlinien und Rechte hier.\" \/>\n<meta name=\"robots\" content=\"index, follow, max-snippet:-1, max-image-preview:large, max-video-preview:-1\" \/>\n<link rel=\"canonical\" href=\"https:\/\/bactohouse.eu\/de\/datenschutzbestimmungen\/\" \/>\n<meta property=\"og:locale\" content=\"de_DE\" \/>\n<meta property=\"og:type\" content=\"article\" \/>\n<meta property=\"og:title\" content=\"Datenschutzbestimmungen - Bactohouse\" \/>\n<meta property=\"og:description\" content=\"Lesen Sie die Datenschutzbestimmungen von Bactohouse, um zu erfahren, wie wir Ihre Daten erfassen, verwenden und sch\u00fctzen. Ihre Privatsph\u00e4re ist wichtig - lesen Sie unsere Richtlinien und Rechte hier.\" \/>\n<meta property=\"og:url\" content=\"https:\/\/bactohouse.eu\/de\/datenschutzbestimmungen\/\" \/>\n<meta property=\"og:site_name\" content=\"Bactohouse\" \/>\n<meta property=\"article:modified_time\" content=\"2025-02-18T11:14:18+00:00\" \/>\n<meta property=\"og:image\" content=\"https:\/\/bactohouse.eu\/wp-content\/uploads\/2025\/01\/Bactohouse_logo.webp\" \/>\n\t<meta property=\"og:image:width\" content=\"628\" \/>\n\t<meta property=\"og:image:height\" content=\"195\" \/>\n\t<meta property=\"og:image:type\" content=\"image\/webp\" \/>\n<meta name=\"twitter:card\" content=\"summary_large_image\" \/>\n<meta name=\"twitter:label1\" content=\"Gesch\u00e4tzte Lesezeit\" \/>\n\t<meta name=\"twitter:data1\" content=\"5\u00a0Minuten\" \/>\n<script type=\"application\/ld+json\" class=\"yoast-schema-graph\">{\"@context\":\"https:\\\/\\\/schema.org\",\"@graph\":[{\"@type\":\"WebPage\",\"@id\":\"https:\\\/\\\/bactohouse.eu\\\/de\\\/datenschutzbestimmungen\\\/\",\"url\":\"https:\\\/\\\/bactohouse.eu\\\/de\\\/datenschutzbestimmungen\\\/\",\"name\":\"Datenschutzbestimmungen - Bactohouse\",\"isPartOf\":{\"@id\":\"https:\\\/\\\/bactohouse.eu\\\/de\\\/#website\"},\"datePublished\":\"2024-12-10T14:10:37+00:00\",\"dateModified\":\"2025-02-18T11:14:18+00:00\",\"description\":\"Lesen Sie die Datenschutzbestimmungen von Bactohouse, um zu erfahren, wie wir Ihre Daten erfassen, verwenden und sch\u00fctzen. Ihre Privatsph\u00e4re ist wichtig - lesen Sie unsere Richtlinien und Rechte hier.\",\"breadcrumb\":{\"@id\":\"https:\\\/\\\/bactohouse.eu\\\/de\\\/datenschutzbestimmungen\\\/#breadcrumb\"},\"inLanguage\":\"de\",\"potentialAction\":[{\"@type\":\"ReadAction\",\"target\":[\"https:\\\/\\\/bactohouse.eu\\\/de\\\/datenschutzbestimmungen\\\/\"]}]},{\"@type\":\"BreadcrumbList\",\"@id\":\"https:\\\/\\\/bactohouse.eu\\\/de\\\/datenschutzbestimmungen\\\/#breadcrumb\",\"itemListElement\":[{\"@type\":\"ListItem\",\"position\":1,\"name\":\"Home\",\"item\":\"https:\\\/\\\/bactohouse.eu\\\/de\\\/\"},{\"@type\":\"ListItem\",\"position\":2,\"name\":\"Datenschutzbestimmungen\"}]},{\"@type\":\"WebSite\",\"@id\":\"https:\\\/\\\/bactohouse.eu\\\/de\\\/#website\",\"url\":\"https:\\\/\\\/bactohouse.eu\\\/de\\\/\",\"name\":\"Bactohouse\",\"description\":\"Good Bacteria in Liquid Form\",\"publisher\":{\"@id\":\"https:\\\/\\\/bactohouse.eu\\\/de\\\/#organization\"},\"potentialAction\":[{\"@type\":\"SearchAction\",\"target\":{\"@type\":\"EntryPoint\",\"urlTemplate\":\"https:\\\/\\\/bactohouse.eu\\\/de\\\/?s={search_term_string}\"},\"query-input\":{\"@type\":\"PropertyValueSpecification\",\"valueRequired\":true,\"valueName\":\"search_term_string\"}}],\"inLanguage\":\"de\"},{\"@type\":\"Organization\",\"@id\":\"https:\\\/\\\/bactohouse.eu\\\/de\\\/#organization\",\"name\":\"Bactohouse\",\"url\":\"https:\\\/\\\/bactohouse.eu\\\/de\\\/\",\"logo\":{\"@type\":\"ImageObject\",\"inLanguage\":\"de\",\"@id\":\"https:\\\/\\\/bactohouse.eu\\\/de\\\/#\\\/schema\\\/logo\\\/image\\\/\",\"url\":\"https:\\\/\\\/bactohouse.eu\\\/wp-content\\\/uploads\\\/2025\\\/01\\\/Bactohouse_logo.webp\",\"contentUrl\":\"https:\\\/\\\/bactohouse.eu\\\/wp-content\\\/uploads\\\/2025\\\/01\\\/Bactohouse_logo.webp\",\"width\":628,\"height\":195,\"caption\":\"Bactohouse\"},\"image\":{\"@id\":\"https:\\\/\\\/bactohouse.eu\\\/de\\\/#\\\/schema\\\/logo\\\/image\\\/\"}}]}<\/script>\n<!-- \/ Yoast SEO plugin. -->","yoast_head_json":{"title":"Datenschutzbestimmungen - Bactohouse","description":"Lesen Sie die Datenschutzbestimmungen von Bactohouse, um zu erfahren, wie wir Ihre Daten erfassen, verwenden und sch\u00fctzen. Ihre Privatsph\u00e4re ist wichtig - lesen Sie unsere Richtlinien und Rechte hier.","robots":{"index":"index","follow":"follow","max-snippet":"max-snippet:-1","max-image-preview":"max-image-preview:large","max-video-preview":"max-video-preview:-1"},"canonical":"https:\/\/bactohouse.eu\/de\/datenschutzbestimmungen\/","og_locale":"de_DE","og_type":"article","og_title":"Datenschutzbestimmungen - Bactohouse","og_description":"Lesen Sie die Datenschutzbestimmungen von Bactohouse, um zu erfahren, wie wir Ihre Daten erfassen, verwenden und sch\u00fctzen. Ihre Privatsph\u00e4re ist wichtig - lesen Sie unsere Richtlinien und Rechte hier.","og_url":"https:\/\/bactohouse.eu\/de\/datenschutzbestimmungen\/","og_site_name":"Bactohouse","article_modified_time":"2025-02-18T11:14:18+00:00","og_image":[{"width":628,"height":195,"url":"https:\/\/bactohouse.eu\/wp-content\/uploads\/2025\/01\/Bactohouse_logo.webp","type":"image\/webp"}],"twitter_card":"summary_large_image","twitter_misc":{"Gesch\u00e4tzte Lesezeit":"5\u00a0Minuten"},"schema":{"@context":"https:\/\/schema.org","@graph":[{"@type":"WebPage","@id":"https:\/\/bactohouse.eu\/de\/datenschutzbestimmungen\/","url":"https:\/\/bactohouse.eu\/de\/datenschutzbestimmungen\/","name":"Datenschutzbestimmungen - Bactohouse","isPartOf":{"@id":"https:\/\/bactohouse.eu\/de\/#website"},"datePublished":"2024-12-10T14:10:37+00:00","dateModified":"2025-02-18T11:14:18+00:00","description":"Lesen Sie die Datenschutzbestimmungen von Bactohouse, um zu erfahren, wie wir Ihre Daten erfassen, verwenden und sch\u00fctzen. Ihre Privatsph\u00e4re ist wichtig - lesen Sie unsere Richtlinien und Rechte hier.","breadcrumb":{"@id":"https:\/\/bactohouse.eu\/de\/datenschutzbestimmungen\/#breadcrumb"},"inLanguage":"de","potentialAction":[{"@type":"ReadAction","target":["https:\/\/bactohouse.eu\/de\/datenschutzbestimmungen\/"]}]},{"@type":"BreadcrumbList","@id":"https:\/\/bactohouse.eu\/de\/datenschutzbestimmungen\/#breadcrumb","itemListElement":[{"@type":"ListItem","position":1,"name":"Home","item":"https:\/\/bactohouse.eu\/de\/"},{"@type":"ListItem","position":2,"name":"Datenschutzbestimmungen"}]},{"@type":"WebSite","@id":"https:\/\/bactohouse.eu\/de\/#website","url":"https:\/\/bactohouse.eu\/de\/","name":"Bactohouse","description":"Good Bacteria in Liquid Form","publisher":{"@id":"https:\/\/bactohouse.eu\/de\/#organization"},"potentialAction":[{"@type":"SearchAction","target":{"@type":"EntryPoint","urlTemplate":"https:\/\/bactohouse.eu\/de\/?s={search_term_string}"},"query-input":{"@type":"PropertyValueSpecification","valueRequired":true,"valueName":"search_term_string"}}],"inLanguage":"de"},{"@type":"Organization","@id":"https:\/\/bactohouse.eu\/de\/#organization","name":"Bactohouse","url":"https:\/\/bactohouse.eu\/de\/","logo":{"@type":"ImageObject","inLanguage":"de","@id":"https:\/\/bactohouse.eu\/de\/#\/schema\/logo\/image\/","url":"https:\/\/bactohouse.eu\/wp-content\/uploads\/2025\/01\/Bactohouse_logo.webp","contentUrl":"https:\/\/bactohouse.eu\/wp-content\/uploads\/2025\/01\/Bactohouse_logo.webp","width":628,"height":195,"caption":"Bactohouse"},"image":{"@id":"https:\/\/bactohouse.eu\/de\/#\/schema\/logo\/image\/"}}]}},"jetpack_sharing_enabled":true,"_links":{"self":[{"href":"https:\/\/bactohouse.eu\/de\/wp-json\/wp\/v2\/pages\/6478","targetHints":{"allow":["GET"]}}],"collection":[{"href":"https:\/\/bactohouse.eu\/de\/wp-json\/wp\/v2\/pages"}],"about":[{"href":"https:\/\/bactohouse.eu\/de\/wp-json\/wp\/v2\/types\/page"}],"author":[{"embeddable":true,"href":"https:\/\/bactohouse.eu\/de\/wp-json\/wp\/v2\/users\/1"}],"replies":[{"embeddable":true,"href":"https:\/\/bactohouse.eu\/de\/wp-json\/wp\/v2\/comments?post=6478"}],"version-history":[{"count":1,"href":"https:\/\/bactohouse.eu\/de\/wp-json\/wp\/v2\/pages\/6478\/revisions"}],"predecessor-version":[{"id":6479,"href":"https:\/\/bactohouse.eu\/de\/wp-json\/wp\/v2\/pages\/6478\/revisions\/6479"}],"wp:attachment":[{"href":"https:\/\/bactohouse.eu\/de\/wp-json\/wp\/v2\/media?parent=6478"}],"curies":[{"name":"wp","href":"https:\/\/api.w.org\/{rel}","templated":true}]}}