{"id":6474,"date":"2024-12-10T16:10:31","date_gmt":"2024-12-10T14:10:31","guid":{"rendered":"https:\/\/bactohouse.eu\/rueckgabe-von-waren\/"},"modified":"2025-02-18T13:14:18","modified_gmt":"2025-02-18T11:14:18","slug":"rueckgabe-von-waren","status":"publish","type":"page","link":"https:\/\/bactohouse.eu\/de\/rueckgabe-von-waren\/","title":{"rendered":"R\u00fcckgabe von Waren"},"content":{"rendered":"\t\t<div data-elementor-type=\"wp-page\" data-elementor-id=\"6474\" class=\"elementor elementor-6474 elementor-5871\" data-elementor-post-type=\"page\">\n\t\t\t\t<div class=\"elementor-element elementor-element-0836354 e-flex e-con-boxed e-con e-parent\" data-id=\"0836354\" data-element_type=\"container\" data-e-type=\"container\">\n\t\t\t\t\t<div class=\"e-con-inner\">\n\t\t\t\t<div class=\"elementor-element elementor-element-eab101f elementor-widget__width-initial elementor-widget elementor-widget-heading\" data-id=\"eab101f\" data-element_type=\"widget\" data-e-type=\"widget\" data-widget_type=\"heading.default\">\n\t\t\t\t<div class=\"elementor-widget-container\">\n\t\t\t\t\t<h2 class=\"elementor-heading-title elementor-size-default\"><div>\n    <h3>Nicht zur\u00fccknehmbare Artikel<\/h3>\n    <p>Aufgrund der Verderblichkeit von fermentierten Getr\u00e4nken und der Tatsache, dass besch\u00e4digte Verpackungen nicht neu verpackt oder als Qualit\u00e4tsware weiterverkauft werden k\u00f6nnen, k\u00f6nnen gelieferte Qualit\u00e4tswaren nicht zur\u00fcckgenommen werden.<\/p>\n\n    <h3>Bestellung verweigern<\/h3>\n    <p>Wenn Sie Ihre Bestellung ablehnen m\u00f6chten, setzen Sie sich bitte innerhalb von 24 Stunden nach dem Kauf mit uns in Verbindung, bevor die Bestellung versandt wird. Die Benachrichtigung muss dringend \u00fcber die unten angegebenen Kontaktdaten an den Verk\u00e4ufer gesendet werden. <\/p>\n\n    <h3>Fragen zur Qualit\u00e4t<\/h3>\n    <p>Bei Problemen mit der Qualit\u00e4t der Waren oder Unstimmigkeiten bei der Bestellung kontaktieren Sie uns bitte umgehend unter <a href=\"tel:+37061555815\">+370-615-55815<\/a> oder per E-Mail an <a href=\"mailto:info@bactohouse.eu\">info@bactohouse.eu.<\/a><\/p>\n<\/div>\n<\/h2>\t\t\t\t<\/div>\n\t\t\t\t<\/div>\n\t\t\t\t\t<\/div>\n\t\t\t\t<\/div>\n\t\t\t\t<\/div>\n\t\t","protected":false},"excerpt":{"rendered":"<p>Nicht zur\u00fccknehmbare Artikel Aufgrund der Verderblichkeit von fermentierten Getr\u00e4nken und der Tatsache, dass besch\u00e4digte Verpackungen nicht neu verpackt&hellip;<\/p>\n","protected":false},"author":1,"featured_media":0,"parent":0,"menu_order":0,"comment_status":"closed","ping_status":"closed","template":"elementor_header_footer","meta":{"footnotes":""},"class_list":["post-6474","page","type-page","status-publish","hentry"],"yoast_head":"<!-- This site is optimized with the Yoast SEO plugin v27.3 - https:\/\/yoast.com\/product\/yoast-seo-wordpress\/ -->\n<title>R\u00fcckgabe von Waren - Bactohouse<\/title>\n<meta name=\"description\" content=\"Erfahren Sie mehr \u00fcber die R\u00fcckgabebedingungen von Bactohouse. Einfache R\u00fcckgabe, klare Richtlinien und kundenfreundlicher Service! Erfahren Sie hier mehr.\" \/>\n<meta name=\"robots\" content=\"index, follow, max-snippet:-1, max-image-preview:large, max-video-preview:-1\" \/>\n<link rel=\"canonical\" href=\"https:\/\/bactohouse.eu\/de\/rueckgabe-von-waren\/\" \/>\n<meta property=\"og:locale\" content=\"de_DE\" \/>\n<meta property=\"og:type\" content=\"article\" \/>\n<meta property=\"og:title\" content=\"R\u00fcckgabe von Waren - Bactohouse\" \/>\n<meta property=\"og:description\" content=\"Erfahren Sie mehr \u00fcber die R\u00fcckgabebedingungen von Bactohouse. Einfache R\u00fcckgabe, klare Richtlinien und kundenfreundlicher Service! Erfahren Sie hier mehr.\" \/>\n<meta property=\"og:url\" content=\"https:\/\/bactohouse.eu\/de\/rueckgabe-von-waren\/\" \/>\n<meta property=\"og:site_name\" content=\"Bactohouse\" \/>\n<meta property=\"article:modified_time\" content=\"2025-02-18T11:14:18+00:00\" \/>\n<meta property=\"og:image\" content=\"https:\/\/bactohouse.eu\/wp-content\/uploads\/2025\/01\/Bactohouse_logo.webp\" \/>\n\t<meta property=\"og:image:width\" content=\"628\" \/>\n\t<meta property=\"og:image:height\" content=\"195\" \/>\n\t<meta property=\"og:image:type\" content=\"image\/webp\" \/>\n<meta name=\"twitter:card\" content=\"summary_large_image\" \/>\n<meta name=\"twitter:label1\" content=\"Gesch\u00e4tzte Lesezeit\" \/>\n\t<meta name=\"twitter:data1\" content=\"1\u00a0Minute\" \/>\n<script type=\"application\/ld+json\" class=\"yoast-schema-graph\">{\"@context\":\"https:\\\/\\\/schema.org\",\"@graph\":[{\"@type\":\"WebPage\",\"@id\":\"https:\\\/\\\/bactohouse.eu\\\/de\\\/rueckgabe-von-waren\\\/\",\"url\":\"https:\\\/\\\/bactohouse.eu\\\/de\\\/rueckgabe-von-waren\\\/\",\"name\":\"R\u00fcckgabe von Waren - Bactohouse\",\"isPartOf\":{\"@id\":\"https:\\\/\\\/bactohouse.eu\\\/de\\\/#website\"},\"datePublished\":\"2024-12-10T14:10:31+00:00\",\"dateModified\":\"2025-02-18T11:14:18+00:00\",\"description\":\"Erfahren Sie mehr \u00fcber die R\u00fcckgabebedingungen von Bactohouse. Einfache R\u00fcckgabe, klare Richtlinien und kundenfreundlicher Service! Erfahren Sie hier mehr.\",\"breadcrumb\":{\"@id\":\"https:\\\/\\\/bactohouse.eu\\\/de\\\/rueckgabe-von-waren\\\/#breadcrumb\"},\"inLanguage\":\"de\",\"potentialAction\":[{\"@type\":\"ReadAction\",\"target\":[\"https:\\\/\\\/bactohouse.eu\\\/de\\\/rueckgabe-von-waren\\\/\"]}]},{\"@type\":\"BreadcrumbList\",\"@id\":\"https:\\\/\\\/bactohouse.eu\\\/de\\\/rueckgabe-von-waren\\\/#breadcrumb\",\"itemListElement\":[{\"@type\":\"ListItem\",\"position\":1,\"name\":\"Home\",\"item\":\"https:\\\/\\\/bactohouse.eu\\\/de\\\/\"},{\"@type\":\"ListItem\",\"position\":2,\"name\":\"R\u00fcckgabe von Waren\"}]},{\"@type\":\"WebSite\",\"@id\":\"https:\\\/\\\/bactohouse.eu\\\/de\\\/#website\",\"url\":\"https:\\\/\\\/bactohouse.eu\\\/de\\\/\",\"name\":\"Bactohouse\",\"description\":\"Good Bacteria in Liquid Form\",\"publisher\":{\"@id\":\"https:\\\/\\\/bactohouse.eu\\\/de\\\/#organization\"},\"potentialAction\":[{\"@type\":\"SearchAction\",\"target\":{\"@type\":\"EntryPoint\",\"urlTemplate\":\"https:\\\/\\\/bactohouse.eu\\\/de\\\/?s={search_term_string}\"},\"query-input\":{\"@type\":\"PropertyValueSpecification\",\"valueRequired\":true,\"valueName\":\"search_term_string\"}}],\"inLanguage\":\"de\"},{\"@type\":\"Organization\",\"@id\":\"https:\\\/\\\/bactohouse.eu\\\/de\\\/#organization\",\"name\":\"Bactohouse\",\"url\":\"https:\\\/\\\/bactohouse.eu\\\/de\\\/\",\"logo\":{\"@type\":\"ImageObject\",\"inLanguage\":\"de\",\"@id\":\"https:\\\/\\\/bactohouse.eu\\\/de\\\/#\\\/schema\\\/logo\\\/image\\\/\",\"url\":\"https:\\\/\\\/bactohouse.eu\\\/wp-content\\\/uploads\\\/2025\\\/01\\\/Bactohouse_logo.webp\",\"contentUrl\":\"https:\\\/\\\/bactohouse.eu\\\/wp-content\\\/uploads\\\/2025\\\/01\\\/Bactohouse_logo.webp\",\"width\":628,\"height\":195,\"caption\":\"Bactohouse\"},\"image\":{\"@id\":\"https:\\\/\\\/bactohouse.eu\\\/de\\\/#\\\/schema\\\/logo\\\/image\\\/\"}}]}<\/script>\n<!-- \/ Yoast SEO plugin. -->","yoast_head_json":{"title":"R\u00fcckgabe von Waren - Bactohouse","description":"Erfahren Sie mehr \u00fcber die R\u00fcckgabebedingungen von Bactohouse. Einfache R\u00fcckgabe, klare Richtlinien und kundenfreundlicher Service! Erfahren Sie hier mehr.","robots":{"index":"index","follow":"follow","max-snippet":"max-snippet:-1","max-image-preview":"max-image-preview:large","max-video-preview":"max-video-preview:-1"},"canonical":"https:\/\/bactohouse.eu\/de\/rueckgabe-von-waren\/","og_locale":"de_DE","og_type":"article","og_title":"R\u00fcckgabe von Waren - Bactohouse","og_description":"Erfahren Sie mehr \u00fcber die R\u00fcckgabebedingungen von Bactohouse. Einfache R\u00fcckgabe, klare Richtlinien und kundenfreundlicher Service! Erfahren Sie hier mehr.","og_url":"https:\/\/bactohouse.eu\/de\/rueckgabe-von-waren\/","og_site_name":"Bactohouse","article_modified_time":"2025-02-18T11:14:18+00:00","og_image":[{"width":628,"height":195,"url":"https:\/\/bactohouse.eu\/wp-content\/uploads\/2025\/01\/Bactohouse_logo.webp","type":"image\/webp"}],"twitter_card":"summary_large_image","twitter_misc":{"Gesch\u00e4tzte Lesezeit":"1\u00a0Minute"},"schema":{"@context":"https:\/\/schema.org","@graph":[{"@type":"WebPage","@id":"https:\/\/bactohouse.eu\/de\/rueckgabe-von-waren\/","url":"https:\/\/bactohouse.eu\/de\/rueckgabe-von-waren\/","name":"R\u00fcckgabe von Waren - Bactohouse","isPartOf":{"@id":"https:\/\/bactohouse.eu\/de\/#website"},"datePublished":"2024-12-10T14:10:31+00:00","dateModified":"2025-02-18T11:14:18+00:00","description":"Erfahren Sie mehr \u00fcber die R\u00fcckgabebedingungen von Bactohouse. Einfache R\u00fcckgabe, klare Richtlinien und kundenfreundlicher Service! Erfahren Sie hier mehr.","breadcrumb":{"@id":"https:\/\/bactohouse.eu\/de\/rueckgabe-von-waren\/#breadcrumb"},"inLanguage":"de","potentialAction":[{"@type":"ReadAction","target":["https:\/\/bactohouse.eu\/de\/rueckgabe-von-waren\/"]}]},{"@type":"BreadcrumbList","@id":"https:\/\/bactohouse.eu\/de\/rueckgabe-von-waren\/#breadcrumb","itemListElement":[{"@type":"ListItem","position":1,"name":"Home","item":"https:\/\/bactohouse.eu\/de\/"},{"@type":"ListItem","position":2,"name":"R\u00fcckgabe von Waren"}]},{"@type":"WebSite","@id":"https:\/\/bactohouse.eu\/de\/#website","url":"https:\/\/bactohouse.eu\/de\/","name":"Bactohouse","description":"Good Bacteria in Liquid Form","publisher":{"@id":"https:\/\/bactohouse.eu\/de\/#organization"},"potentialAction":[{"@type":"SearchAction","target":{"@type":"EntryPoint","urlTemplate":"https:\/\/bactohouse.eu\/de\/?s={search_term_string}"},"query-input":{"@type":"PropertyValueSpecification","valueRequired":true,"valueName":"search_term_string"}}],"inLanguage":"de"},{"@type":"Organization","@id":"https:\/\/bactohouse.eu\/de\/#organization","name":"Bactohouse","url":"https:\/\/bactohouse.eu\/de\/","logo":{"@type":"ImageObject","inLanguage":"de","@id":"https:\/\/bactohouse.eu\/de\/#\/schema\/logo\/image\/","url":"https:\/\/bactohouse.eu\/wp-content\/uploads\/2025\/01\/Bactohouse_logo.webp","contentUrl":"https:\/\/bactohouse.eu\/wp-content\/uploads\/2025\/01\/Bactohouse_logo.webp","width":628,"height":195,"caption":"Bactohouse"},"image":{"@id":"https:\/\/bactohouse.eu\/de\/#\/schema\/logo\/image\/"}}]}},"jetpack_sharing_enabled":true,"_links":{"self":[{"href":"https:\/\/bactohouse.eu\/de\/wp-json\/wp\/v2\/pages\/6474","targetHints":{"allow":["GET"]}}],"collection":[{"href":"https:\/\/bactohouse.eu\/de\/wp-json\/wp\/v2\/pages"}],"about":[{"href":"https:\/\/bactohouse.eu\/de\/wp-json\/wp\/v2\/types\/page"}],"author":[{"embeddable":true,"href":"https:\/\/bactohouse.eu\/de\/wp-json\/wp\/v2\/users\/1"}],"replies":[{"embeddable":true,"href":"https:\/\/bactohouse.eu\/de\/wp-json\/wp\/v2\/comments?post=6474"}],"version-history":[{"count":1,"href":"https:\/\/bactohouse.eu\/de\/wp-json\/wp\/v2\/pages\/6474\/revisions"}],"predecessor-version":[{"id":6475,"href":"https:\/\/bactohouse.eu\/de\/wp-json\/wp\/v2\/pages\/6474\/revisions\/6475"}],"wp:attachment":[{"href":"https:\/\/bactohouse.eu\/de\/wp-json\/wp\/v2\/media?parent=6474"}],"curies":[{"name":"wp","href":"https:\/\/api.w.org\/{rel}","templated":true}]}}