{"id":6467,"date":"2024-12-10T16:10:26","date_gmt":"2024-12-10T14:10:26","guid":{"rendered":"https:\/\/bactohouse.eu\/lieferung-von-waren\/"},"modified":"2025-02-18T13:14:18","modified_gmt":"2025-02-18T11:14:18","slug":"lieferung-von-waren","status":"publish","type":"page","link":"https:\/\/bactohouse.eu\/de\/lieferung-von-waren\/","title":{"rendered":"Lieferung von Waren"},"content":{"rendered":"\t\t<div data-elementor-type=\"wp-page\" data-elementor-id=\"6467\" class=\"elementor elementor-6467 elementor-5872\" data-elementor-post-type=\"page\">\n\t\t\t\t<div class=\"elementor-element elementor-element-ac7418d e-flex e-con-boxed e-con e-parent\" data-id=\"ac7418d\" data-element_type=\"container\" data-e-type=\"container\">\n\t\t\t\t\t<div class=\"e-con-inner\">\n\t\t\t\t<div class=\"elementor-element elementor-element-aabc63d elementor-widget__width-initial elementor-widget elementor-widget-heading\" data-id=\"aabc63d\" data-element_type=\"widget\" data-e-type=\"widget\" data-widget_type=\"heading.default\">\n\t\t\t\t<div class=\"elementor-widget-container\">\n\t\t\t\t\t<h2 class=\"elementor-heading-title elementor-size-default\"><div>\n    <h2>1. Lieferoptionen<\/h2>\n    <p>Bei der Bestellung von Waren kann der K\u00e4ufer zwischen den in den Klauseln 3 und 4 der Regeln genannten Liefermethoden w\u00e4hlen.<\/p>\n\n    <h2>2. Informationen f\u00fcr den Empf\u00e4nger<\/h2>\n    <p>Wenn der K\u00e4ufer die Waren nicht pers\u00f6nlich entgegennimmt, m\u00fcssen die Lieferinformationen des K\u00e4ufers die Angaben zu der Person enthalten, die zur Annahme der Waren berechtigt ist.<\/p>\n\n    <h2>3. Zustellung per Kurier oder Postbote<\/h2>\n    <ul>\n        <li><strong>3.1.<\/strong>  Der K\u00e4ufer muss die genaue Lieferadresse angeben.<\/li>\n        <li><strong>3.2.<\/strong>  Der K\u00e4ufer muss die Ware pers\u00f6nlich entgegennehmen oder einen bevollm\u00e4chtigten Vertreter mit dessen Angaben in der Bestellung angeben. Bei der Entgegennahme muss ein g\u00fcltiger Ausweis (Personalausweis, Reisepass oder F\u00fchrerschein neuen Typs) vorgelegt werden. Wenn weder der K\u00e4ufer noch der bevollm\u00e4chtigte Vertreter verf\u00fcgbar ist, um die Lieferung an der angegebenen Adresse entgegenzunehmen, kann der K\u00e4ufer den Verk\u00e4ufer nicht f\u00fcr die Lieferung an eine falsche Person verantwortlich machen.  <\/li>\n        <li><strong>3.3.<\/strong>  Die Lieferung der Waren erfolgt auf Kosten des K\u00e4ufers durch autorisierte Vertreter des Verk\u00e4ufers.<\/li>\n        <li><strong>3.4.<\/strong>  Die Lieferkosten h\u00e4ngen vom Gewicht, dem Preis, der gew\u00e4hlten Zahlungsmethode und der Lieferart der Waren ab.<\/li>\n        <li><strong>3.5.<\/strong>  Die Lieferpreise gelten nur innerhalb Litauens, mit Ausnahme der Kurischen Nehrung. Der Versand an andere Orte kann zwischen dem Verk\u00e4ufer und dem K\u00e4ufer separat vereinbart werden. <\/li>\n        <li><strong>3.6.<\/strong>  Wenn die Waren nicht am vorgesehenen Tag geliefert werden, muss der K\u00e4ufer den Verk\u00e4ufer unverz\u00fcglich, sp\u00e4testens jedoch am n\u00e4chsten Werktag, informieren.<\/li>\n        <li><strong>3.7.<\/strong>  Bei Bestellungen mit einem Gewicht von mehr als 31,5 kg umfasst der Heimlieferservice nicht das Hineinbringen der Ware; dieser Service kann zus\u00e4tzlich bestellt werden.<\/li>\n    <\/ul>\n\n    <h2>4. Lieferung an Paketautomaten<\/h2>\n    <p>Der K\u00e4ufer muss an der Kasse einen verf\u00fcgbaren Paketautomaten aus der Liste ausw\u00e4hlen.<\/p>\n\n    <h2>5. Ausnahmen von der Lieferfrist<\/h2>\n    <p>Der Verk\u00e4ufer ist nicht f\u00fcr Verz\u00f6gerungen verantwortlich, wenn die Waren nicht geliefert werden oder sich aufgrund von Problemen Dritter oder Umst\u00e4nden, die au\u00dferhalb der Kontrolle des Verk\u00e4ufers liegen, verz\u00f6gern.<\/p>\n\n    <h2>6. Inspektion bei Lieferung<\/h2>\n    <p>Bei der Lieferung muss der K\u00e4ufer den Zustand der Sendung und der Waren zusammen mit dem Kurier \u00fcberpr\u00fcfen und das Dokument f\u00fcr die \u00dcbergabe der Sendung und die Abnahme unterzeichnen. Mit seiner Unterschrift best\u00e4tigt der K\u00e4ufer, dass sich die Waren in einem angemessenen Zustand befinden und keine sichtbaren Sch\u00e4den oder Unstimmigkeiten aufweisen, mit Ausnahme von Werksfehlern oder Problemen, die bei einer \u00e4u\u00dferen Inspektion nicht erkennbar sind. <\/p>\n\n    <h2>7. Fragen zur Berichterstattung<\/h2>\n    <p>Wenn die Verpackung oder die Sendung besch\u00e4digt ist oder Unstimmigkeiten in Bezug auf Menge, Qualit\u00e4t oder Sortiment bestehen, sollte der K\u00e4ufer oder ein autorisierter Vertreter die Sendung nicht annehmen. Der Kurier und der K\u00e4ufer (oder Vertreter) m\u00fcssen einen Bericht \u00fcber die Verletzung der Verpackung ausf\u00fcllen, in dem die M\u00e4ngel vermerkt sind. Wenn diese Schritte nicht unternommen werden, ist der Verk\u00e4ufer nicht f\u00fcr Sch\u00e4den oder Unstimmigkeiten verantwortlich, es sei denn, es handelt sich um Werksfehler oder Probleme, die bei einer externen Inspektion festgestellt werden k\u00f6nnen.  <\/p>\n\n    <h2>8. Risiko\u00fcbertragung<\/h2>\n    <p>Die Gefahr des zuf\u00e4lligen Verlusts oder der Besch\u00e4digung geht mit der \u00dcbergabe der Ware auf den K\u00e4ufer \u00fcber.<\/p>\n\n    <h2>9. Nicht abgeholte Waren<\/h2>\n    <p>Wenn der K\u00e4ufer die Waren nicht innerhalb der angegebenen Frist abholt oder die Lieferung fehlschl\u00e4gt und die Zahlung nicht erfolgt ist, werden die Waren an den Verk\u00e4ufer zur\u00fcckgeschickt, und die Bestellung wird storniert.<\/p>\n<\/div>\n<\/h2>\t\t\t\t<\/div>\n\t\t\t\t<\/div>\n\t\t\t\t\t<\/div>\n\t\t\t\t<\/div>\n\t\t\t\t<\/div>\n\t\t","protected":false},"excerpt":{"rendered":"<p>1. Lieferoptionen Bei der Bestellung von Waren kann der K\u00e4ufer zwischen den in den Klauseln 3 und 4&hellip;<\/p>\n","protected":false},"author":1,"featured_media":0,"parent":0,"menu_order":0,"comment_status":"closed","ping_status":"closed","template":"elementor_header_footer","meta":{"footnotes":""},"class_list":["post-6467","page","type-page","status-publish","hentry"],"yoast_head":"<!-- This site is optimized with the Yoast SEO plugin v27.3 - https:\/\/yoast.com\/product\/yoast-seo-wordpress\/ -->\n<title>Bactohouse Lieferung - Schneller und zuverl\u00e4ssiger Versand<\/title>\n<meta name=\"description\" content=\"Erfahren Sie mehr \u00fcber die Lieferm\u00f6glichkeiten von Bactohouse! Schneller, sicherer Versand an Ihren Standort. Siehe gesch\u00e4tzte Zeiten, Kosten und Richtlinien.\" \/>\n<meta name=\"robots\" content=\"index, follow, max-snippet:-1, max-image-preview:large, max-video-preview:-1\" \/>\n<link rel=\"canonical\" href=\"https:\/\/bactohouse.eu\/de\/lieferung-von-waren\/\" \/>\n<meta property=\"og:locale\" content=\"de_DE\" \/>\n<meta property=\"og:type\" content=\"article\" \/>\n<meta property=\"og:title\" content=\"Bactohouse Lieferung - Schneller und zuverl\u00e4ssiger Versand\" \/>\n<meta property=\"og:description\" content=\"Erfahren Sie mehr \u00fcber die Lieferm\u00f6glichkeiten von Bactohouse! Schneller, sicherer Versand an Ihren Standort. Siehe gesch\u00e4tzte Zeiten, Kosten und Richtlinien.\" \/>\n<meta property=\"og:url\" content=\"https:\/\/bactohouse.eu\/de\/lieferung-von-waren\/\" \/>\n<meta property=\"og:site_name\" content=\"Bactohouse\" \/>\n<meta property=\"article:modified_time\" content=\"2025-02-18T11:14:18+00:00\" \/>\n<meta property=\"og:image\" content=\"https:\/\/bactohouse.eu\/wp-content\/uploads\/2025\/01\/Bactohouse_logo.webp\" \/>\n\t<meta property=\"og:image:width\" content=\"628\" \/>\n\t<meta property=\"og:image:height\" content=\"195\" \/>\n\t<meta property=\"og:image:type\" content=\"image\/webp\" \/>\n<meta name=\"twitter:card\" content=\"summary_large_image\" \/>\n<meta name=\"twitter:label1\" content=\"Gesch\u00e4tzte Lesezeit\" \/>\n\t<meta name=\"twitter:data1\" content=\"3\u00a0Minuten\" \/>\n<script type=\"application\/ld+json\" class=\"yoast-schema-graph\">{\"@context\":\"https:\\\/\\\/schema.org\",\"@graph\":[{\"@type\":\"WebPage\",\"@id\":\"https:\\\/\\\/bactohouse.eu\\\/de\\\/lieferung-von-waren\\\/\",\"url\":\"https:\\\/\\\/bactohouse.eu\\\/de\\\/lieferung-von-waren\\\/\",\"name\":\"Bactohouse Lieferung - Schneller und zuverl\u00e4ssiger Versand\",\"isPartOf\":{\"@id\":\"https:\\\/\\\/bactohouse.eu\\\/de\\\/#website\"},\"datePublished\":\"2024-12-10T14:10:26+00:00\",\"dateModified\":\"2025-02-18T11:14:18+00:00\",\"description\":\"Erfahren Sie mehr \u00fcber die Lieferm\u00f6glichkeiten von Bactohouse! Schneller, sicherer Versand an Ihren Standort. Siehe gesch\u00e4tzte Zeiten, Kosten und Richtlinien.\",\"breadcrumb\":{\"@id\":\"https:\\\/\\\/bactohouse.eu\\\/de\\\/lieferung-von-waren\\\/#breadcrumb\"},\"inLanguage\":\"de\",\"potentialAction\":[{\"@type\":\"ReadAction\",\"target\":[\"https:\\\/\\\/bactohouse.eu\\\/de\\\/lieferung-von-waren\\\/\"]}]},{\"@type\":\"BreadcrumbList\",\"@id\":\"https:\\\/\\\/bactohouse.eu\\\/de\\\/lieferung-von-waren\\\/#breadcrumb\",\"itemListElement\":[{\"@type\":\"ListItem\",\"position\":1,\"name\":\"Home\",\"item\":\"https:\\\/\\\/bactohouse.eu\\\/de\\\/\"},{\"@type\":\"ListItem\",\"position\":2,\"name\":\"Lieferung von Waren\"}]},{\"@type\":\"WebSite\",\"@id\":\"https:\\\/\\\/bactohouse.eu\\\/de\\\/#website\",\"url\":\"https:\\\/\\\/bactohouse.eu\\\/de\\\/\",\"name\":\"Bactohouse\",\"description\":\"Good Bacteria in Liquid Form\",\"publisher\":{\"@id\":\"https:\\\/\\\/bactohouse.eu\\\/de\\\/#organization\"},\"potentialAction\":[{\"@type\":\"SearchAction\",\"target\":{\"@type\":\"EntryPoint\",\"urlTemplate\":\"https:\\\/\\\/bactohouse.eu\\\/de\\\/?s={search_term_string}\"},\"query-input\":{\"@type\":\"PropertyValueSpecification\",\"valueRequired\":true,\"valueName\":\"search_term_string\"}}],\"inLanguage\":\"de\"},{\"@type\":\"Organization\",\"@id\":\"https:\\\/\\\/bactohouse.eu\\\/de\\\/#organization\",\"name\":\"Bactohouse\",\"url\":\"https:\\\/\\\/bactohouse.eu\\\/de\\\/\",\"logo\":{\"@type\":\"ImageObject\",\"inLanguage\":\"de\",\"@id\":\"https:\\\/\\\/bactohouse.eu\\\/de\\\/#\\\/schema\\\/logo\\\/image\\\/\",\"url\":\"https:\\\/\\\/bactohouse.eu\\\/wp-content\\\/uploads\\\/2025\\\/01\\\/Bactohouse_logo.webp\",\"contentUrl\":\"https:\\\/\\\/bactohouse.eu\\\/wp-content\\\/uploads\\\/2025\\\/01\\\/Bactohouse_logo.webp\",\"width\":628,\"height\":195,\"caption\":\"Bactohouse\"},\"image\":{\"@id\":\"https:\\\/\\\/bactohouse.eu\\\/de\\\/#\\\/schema\\\/logo\\\/image\\\/\"}}]}<\/script>\n<!-- \/ Yoast SEO plugin. -->","yoast_head_json":{"title":"Bactohouse Lieferung - Schneller und zuverl\u00e4ssiger Versand","description":"Erfahren Sie mehr \u00fcber die Lieferm\u00f6glichkeiten von Bactohouse! Schneller, sicherer Versand an Ihren Standort. Siehe gesch\u00e4tzte Zeiten, Kosten und Richtlinien.","robots":{"index":"index","follow":"follow","max-snippet":"max-snippet:-1","max-image-preview":"max-image-preview:large","max-video-preview":"max-video-preview:-1"},"canonical":"https:\/\/bactohouse.eu\/de\/lieferung-von-waren\/","og_locale":"de_DE","og_type":"article","og_title":"Bactohouse Lieferung - Schneller und zuverl\u00e4ssiger Versand","og_description":"Erfahren Sie mehr \u00fcber die Lieferm\u00f6glichkeiten von Bactohouse! Schneller, sicherer Versand an Ihren Standort. Siehe gesch\u00e4tzte Zeiten, Kosten und Richtlinien.","og_url":"https:\/\/bactohouse.eu\/de\/lieferung-von-waren\/","og_site_name":"Bactohouse","article_modified_time":"2025-02-18T11:14:18+00:00","og_image":[{"width":628,"height":195,"url":"https:\/\/bactohouse.eu\/wp-content\/uploads\/2025\/01\/Bactohouse_logo.webp","type":"image\/webp"}],"twitter_card":"summary_large_image","twitter_misc":{"Gesch\u00e4tzte Lesezeit":"3\u00a0Minuten"},"schema":{"@context":"https:\/\/schema.org","@graph":[{"@type":"WebPage","@id":"https:\/\/bactohouse.eu\/de\/lieferung-von-waren\/","url":"https:\/\/bactohouse.eu\/de\/lieferung-von-waren\/","name":"Bactohouse Lieferung - Schneller und zuverl\u00e4ssiger Versand","isPartOf":{"@id":"https:\/\/bactohouse.eu\/de\/#website"},"datePublished":"2024-12-10T14:10:26+00:00","dateModified":"2025-02-18T11:14:18+00:00","description":"Erfahren Sie mehr \u00fcber die Lieferm\u00f6glichkeiten von Bactohouse! Schneller, sicherer Versand an Ihren Standort. Siehe gesch\u00e4tzte Zeiten, Kosten und Richtlinien.","breadcrumb":{"@id":"https:\/\/bactohouse.eu\/de\/lieferung-von-waren\/#breadcrumb"},"inLanguage":"de","potentialAction":[{"@type":"ReadAction","target":["https:\/\/bactohouse.eu\/de\/lieferung-von-waren\/"]}]},{"@type":"BreadcrumbList","@id":"https:\/\/bactohouse.eu\/de\/lieferung-von-waren\/#breadcrumb","itemListElement":[{"@type":"ListItem","position":1,"name":"Home","item":"https:\/\/bactohouse.eu\/de\/"},{"@type":"ListItem","position":2,"name":"Lieferung von Waren"}]},{"@type":"WebSite","@id":"https:\/\/bactohouse.eu\/de\/#website","url":"https:\/\/bactohouse.eu\/de\/","name":"Bactohouse","description":"Good Bacteria in Liquid Form","publisher":{"@id":"https:\/\/bactohouse.eu\/de\/#organization"},"potentialAction":[{"@type":"SearchAction","target":{"@type":"EntryPoint","urlTemplate":"https:\/\/bactohouse.eu\/de\/?s={search_term_string}"},"query-input":{"@type":"PropertyValueSpecification","valueRequired":true,"valueName":"search_term_string"}}],"inLanguage":"de"},{"@type":"Organization","@id":"https:\/\/bactohouse.eu\/de\/#organization","name":"Bactohouse","url":"https:\/\/bactohouse.eu\/de\/","logo":{"@type":"ImageObject","inLanguage":"de","@id":"https:\/\/bactohouse.eu\/de\/#\/schema\/logo\/image\/","url":"https:\/\/bactohouse.eu\/wp-content\/uploads\/2025\/01\/Bactohouse_logo.webp","contentUrl":"https:\/\/bactohouse.eu\/wp-content\/uploads\/2025\/01\/Bactohouse_logo.webp","width":628,"height":195,"caption":"Bactohouse"},"image":{"@id":"https:\/\/bactohouse.eu\/de\/#\/schema\/logo\/image\/"}}]}},"jetpack_sharing_enabled":true,"_links":{"self":[{"href":"https:\/\/bactohouse.eu\/de\/wp-json\/wp\/v2\/pages\/6467","targetHints":{"allow":["GET"]}}],"collection":[{"href":"https:\/\/bactohouse.eu\/de\/wp-json\/wp\/v2\/pages"}],"about":[{"href":"https:\/\/bactohouse.eu\/de\/wp-json\/wp\/v2\/types\/page"}],"author":[{"embeddable":true,"href":"https:\/\/bactohouse.eu\/de\/wp-json\/wp\/v2\/users\/1"}],"replies":[{"embeddable":true,"href":"https:\/\/bactohouse.eu\/de\/wp-json\/wp\/v2\/comments?post=6467"}],"version-history":[{"count":1,"href":"https:\/\/bactohouse.eu\/de\/wp-json\/wp\/v2\/pages\/6467\/revisions"}],"predecessor-version":[{"id":6469,"href":"https:\/\/bactohouse.eu\/de\/wp-json\/wp\/v2\/pages\/6467\/revisions\/6469"}],"wp:attachment":[{"href":"https:\/\/bactohouse.eu\/de\/wp-json\/wp\/v2\/media?parent=6467"}],"curies":[{"name":"wp","href":"https:\/\/api.w.org\/{rel}","templated":true}]}}